{"id":1225,"date":"2020-09-25T13:38:32","date_gmt":"2020-09-25T11:38:32","guid":{"rendered":"https:\/\/seidel-props.de\/?page_id=1225"},"modified":"2021-08-06T22:44:18","modified_gmt":"2021-08-06T20:44:18","slug":"b25","status":"publish","type":"page","link":"https:\/\/seidel-props.de\/en\/scale-props-2\/b25\/","title":{"rendered":"B25 Mitchell"},"content":{"rendered":"\n<p>Projekt B25 Mitchell mit 2x Moki 400.<\/p>\n\n\n\n<!-- default-view.php -->\n<div\n\tclass=\"ngg-galleryoverview default-view \"\n\tid=\"ngg-gallery-226ea01818f9d0a798bc4e35abde1530-1\">\n\n\t\t<!-- Thumbnails -->\n\t\t\t\t<div id=\"ngg-image-0\" class=\"ngg-gallery-thumbnail-box ngg-3-columns\" >\n\t\t\t\t        <div class=\"ngg-gallery-thumbnail\">\n            <a href=\"https:\/\/seidel-props.de\/wp-content\/gallery\/b25-mitchell\/b25_10.gif\"\n               title=\"\"\n               data-src=\"https:\/\/seidel-props.de\/wp-content\/gallery\/b25-mitchell\/b25_10.gif\"\n               data-thumbnail=\"https:\/\/seidel-props.de\/wp-content\/gallery\/b25-mitchell\/thumbs\/thumbs_b25_10.gif\"\n               data-image-id=\"357\"\n               data-title=\"b25_10\"\n               data-description=\"\"\n               data-image-slug=\"b25_10\"\n               class=\"ngg-simplelightbox\" rel=\"226ea01818f9d0a798bc4e35abde1530\">\n                <img\n                    title=\"b25_10\"\n                    alt=\"b25_10\"\n                    src=\"https:\/\/seidel-props.de\/wp-content\/gallery\/b25-mitchell\/cache\/b25_10.gif-nggid03357-ngg0dyn-450x300x100-00f0w010c011r110f110r010t010.gif\"\n                    width=\"450\"\n                    height=\"300\"\n                    style=\"max-width:100%;\"\n                \/>\n            <\/a>\n        <\/div>\n\t\t\t\t\t\t\t<\/div> \n\t\t\t\n\t\t\t\t<div id=\"ngg-image-1\" class=\"ngg-gallery-thumbnail-box ngg-3-columns\" >\n\t\t\t\t        <div class=\"ngg-gallery-thumbnail\">\n            <a href=\"https:\/\/seidel-props.de\/wp-content\/gallery\/b25-mitchell\/b25_11.gif\"\n               title=\"\"\n               data-src=\"https:\/\/seidel-props.de\/wp-content\/gallery\/b25-mitchell\/b25_11.gif\"\n               data-thumbnail=\"https:\/\/seidel-props.de\/wp-content\/gallery\/b25-mitchell\/thumbs\/thumbs_b25_11.gif\"\n               data-image-id=\"358\"\n               data-title=\"b25_11\"\n               data-description=\"\"\n               data-image-slug=\"b25_11\"\n               class=\"ngg-simplelightbox\" rel=\"226ea01818f9d0a798bc4e35abde1530\">\n                <img\n                    title=\"b25_11\"\n                    alt=\"b25_11\"\n                    src=\"https:\/\/seidel-props.de\/wp-content\/gallery\/b25-mitchell\/cache\/b25_11.gif-nggid03358-ngg0dyn-450x300x100-00f0w010c011r110f110r010t010.gif\"\n                    width=\"450\"\n                    height=\"300\"\n                    style=\"max-width:100%;\"\n                \/>\n            <\/a>\n        <\/div>\n\t\t\t\t\t\t\t<\/div> \n\t\t\t\n\t\t\t\t<div id=\"ngg-image-2\" class=\"ngg-gallery-thumbnail-box ngg-3-columns\" >\n\t\t\t\t        <div class=\"ngg-gallery-thumbnail\">\n            <a href=\"https:\/\/seidel-props.de\/wp-content\/gallery\/b25-mitchell\/b25_12.gif\"\n               title=\"\"\n               data-src=\"https:\/\/seidel-props.de\/wp-content\/gallery\/b25-mitchell\/b25_12.gif\"\n               data-thumbnail=\"https:\/\/seidel-props.de\/wp-content\/gallery\/b25-mitchell\/thumbs\/thumbs_b25_12.gif\"\n               data-image-id=\"359\"\n               data-title=\"b25_12\"\n               data-description=\"\"\n               data-image-slug=\"b25_12\"\n               class=\"ngg-simplelightbox\" rel=\"226ea01818f9d0a798bc4e35abde1530\">\n                <img\n                    title=\"b25_12\"\n                    alt=\"b25_12\"\n                    src=\"https:\/\/seidel-props.de\/wp-content\/gallery\/b25-mitchell\/cache\/b25_12.gif-nggid03359-ngg0dyn-450x300x100-00f0w010c011r110f110r010t010.gif\"\n                    width=\"450\"\n                    height=\"300\"\n                    style=\"max-width:100%;\"\n                \/>\n            <\/a>\n        <\/div>\n\t\t\t\t\t\t\t<\/div> \n\t\t\t\n\t\t\t\t<div id=\"ngg-image-3\" class=\"ngg-gallery-thumbnail-box ngg-3-columns\" >\n\t\t\t\t        <div class=\"ngg-gallery-thumbnail\">\n            <a href=\"https:\/\/seidel-props.de\/wp-content\/gallery\/b25-mitchell\/b25_13.gif\"\n               title=\"\"\n               data-src=\"https:\/\/seidel-props.de\/wp-content\/gallery\/b25-mitchell\/b25_13.gif\"\n               data-thumbnail=\"https:\/\/seidel-props.de\/wp-content\/gallery\/b25-mitchell\/thumbs\/thumbs_b25_13.gif\"\n               data-image-id=\"360\"\n               data-title=\"b25_13\"\n               data-description=\"\"\n               data-image-slug=\"b25_13\"\n               class=\"ngg-simplelightbox\" rel=\"226ea01818f9d0a798bc4e35abde1530\">\n                <img\n                    title=\"b25_13\"\n                    alt=\"b25_13\"\n                    src=\"https:\/\/seidel-props.de\/wp-content\/gallery\/b25-mitchell\/cache\/b25_13.gif-nggid03360-ngg0dyn-450x300x100-00f0w010c011r110f110r010t010.gif\"\n                    width=\"450\"\n                    height=\"300\"\n                    style=\"max-width:100%;\"\n                \/>\n            <\/a>\n        <\/div>\n\t\t\t\t\t\t\t<\/div> \n\t\t\t\n\t\t\t\t<div id=\"ngg-image-4\" class=\"ngg-gallery-thumbnail-box ngg-3-columns\" >\n\t\t\t\t        <div class=\"ngg-gallery-thumbnail\">\n            <a href=\"https:\/\/seidel-props.de\/wp-content\/gallery\/b25-mitchell\/b25_14.gif\"\n               title=\"\"\n               data-src=\"https:\/\/seidel-props.de\/wp-content\/gallery\/b25-mitchell\/b25_14.gif\"\n               data-thumbnail=\"https:\/\/seidel-props.de\/wp-content\/gallery\/b25-mitchell\/thumbs\/thumbs_b25_14.gif\"\n               data-image-id=\"361\"\n               data-title=\"b25_14\"\n               data-description=\"\"\n               data-image-slug=\"b25_14\"\n               class=\"ngg-simplelightbox\" rel=\"226ea01818f9d0a798bc4e35abde1530\">\n                <img\n                    title=\"b25_14\"\n                    alt=\"b25_14\"\n                    src=\"https:\/\/seidel-props.de\/wp-content\/gallery\/b25-mitchell\/cache\/b25_14.gif-nggid03361-ngg0dyn-450x300x100-00f0w010c011r110f110r010t010.gif\"\n                    width=\"450\"\n                    height=\"300\"\n                    style=\"max-width:100%;\"\n                \/>\n            <\/a>\n        <\/div>\n\t\t\t\t\t\t\t<\/div> \n\t\t\t\n\t\t\t\t<div id=\"ngg-image-5\" class=\"ngg-gallery-thumbnail-box ngg-3-columns\" >\n\t\t\t\t        <div class=\"ngg-gallery-thumbnail\">\n            <a href=\"https:\/\/seidel-props.de\/wp-content\/gallery\/b25-mitchell\/b25_15.gif\"\n               title=\"\"\n               data-src=\"https:\/\/seidel-props.de\/wp-content\/gallery\/b25-mitchell\/b25_15.gif\"\n               data-thumbnail=\"https:\/\/seidel-props.de\/wp-content\/gallery\/b25-mitchell\/thumbs\/thumbs_b25_15.gif\"\n               data-image-id=\"362\"\n               data-title=\"b25_15\"\n               data-description=\"\"\n               data-image-slug=\"b25_15\"\n               class=\"ngg-simplelightbox\" rel=\"226ea01818f9d0a798bc4e35abde1530\">\n                <img\n                    title=\"b25_15\"\n                    alt=\"b25_15\"\n                    src=\"https:\/\/seidel-props.de\/wp-content\/gallery\/b25-mitchell\/cache\/b25_15.gif-nggid03362-ngg0dyn-450x300x100-00f0w010c011r110f110r010t010.gif\"\n                    width=\"450\"\n                    height=\"300\"\n                    style=\"max-width:100%;\"\n                \/>\n            <\/a>\n        <\/div>\n\t\t\t\t\t\t\t<\/div> \n\t\t\t\n\t\t\t\t<div id=\"ngg-image-6\" class=\"ngg-gallery-thumbnail-box ngg-3-columns\" >\n\t\t\t\t        <div class=\"ngg-gallery-thumbnail\">\n            <a href=\"https:\/\/seidel-props.de\/wp-content\/gallery\/b25-mitchell\/b25_16.gif\"\n               title=\"\"\n               data-src=\"https:\/\/seidel-props.de\/wp-content\/gallery\/b25-mitchell\/b25_16.gif\"\n               data-thumbnail=\"https:\/\/seidel-props.de\/wp-content\/gallery\/b25-mitchell\/thumbs\/thumbs_b25_16.gif\"\n               data-image-id=\"363\"\n               data-title=\"b25_16\"\n               data-description=\"\"\n               data-image-slug=\"b25_16\"\n               class=\"ngg-simplelightbox\" rel=\"226ea01818f9d0a798bc4e35abde1530\">\n                <img\n                    title=\"b25_16\"\n                    alt=\"b25_16\"\n                    src=\"https:\/\/seidel-props.de\/wp-content\/gallery\/b25-mitchell\/cache\/b25_16.gif-nggid03363-ngg0dyn-450x300x100-00f0w010c011r110f110r010t010.gif\"\n                    width=\"450\"\n                    height=\"300\"\n                    style=\"max-width:100%;\"\n                \/>\n            <\/a>\n        <\/div>\n\t\t\t\t\t\t\t<\/div> \n\t\t\t\n\t\t\t\t<div id=\"ngg-image-7\" class=\"ngg-gallery-thumbnail-box ngg-3-columns\" >\n\t\t\t\t        <div class=\"ngg-gallery-thumbnail\">\n            <a href=\"https:\/\/seidel-props.de\/wp-content\/gallery\/b25-mitchell\/b25_17.gif\"\n               title=\"\"\n               data-src=\"https:\/\/seidel-props.de\/wp-content\/gallery\/b25-mitchell\/b25_17.gif\"\n               data-thumbnail=\"https:\/\/seidel-props.de\/wp-content\/gallery\/b25-mitchell\/thumbs\/thumbs_b25_17.gif\"\n               data-image-id=\"364\"\n               data-title=\"b25_17\"\n               data-description=\"\"\n               data-image-slug=\"b25_17\"\n               class=\"ngg-simplelightbox\" rel=\"226ea01818f9d0a798bc4e35abde1530\">\n                <img\n                    title=\"b25_17\"\n                    alt=\"b25_17\"\n                    src=\"https:\/\/seidel-props.de\/wp-content\/gallery\/b25-mitchell\/cache\/b25_17.gif-nggid03364-ngg0dyn-450x300x100-00f0w010c011r110f110r010t010.gif\"\n                    width=\"450\"\n                    height=\"300\"\n                    style=\"max-width:100%;\"\n                \/>\n            <\/a>\n        <\/div>\n\t\t\t\t\t\t\t<\/div> \n\t\t\t\n\t\t\t\t<div id=\"ngg-image-8\" class=\"ngg-gallery-thumbnail-box ngg-3-columns\" >\n\t\t\t\t        <div class=\"ngg-gallery-thumbnail\">\n            <a href=\"https:\/\/seidel-props.de\/wp-content\/gallery\/b25-mitchell\/b25_18.gif\"\n               title=\"\"\n               data-src=\"https:\/\/seidel-props.de\/wp-content\/gallery\/b25-mitchell\/b25_18.gif\"\n               data-thumbnail=\"https:\/\/seidel-props.de\/wp-content\/gallery\/b25-mitchell\/thumbs\/thumbs_b25_18.gif\"\n               data-image-id=\"365\"\n               data-title=\"b25_18\"\n               data-description=\"\"\n               data-image-slug=\"b25_18\"\n               class=\"ngg-simplelightbox\" rel=\"226ea01818f9d0a798bc4e35abde1530\">\n                <img\n                    title=\"b25_18\"\n                    alt=\"b25_18\"\n                    src=\"https:\/\/seidel-props.de\/wp-content\/gallery\/b25-mitchell\/cache\/b25_18.gif-nggid03365-ngg0dyn-450x300x100-00f0w010c011r110f110r010t010.gif\"\n                    width=\"450\"\n                    height=\"300\"\n                    style=\"max-width:100%;\"\n                \/>\n            <\/a>\n        <\/div>\n\t\t\t\t\t\t\t<\/div> \n\t\t\t\n\t\t\t\t<div id=\"ngg-image-9\" class=\"ngg-gallery-thumbnail-box ngg-3-columns\" >\n\t\t\t\t        <div class=\"ngg-gallery-thumbnail\">\n            <a href=\"https:\/\/seidel-props.de\/wp-content\/gallery\/b25-mitchell\/IMG_2197.JPG\"\n               title=\"\"\n               data-src=\"https:\/\/seidel-props.de\/wp-content\/gallery\/b25-mitchell\/IMG_2197.JPG\"\n               data-thumbnail=\"https:\/\/seidel-props.de\/wp-content\/gallery\/b25-mitchell\/thumbs\/thumbs_IMG_2197.JPG\"\n               data-image-id=\"905\"\n               data-title=\"IMG_2197\"\n               data-description=\"\"\n               data-image-slug=\"img_2197\"\n               class=\"ngg-simplelightbox\" rel=\"226ea01818f9d0a798bc4e35abde1530\">\n                <img\n                    title=\"IMG_2197\"\n                    alt=\"IMG_2197\"\n                    src=\"https:\/\/seidel-props.de\/wp-content\/gallery\/b25-mitchell\/cache\/IMG_2197.JPG-nggid03905-ngg0dyn-450x300x100-00f0w010c011r110f110r010t010.JPG\"\n                    width=\"450\"\n                    height=\"300\"\n                    style=\"max-width:100%;\"\n                \/>\n            <\/a>\n        <\/div>\n\t\t\t\t\t\t\t<\/div> \n\t\t\t\n\t\t\t\t<div id=\"ngg-image-10\" class=\"ngg-gallery-thumbnail-box ngg-3-columns\" >\n\t\t\t\t        <div class=\"ngg-gallery-thumbnail\">\n            <a href=\"https:\/\/seidel-props.de\/wp-content\/gallery\/b25-mitchell\/IMG_2198.JPG\"\n               title=\"\"\n               data-src=\"https:\/\/seidel-props.de\/wp-content\/gallery\/b25-mitchell\/IMG_2198.JPG\"\n               data-thumbnail=\"https:\/\/seidel-props.de\/wp-content\/gallery\/b25-mitchell\/thumbs\/thumbs_IMG_2198.JPG\"\n               data-image-id=\"904\"\n               data-title=\"IMG_2198\"\n               data-description=\"\"\n               data-image-slug=\"img_2198\"\n               class=\"ngg-simplelightbox\" rel=\"226ea01818f9d0a798bc4e35abde1530\">\n                <img\n                    title=\"IMG_2198\"\n                    alt=\"IMG_2198\"\n                    src=\"https:\/\/seidel-props.de\/wp-content\/gallery\/b25-mitchell\/cache\/IMG_2198.JPG-nggid03904-ngg0dyn-450x300x100-00f0w010c011r110f110r010t010.JPG\"\n                    width=\"450\"\n                    height=\"300\"\n                    style=\"max-width:100%;\"\n                \/>\n            <\/a>\n        <\/div>\n\t\t\t\t\t\t\t<\/div> \n\t\t\t\n\t\n\t<br style=\"clear: both\" \/>\n\n\t\n\t\t<!-- Pagination -->\n\t<div class='ngg-clear'><\/div>\t<\/div>\n\n\n\n\n<p>Verschiedene 40&#8243;-Dreiblatt-Propeller mit unterschiedlichen Steigungen wurden getestet, um dem imposanten Schwergewicht den richtigen Schub zu verpassen. Die m\u00f6gliche Geschwindigkeit und daf\u00fcr erforderliche Strahlgeschwindigkeit konnte im Vorfeld nur grob ermittelt werden, da keine Flugdaten der Maschine verf\u00fcgbar waren.<\/p>\n","protected":false},"excerpt":{"rendered":"<p>Projekt B25 Mitchell mit 2x Moki 400. Verschiedene 40&#8243;-Dreiblatt-Propeller mit unterschiedlichen Steigungen wurden getestet, um dem imposanten Schwergewicht den richtigen&hellip;<\/p>\n","protected":false},"author":1,"featured_media":0,"parent":127,"menu_order":0,"comment_status":"closed","ping_status":"closed","template":"","meta":{"ngg_post_thumbnail":0,"footnotes":""},"class_list":["post-1225","page","type-page","status-publish","hentry"],"translation":{"provider":"WPGlobus","version":"2.10.0","language":"en","enabled_languages":["de","en"],"languages":{"de":{"title":true,"content":true,"excerpt":false},"en":{"title":false,"content":false,"excerpt":false}}},"_links":{"self":[{"href":"https:\/\/seidel-props.de\/en\/wp-json\/wp\/v2\/pages\/1225","targetHints":{"allow":["GET"]}}],"collection":[{"href":"https:\/\/seidel-props.de\/en\/wp-json\/wp\/v2\/pages"}],"about":[{"href":"https:\/\/seidel-props.de\/en\/wp-json\/wp\/v2\/types\/page"}],"author":[{"embeddable":true,"href":"https:\/\/seidel-props.de\/en\/wp-json\/wp\/v2\/users\/1"}],"replies":[{"embeddable":true,"href":"https:\/\/seidel-props.de\/en\/wp-json\/wp\/v2\/comments?post=1225"}],"version-history":[{"count":6,"href":"https:\/\/seidel-props.de\/en\/wp-json\/wp\/v2\/pages\/1225\/revisions"}],"predecessor-version":[{"id":2123,"href":"https:\/\/seidel-props.de\/en\/wp-json\/wp\/v2\/pages\/1225\/revisions\/2123"}],"up":[{"embeddable":true,"href":"https:\/\/seidel-props.de\/en\/wp-json\/wp\/v2\/pages\/127"}],"wp:attachment":[{"href":"https:\/\/seidel-props.de\/en\/wp-json\/wp\/v2\/media?parent=1225"}],"curies":[{"name":"wp","href":"https:\/\/api.w.org\/{rel}","templated":true}]}}