{"id":140,"date":"2019-09-13T23:31:57","date_gmt":"2019-09-13T21:31:57","guid":{"rendered":"http:\/\/seidel-props.de\/?page_id=140"},"modified":"2021-07-14T17:30:02","modified_gmt":"2021-07-14T15:30:02","slug":"heilemann-sternmotoren","status":"publish","type":"page","link":"https:\/\/seidel-props.de\/en\/heilemann-sternmotoren\/","title":{"rendered":"Heilemann Sternmotoren"},"content":{"rendered":"\n<p><strong>Heilemann Sternmotoren<\/strong><\/p>\n\n\n\n<p><strong>Sie sind auf der Suche nach einem Experten f\u00fcr Sternmotoren?<\/strong><\/p>\n\n\n\n<figure class=\"wp-block-image is-resized\"><img loading=\"lazy\" decoding=\"async\" src=\"https:\/\/seidel-props.de\/wp-content\/uploads\/2019\/09\/header1.gif\" alt=\"\" class=\"wp-image-141\" width=\"616\" height=\"130\"\/><\/figure>\n\n\n\n<p>An dieser Stelle&nbsp;haben&nbsp;wir die Ehre, die Firma&nbsp;<a href=\"https:\/\/www.heilemann-sternmotoren.de\/\" target=\"_blank\" rel=\"noreferrer noopener\" aria-label=\" (\u00f6ffnet in neuem Tab)\"><strong>Heilemann Sternmotoren<\/strong><\/a>&nbsp;als unseren Partner vorzustellen. Rund 20 Jahre Faszination und Entwicklung im Bereich Sternmotoren sprechen f\u00fcr sich und haben zu einem beeindruckenden Erfahrungsreichtum gef\u00fchrt.<\/p>\n\n\n\n<p>Von Beratung, Verkauf und Zubeh\u00f6r bis zum Reparaturservice und Tuningteilen wird alles geboten, was das Sternmotoren-Herz schneller schlagen l\u00e4\u00dft!<\/p>\n\n\n\n<p>Gemeinsam mit Andreas Heilemann wurden schon zahlreiche exclusive Antriebsprojekte sehr erfolgreich in die Tat umgesetzt.<\/p>\n","protected":false},"excerpt":{"rendered":"<p>Heilemann Sternmotoren Sie sind auf der Suche nach einem Experten f\u00fcr Sternmotoren? An dieser Stelle&nbsp;haben&nbsp;wir die Ehre, die Firma&nbsp;Heilemann Sternmotoren&nbsp;als&hellip;<\/p>\n","protected":false},"author":1,"featured_media":0,"parent":0,"menu_order":0,"comment_status":"closed","ping_status":"closed","template":"","meta":{"ngg_post_thumbnail":0,"footnotes":""},"class_list":["post-140","page","type-page","status-publish","hentry"],"translation":{"provider":"WPGlobus","version":"2.10.0","language":"en","enabled_languages":["de","en"],"languages":{"de":{"title":true,"content":true,"excerpt":false},"en":{"title":false,"content":false,"excerpt":false}}},"_links":{"self":[{"href":"https:\/\/seidel-props.de\/en\/wp-json\/wp\/v2\/pages\/140","targetHints":{"allow":["GET"]}}],"collection":[{"href":"https:\/\/seidel-props.de\/en\/wp-json\/wp\/v2\/pages"}],"about":[{"href":"https:\/\/seidel-props.de\/en\/wp-json\/wp\/v2\/types\/page"}],"author":[{"embeddable":true,"href":"https:\/\/seidel-props.de\/en\/wp-json\/wp\/v2\/users\/1"}],"replies":[{"embeddable":true,"href":"https:\/\/seidel-props.de\/en\/wp-json\/wp\/v2\/comments?post=140"}],"version-history":[{"count":5,"href":"https:\/\/seidel-props.de\/en\/wp-json\/wp\/v2\/pages\/140\/revisions"}],"predecessor-version":[{"id":1832,"href":"https:\/\/seidel-props.de\/en\/wp-json\/wp\/v2\/pages\/140\/revisions\/1832"}],"wp:attachment":[{"href":"https:\/\/seidel-props.de\/en\/wp-json\/wp\/v2\/media?parent=140"}],"curies":[{"name":"wp","href":"https:\/\/api.w.org\/{rel}","templated":true}]}}