{"id":1455,"date":"2020-11-12T20:32:48","date_gmt":"2020-11-12T19:32:48","guid":{"rendered":"https:\/\/seidel-props.de\/?page_id=1455"},"modified":"2021-07-17T23:20:51","modified_gmt":"2021-07-17T21:20:51","slug":"kerzenstaender","status":"publish","type":"page","link":"https:\/\/seidel-props.de\/en\/kerzenstaender\/","title":{"rendered":"Kerzenst\u00e4nder"},"content":{"rendered":"\n<p><strong>Kerzenst\u00e4nder<\/strong><\/p>\n\n\n\n<p>Nicht nur zu Weihnachten, sondern auch f\u00fcr laue Sommerabende auf der Terrasse oder auf edlen Tafeln geh\u00f6ren Kerzen mit -St\u00e4ndern fraglos dazu.<\/p>\n\n\n\n<p>Daher haben wir schon die unterschiedlichsten Kerzenst\u00e4nder gefr\u00e4st, von schlicht \u00fcber stilvoll bis spannend! F\u00fcr lange Festtagskerzen oder auch f\u00fcr praktische Teelichter.<\/p>\n\n\n\n<p><\/p>\n\n\n\n<p>Lassen Sie sich inspirieren! Ein Klick auf die Bilder bringt Sie auf eine Galerieseite, auf der mehr Details zu sehen sind. Viel Spa\u00df!<\/p>\n\n\n\n<div class=\"wp-block-image\"><figure class=\"alignleft size-large is-resized\"><a href=\"https:\/\/seidel-props.de\/teelicht-stern\/\"><img loading=\"lazy\" decoding=\"async\" src=\"https:\/\/seidel-props.de\/wp-content\/uploads\/2020\/11\/Teelicht-Stern-2-1024x768.jpg\" alt=\"\" class=\"wp-image-1454\" width=\"335\" height=\"250\" srcset=\"https:\/\/seidel-props.de\/wp-content\/uploads\/2020\/11\/Teelicht-Stern-2-1024x768.jpg 1024w, https:\/\/seidel-props.de\/wp-content\/uploads\/2020\/11\/Teelicht-Stern-2-300x225.jpg 300w, https:\/\/seidel-props.de\/wp-content\/uploads\/2020\/11\/Teelicht-Stern-2-768x576.jpg 768w, https:\/\/seidel-props.de\/wp-content\/uploads\/2020\/11\/Teelicht-Stern-2-1536x1152.jpg 1536w, https:\/\/seidel-props.de\/wp-content\/uploads\/2020\/11\/Teelicht-Stern-2-2048x1536.jpg 2048w, https:\/\/seidel-props.de\/wp-content\/uploads\/2020\/11\/Teelicht-Stern-2-1600x1200.jpg 1600w\" sizes=\"auto, (max-width: 335px) 100vw, 335px\" \/><\/a><figcaption><a href=\"https:\/\/seidel-props.de\/teelicht-stern\/\">Teelicht Stern<\/a><\/figcaption><\/figure><\/div>\n\n\n\n<div class=\"wp-block-image\"><figure class=\"alignright size-large is-resized\"><a href=\"https:\/\/seidel-props.de\/teelicht-quader\/\"><img loading=\"lazy\" decoding=\"async\" src=\"https:\/\/seidel-props.de\/wp-content\/uploads\/2020\/11\/Teelicht-Quader-3-1024x768.jpg\" alt=\"\" class=\"wp-image-1487\" width=\"335\" height=\"250\" srcset=\"https:\/\/seidel-props.de\/wp-content\/uploads\/2020\/11\/Teelicht-Quader-3-1024x768.jpg 1024w, https:\/\/seidel-props.de\/wp-content\/uploads\/2020\/11\/Teelicht-Quader-3-300x225.jpg 300w, https:\/\/seidel-props.de\/wp-content\/uploads\/2020\/11\/Teelicht-Quader-3-768x576.jpg 768w, https:\/\/seidel-props.de\/wp-content\/uploads\/2020\/11\/Teelicht-Quader-3-1536x1152.jpg 1536w, https:\/\/seidel-props.de\/wp-content\/uploads\/2020\/11\/Teelicht-Quader-3-2048x1536.jpg 2048w, https:\/\/seidel-props.de\/wp-content\/uploads\/2020\/11\/Teelicht-Quader-3-1600x1200.jpg 1600w\" sizes=\"auto, (max-width: 335px) 100vw, 335px\" \/><\/a><figcaption><a href=\"https:\/\/seidel-props.de\/teelicht-quader\/\" data-type=\"URL\" data-id=\"https:\/\/seidel-props.de\/teelicht-quader\/\">Teelicht Quader<\/a><\/figcaption><\/figure><\/div>\n\n\n\n<div class=\"wp-block-image\"><figure class=\"alignleft size-large is-resized\"><a href=\"https:\/\/seidel-props.de\/teelicht-kugel\/\"><img loading=\"lazy\" decoding=\"async\" src=\"https:\/\/seidel-props.de\/wp-content\/uploads\/2020\/11\/Teelicht-Kugel-4-1024x768.jpg\" alt=\"\" class=\"wp-image-1491\" width=\"335\" height=\"250\" srcset=\"https:\/\/seidel-props.de\/wp-content\/uploads\/2020\/11\/Teelicht-Kugel-4-1024x768.jpg 1024w, https:\/\/seidel-props.de\/wp-content\/uploads\/2020\/11\/Teelicht-Kugel-4-300x225.jpg 300w, https:\/\/seidel-props.de\/wp-content\/uploads\/2020\/11\/Teelicht-Kugel-4-768x576.jpg 768w, https:\/\/seidel-props.de\/wp-content\/uploads\/2020\/11\/Teelicht-Kugel-4-1536x1152.jpg 1536w, https:\/\/seidel-props.de\/wp-content\/uploads\/2020\/11\/Teelicht-Kugel-4-2048x1536.jpg 2048w, https:\/\/seidel-props.de\/wp-content\/uploads\/2020\/11\/Teelicht-Kugel-4-1600x1200.jpg 1600w\" sizes=\"auto, (max-width: 335px) 100vw, 335px\" \/><\/a><figcaption><a href=\"https:\/\/seidel-props.de\/teelicht-kugel\/\" data-type=\"URL\" data-id=\"https:\/\/seidel-props.de\/teelicht-kugel\/\">Teelicht Kugel<\/a><\/figcaption><\/figure><\/div>\n\n\n\n<div class=\"wp-block-image\"><figure class=\"alignright size-large is-resized\"><a href=\"https:\/\/seidel-props.de\/kerzenstaender-saeule\/\"><img loading=\"lazy\" decoding=\"async\" src=\"https:\/\/seidel-props.de\/wp-content\/uploads\/2020\/11\/Kerzenstaender-Saeule-5-768x1024.jpg\" alt=\"\" class=\"wp-image-1506\" width=\"264\" height=\"352\" srcset=\"https:\/\/seidel-props.de\/wp-content\/uploads\/2020\/11\/Kerzenstaender-Saeule-5-768x1024.jpg 768w, https:\/\/seidel-props.de\/wp-content\/uploads\/2020\/11\/Kerzenstaender-Saeule-5-225x300.jpg 225w, https:\/\/seidel-props.de\/wp-content\/uploads\/2020\/11\/Kerzenstaender-Saeule-5-1152x1536.jpg 1152w, https:\/\/seidel-props.de\/wp-content\/uploads\/2020\/11\/Kerzenstaender-Saeule-5-1536x2048.jpg 1536w, https:\/\/seidel-props.de\/wp-content\/uploads\/2020\/11\/Kerzenstaender-Saeule-5-1600x2133.jpg 1600w, https:\/\/seidel-props.de\/wp-content\/uploads\/2020\/11\/Kerzenstaender-Saeule-5-scaled.jpg 1920w\" sizes=\"auto, (max-width: 264px) 100vw, 264px\" \/><\/a><figcaption><a href=\"https:\/\/seidel-props.de\/kerzenstaender-saeule\/\" data-type=\"URL\" data-id=\"https:\/\/seidel-props.de\/kerzenstaender-saeule\/\">Kerzenst\u00e4nder S\u00e4ule<\/a><\/figcaption><\/figure><\/div>\n\n\n\n<div class=\"wp-block-image\"><figure class=\"alignleft size-large is-resized\"><a href=\"https:\/\/seidel-props.de\/kerzenstaender-rund\/\"><img loading=\"lazy\" decoding=\"async\" src=\"https:\/\/seidel-props.de\/wp-content\/uploads\/2020\/11\/Kerzenstaender-Rund-3-1024x768.jpg\" alt=\"\" class=\"wp-image-1518\" width=\"335\" height=\"250\" srcset=\"https:\/\/seidel-props.de\/wp-content\/uploads\/2020\/11\/Kerzenstaender-Rund-3-1024x768.jpg 1024w, https:\/\/seidel-props.de\/wp-content\/uploads\/2020\/11\/Kerzenstaender-Rund-3-300x225.jpg 300w, https:\/\/seidel-props.de\/wp-content\/uploads\/2020\/11\/Kerzenstaender-Rund-3-768x576.jpg 768w, https:\/\/seidel-props.de\/wp-content\/uploads\/2020\/11\/Kerzenstaender-Rund-3-1536x1152.jpg 1536w, https:\/\/seidel-props.de\/wp-content\/uploads\/2020\/11\/Kerzenstaender-Rund-3-2048x1536.jpg 2048w, https:\/\/seidel-props.de\/wp-content\/uploads\/2020\/11\/Kerzenstaender-Rund-3-1600x1200.jpg 1600w\" sizes=\"auto, (max-width: 335px) 100vw, 335px\" \/><\/a><figcaption><a href=\"https:\/\/seidel-props.de\/kerzenstaender-rund\/\">Kerzenst\u00e4nder Rund<\/a><\/figcaption><\/figure><\/div>\n\n\n\n<p><\/p>\n","protected":false},"excerpt":{"rendered":"<p>Kerzenst\u00e4nder Nicht nur zu Weihnachten, sondern auch f\u00fcr laue Sommerabende auf der Terrasse oder auf edlen Tafeln geh\u00f6ren Kerzen mit&hellip;<\/p>\n","protected":false},"author":1,"featured_media":0,"parent":0,"menu_order":0,"comment_status":"closed","ping_status":"closed","template":"","meta":{"ngg_post_thumbnail":0,"footnotes":""},"class_list":["post-1455","page","type-page","status-publish","hentry"],"translation":{"provider":"WPGlobus","version":"2.10.0","language":"en","enabled_languages":["de","en"],"languages":{"de":{"title":true,"content":true,"excerpt":false},"en":{"title":false,"content":false,"excerpt":false}}},"_links":{"self":[{"href":"https:\/\/seidel-props.de\/en\/wp-json\/wp\/v2\/pages\/1455","targetHints":{"allow":["GET"]}}],"collection":[{"href":"https:\/\/seidel-props.de\/en\/wp-json\/wp\/v2\/pages"}],"about":[{"href":"https:\/\/seidel-props.de\/en\/wp-json\/wp\/v2\/types\/page"}],"author":[{"embeddable":true,"href":"https:\/\/seidel-props.de\/en\/wp-json\/wp\/v2\/users\/1"}],"replies":[{"embeddable":true,"href":"https:\/\/seidel-props.de\/en\/wp-json\/wp\/v2\/comments?post=1455"}],"version-history":[{"count":12,"href":"https:\/\/seidel-props.de\/en\/wp-json\/wp\/v2\/pages\/1455\/revisions"}],"predecessor-version":[{"id":2001,"href":"https:\/\/seidel-props.de\/en\/wp-json\/wp\/v2\/pages\/1455\/revisions\/2001"}],"wp:attachment":[{"href":"https:\/\/seidel-props.de\/en\/wp-json\/wp\/v2\/media?parent=1455"}],"curies":[{"name":"wp","href":"https:\/\/api.w.org\/{rel}","templated":true}]}}