{"id":1469,"date":"2020-11-12T20:43:00","date_gmt":"2020-11-12T19:43:00","guid":{"rendered":"https:\/\/seidel-props.de\/?page_id=1469"},"modified":"2020-11-12T20:59:11","modified_gmt":"2020-11-12T19:59:11","slug":"teelicht-stern","status":"publish","type":"page","link":"https:\/\/seidel-props.de\/en\/teelicht-stern\/","title":{"rendered":"Teelicht Stern"},"content":{"rendered":"\n<p><strong>Teelicht Stern<\/strong><\/p>\n\n\n\n<p>Gefr\u00e4st aus einem Astst\u00fcck sind die Stern-Teelichter eine Mischung aus rustikal und filigran. Ein 4er-Satz von Stern-Teelichtern in unterschiedlichen H\u00f6hen aussehen und so z.B. mit etwas Zweigen dazwischen als Advendskranz dienen.<\/p>\n\n\n\n<p>Auch eine etwas dickere Kerze l\u00e4\u00dft sich gut im Teelichtst\u00e4nder aufstellen.<\/p>\n\n\n\n<!-- default-view.php -->\n<div\n\tclass=\"ngg-galleryoverview default-view \"\n\tid=\"ngg-gallery-01574039e08b7cac294dc83e3b189a78-1\">\n\n\t\t<!-- Thumbnails -->\n\t\t\t\t<div id=\"ngg-image-0\" class=\"ngg-gallery-thumbnail-box ngg-3-columns\" >\n\t\t\t\t        <div class=\"ngg-gallery-thumbnail\">\n            <a href=\"https:\/\/seidel-props.de\/wp-content\/gallery\/teelicht-stern\/Teelicht-Stern-1.JPG\"\n               title=\"\"\n               data-src=\"https:\/\/seidel-props.de\/wp-content\/gallery\/teelicht-stern\/Teelicht-Stern-1.JPG\"\n               data-thumbnail=\"https:\/\/seidel-props.de\/wp-content\/gallery\/teelicht-stern\/thumbs\/thumbs_Teelicht-Stern-1.JPG\"\n               data-image-id=\"684\"\n               data-title=\"Teelicht-Stern-1\"\n               data-description=\"\"\n               data-image-slug=\"teelicht-stern-1\"\n               class=\"ngg-simplelightbox\" rel=\"01574039e08b7cac294dc83e3b189a78\">\n                <img\n                    title=\"Teelicht-Stern-1\"\n                    alt=\"Teelicht-Stern-1\"\n                    src=\"https:\/\/seidel-props.de\/wp-content\/gallery\/teelicht-stern\/cache\/Teelicht-Stern-1.JPG-nggid03684-ngg0dyn-450x300x100-00f0w010c011r110f110r010t010.JPG\"\n                    width=\"450\"\n                    height=\"300\"\n                    style=\"max-width:100%;\"\n                \/>\n            <\/a>\n        <\/div>\n\t\t\t\t\t\t\t<\/div> \n\t\t\t\n\t\t\t\t<div id=\"ngg-image-1\" class=\"ngg-gallery-thumbnail-box ngg-3-columns\" >\n\t\t\t\t        <div class=\"ngg-gallery-thumbnail\">\n            <a href=\"https:\/\/seidel-props.de\/wp-content\/gallery\/teelicht-stern\/Teelicht-Stern-2.JPG\"\n               title=\"\"\n               data-src=\"https:\/\/seidel-props.de\/wp-content\/gallery\/teelicht-stern\/Teelicht-Stern-2.JPG\"\n               data-thumbnail=\"https:\/\/seidel-props.de\/wp-content\/gallery\/teelicht-stern\/thumbs\/thumbs_Teelicht-Stern-2.JPG\"\n               data-image-id=\"685\"\n               data-title=\"Teelicht-Stern-2\"\n               data-description=\"\"\n               data-image-slug=\"teelicht-stern-2\"\n               class=\"ngg-simplelightbox\" rel=\"01574039e08b7cac294dc83e3b189a78\">\n                <img\n                    title=\"Teelicht-Stern-2\"\n                    alt=\"Teelicht-Stern-2\"\n                    src=\"https:\/\/seidel-props.de\/wp-content\/gallery\/teelicht-stern\/cache\/Teelicht-Stern-2.JPG-nggid03685-ngg0dyn-450x300x100-00f0w010c011r110f110r010t010.JPG\"\n                    width=\"450\"\n                    height=\"300\"\n                    style=\"max-width:100%;\"\n                \/>\n            <\/a>\n        <\/div>\n\t\t\t\t\t\t\t<\/div> \n\t\t\t\n\t\t\t\t<div id=\"ngg-image-2\" class=\"ngg-gallery-thumbnail-box ngg-3-columns\" >\n\t\t\t\t        <div class=\"ngg-gallery-thumbnail\">\n            <a href=\"https:\/\/seidel-props.de\/wp-content\/gallery\/teelicht-stern\/Teelicht-Stern-3.JPG\"\n               title=\"\"\n               data-src=\"https:\/\/seidel-props.de\/wp-content\/gallery\/teelicht-stern\/Teelicht-Stern-3.JPG\"\n               data-thumbnail=\"https:\/\/seidel-props.de\/wp-content\/gallery\/teelicht-stern\/thumbs\/thumbs_Teelicht-Stern-3.JPG\"\n               data-image-id=\"686\"\n               data-title=\"Teelicht-Stern-3\"\n               data-description=\"\"\n               data-image-slug=\"teelicht-stern-3\"\n               class=\"ngg-simplelightbox\" rel=\"01574039e08b7cac294dc83e3b189a78\">\n                <img\n                    title=\"Teelicht-Stern-3\"\n                    alt=\"Teelicht-Stern-3\"\n                    src=\"https:\/\/seidel-props.de\/wp-content\/gallery\/teelicht-stern\/cache\/Teelicht-Stern-3.JPG-nggid03686-ngg0dyn-450x300x100-00f0w010c011r110f110r010t010.JPG\"\n                    width=\"450\"\n                    height=\"300\"\n                    style=\"max-width:100%;\"\n                \/>\n            <\/a>\n        <\/div>\n\t\t\t\t\t\t\t<\/div> \n\t\t\t\n\t\t\t\t<div id=\"ngg-image-3\" class=\"ngg-gallery-thumbnail-box ngg-3-columns\" >\n\t\t\t\t        <div class=\"ngg-gallery-thumbnail\">\n            <a href=\"https:\/\/seidel-props.de\/wp-content\/gallery\/teelicht-stern\/Teelicht-Stern-4.JPG\"\n               title=\"\"\n               data-src=\"https:\/\/seidel-props.de\/wp-content\/gallery\/teelicht-stern\/Teelicht-Stern-4.JPG\"\n               data-thumbnail=\"https:\/\/seidel-props.de\/wp-content\/gallery\/teelicht-stern\/thumbs\/thumbs_Teelicht-Stern-4.JPG\"\n               data-image-id=\"687\"\n               data-title=\"Teelicht-Stern-4\"\n               data-description=\"\"\n               data-image-slug=\"teelicht-stern-4\"\n               class=\"ngg-simplelightbox\" rel=\"01574039e08b7cac294dc83e3b189a78\">\n                <img\n                    title=\"Teelicht-Stern-4\"\n                    alt=\"Teelicht-Stern-4\"\n                    src=\"https:\/\/seidel-props.de\/wp-content\/gallery\/teelicht-stern\/cache\/Teelicht-Stern-4.JPG-nggid03687-ngg0dyn-450x300x100-00f0w010c011r110f110r010t010.JPG\"\n                    width=\"450\"\n                    height=\"300\"\n                    style=\"max-width:100%;\"\n                \/>\n            <\/a>\n        <\/div>\n\t\t\t\t\t\t\t<\/div> \n\t\t\t\n\t\t\t\t<div id=\"ngg-image-4\" class=\"ngg-gallery-thumbnail-box ngg-3-columns\" >\n\t\t\t\t        <div class=\"ngg-gallery-thumbnail\">\n            <a href=\"https:\/\/seidel-props.de\/wp-content\/gallery\/teelicht-stern\/Teelicht-Stern-5.JPG\"\n               title=\"\"\n               data-src=\"https:\/\/seidel-props.de\/wp-content\/gallery\/teelicht-stern\/Teelicht-Stern-5.JPG\"\n               data-thumbnail=\"https:\/\/seidel-props.de\/wp-content\/gallery\/teelicht-stern\/thumbs\/thumbs_Teelicht-Stern-5.JPG\"\n               data-image-id=\"688\"\n               data-title=\"Teelicht-Stern-5\"\n               data-description=\"\"\n               data-image-slug=\"teelicht-stern-5\"\n               class=\"ngg-simplelightbox\" rel=\"01574039e08b7cac294dc83e3b189a78\">\n                <img\n                    title=\"Teelicht-Stern-5\"\n                    alt=\"Teelicht-Stern-5\"\n                    src=\"https:\/\/seidel-props.de\/wp-content\/gallery\/teelicht-stern\/cache\/Teelicht-Stern-5.JPG-nggid03688-ngg0dyn-450x300x100-00f0w010c011r110f110r010t010.JPG\"\n                    width=\"450\"\n                    height=\"300\"\n                    style=\"max-width:100%;\"\n                \/>\n            <\/a>\n        <\/div>\n\t\t\t\t\t\t\t<\/div> \n\t\t\t\n\t\t\t\t<div id=\"ngg-image-5\" class=\"ngg-gallery-thumbnail-box ngg-3-columns\" >\n\t\t\t\t        <div class=\"ngg-gallery-thumbnail\">\n            <a href=\"https:\/\/seidel-props.de\/wp-content\/gallery\/teelicht-stern\/Teelicht-Stern-6.JPG\"\n               title=\"\"\n               data-src=\"https:\/\/seidel-props.de\/wp-content\/gallery\/teelicht-stern\/Teelicht-Stern-6.JPG\"\n               data-thumbnail=\"https:\/\/seidel-props.de\/wp-content\/gallery\/teelicht-stern\/thumbs\/thumbs_Teelicht-Stern-6.JPG\"\n               data-image-id=\"689\"\n               data-title=\"Teelicht-Stern-6\"\n               data-description=\"\"\n               data-image-slug=\"teelicht-stern-6\"\n               class=\"ngg-simplelightbox\" rel=\"01574039e08b7cac294dc83e3b189a78\">\n                <img\n                    title=\"Teelicht-Stern-6\"\n                    alt=\"Teelicht-Stern-6\"\n                    src=\"https:\/\/seidel-props.de\/wp-content\/gallery\/teelicht-stern\/cache\/Teelicht-Stern-6.JPG-nggid03689-ngg0dyn-450x300x100-00f0w010c011r110f110r010t010.JPG\"\n                    width=\"450\"\n                    height=\"300\"\n                    style=\"max-width:100%;\"\n                \/>\n            <\/a>\n        <\/div>\n\t\t\t\t\t\t\t<\/div> \n\t\t\t\n\t\t\t\t<div id=\"ngg-image-6\" class=\"ngg-gallery-thumbnail-box ngg-3-columns\" >\n\t\t\t\t        <div class=\"ngg-gallery-thumbnail\">\n            <a href=\"https:\/\/seidel-props.de\/wp-content\/gallery\/teelicht-stern\/Teelicht-Stern-7.JPG\"\n               title=\"\"\n               data-src=\"https:\/\/seidel-props.de\/wp-content\/gallery\/teelicht-stern\/Teelicht-Stern-7.JPG\"\n               data-thumbnail=\"https:\/\/seidel-props.de\/wp-content\/gallery\/teelicht-stern\/thumbs\/thumbs_Teelicht-Stern-7.JPG\"\n               data-image-id=\"690\"\n               data-title=\"Teelicht-Stern-7\"\n               data-description=\"\"\n               data-image-slug=\"teelicht-stern-7\"\n               class=\"ngg-simplelightbox\" rel=\"01574039e08b7cac294dc83e3b189a78\">\n                <img\n                    title=\"Teelicht-Stern-7\"\n                    alt=\"Teelicht-Stern-7\"\n                    src=\"https:\/\/seidel-props.de\/wp-content\/gallery\/teelicht-stern\/cache\/Teelicht-Stern-7.JPG-nggid03690-ngg0dyn-450x300x100-00f0w010c011r110f110r010t010.JPG\"\n                    width=\"450\"\n                    height=\"300\"\n                    style=\"max-width:100%;\"\n                \/>\n            <\/a>\n        <\/div>\n\t\t\t\t\t\t\t<\/div> \n\t\t\t\n\t\t\t\t<div id=\"ngg-image-7\" class=\"ngg-gallery-thumbnail-box ngg-3-columns\" >\n\t\t\t\t        <div class=\"ngg-gallery-thumbnail\">\n            <a href=\"https:\/\/seidel-props.de\/wp-content\/gallery\/teelicht-stern\/Teelicht-Stern-8.JPG\"\n               title=\"\"\n               data-src=\"https:\/\/seidel-props.de\/wp-content\/gallery\/teelicht-stern\/Teelicht-Stern-8.JPG\"\n               data-thumbnail=\"https:\/\/seidel-props.de\/wp-content\/gallery\/teelicht-stern\/thumbs\/thumbs_Teelicht-Stern-8.JPG\"\n               data-image-id=\"691\"\n               data-title=\"Teelicht-Stern-8\"\n               data-description=\"\"\n               data-image-slug=\"teelicht-stern-8\"\n               class=\"ngg-simplelightbox\" rel=\"01574039e08b7cac294dc83e3b189a78\">\n                <img\n                    title=\"Teelicht-Stern-8\"\n                    alt=\"Teelicht-Stern-8\"\n                    src=\"https:\/\/seidel-props.de\/wp-content\/gallery\/teelicht-stern\/cache\/Teelicht-Stern-8.JPG-nggid03691-ngg0dyn-450x300x100-00f0w010c011r110f110r010t010.JPG\"\n                    width=\"450\"\n                    height=\"300\"\n                    style=\"max-width:100%;\"\n                \/>\n            <\/a>\n        <\/div>\n\t\t\t\t\t\t\t<\/div> \n\t\t\t\n\t\t\t\t<div id=\"ngg-image-8\" class=\"ngg-gallery-thumbnail-box ngg-3-columns\" >\n\t\t\t\t        <div class=\"ngg-gallery-thumbnail\">\n            <a href=\"https:\/\/seidel-props.de\/wp-content\/gallery\/teelicht-stern\/Teelicht-Stern-9.JPG\"\n               title=\"\"\n               data-src=\"https:\/\/seidel-props.de\/wp-content\/gallery\/teelicht-stern\/Teelicht-Stern-9.JPG\"\n               data-thumbnail=\"https:\/\/seidel-props.de\/wp-content\/gallery\/teelicht-stern\/thumbs\/thumbs_Teelicht-Stern-9.JPG\"\n               data-image-id=\"692\"\n               data-title=\"Teelicht-Stern-9\"\n               data-description=\"\"\n               data-image-slug=\"teelicht-stern-9\"\n               class=\"ngg-simplelightbox\" rel=\"01574039e08b7cac294dc83e3b189a78\">\n                <img\n                    title=\"Teelicht-Stern-9\"\n                    alt=\"Teelicht-Stern-9\"\n                    src=\"https:\/\/seidel-props.de\/wp-content\/gallery\/teelicht-stern\/cache\/Teelicht-Stern-9.JPG-nggid03692-ngg0dyn-450x300x100-00f0w010c011r110f110r010t010.JPG\"\n                    width=\"450\"\n                    height=\"300\"\n                    style=\"max-width:100%;\"\n                \/>\n            <\/a>\n        <\/div>\n\t\t\t\t\t\t\t<\/div> \n\t\t\t\n\t\n\t<br style=\"clear: both\" \/>\n\n\t\n\t\t<!-- Pagination -->\n\t<div class='ngg-clear'><\/div>\t<\/div>\n\n\n\n\n<p>Bitte klicken Sie wie gewohnt auf eines der Bilder, um eine gr\u00f6\u00dfere Ansicht zu betrachten.<\/p>\n","protected":false},"excerpt":{"rendered":"<p>Teelicht Stern Gefr\u00e4st aus einem Astst\u00fcck sind die Stern-Teelichter eine Mischung aus rustikal und filigran. Ein 4er-Satz von Stern-Teelichtern in&hellip;<\/p>\n","protected":false},"author":1,"featured_media":0,"parent":0,"menu_order":0,"comment_status":"closed","ping_status":"closed","template":"","meta":{"ngg_post_thumbnail":0,"footnotes":""},"class_list":["post-1469","page","type-page","status-publish","hentry"],"translation":{"provider":"WPGlobus","version":"2.10.0","language":"en","enabled_languages":["de","en"],"languages":{"de":{"title":true,"content":true,"excerpt":false},"en":{"title":false,"content":false,"excerpt":false}}},"_links":{"self":[{"href":"https:\/\/seidel-props.de\/en\/wp-json\/wp\/v2\/pages\/1469","targetHints":{"allow":["GET"]}}],"collection":[{"href":"https:\/\/seidel-props.de\/en\/wp-json\/wp\/v2\/pages"}],"about":[{"href":"https:\/\/seidel-props.de\/en\/wp-json\/wp\/v2\/types\/page"}],"author":[{"embeddable":true,"href":"https:\/\/seidel-props.de\/en\/wp-json\/wp\/v2\/users\/1"}],"replies":[{"embeddable":true,"href":"https:\/\/seidel-props.de\/en\/wp-json\/wp\/v2\/comments?post=1469"}],"version-history":[{"count":3,"href":"https:\/\/seidel-props.de\/en\/wp-json\/wp\/v2\/pages\/1469\/revisions"}],"predecessor-version":[{"id":1474,"href":"https:\/\/seidel-props.de\/en\/wp-json\/wp\/v2\/pages\/1469\/revisions\/1474"}],"wp:attachment":[{"href":"https:\/\/seidel-props.de\/en\/wp-json\/wp\/v2\/media?parent=1469"}],"curies":[{"name":"wp","href":"https:\/\/api.w.org\/{rel}","templated":true}]}}