{"id":1488,"date":"2020-11-12T21:35:29","date_gmt":"2020-11-12T20:35:29","guid":{"rendered":"https:\/\/seidel-props.de\/?page_id=1488"},"modified":"2020-11-12T21:35:30","modified_gmt":"2020-11-12T20:35:30","slug":"teelicht-quader","status":"publish","type":"page","link":"https:\/\/seidel-props.de\/en\/teelicht-quader\/","title":{"rendered":"Teelicht Quader"},"content":{"rendered":"\n<p><strong>Teelicht Quader<\/strong><\/p>\n\n\n\n<p>Die Teelicht Quader sind relativ einfache Teelichtst\u00e4nder, die gerade durch ihre Schlichtheit besonders zeitlos wirken. In Buchenholzkl\u00f6tze mit quadratischer Grundfl\u00e4che wird oberseitig eine Vertiefung f\u00fcr ein Teelicht eingefr\u00e4st.<\/p>\n\n\n\n<p>Gerade f\u00fcr Fest mit langen Tafeln sind die g\u00fcnstigen und robusten Teelichtst\u00e4nder pr\u00e4destiniert. Optional k\u00f6nnen noch die Namen der G\u00e4ste oder Familienangeh\u00f6rigen eingefr\u00e4st werden. Ob in schlichter Gravur oder farbig ausgelegt und \u00fcberschliffen &#8211; die Teelichtst\u00e4nder setzen immer eine pers\u00f6nliche Note.<\/p>\n\n\n\n<p>Genauso l\u00e4\u00dft sich nat\u00fcrlich Ihr Firmenlogo integrieren.<\/p>\n\n\n\n<p>Auch ein Arrangement mit mehreren Teelichtst\u00e4ndern an deren Ecken aufeinandergestellt ist m\u00f6glich. In diesem Falle w\u00fcrden wir ein Sichern mit Holzleim empfehlen, damit nicht bei einer unvorsichtigen Ber\u00fchrung alles zusammenf\u00e4llt.<\/p>\n\n\n\n<p>Auch eine Zusammenstellung als Adventskranz ist sehr einfach m\u00f6glich. Lassen Sie sich inspirieren!<\/p>\n\n\n\n<!-- default-view.php -->\n<div\n\tclass=\"ngg-galleryoverview default-view \"\n\tid=\"ngg-gallery-128e03064d8fdc4658662e134ed7366e-1\">\n\n\t\t<!-- Thumbnails -->\n\t\t\t\t<div id=\"ngg-image-0\" class=\"ngg-gallery-thumbnail-box ngg-3-columns\" >\n\t\t\t\t        <div class=\"ngg-gallery-thumbnail\">\n            <a href=\"https:\/\/seidel-props.de\/wp-content\/gallery\/teelicht-quader\/Teelicht-Quader-1.JPG\"\n               title=\"\"\n               data-src=\"https:\/\/seidel-props.de\/wp-content\/gallery\/teelicht-quader\/Teelicht-Quader-1.JPG\"\n               data-thumbnail=\"https:\/\/seidel-props.de\/wp-content\/gallery\/teelicht-quader\/thumbs\/thumbs_Teelicht-Quader-1.JPG\"\n               data-image-id=\"693\"\n               data-title=\"Teelicht-Quader-1\"\n               data-description=\"\"\n               data-image-slug=\"teelicht-quader-1\"\n               class=\"ngg-simplelightbox\" rel=\"128e03064d8fdc4658662e134ed7366e\">\n                <img\n                    title=\"Teelicht-Quader-1\"\n                    alt=\"Teelicht-Quader-1\"\n                    src=\"https:\/\/seidel-props.de\/wp-content\/gallery\/teelicht-quader\/cache\/Teelicht-Quader-1.JPG-nggid03693-ngg0dyn-450x300x100-00f0w010c011r110f110r010t010.JPG\"\n                    width=\"450\"\n                    height=\"300\"\n                    style=\"max-width:100%;\"\n                \/>\n            <\/a>\n        <\/div>\n\t\t\t\t\t\t\t<\/div> \n\t\t\t\n\t\t\t\t<div id=\"ngg-image-1\" class=\"ngg-gallery-thumbnail-box ngg-3-columns\" >\n\t\t\t\t        <div class=\"ngg-gallery-thumbnail\">\n            <a href=\"https:\/\/seidel-props.de\/wp-content\/gallery\/teelicht-quader\/Teelicht-Quader-2.JPG\"\n               title=\"\"\n               data-src=\"https:\/\/seidel-props.de\/wp-content\/gallery\/teelicht-quader\/Teelicht-Quader-2.JPG\"\n               data-thumbnail=\"https:\/\/seidel-props.de\/wp-content\/gallery\/teelicht-quader\/thumbs\/thumbs_Teelicht-Quader-2.JPG\"\n               data-image-id=\"694\"\n               data-title=\"Teelicht-Quader-2\"\n               data-description=\"\"\n               data-image-slug=\"teelicht-quader-2\"\n               class=\"ngg-simplelightbox\" rel=\"128e03064d8fdc4658662e134ed7366e\">\n                <img\n                    title=\"Teelicht-Quader-2\"\n                    alt=\"Teelicht-Quader-2\"\n                    src=\"https:\/\/seidel-props.de\/wp-content\/gallery\/teelicht-quader\/cache\/Teelicht-Quader-2.JPG-nggid03694-ngg0dyn-450x300x100-00f0w010c011r110f110r010t010.JPG\"\n                    width=\"450\"\n                    height=\"300\"\n                    style=\"max-width:100%;\"\n                \/>\n            <\/a>\n        <\/div>\n\t\t\t\t\t\t\t<\/div> \n\t\t\t\n\t\t\t\t<div id=\"ngg-image-2\" class=\"ngg-gallery-thumbnail-box ngg-3-columns\" >\n\t\t\t\t        <div class=\"ngg-gallery-thumbnail\">\n            <a href=\"https:\/\/seidel-props.de\/wp-content\/gallery\/teelicht-quader\/Teelicht-Quader-3.JPG\"\n               title=\"\"\n               data-src=\"https:\/\/seidel-props.de\/wp-content\/gallery\/teelicht-quader\/Teelicht-Quader-3.JPG\"\n               data-thumbnail=\"https:\/\/seidel-props.de\/wp-content\/gallery\/teelicht-quader\/thumbs\/thumbs_Teelicht-Quader-3.JPG\"\n               data-image-id=\"695\"\n               data-title=\"Teelicht-Quader-3\"\n               data-description=\"\"\n               data-image-slug=\"teelicht-quader-3\"\n               class=\"ngg-simplelightbox\" rel=\"128e03064d8fdc4658662e134ed7366e\">\n                <img\n                    title=\"Teelicht-Quader-3\"\n                    alt=\"Teelicht-Quader-3\"\n                    src=\"https:\/\/seidel-props.de\/wp-content\/gallery\/teelicht-quader\/cache\/Teelicht-Quader-3.JPG-nggid03695-ngg0dyn-450x300x100-00f0w010c011r110f110r010t010.JPG\"\n                    width=\"450\"\n                    height=\"300\"\n                    style=\"max-width:100%;\"\n                \/>\n            <\/a>\n        <\/div>\n\t\t\t\t\t\t\t<\/div> \n\t\t\t\n\t\t\t\t<div id=\"ngg-image-3\" class=\"ngg-gallery-thumbnail-box ngg-3-columns\" >\n\t\t\t\t        <div class=\"ngg-gallery-thumbnail\">\n            <a href=\"https:\/\/seidel-props.de\/wp-content\/gallery\/teelicht-quader\/Teelicht-Quader-4.JPG\"\n               title=\"\"\n               data-src=\"https:\/\/seidel-props.de\/wp-content\/gallery\/teelicht-quader\/Teelicht-Quader-4.JPG\"\n               data-thumbnail=\"https:\/\/seidel-props.de\/wp-content\/gallery\/teelicht-quader\/thumbs\/thumbs_Teelicht-Quader-4.JPG\"\n               data-image-id=\"696\"\n               data-title=\"Teelicht-Quader-4\"\n               data-description=\"\"\n               data-image-slug=\"teelicht-quader-4\"\n               class=\"ngg-simplelightbox\" rel=\"128e03064d8fdc4658662e134ed7366e\">\n                <img\n                    title=\"Teelicht-Quader-4\"\n                    alt=\"Teelicht-Quader-4\"\n                    src=\"https:\/\/seidel-props.de\/wp-content\/gallery\/teelicht-quader\/cache\/Teelicht-Quader-4.JPG-nggid03696-ngg0dyn-450x300x100-00f0w010c011r110f110r010t010.JPG\"\n                    width=\"450\"\n                    height=\"300\"\n                    style=\"max-width:100%;\"\n                \/>\n            <\/a>\n        <\/div>\n\t\t\t\t\t\t\t<\/div> \n\t\t\t\n\t\t\t\t<div id=\"ngg-image-4\" class=\"ngg-gallery-thumbnail-box ngg-3-columns\" >\n\t\t\t\t        <div class=\"ngg-gallery-thumbnail\">\n            <a href=\"https:\/\/seidel-props.de\/wp-content\/gallery\/teelicht-quader\/Teelicht-Quader-5.JPG\"\n               title=\"\"\n               data-src=\"https:\/\/seidel-props.de\/wp-content\/gallery\/teelicht-quader\/Teelicht-Quader-5.JPG\"\n               data-thumbnail=\"https:\/\/seidel-props.de\/wp-content\/gallery\/teelicht-quader\/thumbs\/thumbs_Teelicht-Quader-5.JPG\"\n               data-image-id=\"697\"\n               data-title=\"Teelicht-Quader-5\"\n               data-description=\"\"\n               data-image-slug=\"teelicht-quader-5\"\n               class=\"ngg-simplelightbox\" rel=\"128e03064d8fdc4658662e134ed7366e\">\n                <img\n                    title=\"Teelicht-Quader-5\"\n                    alt=\"Teelicht-Quader-5\"\n                    src=\"https:\/\/seidel-props.de\/wp-content\/gallery\/teelicht-quader\/cache\/Teelicht-Quader-5.JPG-nggid03697-ngg0dyn-450x300x100-00f0w010c011r110f110r010t010.JPG\"\n                    width=\"450\"\n                    height=\"300\"\n                    style=\"max-width:100%;\"\n                \/>\n            <\/a>\n        <\/div>\n\t\t\t\t\t\t\t<\/div> \n\t\t\t\n\t\t\t\t<div id=\"ngg-image-5\" class=\"ngg-gallery-thumbnail-box ngg-3-columns\" >\n\t\t\t\t        <div class=\"ngg-gallery-thumbnail\">\n            <a href=\"https:\/\/seidel-props.de\/wp-content\/gallery\/teelicht-quader\/Teelicht-Quader-6.JPG\"\n               title=\"\"\n               data-src=\"https:\/\/seidel-props.de\/wp-content\/gallery\/teelicht-quader\/Teelicht-Quader-6.JPG\"\n               data-thumbnail=\"https:\/\/seidel-props.de\/wp-content\/gallery\/teelicht-quader\/thumbs\/thumbs_Teelicht-Quader-6.JPG\"\n               data-image-id=\"698\"\n               data-title=\"Teelicht-Quader-6\"\n               data-description=\"\"\n               data-image-slug=\"teelicht-quader-6\"\n               class=\"ngg-simplelightbox\" rel=\"128e03064d8fdc4658662e134ed7366e\">\n                <img\n                    title=\"Teelicht-Quader-6\"\n                    alt=\"Teelicht-Quader-6\"\n                    src=\"https:\/\/seidel-props.de\/wp-content\/gallery\/teelicht-quader\/cache\/Teelicht-Quader-6.JPG-nggid03698-ngg0dyn-450x300x100-00f0w010c011r110f110r010t010.JPG\"\n                    width=\"450\"\n                    height=\"300\"\n                    style=\"max-width:100%;\"\n                \/>\n            <\/a>\n        <\/div>\n\t\t\t\t\t\t\t<\/div> \n\t\t\t\n\t\t\t\t<div id=\"ngg-image-6\" class=\"ngg-gallery-thumbnail-box ngg-3-columns\" >\n\t\t\t\t        <div class=\"ngg-gallery-thumbnail\">\n            <a href=\"https:\/\/seidel-props.de\/wp-content\/gallery\/teelicht-quader\/Teelicht-Quader-7.JPG\"\n               title=\"\"\n               data-src=\"https:\/\/seidel-props.de\/wp-content\/gallery\/teelicht-quader\/Teelicht-Quader-7.JPG\"\n               data-thumbnail=\"https:\/\/seidel-props.de\/wp-content\/gallery\/teelicht-quader\/thumbs\/thumbs_Teelicht-Quader-7.JPG\"\n               data-image-id=\"699\"\n               data-title=\"Teelicht-Quader-7\"\n               data-description=\"\"\n               data-image-slug=\"teelicht-quader-7\"\n               class=\"ngg-simplelightbox\" rel=\"128e03064d8fdc4658662e134ed7366e\">\n                <img\n                    title=\"Teelicht-Quader-7\"\n                    alt=\"Teelicht-Quader-7\"\n                    src=\"https:\/\/seidel-props.de\/wp-content\/gallery\/teelicht-quader\/cache\/Teelicht-Quader-7.JPG-nggid03699-ngg0dyn-450x300x100-00f0w010c011r110f110r010t010.JPG\"\n                    width=\"450\"\n                    height=\"300\"\n                    style=\"max-width:100%;\"\n                \/>\n            <\/a>\n        <\/div>\n\t\t\t\t\t\t\t<\/div> \n\t\t\t\n\t\t\t\t<div id=\"ngg-image-7\" class=\"ngg-gallery-thumbnail-box ngg-3-columns\" >\n\t\t\t\t        <div class=\"ngg-gallery-thumbnail\">\n            <a href=\"https:\/\/seidel-props.de\/wp-content\/gallery\/teelicht-quader\/Teelicht-Quader-8.JPG\"\n               title=\"\"\n               data-src=\"https:\/\/seidel-props.de\/wp-content\/gallery\/teelicht-quader\/Teelicht-Quader-8.JPG\"\n               data-thumbnail=\"https:\/\/seidel-props.de\/wp-content\/gallery\/teelicht-quader\/thumbs\/thumbs_Teelicht-Quader-8.JPG\"\n               data-image-id=\"700\"\n               data-title=\"Teelicht-Quader-8\"\n               data-description=\"\"\n               data-image-slug=\"teelicht-quader-8\"\n               class=\"ngg-simplelightbox\" rel=\"128e03064d8fdc4658662e134ed7366e\">\n                <img\n                    title=\"Teelicht-Quader-8\"\n                    alt=\"Teelicht-Quader-8\"\n                    src=\"https:\/\/seidel-props.de\/wp-content\/gallery\/teelicht-quader\/cache\/Teelicht-Quader-8.JPG-nggid03700-ngg0dyn-450x300x100-00f0w010c011r110f110r010t010.JPG\"\n                    width=\"450\"\n                    height=\"300\"\n                    style=\"max-width:100%;\"\n                \/>\n            <\/a>\n        <\/div>\n\t\t\t\t\t\t\t<\/div> \n\t\t\t\n\t\t\t\t<div id=\"ngg-image-8\" class=\"ngg-gallery-thumbnail-box ngg-3-columns\" >\n\t\t\t\t        <div class=\"ngg-gallery-thumbnail\">\n            <a href=\"https:\/\/seidel-props.de\/wp-content\/gallery\/teelicht-quader\/Teelicht-Quader-9.JPG\"\n               title=\"\"\n               data-src=\"https:\/\/seidel-props.de\/wp-content\/gallery\/teelicht-quader\/Teelicht-Quader-9.JPG\"\n               data-thumbnail=\"https:\/\/seidel-props.de\/wp-content\/gallery\/teelicht-quader\/thumbs\/thumbs_Teelicht-Quader-9.JPG\"\n               data-image-id=\"701\"\n               data-title=\"Teelicht-Quader-9\"\n               data-description=\"\"\n               data-image-slug=\"teelicht-quader-9\"\n               class=\"ngg-simplelightbox\" rel=\"128e03064d8fdc4658662e134ed7366e\">\n                <img\n                    title=\"Teelicht-Quader-9\"\n                    alt=\"Teelicht-Quader-9\"\n                    src=\"https:\/\/seidel-props.de\/wp-content\/gallery\/teelicht-quader\/cache\/Teelicht-Quader-9.JPG-nggid03701-ngg0dyn-450x300x100-00f0w010c011r110f110r010t010.JPG\"\n                    width=\"450\"\n                    height=\"300\"\n                    style=\"max-width:100%;\"\n                \/>\n            <\/a>\n        <\/div>\n\t\t\t\t\t\t\t<\/div> \n\t\t\t\n\t\n\t<br style=\"clear: both\" \/>\n\n\t\n\t\t<!-- Pagination -->\n\t<div class='ngg-clear'><\/div>\t<\/div>\n\n\n\n\n<p>Zum Vergr\u00f6\u00dfern der Ansicht bitte einfach auf ein Bild tippen und mit den Pfeiltasten nach links oder rechts weiterbl\u00e4ttern.<\/p>\n","protected":false},"excerpt":{"rendered":"<p>Teelicht Quader Die Teelicht Quader sind relativ einfache Teelichtst\u00e4nder, die gerade durch ihre Schlichtheit besonders zeitlos wirken. In Buchenholzkl\u00f6tze mit&hellip;<\/p>\n","protected":false},"author":1,"featured_media":0,"parent":0,"menu_order":0,"comment_status":"closed","ping_status":"closed","template":"","meta":{"ngg_post_thumbnail":0,"footnotes":""},"class_list":["post-1488","page","type-page","status-publish","hentry"],"translation":{"provider":"WPGlobus","version":"2.10.0","language":"en","enabled_languages":["de","en"],"languages":{"de":{"title":true,"content":true,"excerpt":false},"en":{"title":false,"content":false,"excerpt":false}}},"_links":{"self":[{"href":"https:\/\/seidel-props.de\/en\/wp-json\/wp\/v2\/pages\/1488","targetHints":{"allow":["GET"]}}],"collection":[{"href":"https:\/\/seidel-props.de\/en\/wp-json\/wp\/v2\/pages"}],"about":[{"href":"https:\/\/seidel-props.de\/en\/wp-json\/wp\/v2\/types\/page"}],"author":[{"embeddable":true,"href":"https:\/\/seidel-props.de\/en\/wp-json\/wp\/v2\/users\/1"}],"replies":[{"embeddable":true,"href":"https:\/\/seidel-props.de\/en\/wp-json\/wp\/v2\/comments?post=1488"}],"version-history":[{"count":1,"href":"https:\/\/seidel-props.de\/en\/wp-json\/wp\/v2\/pages\/1488\/revisions"}],"predecessor-version":[{"id":1489,"href":"https:\/\/seidel-props.de\/en\/wp-json\/wp\/v2\/pages\/1488\/revisions\/1489"}],"wp:attachment":[{"href":"https:\/\/seidel-props.de\/en\/wp-json\/wp\/v2\/media?parent=1488"}],"curies":[{"name":"wp","href":"https:\/\/api.w.org\/{rel}","templated":true}]}}