{"id":1502,"date":"2020-11-12T21:44:40","date_gmt":"2020-11-12T20:44:40","guid":{"rendered":"https:\/\/seidel-props.de\/?page_id=1502"},"modified":"2020-11-12T21:46:01","modified_gmt":"2020-11-12T20:46:01","slug":"teelicht-kugel","status":"publish","type":"page","link":"https:\/\/seidel-props.de\/en\/teelicht-kugel\/","title":{"rendered":"Teelicht Kugel"},"content":{"rendered":"\n<p><strong>Teelicht Kugel<\/strong><\/p>\n\n\n\n<p>Ausgehend vom Teelicht Quader wurde das Teelicht Kugel entwickelt. Von 4 Seiten wurde im Inneren des Quaders druch ein f\u00f6rmiges Fenster eine Kugel herausgefr\u00e4st. Der Teelichtst\u00e4nder besteht also aus einem St\u00fcck, was auf den ersten Blick den Betrachter zum gr\u00fcbeln bringt.<\/p>\n\n\n\n<p>Lediglich durch bizarre Verbindungsst\u00fccke gehalten schwebt die Kugel beinahe in der Luft!<\/p>\n\n\n\n<!-- default-view.php -->\n<div\n\tclass=\"ngg-galleryoverview default-view \"\n\tid=\"ngg-gallery-85171f459093ff25e5f0f5eb18d44943-1\">\n\n\t\t<!-- Thumbnails -->\n\t\t\t\t<div id=\"ngg-image-0\" class=\"ngg-gallery-thumbnail-box ngg-3-columns\" >\n\t\t\t\t        <div class=\"ngg-gallery-thumbnail\">\n            <a href=\"https:\/\/seidel-props.de\/wp-content\/gallery\/teelicht-kugel\/Teelicht-Kugel-1.JPG\"\n               title=\"\"\n               data-src=\"https:\/\/seidel-props.de\/wp-content\/gallery\/teelicht-kugel\/Teelicht-Kugel-1.JPG\"\n               data-thumbnail=\"https:\/\/seidel-props.de\/wp-content\/gallery\/teelicht-kugel\/thumbs\/thumbs_Teelicht-Kugel-1.JPG\"\n               data-image-id=\"702\"\n               data-title=\"Teelicht-Kugel-1\"\n               data-description=\"\"\n               data-image-slug=\"teelicht-kugel-1\"\n               class=\"ngg-simplelightbox\" rel=\"85171f459093ff25e5f0f5eb18d44943\">\n                <img\n                    title=\"Teelicht-Kugel-1\"\n                    alt=\"Teelicht-Kugel-1\"\n                    src=\"https:\/\/seidel-props.de\/wp-content\/gallery\/teelicht-kugel\/cache\/Teelicht-Kugel-1.JPG-nggid03702-ngg0dyn-450x300x100-00f0w010c011r110f110r010t010.JPG\"\n                    width=\"450\"\n                    height=\"300\"\n                    style=\"max-width:100%;\"\n                \/>\n            <\/a>\n        <\/div>\n\t\t\t\t\t\t\t<\/div> \n\t\t\t\n\t\t\t\t<div id=\"ngg-image-1\" class=\"ngg-gallery-thumbnail-box ngg-3-columns\" >\n\t\t\t\t        <div class=\"ngg-gallery-thumbnail\">\n            <a href=\"https:\/\/seidel-props.de\/wp-content\/gallery\/teelicht-kugel\/Teelicht-Kugel-2.JPG\"\n               title=\"\"\n               data-src=\"https:\/\/seidel-props.de\/wp-content\/gallery\/teelicht-kugel\/Teelicht-Kugel-2.JPG\"\n               data-thumbnail=\"https:\/\/seidel-props.de\/wp-content\/gallery\/teelicht-kugel\/thumbs\/thumbs_Teelicht-Kugel-2.JPG\"\n               data-image-id=\"703\"\n               data-title=\"Teelicht-Kugel-2\"\n               data-description=\"\"\n               data-image-slug=\"teelicht-kugel-2\"\n               class=\"ngg-simplelightbox\" rel=\"85171f459093ff25e5f0f5eb18d44943\">\n                <img\n                    title=\"Teelicht-Kugel-2\"\n                    alt=\"Teelicht-Kugel-2\"\n                    src=\"https:\/\/seidel-props.de\/wp-content\/gallery\/teelicht-kugel\/cache\/Teelicht-Kugel-2.JPG-nggid03703-ngg0dyn-450x300x100-00f0w010c011r110f110r010t010.JPG\"\n                    width=\"450\"\n                    height=\"300\"\n                    style=\"max-width:100%;\"\n                \/>\n            <\/a>\n        <\/div>\n\t\t\t\t\t\t\t<\/div> \n\t\t\t\n\t\t\t\t<div id=\"ngg-image-2\" class=\"ngg-gallery-thumbnail-box ngg-3-columns\" >\n\t\t\t\t        <div class=\"ngg-gallery-thumbnail\">\n            <a href=\"https:\/\/seidel-props.de\/wp-content\/gallery\/teelicht-kugel\/Teelicht-Kugel-3.JPG\"\n               title=\"\"\n               data-src=\"https:\/\/seidel-props.de\/wp-content\/gallery\/teelicht-kugel\/Teelicht-Kugel-3.JPG\"\n               data-thumbnail=\"https:\/\/seidel-props.de\/wp-content\/gallery\/teelicht-kugel\/thumbs\/thumbs_Teelicht-Kugel-3.JPG\"\n               data-image-id=\"704\"\n               data-title=\"Teelicht-Kugel-3\"\n               data-description=\"\"\n               data-image-slug=\"teelicht-kugel-3\"\n               class=\"ngg-simplelightbox\" rel=\"85171f459093ff25e5f0f5eb18d44943\">\n                <img\n                    title=\"Teelicht-Kugel-3\"\n                    alt=\"Teelicht-Kugel-3\"\n                    src=\"https:\/\/seidel-props.de\/wp-content\/gallery\/teelicht-kugel\/cache\/Teelicht-Kugel-3.JPG-nggid03704-ngg0dyn-450x300x100-00f0w010c011r110f110r010t010.JPG\"\n                    width=\"450\"\n                    height=\"300\"\n                    style=\"max-width:100%;\"\n                \/>\n            <\/a>\n        <\/div>\n\t\t\t\t\t\t\t<\/div> \n\t\t\t\n\t\t\t\t<div id=\"ngg-image-3\" class=\"ngg-gallery-thumbnail-box ngg-3-columns\" >\n\t\t\t\t        <div class=\"ngg-gallery-thumbnail\">\n            <a href=\"https:\/\/seidel-props.de\/wp-content\/gallery\/teelicht-kugel\/Teelicht-Kugel-4.JPG\"\n               title=\"\"\n               data-src=\"https:\/\/seidel-props.de\/wp-content\/gallery\/teelicht-kugel\/Teelicht-Kugel-4.JPG\"\n               data-thumbnail=\"https:\/\/seidel-props.de\/wp-content\/gallery\/teelicht-kugel\/thumbs\/thumbs_Teelicht-Kugel-4.JPG\"\n               data-image-id=\"705\"\n               data-title=\"Teelicht-Kugel-4\"\n               data-description=\"\"\n               data-image-slug=\"teelicht-kugel-4\"\n               class=\"ngg-simplelightbox\" rel=\"85171f459093ff25e5f0f5eb18d44943\">\n                <img\n                    title=\"Teelicht-Kugel-4\"\n                    alt=\"Teelicht-Kugel-4\"\n                    src=\"https:\/\/seidel-props.de\/wp-content\/gallery\/teelicht-kugel\/cache\/Teelicht-Kugel-4.JPG-nggid03705-ngg0dyn-450x300x100-00f0w010c011r110f110r010t010.JPG\"\n                    width=\"450\"\n                    height=\"300\"\n                    style=\"max-width:100%;\"\n                \/>\n            <\/a>\n        <\/div>\n\t\t\t\t\t\t\t<\/div> \n\t\t\t\n\t\t\t\t<div id=\"ngg-image-4\" class=\"ngg-gallery-thumbnail-box ngg-3-columns\" >\n\t\t\t\t        <div class=\"ngg-gallery-thumbnail\">\n            <a href=\"https:\/\/seidel-props.de\/wp-content\/gallery\/teelicht-kugel\/Teelicht-Kugel-5.JPG\"\n               title=\"\"\n               data-src=\"https:\/\/seidel-props.de\/wp-content\/gallery\/teelicht-kugel\/Teelicht-Kugel-5.JPG\"\n               data-thumbnail=\"https:\/\/seidel-props.de\/wp-content\/gallery\/teelicht-kugel\/thumbs\/thumbs_Teelicht-Kugel-5.JPG\"\n               data-image-id=\"706\"\n               data-title=\"Teelicht-Kugel-5\"\n               data-description=\"\"\n               data-image-slug=\"teelicht-kugel-5\"\n               class=\"ngg-simplelightbox\" rel=\"85171f459093ff25e5f0f5eb18d44943\">\n                <img\n                    title=\"Teelicht-Kugel-5\"\n                    alt=\"Teelicht-Kugel-5\"\n                    src=\"https:\/\/seidel-props.de\/wp-content\/gallery\/teelicht-kugel\/cache\/Teelicht-Kugel-5.JPG-nggid03706-ngg0dyn-450x300x100-00f0w010c011r110f110r010t010.JPG\"\n                    width=\"450\"\n                    height=\"300\"\n                    style=\"max-width:100%;\"\n                \/>\n            <\/a>\n        <\/div>\n\t\t\t\t\t\t\t<\/div> \n\t\t\t\n\t\t\t\t<div id=\"ngg-image-5\" class=\"ngg-gallery-thumbnail-box ngg-3-columns\" >\n\t\t\t\t        <div class=\"ngg-gallery-thumbnail\">\n            <a href=\"https:\/\/seidel-props.de\/wp-content\/gallery\/teelicht-kugel\/Teelicht-Kugel-6.JPG\"\n               title=\"\"\n               data-src=\"https:\/\/seidel-props.de\/wp-content\/gallery\/teelicht-kugel\/Teelicht-Kugel-6.JPG\"\n               data-thumbnail=\"https:\/\/seidel-props.de\/wp-content\/gallery\/teelicht-kugel\/thumbs\/thumbs_Teelicht-Kugel-6.JPG\"\n               data-image-id=\"707\"\n               data-title=\"Teelicht-Kugel-6\"\n               data-description=\"\"\n               data-image-slug=\"teelicht-kugel-6\"\n               class=\"ngg-simplelightbox\" rel=\"85171f459093ff25e5f0f5eb18d44943\">\n                <img\n                    title=\"Teelicht-Kugel-6\"\n                    alt=\"Teelicht-Kugel-6\"\n                    src=\"https:\/\/seidel-props.de\/wp-content\/gallery\/teelicht-kugel\/cache\/Teelicht-Kugel-6.JPG-nggid03707-ngg0dyn-450x300x100-00f0w010c011r110f110r010t010.JPG\"\n                    width=\"450\"\n                    height=\"300\"\n                    style=\"max-width:100%;\"\n                \/>\n            <\/a>\n        <\/div>\n\t\t\t\t\t\t\t<\/div> \n\t\t\t\n\t\t\t\t<div id=\"ngg-image-6\" class=\"ngg-gallery-thumbnail-box ngg-3-columns\" >\n\t\t\t\t        <div class=\"ngg-gallery-thumbnail\">\n            <a href=\"https:\/\/seidel-props.de\/wp-content\/gallery\/teelicht-kugel\/Teelicht-Kugel-7.JPG\"\n               title=\"\"\n               data-src=\"https:\/\/seidel-props.de\/wp-content\/gallery\/teelicht-kugel\/Teelicht-Kugel-7.JPG\"\n               data-thumbnail=\"https:\/\/seidel-props.de\/wp-content\/gallery\/teelicht-kugel\/thumbs\/thumbs_Teelicht-Kugel-7.JPG\"\n               data-image-id=\"708\"\n               data-title=\"Teelicht-Kugel-7\"\n               data-description=\"\"\n               data-image-slug=\"teelicht-kugel-7\"\n               class=\"ngg-simplelightbox\" rel=\"85171f459093ff25e5f0f5eb18d44943\">\n                <img\n                    title=\"Teelicht-Kugel-7\"\n                    alt=\"Teelicht-Kugel-7\"\n                    src=\"https:\/\/seidel-props.de\/wp-content\/gallery\/teelicht-kugel\/cache\/Teelicht-Kugel-7.JPG-nggid03708-ngg0dyn-450x300x100-00f0w010c011r110f110r010t010.JPG\"\n                    width=\"450\"\n                    height=\"300\"\n                    style=\"max-width:100%;\"\n                \/>\n            <\/a>\n        <\/div>\n\t\t\t\t\t\t\t<\/div> \n\t\t\t\n\t\t\t\t<div id=\"ngg-image-7\" class=\"ngg-gallery-thumbnail-box ngg-3-columns\" >\n\t\t\t\t        <div class=\"ngg-gallery-thumbnail\">\n            <a href=\"https:\/\/seidel-props.de\/wp-content\/gallery\/teelicht-kugel\/Teelicht-Kugel-8.JPG\"\n               title=\"\"\n               data-src=\"https:\/\/seidel-props.de\/wp-content\/gallery\/teelicht-kugel\/Teelicht-Kugel-8.JPG\"\n               data-thumbnail=\"https:\/\/seidel-props.de\/wp-content\/gallery\/teelicht-kugel\/thumbs\/thumbs_Teelicht-Kugel-8.JPG\"\n               data-image-id=\"709\"\n               data-title=\"Teelicht-Kugel-8\"\n               data-description=\"\"\n               data-image-slug=\"teelicht-kugel-8\"\n               class=\"ngg-simplelightbox\" rel=\"85171f459093ff25e5f0f5eb18d44943\">\n                <img\n                    title=\"Teelicht-Kugel-8\"\n                    alt=\"Teelicht-Kugel-8\"\n                    src=\"https:\/\/seidel-props.de\/wp-content\/gallery\/teelicht-kugel\/cache\/Teelicht-Kugel-8.JPG-nggid03709-ngg0dyn-450x300x100-00f0w010c011r110f110r010t010.JPG\"\n                    width=\"450\"\n                    height=\"300\"\n                    style=\"max-width:100%;\"\n                \/>\n            <\/a>\n        <\/div>\n\t\t\t\t\t\t\t<\/div> \n\t\t\t\n\t\t\t\t<div id=\"ngg-image-8\" class=\"ngg-gallery-thumbnail-box ngg-3-columns\" >\n\t\t\t\t        <div class=\"ngg-gallery-thumbnail\">\n            <a href=\"https:\/\/seidel-props.de\/wp-content\/gallery\/teelicht-kugel\/Teelicht-Kugel-9.JPG\"\n               title=\"\"\n               data-src=\"https:\/\/seidel-props.de\/wp-content\/gallery\/teelicht-kugel\/Teelicht-Kugel-9.JPG\"\n               data-thumbnail=\"https:\/\/seidel-props.de\/wp-content\/gallery\/teelicht-kugel\/thumbs\/thumbs_Teelicht-Kugel-9.JPG\"\n               data-image-id=\"710\"\n               data-title=\"Teelicht-Kugel-9\"\n               data-description=\"\"\n               data-image-slug=\"teelicht-kugel-9\"\n               class=\"ngg-simplelightbox\" rel=\"85171f459093ff25e5f0f5eb18d44943\">\n                <img\n                    title=\"Teelicht-Kugel-9\"\n                    alt=\"Teelicht-Kugel-9\"\n                    src=\"https:\/\/seidel-props.de\/wp-content\/gallery\/teelicht-kugel\/cache\/Teelicht-Kugel-9.JPG-nggid03710-ngg0dyn-450x300x100-00f0w010c011r110f110r010t010.JPG\"\n                    width=\"450\"\n                    height=\"300\"\n                    style=\"max-width:100%;\"\n                \/>\n            <\/a>\n        <\/div>\n\t\t\t\t\t\t\t<\/div> \n\t\t\t\n\t\n\t<br style=\"clear: both\" \/>\n\n\t\n\t\t<!-- Pagination -->\n\t<div class='ngg-clear'><\/div>\t<\/div>\n\n\n\n\n<p>Bitte klicken Sie einfach auf ein Bild, um eine gr\u00f6\u00dfere Darstellung zu sehen.<\/p>\n\n\n\n<p><\/p>\n","protected":false},"excerpt":{"rendered":"<p>Teelicht Kugel Ausgehend vom Teelicht Quader wurde das Teelicht Kugel entwickelt. Von 4 Seiten wurde im Inneren des Quaders druch&hellip;<\/p>\n","protected":false},"author":1,"featured_media":0,"parent":0,"menu_order":0,"comment_status":"closed","ping_status":"closed","template":"","meta":{"ngg_post_thumbnail":0,"footnotes":""},"class_list":["post-1502","page","type-page","status-publish","hentry"],"translation":{"provider":"WPGlobus","version":"2.10.0","language":"en","enabled_languages":["de","en"],"languages":{"de":{"title":true,"content":true,"excerpt":false},"en":{"title":false,"content":false,"excerpt":false}}},"_links":{"self":[{"href":"https:\/\/seidel-props.de\/en\/wp-json\/wp\/v2\/pages\/1502","targetHints":{"allow":["GET"]}}],"collection":[{"href":"https:\/\/seidel-props.de\/en\/wp-json\/wp\/v2\/pages"}],"about":[{"href":"https:\/\/seidel-props.de\/en\/wp-json\/wp\/v2\/types\/page"}],"author":[{"embeddable":true,"href":"https:\/\/seidel-props.de\/en\/wp-json\/wp\/v2\/users\/1"}],"replies":[{"embeddable":true,"href":"https:\/\/seidel-props.de\/en\/wp-json\/wp\/v2\/comments?post=1502"}],"version-history":[{"count":2,"href":"https:\/\/seidel-props.de\/en\/wp-json\/wp\/v2\/pages\/1502\/revisions"}],"predecessor-version":[{"id":1504,"href":"https:\/\/seidel-props.de\/en\/wp-json\/wp\/v2\/pages\/1502\/revisions\/1504"}],"wp:attachment":[{"href":"https:\/\/seidel-props.de\/en\/wp-json\/wp\/v2\/media?parent=1502"}],"curies":[{"name":"wp","href":"https:\/\/api.w.org\/{rel}","templated":true}]}}