{"id":151,"date":"2019-09-13T23:44:34","date_gmt":"2019-09-13T21:44:34","guid":{"rendered":"http:\/\/seidel-props.de\/?page_id=151"},"modified":"2023-02-07T00:40:50","modified_gmt":"2023-02-06T23:40:50","slug":"datenschutz","status":"publish","type":"page","link":"https:\/\/seidel-props.de\/en\/datenschutz\/","title":{"rendered":"Datenschutz"},"content":{"rendered":"\n<p><strong>Datenschutz<br><\/strong><br><strong>Name und Kontaktdaten des f\u00fcr die Verarbeitung Verantwortlichen sowie des betrieblichen Datenschutzbeauftragten:<\/strong><\/p>\n\n\n\n<p>Diese Datenschutzhinweise gelten f\u00fcr die Datenverarbeitung durch die<\/p>\n\n\n\n<p>Seidel Props<br>Sankt-Jakob-Stra\u00dfe 5<br>82398 Polling<\/p>\n\n\n\n<p>Fon: 0881 \/ 924 552-7<\/p>\n\n\n\n<p>info@seidel-props.de<\/p>\n\n\n\n<p>Es sind weniger als 10 Personen mit der Verarbeitung von Daten besch\u00e4ftigt, daher ist kein betrieblicher Datenschutzbeauftragter erforderlich, vgl. Art. 37 Abs. 4 DSGVO i.V.m. \u00a7 38 Abs. 1 BDSG.<br><\/p>\n\n\n\n<p><strong>Diese Webseite verwendet Cookies!<\/strong>&nbsp;Wer h\u00e4tte das gedacht \ud83d\ude09<\/p>\n\n\n\n<p><strong>Achtung:<br>F\u00fcr alle Inhalte dieser Webseite haben wir die Urheberrechte. Ohne unsere ausdr\u00fcckliche schriftliche Genehmigung ist es nicht erlaubt, Inhalte zu kopieren. Insbesondere das softwarem\u00e4\u00dfige Auslesen ist untersagt. Zuwiderhandlungen entsprechen dem Tatbestand des Diebstahls und werden geahndet.<\/strong><\/p>\n\n\n\n<p>Als Reaktion auf die seit 25.05.2018 g\u00fcltige Datenschutz-Grundverordnung (DSGVO) der Europ\u00e4ischen Union geben wir folgendes Statement ab:<\/p>\n\n\n\n<p><strong>Wir, die Firma Seidel Props, sichern Ihnen h\u00f6chste Diskretion bzgl. Ihrer Daten zu, wie wir sie selbst von unserem Gegen\u00fcber erwarten w\u00fcrden.<br>Sie als unsere Kunden genie\u00dfen unseren Anstand und unsere ehrlichen Aufrichtigkeit, besonders aber unsere Umsicht mit Ihren Daten.<br>Daran wird sich auch in Zukunft nichts \u00e4ndern. F\u00fcr Ihr Vertrauen bedanken wir uns und werden Sie nicht entt\u00e4uschen.<br><\/strong><br>Schade ist, dass im Zusammenhang der Neuordnung wieder zahllose drittklassige Kanzleien auftauchen werden, die sich im rechtlichen Graubereich bereichern werden.<\/p>\n\n\n\n<p>Es ist ein billiges Spiel, von angeblich seri\u00f6sen Unternehmen abgemahnt zu werden, nur weil unser Datenschutzaktivit\u00e4ten nicht 100% gesetzeskonform sind.<br>Im Sinne unserer Kundschaft zitieren wir nicht irgendwelche unverst\u00e4ndliche Paragaphen, sondern legen unsere Philosopie dar.<br>Besonders verwerflich ist, wenn diese Firmen mit Software systematisch das Internet durchk\u00e4mmen, um sich sp\u00e4ter an ihren fachfremden Opfern zu vergehen. Das ist niedertr\u00e4chtig und verlogen. Leider gibt es hierf\u00fcr keinen Verbraucherschutz.<br>Lassen wir uns also \u00fcberraschen, welche Firma den Anfang macht. Angeblich NUR, weil sie sich um Ihre Datensicherheit sorgt.<\/p>\n\n\n\n<p>Genau aus Gr\u00fcnden des Datenschutzes machen wir bei Paypal, Facebook und wie sie alle hei\u00dfen, nicht mit.<br>Ihre und unsere Daten werden wir NIE solchen Unternehmen \u00fcberlassen, da diese Firmen nicht in der Lage sind, einfachsten Datenschutz zu praktizieren. Die Vergangenheit hat vielf\u00e4ltig gezeigt, dass wir damit recht haben.<\/p>\n\n\n\n<p>Lesen Sie z.B. die Datenschutzrichtlinien von Paypal und Sie werden verbl\u00fcfft sein, welche Banken automatisch \u00fcber Ihre Geldtransfers informiert werden! HIER werden Ihre Daten um die ganze Welt geschickt &#8211; nicht bei UNS!<br>Die Aufweichung von Bank-, Post- Telefon- und Mailgeheimnis wird durch unsere Staatsregierung toleriert und forciert, was wir f\u00fcr sehr bedenklich halten.<\/p>\n\n\n\n<p>Zur\u00fcck zu Ihren Daten:<\/p>\n\n\n\n<p><strong>Welche Ihrer Daten haben wir im Maximalfall abgespeichert?<\/strong><br>&#8211; Ihren Namen.<br>&#8211; Ihre E-Mail-Adresse.<br>&#8211; Ihre Telefonnummer.<br>&#8211; Ihre Rechnungs- und Lieferadressdaten (f\u00fcr einen get\u00e4tigten Einkauf).<br>&#8211; Daten, die im Internet \u00f6ffentlich verf\u00fcgbar sind.<br>&#8211; Und nat\u00fcrlich: Unsere bisherige Konversation.<\/p>\n\n\n\n<p><strong>Wo liegen diese Daten?<\/strong><br>&#8211; Auf unserem firewall- und spamgesch\u00fctzten Rechner sowie   Sicherungslaufwerken, beides hausintern.<br>&#8211; Die Daten liegen auf KEINEM externen Server.<\/p>\n\n\n\n<p><strong>Wer hat Zugriff auf welche Daten?<\/strong><br>&#8211; Die Gesch\u00e4ftsf\u00fchrung und Buchhaltung der Firma Seidel Props hat Zugriff auf alle Daten.<br>&#8211; Steuerberater und Finanzamt haben Zugriff auf die Adress- und Bankdaten jedes get\u00e4tigten Einkaufs, nachdem die Rechnung verbucht wurde.<br>&#8211; Die Versandunternehmen haben Zugriff auf Ihre Adressdaten, wenn die Waren an Sie geliefert werden.<br>&#8211; Sonst niemand. Wir geben keine Ihrer Daten an Dritte weiter.<\/p>\n\n\n\n<p><strong>Was machen wir mit Ihren Daten?<\/strong><br>&#8211; Wir heben die Daten auf, damit wir Sie bei zuk\u00fcnfigten Anfragen m\u00f6glichst gut beraten k\u00f6nnen.<br>&#8211; Wir versenden evtl. eigene Werbung an Ihre Adresse. Wenn Sie dies nicht w\u00fcnschen, kontaktieren Sie uns bitte.<br>&#8211; Sollten sich Synergien zwischen unterschiedlichen Kunden bei direktem Kontakt ergeben, wird vorher bei allen Beteiligten um Einwilligung gebeten. Haben beide Seiten daran Interesse, k\u00f6nnen die Kontaktdaten vermittelt werden.<\/p>\n\n\n\n<p><strong>Wann l\u00f6schen wir Ihre Daten?<\/strong><br>&#8211; Auf Ihren Wunsch hin l\u00f6schen wir Ihre Daten jederzeit in gew\u00fcnschtem Umfang und bet\u00e4tigen Ihnen dies schriftlich.<br><\/p>\n\n\n\n<p><strong>Widerrufsrecht zur Erfassung Ihrer Daten:<br><\/strong>&#8211; Wenn wir Ihre Daten zuk\u00fcnftig nicht ablegen sollen, teilen Sie uns dies bitte mit.- Der Logig entsprechend k\u00f6nnen wir dann aber nicht mehr kommunizieren. Hier zeigt sich besonders deutlich die Unsinnigkeit dieser hirnfreien Datenschutzdiskussion.- Ungeachtet davon sind wir jedoch gesetzlich verpflichtet, unsere Buchhaltung fortzuf\u00fchren. Alle Rechnungsunterlagen k\u00f6nnen erst nach den gesetzlichen Aufbewahrungsfristen entsorgt werden.<\/p>\n\n\n\n<p><strong>Haben Sie Zugriff auf Ihre gespeicherten Daten?<\/strong><br>&#8211; Sie haben keinen direkten Zugriff, da es keinerlei Online-Schnittstelle gibt.<br>&#8211; Gerne senden wir Ihnen jedoch unsere Notizen zu.<\/p>\n\n\n\n<p><strong>Verbindungsdaten, Cookies, Analysetools und \u00e4hnliches<\/strong><br>&#8211; Wir werten keine Verbindungsdaten, IP-Adressen oder \u00e4hnliches aus und werden diese Informationen, falls sie denn irgendwo verf\u00fcgbar sein sollten, nicht nutzen.- Ebenso wenden wir keine Analysetools an.<br>&#8211; Mit hoher Sicherheit erhalten Sie beim Besuch unserer Homepage auch Cookies auf Ihren Rechner. Das k\u00f6nnen wir leider nicht vermeiden. Verantwortlich daf\u00fcr ist unser Homepageanbieter Domain-Factory. Cookies bitte einfach l\u00f6schen und\/oder blockieren.<br>&#8211; Da wir keinen Einfluss darauf haben, ob Mail- und Internet-Programmanbieter bei Ihrem Kontakt mit uns irgendwelche Ihrer Verbindungsdaten speichern oder nutzen, \u00fcbernehmen wir hierf\u00fcr naturgem\u00e4\u00df keine Verantwortung. Unsere Webseite wird bei Domain-Factory gehostet:<\/p>\n\n\n\n<p>domainfactory GmbH<br>Oskar-Messter-Str. 33<br>85737 Ismaning<br>Deutschland<\/p>\n\n\n\n<p>Tel: +49 89 998 288 026<br>Fax: +49 89 55 266 222<br>E-Mail: support@df.eu<\/p>\n\n\n\n<p>Verantwortlich f\u00fcr die Datensicherheit auf deren Server ist einzig diese Firma.<\/p>\n\n\n\n<p><strong>Welche Kosten entstehen bei Anfragen f\u00fcr Sie?<\/strong>&#8211; Keine, das ist doch wohl selbstverst\u00e4ndlich.<\/p>\n\n\n\n<p><strong>Wie k\u00f6nnten Ihre Daten in falsche H\u00e4nde geraten?<\/strong><br>&#8211; Durch kriminelle Machenschaften Dritter oder unseren Staat.<\/p>\n\n\n\n<p><strong>Zu guter Letzt:<\/strong><br>Alle obenstehenden Ausf\u00fchrungen lassen sich durch entsprechende Stellen in den Gesetzen sinngem\u00e4\u00df finden. Sollten Sie tats\u00e4chlich daran Interesse haben, sind wir bereit, Ihnen diese anwaltlich zusammenstellen zu lassen. Die anfallenden Kosten daf\u00fcr tr\u00e4gt h\u00e4lftig der Interessent.<br>Sch\u00f6n, dass endlich nach vielen Jahren der vollkommenen Willk\u00fcr zum Thema Datenschutz und Datenmissbrauch durch Branchenriesen und Kleinkriminelle unser Gesetzgeber zu einer Reaktion gen\u00f6tigt wurde. Leider wird an der komplett falschen Stelle angesetzt, was ja zu erwarten war.<\/p>\n\n\n\n<p>Wir entschuldigen uns daf\u00fcr, dass wir Ihnen mit der Erl\u00e4uterung dieser f\u00fcr uns selbstverst\u00e4ndichen Vorgehensweisen die Zeit geraubt haben.<\/p>\n\n\n\n<p><strong>Wir gehen davon aus, dass Sie unsere Datenschutzvereinbarung gelesen haben, bevor Sie mit uns in Kontakt treten. In obenstehenden Zeilen ist klar unsere Absicht ersichtlich, den Schutz der Kundendaten zu sichern. B\u00f6swilligen Abmahnern werden wir mit der n\u00f6tigen H\u00e4rte begegnen.<\/strong><\/p>\n\n\n\n<p>Bei R\u00fcckfragen sind wir jederzeit gerne f\u00fcr Sie da! Kontaktieren Sie uns!<\/p>\n\n\n\n<p>Mit den besten Fliegergr\u00fc\u00dfen<\/p>\n\n\n\n<p>Mario Seidel<\/p>\n\n\n\n<p>Seidel Props<\/p>\n","protected":false},"excerpt":{"rendered":"<p>DatenschutzName und Kontaktdaten des f\u00fcr die Verarbeitung Verantwortlichen sowie des betrieblichen Datenschutzbeauftragten: Diese Datenschutzhinweise gelten f\u00fcr die Datenverarbeitung durch die&hellip;<\/p>\n","protected":false},"author":1,"featured_media":0,"parent":0,"menu_order":0,"comment_status":"closed","ping_status":"closed","template":"","meta":{"ngg_post_thumbnail":0,"footnotes":""},"class_list":["post-151","page","type-page","status-publish","hentry"],"translation":{"provider":"WPGlobus","version":"2.10.0","language":"en","enabled_languages":["de","en"],"languages":{"de":{"title":true,"content":true,"excerpt":false},"en":{"title":false,"content":false,"excerpt":false}}},"_links":{"self":[{"href":"https:\/\/seidel-props.de\/en\/wp-json\/wp\/v2\/pages\/151","targetHints":{"allow":["GET"]}}],"collection":[{"href":"https:\/\/seidel-props.de\/en\/wp-json\/wp\/v2\/pages"}],"about":[{"href":"https:\/\/seidel-props.de\/en\/wp-json\/wp\/v2\/types\/page"}],"author":[{"embeddable":true,"href":"https:\/\/seidel-props.de\/en\/wp-json\/wp\/v2\/users\/1"}],"replies":[{"embeddable":true,"href":"https:\/\/seidel-props.de\/en\/wp-json\/wp\/v2\/comments?post=151"}],"version-history":[{"count":6,"href":"https:\/\/seidel-props.de\/en\/wp-json\/wp\/v2\/pages\/151\/revisions"}],"predecessor-version":[{"id":2760,"href":"https:\/\/seidel-props.de\/en\/wp-json\/wp\/v2\/pages\/151\/revisions\/2760"}],"wp:attachment":[{"href":"https:\/\/seidel-props.de\/en\/wp-json\/wp\/v2\/media?parent=151"}],"curies":[{"name":"wp","href":"https:\/\/api.w.org\/{rel}","templated":true}]}}