{"id":1519,"date":"2020-11-12T22:08:17","date_gmt":"2020-11-12T21:08:17","guid":{"rendered":"https:\/\/seidel-props.de\/?page_id=1519"},"modified":"2021-07-17T23:23:07","modified_gmt":"2021-07-17T21:23:07","slug":"kerzenstaender-rund","status":"publish","type":"page","link":"https:\/\/seidel-props.de\/en\/kerzenstaender-rund\/","title":{"rendered":"Kerzenst\u00e4nder Rund"},"content":{"rendered":"\n<p><strong>Kerzenst\u00e4nder Rund<\/strong><\/p>\n\n\n\n<p>Diese Kerzenst\u00e4nder sind die einfachsten, aber deshalb nicht weniger reizvoll. Gefertigt aus entsprechend dicken \u00c4sten der Fichte oder Tanne sind sie von oben mit einer passenden Bohrung versehen, um die Kerze (Weihnachtspyramide) sauber aufnehmen zu k\u00f6nnen.<\/p>\n\n\n\n<p>Ein kleines Arrangement mit Weichnachtsdeko und Stoffschleife tr\u00e4gt zur festlichen Stimmung bei.<\/p>\n\n\n\n<p>Die Durchmesser von Kerzenbohrung und -st\u00e4nder sowie die L\u00e4nge sind in Grenzen frei w\u00e4hlbar. Auch XXL-Varianten zum vor die Haust\u00fcr stellen sind denkbar.<\/p>\n\n\n\n<!-- default-view.php -->\n<div\n\tclass=\"ngg-galleryoverview default-view \"\n\tid=\"ngg-gallery-7387a3d0a0123b204c29e80cf159268a-1\">\n\n\t\t<!-- Thumbnails -->\n\t\t\t\t<div id=\"ngg-image-0\" class=\"ngg-gallery-thumbnail-box ngg-3-columns\" >\n\t\t\t\t        <div class=\"ngg-gallery-thumbnail\">\n            <a href=\"https:\/\/seidel-props.de\/wp-content\/gallery\/kerzenstaender-rund\/Kerzenstaender-Rund-1.JPG\"\n               title=\"\"\n               data-src=\"https:\/\/seidel-props.de\/wp-content\/gallery\/kerzenstaender-rund\/Kerzenstaender-Rund-1.JPG\"\n               data-thumbnail=\"https:\/\/seidel-props.de\/wp-content\/gallery\/kerzenstaender-rund\/thumbs\/thumbs_Kerzenstaender-Rund-1.JPG\"\n               data-image-id=\"716\"\n               data-title=\"Kerzenstaender-Rund-1\"\n               data-description=\"\"\n               data-image-slug=\"kerzenstaender-rund-1\"\n               class=\"ngg-simplelightbox\" rel=\"7387a3d0a0123b204c29e80cf159268a\">\n                <img\n                    title=\"Kerzenstaender-Rund-1\"\n                    alt=\"Kerzenstaender-Rund-1\"\n                    src=\"https:\/\/seidel-props.de\/wp-content\/gallery\/kerzenstaender-rund\/cache\/Kerzenstaender-Rund-1.JPG-nggid03716-ngg0dyn-450x300x100-00f0w010c011r110f110r010t010.JPG\"\n                    width=\"450\"\n                    height=\"300\"\n                    style=\"max-width:100%;\"\n                \/>\n            <\/a>\n        <\/div>\n\t\t\t\t\t\t\t<\/div> \n\t\t\t\n\t\t\t\t<div id=\"ngg-image-1\" class=\"ngg-gallery-thumbnail-box ngg-3-columns\" >\n\t\t\t\t        <div class=\"ngg-gallery-thumbnail\">\n            <a href=\"https:\/\/seidel-props.de\/wp-content\/gallery\/kerzenstaender-rund\/Kerzenstaender-Rund-2.JPG\"\n               title=\"\"\n               data-src=\"https:\/\/seidel-props.de\/wp-content\/gallery\/kerzenstaender-rund\/Kerzenstaender-Rund-2.JPG\"\n               data-thumbnail=\"https:\/\/seidel-props.de\/wp-content\/gallery\/kerzenstaender-rund\/thumbs\/thumbs_Kerzenstaender-Rund-2.JPG\"\n               data-image-id=\"717\"\n               data-title=\"Kerzenstaender-Rund-2\"\n               data-description=\"\"\n               data-image-slug=\"kerzenstaender-rund-2\"\n               class=\"ngg-simplelightbox\" rel=\"7387a3d0a0123b204c29e80cf159268a\">\n                <img\n                    title=\"Kerzenstaender-Rund-2\"\n                    alt=\"Kerzenstaender-Rund-2\"\n                    src=\"https:\/\/seidel-props.de\/wp-content\/gallery\/kerzenstaender-rund\/cache\/Kerzenstaender-Rund-2.JPG-nggid03717-ngg0dyn-450x300x100-00f0w010c011r110f110r010t010.JPG\"\n                    width=\"450\"\n                    height=\"300\"\n                    style=\"max-width:100%;\"\n                \/>\n            <\/a>\n        <\/div>\n\t\t\t\t\t\t\t<\/div> \n\t\t\t\n\t\t\t\t<div id=\"ngg-image-2\" class=\"ngg-gallery-thumbnail-box ngg-3-columns\" >\n\t\t\t\t        <div class=\"ngg-gallery-thumbnail\">\n            <a href=\"https:\/\/seidel-props.de\/wp-content\/gallery\/kerzenstaender-rund\/Kerzenstaender-Rund-3.JPG\"\n               title=\"\"\n               data-src=\"https:\/\/seidel-props.de\/wp-content\/gallery\/kerzenstaender-rund\/Kerzenstaender-Rund-3.JPG\"\n               data-thumbnail=\"https:\/\/seidel-props.de\/wp-content\/gallery\/kerzenstaender-rund\/thumbs\/thumbs_Kerzenstaender-Rund-3.JPG\"\n               data-image-id=\"718\"\n               data-title=\"Kerzenstaender-Rund-3\"\n               data-description=\"\"\n               data-image-slug=\"kerzenstaender-rund-3\"\n               class=\"ngg-simplelightbox\" rel=\"7387a3d0a0123b204c29e80cf159268a\">\n                <img\n                    title=\"Kerzenstaender-Rund-3\"\n                    alt=\"Kerzenstaender-Rund-3\"\n                    src=\"https:\/\/seidel-props.de\/wp-content\/gallery\/kerzenstaender-rund\/cache\/Kerzenstaender-Rund-3.JPG-nggid03718-ngg0dyn-450x300x100-00f0w010c011r110f110r010t010.JPG\"\n                    width=\"450\"\n                    height=\"300\"\n                    style=\"max-width:100%;\"\n                \/>\n            <\/a>\n        <\/div>\n\t\t\t\t\t\t\t<\/div> \n\t\t\t\n\t\t\t\t<div id=\"ngg-image-3\" class=\"ngg-gallery-thumbnail-box ngg-3-columns\" >\n\t\t\t\t        <div class=\"ngg-gallery-thumbnail\">\n            <a href=\"https:\/\/seidel-props.de\/wp-content\/gallery\/kerzenstaender-rund\/Kerzenstaender-Rund-4.JPG\"\n               title=\"\"\n               data-src=\"https:\/\/seidel-props.de\/wp-content\/gallery\/kerzenstaender-rund\/Kerzenstaender-Rund-4.JPG\"\n               data-thumbnail=\"https:\/\/seidel-props.de\/wp-content\/gallery\/kerzenstaender-rund\/thumbs\/thumbs_Kerzenstaender-Rund-4.JPG\"\n               data-image-id=\"719\"\n               data-title=\"Kerzenstaender-Rund-4\"\n               data-description=\"\"\n               data-image-slug=\"kerzenstaender-rund-4\"\n               class=\"ngg-simplelightbox\" rel=\"7387a3d0a0123b204c29e80cf159268a\">\n                <img\n                    title=\"Kerzenstaender-Rund-4\"\n                    alt=\"Kerzenstaender-Rund-4\"\n                    src=\"https:\/\/seidel-props.de\/wp-content\/gallery\/kerzenstaender-rund\/cache\/Kerzenstaender-Rund-4.JPG-nggid03719-ngg0dyn-450x300x100-00f0w010c011r110f110r010t010.JPG\"\n                    width=\"450\"\n                    height=\"300\"\n                    style=\"max-width:100%;\"\n                \/>\n            <\/a>\n        <\/div>\n\t\t\t\t\t\t\t<\/div> \n\t\t\t\n\t\n\t<br style=\"clear: both\" \/>\n\n\t\n\t\t<!-- Pagination -->\n\t<div class='ngg-clear'><\/div>\t<\/div>\n\n\n\n\n<p>Vergr\u00f6\u00dferte Ansichten sehen Sie, wenn Sie auf ein Bild klicken.<\/p>\n","protected":false},"excerpt":{"rendered":"<p>Kerzenst\u00e4nder Rund Diese Kerzenst\u00e4nder sind die einfachsten, aber deshalb nicht weniger reizvoll. Gefertigt aus entsprechend dicken \u00c4sten der Fichte oder&hellip;<\/p>\n","protected":false},"author":1,"featured_media":0,"parent":0,"menu_order":0,"comment_status":"closed","ping_status":"closed","template":"","meta":{"ngg_post_thumbnail":0,"footnotes":""},"class_list":["post-1519","page","type-page","status-publish","hentry"],"translation":{"provider":"WPGlobus","version":"2.10.0","language":"en","enabled_languages":["de","en"],"languages":{"de":{"title":true,"content":true,"excerpt":false},"en":{"title":false,"content":false,"excerpt":false}}},"_links":{"self":[{"href":"https:\/\/seidel-props.de\/en\/wp-json\/wp\/v2\/pages\/1519","targetHints":{"allow":["GET"]}}],"collection":[{"href":"https:\/\/seidel-props.de\/en\/wp-json\/wp\/v2\/pages"}],"about":[{"href":"https:\/\/seidel-props.de\/en\/wp-json\/wp\/v2\/types\/page"}],"author":[{"embeddable":true,"href":"https:\/\/seidel-props.de\/en\/wp-json\/wp\/v2\/users\/1"}],"replies":[{"embeddable":true,"href":"https:\/\/seidel-props.de\/en\/wp-json\/wp\/v2\/comments?post=1519"}],"version-history":[{"count":6,"href":"https:\/\/seidel-props.de\/en\/wp-json\/wp\/v2\/pages\/1519\/revisions"}],"predecessor-version":[{"id":2003,"href":"https:\/\/seidel-props.de\/en\/wp-json\/wp\/v2\/pages\/1519\/revisions\/2003"}],"wp:attachment":[{"href":"https:\/\/seidel-props.de\/en\/wp-json\/wp\/v2\/media?parent=1519"}],"curies":[{"name":"wp","href":"https:\/\/api.w.org\/{rel}","templated":true}]}}