{"id":1607,"date":"2020-11-13T15:41:56","date_gmt":"2020-11-13T14:41:56","guid":{"rendered":"https:\/\/seidel-props.de\/?page_id=1607"},"modified":"2021-07-17T23:25:09","modified_gmt":"2021-07-17T21:25:09","slug":"untersetzer","status":"publish","type":"page","link":"https:\/\/seidel-props.de\/en\/untersetzer\/","title":{"rendered":"Untersetzer"},"content":{"rendered":"\n<p><strong>Untersetzer<\/strong><\/p>\n\n\n\n<p>Aus Holz gefr\u00e4ste flache Gegenst\u00e4nde eignen sich recht gut, um einen Schutz der Tischoberfl\u00e4che oder Tischdecke vor einem hei\u00dfen Gegenstand wie Pfannen oder T\u00f6pfe zu sch\u00fctzen. Ebenso scheint es einem Wasserkrug oder einer Saftflasche ein besonderes Anliegen zu sein, sich f\u00fcr immer in einer Tischplatte durch einen m\u00e4\u00dfig h\u00fcbschen Ring zu verewigen.<\/p>\n\n\n\n<p>An Weihnachten werden zwar viele W\u00fcnsche erf\u00fcllt, aber manche eben auch nicht.<\/p>\n\n\n\n<p>Deshalb haben wir bereits unterschiedliche Arten von Untersetzern gemacht, die sich wie untenstehend pr\u00e4sentieren:<\/p>\n\n\n\n<div class=\"wp-block-image\"><figure class=\"alignleft size-large is-resized\"><a href=\"https:\/\/seidel-props.de\/untersetzer-stern\/\"><img loading=\"lazy\" decoding=\"async\" src=\"https:\/\/seidel-props.de\/wp-content\/uploads\/2020\/11\/Untersetzer-Stern-3-1024x768.jpg\" alt=\"\" class=\"wp-image-1609\" width=\"335\" height=\"250\" srcset=\"https:\/\/seidel-props.de\/wp-content\/uploads\/2020\/11\/Untersetzer-Stern-3-1024x768.jpg 1024w, https:\/\/seidel-props.de\/wp-content\/uploads\/2020\/11\/Untersetzer-Stern-3-300x225.jpg 300w, https:\/\/seidel-props.de\/wp-content\/uploads\/2020\/11\/Untersetzer-Stern-3-768x576.jpg 768w, https:\/\/seidel-props.de\/wp-content\/uploads\/2020\/11\/Untersetzer-Stern-3-1536x1152.jpg 1536w, https:\/\/seidel-props.de\/wp-content\/uploads\/2020\/11\/Untersetzer-Stern-3-2048x1536.jpg 2048w, https:\/\/seidel-props.de\/wp-content\/uploads\/2020\/11\/Untersetzer-Stern-3-1600x1200.jpg 1600w\" sizes=\"auto, (max-width: 335px) 100vw, 335px\" \/><\/a><figcaption><a href=\"https:\/\/seidel-props.de\/untersetzer-stern\/\" data-type=\"URL\" data-id=\"https:\/\/seidel-props.de\/untersetzer-stern\/\">Untersetzer Stern<\/a><\/figcaption><\/figure><\/div>\n\n\n\n<div class=\"wp-block-image\"><figure class=\"alignright size-large is-resized\"><a href=\"https:\/\/seidel-props.de\/untersetzer-echsen\/\"><img loading=\"lazy\" decoding=\"async\" src=\"https:\/\/seidel-props.de\/wp-content\/uploads\/2020\/11\/Untersetzer-Echse-4-1024x768.jpg\" alt=\"\" class=\"wp-image-1610\" width=\"335\" height=\"250\" srcset=\"https:\/\/seidel-props.de\/wp-content\/uploads\/2020\/11\/Untersetzer-Echse-4-1024x768.jpg 1024w, https:\/\/seidel-props.de\/wp-content\/uploads\/2020\/11\/Untersetzer-Echse-4-300x225.jpg 300w, https:\/\/seidel-props.de\/wp-content\/uploads\/2020\/11\/Untersetzer-Echse-4-768x576.jpg 768w, https:\/\/seidel-props.de\/wp-content\/uploads\/2020\/11\/Untersetzer-Echse-4-1536x1152.jpg 1536w, https:\/\/seidel-props.de\/wp-content\/uploads\/2020\/11\/Untersetzer-Echse-4-2048x1536.jpg 2048w, https:\/\/seidel-props.de\/wp-content\/uploads\/2020\/11\/Untersetzer-Echse-4-1600x1200.jpg 1600w\" sizes=\"auto, (max-width: 335px) 100vw, 335px\" \/><\/a><figcaption><a href=\"https:\/\/seidel-props.de\/untersetzer-echsen\/\" data-type=\"URL\" data-id=\"https:\/\/seidel-props.de\/untersetzer-echsen\/\">Untersetzer Echsen<\/a><\/figcaption><\/figure><\/div>\n\n\n\n<p><\/p>\n","protected":false},"excerpt":{"rendered":"<p>Untersetzer Aus Holz gefr\u00e4ste flache Gegenst\u00e4nde eignen sich recht gut, um einen Schutz der Tischoberfl\u00e4che oder Tischdecke vor einem hei\u00dfen&hellip;<\/p>\n","protected":false},"author":1,"featured_media":0,"parent":0,"menu_order":0,"comment_status":"closed","ping_status":"closed","template":"","meta":{"ngg_post_thumbnail":0,"footnotes":""},"class_list":["post-1607","page","type-page","status-publish","hentry"],"translation":{"provider":"WPGlobus","version":"2.10.0","language":"en","enabled_languages":["de","en"],"languages":{"de":{"title":true,"content":true,"excerpt":false},"en":{"title":false,"content":false,"excerpt":false}}},"_links":{"self":[{"href":"https:\/\/seidel-props.de\/en\/wp-json\/wp\/v2\/pages\/1607","targetHints":{"allow":["GET"]}}],"collection":[{"href":"https:\/\/seidel-props.de\/en\/wp-json\/wp\/v2\/pages"}],"about":[{"href":"https:\/\/seidel-props.de\/en\/wp-json\/wp\/v2\/types\/page"}],"author":[{"embeddable":true,"href":"https:\/\/seidel-props.de\/en\/wp-json\/wp\/v2\/users\/1"}],"replies":[{"embeddable":true,"href":"https:\/\/seidel-props.de\/en\/wp-json\/wp\/v2\/comments?post=1607"}],"version-history":[{"count":6,"href":"https:\/\/seidel-props.de\/en\/wp-json\/wp\/v2\/pages\/1607\/revisions"}],"predecessor-version":[{"id":1681,"href":"https:\/\/seidel-props.de\/en\/wp-json\/wp\/v2\/pages\/1607\/revisions\/1681"}],"wp:attachment":[{"href":"https:\/\/seidel-props.de\/en\/wp-json\/wp\/v2\/media?parent=1607"}],"curies":[{"name":"wp","href":"https:\/\/api.w.org\/{rel}","templated":true}]}}