{"id":1629,"date":"2020-11-13T16:34:51","date_gmt":"2020-11-13T15:34:51","guid":{"rendered":"https:\/\/seidel-props.de\/?page_id=1629"},"modified":"2020-11-13T16:37:21","modified_gmt":"2020-11-13T15:37:21","slug":"untersetzer-echsen","status":"publish","type":"page","link":"https:\/\/seidel-props.de\/en\/untersetzer-echsen\/","title":{"rendered":"Untersetzer Echsen"},"content":{"rendered":"\n<p><strong>Untersetzer Echsen<\/strong><\/p>\n\n\n\n<p>Inspiriert von M.C.Escher, der ein begnadeter K\u00fcnstler im Bereich der unm\u00f6glichen Geometrien war, sind die urspr\u00fcnglich als Puzzle gedachten Untersetzer-Echsen entstanden. In wirklich perfekter Art und Weise greifen die Umrisser der Echsen ineinander.<\/p>\n\n\n\n<p>Die Echsen wurden aus Multiplexplatten gefr\u00e4st, oben und unten mit den Konturen von Augen und Wirbels\u00e4ule graviert und schlie\u00dflich mit hochwertigem \u00d6l eingelassen.<\/p>\n\n\n\n<p>Beim Herstellen sind mehrere Echsen parallel nebeneinander angeordnet. Die auf den Fotos sichtbaren unterschiedlichen F\u00e4rbungen entstehen rein durch die winkelabh\u00e4ngige Reflexion der Holzfasern.<\/p>\n\n\n\n<p>Mehrere davon laden zum Puzzeln ein. Auch wenn es nicht so scheint, aber die Echsen passen nahtlos zusammen! Probieren Sie&#8217;s aus!<\/p>\n\n\n\n<!-- default-view.php -->\n<div\n\tclass=\"ngg-galleryoverview default-view \"\n\tid=\"ngg-gallery-9ab5a196361522bd9a815d24ecb82dd7-1\">\n\n\t\t<!-- Thumbnails -->\n\t\t\t\t<div id=\"ngg-image-0\" class=\"ngg-gallery-thumbnail-box ngg-3-columns\" >\n\t\t\t\t        <div class=\"ngg-gallery-thumbnail\">\n            <a href=\"https:\/\/seidel-props.de\/wp-content\/gallery\/untersetzer-echse\/Untersetzer-Echse-1.JPG\"\n               title=\"\"\n               data-src=\"https:\/\/seidel-props.de\/wp-content\/gallery\/untersetzer-echse\/Untersetzer-Echse-1.JPG\"\n               data-thumbnail=\"https:\/\/seidel-props.de\/wp-content\/gallery\/untersetzer-echse\/thumbs\/thumbs_Untersetzer-Echse-1.JPG\"\n               data-image-id=\"742\"\n               data-title=\"Untersetzer-Echse-1\"\n               data-description=\"\"\n               data-image-slug=\"untersetzer-echse-1\"\n               class=\"ngg-simplelightbox\" rel=\"9ab5a196361522bd9a815d24ecb82dd7\">\n                <img\n                    title=\"Untersetzer-Echse-1\"\n                    alt=\"Untersetzer-Echse-1\"\n                    src=\"https:\/\/seidel-props.de\/wp-content\/gallery\/untersetzer-echse\/cache\/Untersetzer-Echse-1.JPG-nggid03742-ngg0dyn-450x300x100-00f0w010c011r110f110r010t010.JPG\"\n                    width=\"450\"\n                    height=\"300\"\n                    style=\"max-width:100%;\"\n                \/>\n            <\/a>\n        <\/div>\n\t\t\t\t\t\t\t<\/div> \n\t\t\t\n\t\t\t\t<div id=\"ngg-image-1\" class=\"ngg-gallery-thumbnail-box ngg-3-columns\" >\n\t\t\t\t        <div class=\"ngg-gallery-thumbnail\">\n            <a href=\"https:\/\/seidel-props.de\/wp-content\/gallery\/untersetzer-echse\/Untersetzer-Echse-2.JPG\"\n               title=\"\"\n               data-src=\"https:\/\/seidel-props.de\/wp-content\/gallery\/untersetzer-echse\/Untersetzer-Echse-2.JPG\"\n               data-thumbnail=\"https:\/\/seidel-props.de\/wp-content\/gallery\/untersetzer-echse\/thumbs\/thumbs_Untersetzer-Echse-2.JPG\"\n               data-image-id=\"743\"\n               data-title=\"Untersetzer-Echse-2\"\n               data-description=\"\"\n               data-image-slug=\"untersetzer-echse-2\"\n               class=\"ngg-simplelightbox\" rel=\"9ab5a196361522bd9a815d24ecb82dd7\">\n                <img\n                    title=\"Untersetzer-Echse-2\"\n                    alt=\"Untersetzer-Echse-2\"\n                    src=\"https:\/\/seidel-props.de\/wp-content\/gallery\/untersetzer-echse\/cache\/Untersetzer-Echse-2.JPG-nggid03743-ngg0dyn-450x300x100-00f0w010c011r110f110r010t010.JPG\"\n                    width=\"450\"\n                    height=\"300\"\n                    style=\"max-width:100%;\"\n                \/>\n            <\/a>\n        <\/div>\n\t\t\t\t\t\t\t<\/div> \n\t\t\t\n\t\t\t\t<div id=\"ngg-image-2\" class=\"ngg-gallery-thumbnail-box ngg-3-columns\" >\n\t\t\t\t        <div class=\"ngg-gallery-thumbnail\">\n            <a href=\"https:\/\/seidel-props.de\/wp-content\/gallery\/untersetzer-echse\/Untersetzer-Echse-3.JPG\"\n               title=\"\"\n               data-src=\"https:\/\/seidel-props.de\/wp-content\/gallery\/untersetzer-echse\/Untersetzer-Echse-3.JPG\"\n               data-thumbnail=\"https:\/\/seidel-props.de\/wp-content\/gallery\/untersetzer-echse\/thumbs\/thumbs_Untersetzer-Echse-3.JPG\"\n               data-image-id=\"744\"\n               data-title=\"Untersetzer-Echse-3\"\n               data-description=\"\"\n               data-image-slug=\"untersetzer-echse-3\"\n               class=\"ngg-simplelightbox\" rel=\"9ab5a196361522bd9a815d24ecb82dd7\">\n                <img\n                    title=\"Untersetzer-Echse-3\"\n                    alt=\"Untersetzer-Echse-3\"\n                    src=\"https:\/\/seidel-props.de\/wp-content\/gallery\/untersetzer-echse\/cache\/Untersetzer-Echse-3.JPG-nggid03744-ngg0dyn-450x300x100-00f0w010c011r110f110r010t010.JPG\"\n                    width=\"450\"\n                    height=\"300\"\n                    style=\"max-width:100%;\"\n                \/>\n            <\/a>\n        <\/div>\n\t\t\t\t\t\t\t<\/div> \n\t\t\t\n\t\t\t\t<div id=\"ngg-image-3\" class=\"ngg-gallery-thumbnail-box ngg-3-columns\" >\n\t\t\t\t        <div class=\"ngg-gallery-thumbnail\">\n            <a href=\"https:\/\/seidel-props.de\/wp-content\/gallery\/untersetzer-echse\/Untersetzer-Echse-4.JPG\"\n               title=\"\"\n               data-src=\"https:\/\/seidel-props.de\/wp-content\/gallery\/untersetzer-echse\/Untersetzer-Echse-4.JPG\"\n               data-thumbnail=\"https:\/\/seidel-props.de\/wp-content\/gallery\/untersetzer-echse\/thumbs\/thumbs_Untersetzer-Echse-4.JPG\"\n               data-image-id=\"745\"\n               data-title=\"Untersetzer-Echse-4\"\n               data-description=\"\"\n               data-image-slug=\"untersetzer-echse-4\"\n               class=\"ngg-simplelightbox\" rel=\"9ab5a196361522bd9a815d24ecb82dd7\">\n                <img\n                    title=\"Untersetzer-Echse-4\"\n                    alt=\"Untersetzer-Echse-4\"\n                    src=\"https:\/\/seidel-props.de\/wp-content\/gallery\/untersetzer-echse\/cache\/Untersetzer-Echse-4.JPG-nggid03745-ngg0dyn-450x300x100-00f0w010c011r110f110r010t010.JPG\"\n                    width=\"450\"\n                    height=\"300\"\n                    style=\"max-width:100%;\"\n                \/>\n            <\/a>\n        <\/div>\n\t\t\t\t\t\t\t<\/div> \n\t\t\t\n\t\t\t\t<div id=\"ngg-image-4\" class=\"ngg-gallery-thumbnail-box ngg-3-columns\" >\n\t\t\t\t        <div class=\"ngg-gallery-thumbnail\">\n            <a href=\"https:\/\/seidel-props.de\/wp-content\/gallery\/untersetzer-echse\/Untersetzer-Echse-5.JPG\"\n               title=\"\"\n               data-src=\"https:\/\/seidel-props.de\/wp-content\/gallery\/untersetzer-echse\/Untersetzer-Echse-5.JPG\"\n               data-thumbnail=\"https:\/\/seidel-props.de\/wp-content\/gallery\/untersetzer-echse\/thumbs\/thumbs_Untersetzer-Echse-5.JPG\"\n               data-image-id=\"746\"\n               data-title=\"Untersetzer-Echse-5\"\n               data-description=\"\"\n               data-image-slug=\"untersetzer-echse-5\"\n               class=\"ngg-simplelightbox\" rel=\"9ab5a196361522bd9a815d24ecb82dd7\">\n                <img\n                    title=\"Untersetzer-Echse-5\"\n                    alt=\"Untersetzer-Echse-5\"\n                    src=\"https:\/\/seidel-props.de\/wp-content\/gallery\/untersetzer-echse\/cache\/Untersetzer-Echse-5.JPG-nggid03746-ngg0dyn-450x300x100-00f0w010c011r110f110r010t010.JPG\"\n                    width=\"450\"\n                    height=\"300\"\n                    style=\"max-width:100%;\"\n                \/>\n            <\/a>\n        <\/div>\n\t\t\t\t\t\t\t<\/div> \n\t\t\t\n\t\t\t\t<div id=\"ngg-image-5\" class=\"ngg-gallery-thumbnail-box ngg-3-columns\" >\n\t\t\t\t        <div class=\"ngg-gallery-thumbnail\">\n            <a href=\"https:\/\/seidel-props.de\/wp-content\/gallery\/untersetzer-echse\/Untersetzer-Echse-6.JPG\"\n               title=\"\"\n               data-src=\"https:\/\/seidel-props.de\/wp-content\/gallery\/untersetzer-echse\/Untersetzer-Echse-6.JPG\"\n               data-thumbnail=\"https:\/\/seidel-props.de\/wp-content\/gallery\/untersetzer-echse\/thumbs\/thumbs_Untersetzer-Echse-6.JPG\"\n               data-image-id=\"747\"\n               data-title=\"Untersetzer-Echse-6\"\n               data-description=\"\"\n               data-image-slug=\"untersetzer-echse-6\"\n               class=\"ngg-simplelightbox\" rel=\"9ab5a196361522bd9a815d24ecb82dd7\">\n                <img\n                    title=\"Untersetzer-Echse-6\"\n                    alt=\"Untersetzer-Echse-6\"\n                    src=\"https:\/\/seidel-props.de\/wp-content\/gallery\/untersetzer-echse\/cache\/Untersetzer-Echse-6.JPG-nggid03747-ngg0dyn-450x300x100-00f0w010c011r110f110r010t010.JPG\"\n                    width=\"450\"\n                    height=\"300\"\n                    style=\"max-width:100%;\"\n                \/>\n            <\/a>\n        <\/div>\n\t\t\t\t\t\t\t<\/div> \n\t\t\t\n\t\t\t\t<div id=\"ngg-image-6\" class=\"ngg-gallery-thumbnail-box ngg-3-columns\" >\n\t\t\t\t        <div class=\"ngg-gallery-thumbnail\">\n            <a href=\"https:\/\/seidel-props.de\/wp-content\/gallery\/untersetzer-echse\/Untersetzer-Echse-7.JPG\"\n               title=\"\"\n               data-src=\"https:\/\/seidel-props.de\/wp-content\/gallery\/untersetzer-echse\/Untersetzer-Echse-7.JPG\"\n               data-thumbnail=\"https:\/\/seidel-props.de\/wp-content\/gallery\/untersetzer-echse\/thumbs\/thumbs_Untersetzer-Echse-7.JPG\"\n               data-image-id=\"748\"\n               data-title=\"Untersetzer-Echse-7\"\n               data-description=\"\"\n               data-image-slug=\"untersetzer-echse-7\"\n               class=\"ngg-simplelightbox\" rel=\"9ab5a196361522bd9a815d24ecb82dd7\">\n                <img\n                    title=\"Untersetzer-Echse-7\"\n                    alt=\"Untersetzer-Echse-7\"\n                    src=\"https:\/\/seidel-props.de\/wp-content\/gallery\/untersetzer-echse\/cache\/Untersetzer-Echse-7.JPG-nggid03748-ngg0dyn-450x300x100-00f0w010c011r110f110r010t010.JPG\"\n                    width=\"450\"\n                    height=\"300\"\n                    style=\"max-width:100%;\"\n                \/>\n            <\/a>\n        <\/div>\n\t\t\t\t\t\t\t<\/div> \n\t\t\t\n\t\t\t\t<div id=\"ngg-image-7\" class=\"ngg-gallery-thumbnail-box ngg-3-columns\" >\n\t\t\t\t        <div class=\"ngg-gallery-thumbnail\">\n            <a href=\"https:\/\/seidel-props.de\/wp-content\/gallery\/untersetzer-echse\/Untersetzer-Echse-8.JPG\"\n               title=\"\"\n               data-src=\"https:\/\/seidel-props.de\/wp-content\/gallery\/untersetzer-echse\/Untersetzer-Echse-8.JPG\"\n               data-thumbnail=\"https:\/\/seidel-props.de\/wp-content\/gallery\/untersetzer-echse\/thumbs\/thumbs_Untersetzer-Echse-8.JPG\"\n               data-image-id=\"749\"\n               data-title=\"Untersetzer-Echse-8\"\n               data-description=\"\"\n               data-image-slug=\"untersetzer-echse-8\"\n               class=\"ngg-simplelightbox\" rel=\"9ab5a196361522bd9a815d24ecb82dd7\">\n                <img\n                    title=\"Untersetzer-Echse-8\"\n                    alt=\"Untersetzer-Echse-8\"\n                    src=\"https:\/\/seidel-props.de\/wp-content\/gallery\/untersetzer-echse\/cache\/Untersetzer-Echse-8.JPG-nggid03749-ngg0dyn-450x300x100-00f0w010c011r110f110r010t010.JPG\"\n                    width=\"450\"\n                    height=\"300\"\n                    style=\"max-width:100%;\"\n                \/>\n            <\/a>\n        <\/div>\n\t\t\t\t\t\t\t<\/div> \n\t\t\t\n\t\n\t<br style=\"clear: both\" \/>\n\n\t\n\t\t<!-- Pagination -->\n\t<div class='ngg-clear'><\/div>\t<\/div>\n\n\n\n\n<p><\/p>\n\n\n\n<p>Bitte einfach die Bilder anklicken, um sie zu vergr\u00f6\u00dfern.<\/p>\n","protected":false},"excerpt":{"rendered":"<p>Untersetzer Echsen Inspiriert von M.C.Escher, der ein begnadeter K\u00fcnstler im Bereich der unm\u00f6glichen Geometrien war, sind die urspr\u00fcnglich als Puzzle&hellip;<\/p>\n","protected":false},"author":1,"featured_media":0,"parent":0,"menu_order":0,"comment_status":"closed","ping_status":"closed","template":"","meta":{"ngg_post_thumbnail":0,"footnotes":""},"class_list":["post-1629","page","type-page","status-publish","hentry"],"translation":{"provider":"WPGlobus","version":"2.10.0","language":"en","enabled_languages":["de","en"],"languages":{"de":{"title":true,"content":true,"excerpt":false},"en":{"title":false,"content":false,"excerpt":false}}},"_links":{"self":[{"href":"https:\/\/seidel-props.de\/en\/wp-json\/wp\/v2\/pages\/1629","targetHints":{"allow":["GET"]}}],"collection":[{"href":"https:\/\/seidel-props.de\/en\/wp-json\/wp\/v2\/pages"}],"about":[{"href":"https:\/\/seidel-props.de\/en\/wp-json\/wp\/v2\/types\/page"}],"author":[{"embeddable":true,"href":"https:\/\/seidel-props.de\/en\/wp-json\/wp\/v2\/users\/1"}],"replies":[{"embeddable":true,"href":"https:\/\/seidel-props.de\/en\/wp-json\/wp\/v2\/comments?post=1629"}],"version-history":[{"count":2,"href":"https:\/\/seidel-props.de\/en\/wp-json\/wp\/v2\/pages\/1629\/revisions"}],"predecessor-version":[{"id":1631,"href":"https:\/\/seidel-props.de\/en\/wp-json\/wp\/v2\/pages\/1629\/revisions\/1631"}],"wp:attachment":[{"href":"https:\/\/seidel-props.de\/en\/wp-json\/wp\/v2\/media?parent=1629"}],"curies":[{"name":"wp","href":"https:\/\/api.w.org\/{rel}","templated":true}]}}