{"id":1633,"date":"2020-11-13T16:49:08","date_gmt":"2020-11-13T15:49:08","guid":{"rendered":"https:\/\/seidel-props.de\/?page_id=1633"},"modified":"2020-11-13T16:52:54","modified_gmt":"2020-11-13T15:52:54","slug":"untersetzer-stern","status":"publish","type":"page","link":"https:\/\/seidel-props.de\/en\/untersetzer-stern\/","title":{"rendered":"Untersetzer Stern"},"content":{"rendered":"\n<p><strong>Untersetzer Stern<\/strong><\/p>\n\n\n\n<p>Die Stern-Untersetzer sind wieder aus einer Baumscheibe, in diesem Falle Kirschholz, gefr\u00e4st. Die Sterne sind nicht eben, sondern haben eine flache Struktur in der H\u00f6he. <\/p>\n\n\n\n<p>Die Gravur wurde teils mit einem zylindrischen, teils mit einem spitzen Fr\u00e4ser ausgef\u00fchrt. Dadurch ergibt sich mehr oder weniger markanter Eindruck. Selbstverst\u00e4ndlich ist es m\u00f6glich, oben und unten verschiedene Arten von Gravuren einzubringen. Somit k\u00f6nnen Sie Ihren Untersetzer nach Lust und Laune variabel platzieren.<\/p>\n\n\n\n<p>Der Stern kann entweder nur mittig oder auch komplett vollfl\u00e4chig eingefr\u00e4st werden.<\/p>\n\n\n\n<!-- default-view.php -->\n<div\n\tclass=\"ngg-galleryoverview default-view \"\n\tid=\"ngg-gallery-2789a60420f06368740f45471a7b3065-1\">\n\n\t\t<!-- Thumbnails -->\n\t\t\t\t<div id=\"ngg-image-0\" class=\"ngg-gallery-thumbnail-box ngg-3-columns\" >\n\t\t\t\t        <div class=\"ngg-gallery-thumbnail\">\n            <a href=\"https:\/\/seidel-props.de\/wp-content\/gallery\/untersetzer-stern\/Untersetzer-Stern-1.JPG\"\n               title=\"\"\n               data-src=\"https:\/\/seidel-props.de\/wp-content\/gallery\/untersetzer-stern\/Untersetzer-Stern-1.JPG\"\n               data-thumbnail=\"https:\/\/seidel-props.de\/wp-content\/gallery\/untersetzer-stern\/thumbs\/thumbs_Untersetzer-Stern-1.JPG\"\n               data-image-id=\"750\"\n               data-title=\"Untersetzer-Stern-1\"\n               data-description=\"\"\n               data-image-slug=\"untersetzer-stern-1\"\n               class=\"ngg-simplelightbox\" rel=\"2789a60420f06368740f45471a7b3065\">\n                <img\n                    title=\"Untersetzer-Stern-1\"\n                    alt=\"Untersetzer-Stern-1\"\n                    src=\"https:\/\/seidel-props.de\/wp-content\/gallery\/untersetzer-stern\/cache\/Untersetzer-Stern-1.JPG-nggid03750-ngg0dyn-450x300x100-00f0w010c011r110f110r010t010.JPG\"\n                    width=\"450\"\n                    height=\"300\"\n                    style=\"max-width:100%;\"\n                \/>\n            <\/a>\n        <\/div>\n\t\t\t\t\t\t\t<\/div> \n\t\t\t\n\t\t\t\t<div id=\"ngg-image-1\" class=\"ngg-gallery-thumbnail-box ngg-3-columns\" >\n\t\t\t\t        <div class=\"ngg-gallery-thumbnail\">\n            <a href=\"https:\/\/seidel-props.de\/wp-content\/gallery\/untersetzer-stern\/Untersetzer-Stern-2.JPG\"\n               title=\"\"\n               data-src=\"https:\/\/seidel-props.de\/wp-content\/gallery\/untersetzer-stern\/Untersetzer-Stern-2.JPG\"\n               data-thumbnail=\"https:\/\/seidel-props.de\/wp-content\/gallery\/untersetzer-stern\/thumbs\/thumbs_Untersetzer-Stern-2.JPG\"\n               data-image-id=\"751\"\n               data-title=\"Untersetzer-Stern-2\"\n               data-description=\"\"\n               data-image-slug=\"untersetzer-stern-2\"\n               class=\"ngg-simplelightbox\" rel=\"2789a60420f06368740f45471a7b3065\">\n                <img\n                    title=\"Untersetzer-Stern-2\"\n                    alt=\"Untersetzer-Stern-2\"\n                    src=\"https:\/\/seidel-props.de\/wp-content\/gallery\/untersetzer-stern\/cache\/Untersetzer-Stern-2.JPG-nggid03751-ngg0dyn-450x300x100-00f0w010c011r110f110r010t010.JPG\"\n                    width=\"450\"\n                    height=\"300\"\n                    style=\"max-width:100%;\"\n                \/>\n            <\/a>\n        <\/div>\n\t\t\t\t\t\t\t<\/div> \n\t\t\t\n\t\t\t\t<div id=\"ngg-image-2\" class=\"ngg-gallery-thumbnail-box ngg-3-columns\" >\n\t\t\t\t        <div class=\"ngg-gallery-thumbnail\">\n            <a href=\"https:\/\/seidel-props.de\/wp-content\/gallery\/untersetzer-stern\/Untersetzer-Stern-3.JPG\"\n               title=\"\"\n               data-src=\"https:\/\/seidel-props.de\/wp-content\/gallery\/untersetzer-stern\/Untersetzer-Stern-3.JPG\"\n               data-thumbnail=\"https:\/\/seidel-props.de\/wp-content\/gallery\/untersetzer-stern\/thumbs\/thumbs_Untersetzer-Stern-3.JPG\"\n               data-image-id=\"752\"\n               data-title=\"Untersetzer-Stern-3\"\n               data-description=\"\"\n               data-image-slug=\"untersetzer-stern-3\"\n               class=\"ngg-simplelightbox\" rel=\"2789a60420f06368740f45471a7b3065\">\n                <img\n                    title=\"Untersetzer-Stern-3\"\n                    alt=\"Untersetzer-Stern-3\"\n                    src=\"https:\/\/seidel-props.de\/wp-content\/gallery\/untersetzer-stern\/cache\/Untersetzer-Stern-3.JPG-nggid03752-ngg0dyn-450x300x100-00f0w010c011r110f110r010t010.JPG\"\n                    width=\"450\"\n                    height=\"300\"\n                    style=\"max-width:100%;\"\n                \/>\n            <\/a>\n        <\/div>\n\t\t\t\t\t\t\t<\/div> \n\t\t\t\n\t\t\t\t<div id=\"ngg-image-3\" class=\"ngg-gallery-thumbnail-box ngg-3-columns\" >\n\t\t\t\t        <div class=\"ngg-gallery-thumbnail\">\n            <a href=\"https:\/\/seidel-props.de\/wp-content\/gallery\/untersetzer-stern\/Untersetzer-Stern-4.JPG\"\n               title=\"\"\n               data-src=\"https:\/\/seidel-props.de\/wp-content\/gallery\/untersetzer-stern\/Untersetzer-Stern-4.JPG\"\n               data-thumbnail=\"https:\/\/seidel-props.de\/wp-content\/gallery\/untersetzer-stern\/thumbs\/thumbs_Untersetzer-Stern-4.JPG\"\n               data-image-id=\"753\"\n               data-title=\"Untersetzer-Stern-4\"\n               data-description=\"\"\n               data-image-slug=\"untersetzer-stern-4\"\n               class=\"ngg-simplelightbox\" rel=\"2789a60420f06368740f45471a7b3065\">\n                <img\n                    title=\"Untersetzer-Stern-4\"\n                    alt=\"Untersetzer-Stern-4\"\n                    src=\"https:\/\/seidel-props.de\/wp-content\/gallery\/untersetzer-stern\/cache\/Untersetzer-Stern-4.JPG-nggid03753-ngg0dyn-450x300x100-00f0w010c011r110f110r010t010.JPG\"\n                    width=\"450\"\n                    height=\"300\"\n                    style=\"max-width:100%;\"\n                \/>\n            <\/a>\n        <\/div>\n\t\t\t\t\t\t\t<\/div> \n\t\t\t\n\t\t\t\t<div id=\"ngg-image-4\" class=\"ngg-gallery-thumbnail-box ngg-3-columns\" >\n\t\t\t\t        <div class=\"ngg-gallery-thumbnail\">\n            <a href=\"https:\/\/seidel-props.de\/wp-content\/gallery\/untersetzer-stern\/Untersetzer-Stern-5.JPG\"\n               title=\"\"\n               data-src=\"https:\/\/seidel-props.de\/wp-content\/gallery\/untersetzer-stern\/Untersetzer-Stern-5.JPG\"\n               data-thumbnail=\"https:\/\/seidel-props.de\/wp-content\/gallery\/untersetzer-stern\/thumbs\/thumbs_Untersetzer-Stern-5.JPG\"\n               data-image-id=\"754\"\n               data-title=\"Untersetzer-Stern-5\"\n               data-description=\"\"\n               data-image-slug=\"untersetzer-stern-5\"\n               class=\"ngg-simplelightbox\" rel=\"2789a60420f06368740f45471a7b3065\">\n                <img\n                    title=\"Untersetzer-Stern-5\"\n                    alt=\"Untersetzer-Stern-5\"\n                    src=\"https:\/\/seidel-props.de\/wp-content\/gallery\/untersetzer-stern\/cache\/Untersetzer-Stern-5.JPG-nggid03754-ngg0dyn-450x300x100-00f0w010c011r110f110r010t010.JPG\"\n                    width=\"450\"\n                    height=\"300\"\n                    style=\"max-width:100%;\"\n                \/>\n            <\/a>\n        <\/div>\n\t\t\t\t\t\t\t<\/div> \n\t\t\t\n\t\t\t\t<div id=\"ngg-image-5\" class=\"ngg-gallery-thumbnail-box ngg-3-columns\" >\n\t\t\t\t        <div class=\"ngg-gallery-thumbnail\">\n            <a href=\"https:\/\/seidel-props.de\/wp-content\/gallery\/untersetzer-stern\/Untersetzer-Stern-6.JPG\"\n               title=\"\"\n               data-src=\"https:\/\/seidel-props.de\/wp-content\/gallery\/untersetzer-stern\/Untersetzer-Stern-6.JPG\"\n               data-thumbnail=\"https:\/\/seidel-props.de\/wp-content\/gallery\/untersetzer-stern\/thumbs\/thumbs_Untersetzer-Stern-6.JPG\"\n               data-image-id=\"755\"\n               data-title=\"Untersetzer-Stern-6\"\n               data-description=\"\"\n               data-image-slug=\"untersetzer-stern-6\"\n               class=\"ngg-simplelightbox\" rel=\"2789a60420f06368740f45471a7b3065\">\n                <img\n                    title=\"Untersetzer-Stern-6\"\n                    alt=\"Untersetzer-Stern-6\"\n                    src=\"https:\/\/seidel-props.de\/wp-content\/gallery\/untersetzer-stern\/cache\/Untersetzer-Stern-6.JPG-nggid03755-ngg0dyn-450x300x100-00f0w010c011r110f110r010t010.JPG\"\n                    width=\"450\"\n                    height=\"300\"\n                    style=\"max-width:100%;\"\n                \/>\n            <\/a>\n        <\/div>\n\t\t\t\t\t\t\t<\/div> \n\t\t\t\n\t\n\t<br style=\"clear: both\" \/>\n\n\t\n\t\t<!-- Pagination -->\n\t<div class='ngg-clear'><\/div>\t<\/div>\n\n\n\n\n<p>Zum Vergr\u00f6\u00dfern bitte einfach anklicken.<\/p>\n\n\n\n<p>Wie bei massiven H\u00f6lzern typisch geh\u00f6rt der Riss einfach dazu!<\/p>\n\n\n\n<p>Unseren eigenen Untersetzer haben wir ohne Oberfl\u00e4chenbeschichtung belassen: Ist der Untersetzer im Laufe der Zeit durch Wasser oder \u00e4hnliches leicht fleckig, kann er einfach mit kaltem Wasser abgesp\u00fclt werden. Nach dem Trocknen ist er wieder wie neu und einsatzbereit. Aber Achtung: Ein feuchter Untersetzer kann die Tischfl\u00e4che besch\u00e4digen.<\/p>\n","protected":false},"excerpt":{"rendered":"<p>Untersetzer Stern Die Stern-Untersetzer sind wieder aus einer Baumscheibe, in diesem Falle Kirschholz, gefr\u00e4st. Die Sterne sind nicht eben, sondern&hellip;<\/p>\n","protected":false},"author":1,"featured_media":0,"parent":0,"menu_order":0,"comment_status":"closed","ping_status":"closed","template":"","meta":{"ngg_post_thumbnail":0,"footnotes":""},"class_list":["post-1633","page","type-page","status-publish","hentry"],"translation":{"provider":"WPGlobus","version":"2.10.0","language":"en","enabled_languages":["de","en"],"languages":{"de":{"title":true,"content":true,"excerpt":false},"en":{"title":false,"content":false,"excerpt":false}}},"_links":{"self":[{"href":"https:\/\/seidel-props.de\/en\/wp-json\/wp\/v2\/pages\/1633","targetHints":{"allow":["GET"]}}],"collection":[{"href":"https:\/\/seidel-props.de\/en\/wp-json\/wp\/v2\/pages"}],"about":[{"href":"https:\/\/seidel-props.de\/en\/wp-json\/wp\/v2\/types\/page"}],"author":[{"embeddable":true,"href":"https:\/\/seidel-props.de\/en\/wp-json\/wp\/v2\/users\/1"}],"replies":[{"embeddable":true,"href":"https:\/\/seidel-props.de\/en\/wp-json\/wp\/v2\/comments?post=1633"}],"version-history":[{"count":3,"href":"https:\/\/seidel-props.de\/en\/wp-json\/wp\/v2\/pages\/1633\/revisions"}],"predecessor-version":[{"id":1637,"href":"https:\/\/seidel-props.de\/en\/wp-json\/wp\/v2\/pages\/1633\/revisions\/1637"}],"wp:attachment":[{"href":"https:\/\/seidel-props.de\/en\/wp-json\/wp\/v2\/media?parent=1633"}],"curies":[{"name":"wp","href":"https:\/\/api.w.org\/{rel}","templated":true}]}}