{"id":1648,"date":"2020-11-13T17:15:43","date_gmt":"2020-11-13T16:15:43","guid":{"rendered":"https:\/\/seidel-props.de\/?page_id=1648"},"modified":"2021-07-17T23:27:32","modified_gmt":"2021-07-17T21:27:32","slug":"hausnummer","status":"publish","type":"page","link":"https:\/\/seidel-props.de\/en\/hausnummer\/","title":{"rendered":"Hausnummern"},"content":{"rendered":"\n<p><strong>Hausnummer<\/strong>n<\/p>\n\n\n\n<p>Ein einzigartiges Hausnummernschild ist immer ein passendes Geschenk: Ob zum Einzug ins neue Haus, als schon lange f\u00e4lliger Ersatz am Gartentor, f\u00fcr&#8217;s Regal oder die K\u00fchlschrankt\u00fcr oder als Mitbringsel zur Grillparty. Ein Hausnummernschild ist nicht nur beim Postzusteller willkommen.<\/p>\n\n\n\n<p>In Anlehnung an die klassischen blauwei\u00dfen Email-Hausnummernschilder k\u00f6nnen beliebige, individuelle Hausnummern- und Sta\u00dfenschilder angefertigt werden. Von rustikal bis edel wie z.B. Nussbaumholz gibt es wohl keinen Wunsch, der nicht erf\u00fcllt werden kann.<\/p>\n\n\n\n<p>Selbstredend sind Ihre pers\u00f6nlichen Schilder vollkommene Unikate und etwas ganz Besonderes.  Schon beim ersten Kontakt kann Ihr Besuch erkennen, dass in Ihrem Haus auf stilvolle Atmosph\u00e4re Wert gelegt wird.<\/p>\n\n\n\n<p>Sprechen Sie mich einfach an und wir finden gemeinsam heraus, was Ihrem Geschmack am Besten entspricht.<\/p>\n\n\n\n<!-- default-view.php -->\n<div\n\tclass=\"ngg-galleryoverview default-view \"\n\tid=\"ngg-gallery-d2d910756cbeb64fb4a6a51c08906705-1\">\n\n\t\t<!-- Thumbnails -->\n\t\t\t\t<div id=\"ngg-image-0\" class=\"ngg-gallery-thumbnail-box ngg-3-columns\" >\n\t\t\t\t        <div class=\"ngg-gallery-thumbnail\">\n            <a href=\"https:\/\/seidel-props.de\/wp-content\/gallery\/hausnummer\/Hausnummer-1.JPG\"\n               title=\"\"\n               data-src=\"https:\/\/seidel-props.de\/wp-content\/gallery\/hausnummer\/Hausnummer-1.JPG\"\n               data-thumbnail=\"https:\/\/seidel-props.de\/wp-content\/gallery\/hausnummer\/thumbs\/thumbs_Hausnummer-1.JPG\"\n               data-image-id=\"756\"\n               data-title=\"Hausnummer-1\"\n               data-description=\"\"\n               data-image-slug=\"hausnummer-1\"\n               class=\"ngg-simplelightbox\" rel=\"d2d910756cbeb64fb4a6a51c08906705\">\n                <img\n                    title=\"Hausnummer-1\"\n                    alt=\"Hausnummer-1\"\n                    src=\"https:\/\/seidel-props.de\/wp-content\/gallery\/hausnummer\/cache\/Hausnummer-1.JPG-nggid03756-ngg0dyn-450x300x100-00f0w010c011r110f110r010t010.JPG\"\n                    width=\"450\"\n                    height=\"300\"\n                    style=\"max-width:100%;\"\n                \/>\n            <\/a>\n        <\/div>\n\t\t\t\t\t\t\t<\/div> \n\t\t\t\n\t\t\t\t<div id=\"ngg-image-1\" class=\"ngg-gallery-thumbnail-box ngg-3-columns\" >\n\t\t\t\t        <div class=\"ngg-gallery-thumbnail\">\n            <a href=\"https:\/\/seidel-props.de\/wp-content\/gallery\/hausnummer\/Hausnummer-2.JPG\"\n               title=\"\"\n               data-src=\"https:\/\/seidel-props.de\/wp-content\/gallery\/hausnummer\/Hausnummer-2.JPG\"\n               data-thumbnail=\"https:\/\/seidel-props.de\/wp-content\/gallery\/hausnummer\/thumbs\/thumbs_Hausnummer-2.JPG\"\n               data-image-id=\"757\"\n               data-title=\"Hausnummer-2\"\n               data-description=\"\"\n               data-image-slug=\"hausnummer-2\"\n               class=\"ngg-simplelightbox\" rel=\"d2d910756cbeb64fb4a6a51c08906705\">\n                <img\n                    title=\"Hausnummer-2\"\n                    alt=\"Hausnummer-2\"\n                    src=\"https:\/\/seidel-props.de\/wp-content\/gallery\/hausnummer\/cache\/Hausnummer-2.JPG-nggid03757-ngg0dyn-450x300x100-00f0w010c011r110f110r010t010.JPG\"\n                    width=\"450\"\n                    height=\"300\"\n                    style=\"max-width:100%;\"\n                \/>\n            <\/a>\n        <\/div>\n\t\t\t\t\t\t\t<\/div> \n\t\t\t\n\t\t\t\t<div id=\"ngg-image-2\" class=\"ngg-gallery-thumbnail-box ngg-3-columns\" >\n\t\t\t\t        <div class=\"ngg-gallery-thumbnail\">\n            <a href=\"https:\/\/seidel-props.de\/wp-content\/gallery\/hausnummer\/Hausnummer-3.JPG\"\n               title=\"\"\n               data-src=\"https:\/\/seidel-props.de\/wp-content\/gallery\/hausnummer\/Hausnummer-3.JPG\"\n               data-thumbnail=\"https:\/\/seidel-props.de\/wp-content\/gallery\/hausnummer\/thumbs\/thumbs_Hausnummer-3.JPG\"\n               data-image-id=\"758\"\n               data-title=\"Hausnummer-3\"\n               data-description=\"\"\n               data-image-slug=\"hausnummer-3\"\n               class=\"ngg-simplelightbox\" rel=\"d2d910756cbeb64fb4a6a51c08906705\">\n                <img\n                    title=\"Hausnummer-3\"\n                    alt=\"Hausnummer-3\"\n                    src=\"https:\/\/seidel-props.de\/wp-content\/gallery\/hausnummer\/cache\/Hausnummer-3.JPG-nggid03758-ngg0dyn-450x300x100-00f0w010c011r110f110r010t010.JPG\"\n                    width=\"450\"\n                    height=\"300\"\n                    style=\"max-width:100%;\"\n                \/>\n            <\/a>\n        <\/div>\n\t\t\t\t\t\t\t<\/div> \n\t\t\t\n\t\t\t\t<div id=\"ngg-image-3\" class=\"ngg-gallery-thumbnail-box ngg-3-columns\" >\n\t\t\t\t        <div class=\"ngg-gallery-thumbnail\">\n            <a href=\"https:\/\/seidel-props.de\/wp-content\/gallery\/hausnummer\/Hausnummer-4.JPG\"\n               title=\"\"\n               data-src=\"https:\/\/seidel-props.de\/wp-content\/gallery\/hausnummer\/Hausnummer-4.JPG\"\n               data-thumbnail=\"https:\/\/seidel-props.de\/wp-content\/gallery\/hausnummer\/thumbs\/thumbs_Hausnummer-4.JPG\"\n               data-image-id=\"759\"\n               data-title=\"Hausnummer-4\"\n               data-description=\"\"\n               data-image-slug=\"hausnummer-4\"\n               class=\"ngg-simplelightbox\" rel=\"d2d910756cbeb64fb4a6a51c08906705\">\n                <img\n                    title=\"Hausnummer-4\"\n                    alt=\"Hausnummer-4\"\n                    src=\"https:\/\/seidel-props.de\/wp-content\/gallery\/hausnummer\/cache\/Hausnummer-4.JPG-nggid03759-ngg0dyn-450x300x100-00f0w010c011r110f110r010t010.JPG\"\n                    width=\"450\"\n                    height=\"300\"\n                    style=\"max-width:100%;\"\n                \/>\n            <\/a>\n        <\/div>\n\t\t\t\t\t\t\t<\/div> \n\t\t\t\n\t\t\t\t<div id=\"ngg-image-4\" class=\"ngg-gallery-thumbnail-box ngg-3-columns\" >\n\t\t\t\t        <div class=\"ngg-gallery-thumbnail\">\n            <a href=\"https:\/\/seidel-props.de\/wp-content\/gallery\/hausnummer\/Hausnummer-5.JPG\"\n               title=\"\"\n               data-src=\"https:\/\/seidel-props.de\/wp-content\/gallery\/hausnummer\/Hausnummer-5.JPG\"\n               data-thumbnail=\"https:\/\/seidel-props.de\/wp-content\/gallery\/hausnummer\/thumbs\/thumbs_Hausnummer-5.JPG\"\n               data-image-id=\"760\"\n               data-title=\"Hausnummer-5\"\n               data-description=\"\"\n               data-image-slug=\"hausnummer-5\"\n               class=\"ngg-simplelightbox\" rel=\"d2d910756cbeb64fb4a6a51c08906705\">\n                <img\n                    title=\"Hausnummer-5\"\n                    alt=\"Hausnummer-5\"\n                    src=\"https:\/\/seidel-props.de\/wp-content\/gallery\/hausnummer\/cache\/Hausnummer-5.JPG-nggid03760-ngg0dyn-450x300x100-00f0w010c011r110f110r010t010.JPG\"\n                    width=\"450\"\n                    height=\"300\"\n                    style=\"max-width:100%;\"\n                \/>\n            <\/a>\n        <\/div>\n\t\t\t\t\t\t\t<\/div> \n\t\t\t\n\t\t\t\t<div id=\"ngg-image-5\" class=\"ngg-gallery-thumbnail-box ngg-3-columns\" >\n\t\t\t\t        <div class=\"ngg-gallery-thumbnail\">\n            <a href=\"https:\/\/seidel-props.de\/wp-content\/gallery\/hausnummer\/Hausnummer-6.JPG\"\n               title=\"\"\n               data-src=\"https:\/\/seidel-props.de\/wp-content\/gallery\/hausnummer\/Hausnummer-6.JPG\"\n               data-thumbnail=\"https:\/\/seidel-props.de\/wp-content\/gallery\/hausnummer\/thumbs\/thumbs_Hausnummer-6.JPG\"\n               data-image-id=\"761\"\n               data-title=\"Hausnummer-6\"\n               data-description=\"\"\n               data-image-slug=\"hausnummer-6\"\n               class=\"ngg-simplelightbox\" rel=\"d2d910756cbeb64fb4a6a51c08906705\">\n                <img\n                    title=\"Hausnummer-6\"\n                    alt=\"Hausnummer-6\"\n                    src=\"https:\/\/seidel-props.de\/wp-content\/gallery\/hausnummer\/cache\/Hausnummer-6.JPG-nggid03761-ngg0dyn-450x300x100-00f0w010c011r110f110r010t010.JPG\"\n                    width=\"450\"\n                    height=\"300\"\n                    style=\"max-width:100%;\"\n                \/>\n            <\/a>\n        <\/div>\n\t\t\t\t\t\t\t<\/div> \n\t\t\t\n\t\t\t\t<div id=\"ngg-image-6\" class=\"ngg-gallery-thumbnail-box ngg-3-columns\" >\n\t\t\t\t        <div class=\"ngg-gallery-thumbnail\">\n            <a href=\"https:\/\/seidel-props.de\/wp-content\/gallery\/hausnummer\/Hausnummer-7.JPG\"\n               title=\"\"\n               data-src=\"https:\/\/seidel-props.de\/wp-content\/gallery\/hausnummer\/Hausnummer-7.JPG\"\n               data-thumbnail=\"https:\/\/seidel-props.de\/wp-content\/gallery\/hausnummer\/thumbs\/thumbs_Hausnummer-7.JPG\"\n               data-image-id=\"762\"\n               data-title=\"Hausnummer-7\"\n               data-description=\"\"\n               data-image-slug=\"hausnummer-7\"\n               class=\"ngg-simplelightbox\" rel=\"d2d910756cbeb64fb4a6a51c08906705\">\n                <img\n                    title=\"Hausnummer-7\"\n                    alt=\"Hausnummer-7\"\n                    src=\"https:\/\/seidel-props.de\/wp-content\/gallery\/hausnummer\/cache\/Hausnummer-7.JPG-nggid03762-ngg0dyn-450x300x100-00f0w010c011r110f110r010t010.JPG\"\n                    width=\"450\"\n                    height=\"300\"\n                    style=\"max-width:100%;\"\n                \/>\n            <\/a>\n        <\/div>\n\t\t\t\t\t\t\t<\/div> \n\t\t\t\n\t\t\t\t<div id=\"ngg-image-7\" class=\"ngg-gallery-thumbnail-box ngg-3-columns\" >\n\t\t\t\t        <div class=\"ngg-gallery-thumbnail\">\n            <a href=\"https:\/\/seidel-props.de\/wp-content\/gallery\/hausnummer\/Hausnummer-8.JPG\"\n               title=\"\"\n               data-src=\"https:\/\/seidel-props.de\/wp-content\/gallery\/hausnummer\/Hausnummer-8.JPG\"\n               data-thumbnail=\"https:\/\/seidel-props.de\/wp-content\/gallery\/hausnummer\/thumbs\/thumbs_Hausnummer-8.JPG\"\n               data-image-id=\"763\"\n               data-title=\"Hausnummer-8\"\n               data-description=\"\"\n               data-image-slug=\"hausnummer-8\"\n               class=\"ngg-simplelightbox\" rel=\"d2d910756cbeb64fb4a6a51c08906705\">\n                <img\n                    title=\"Hausnummer-8\"\n                    alt=\"Hausnummer-8\"\n                    src=\"https:\/\/seidel-props.de\/wp-content\/gallery\/hausnummer\/cache\/Hausnummer-8.JPG-nggid03763-ngg0dyn-450x300x100-00f0w010c011r110f110r010t010.JPG\"\n                    width=\"450\"\n                    height=\"300\"\n                    style=\"max-width:100%;\"\n                \/>\n            <\/a>\n        <\/div>\n\t\t\t\t\t\t\t<\/div> \n\t\t\t\n\t\t\t\t<div id=\"ngg-image-8\" class=\"ngg-gallery-thumbnail-box ngg-3-columns\" >\n\t\t\t\t        <div class=\"ngg-gallery-thumbnail\">\n            <a href=\"https:\/\/seidel-props.de\/wp-content\/gallery\/hausnummer\/Hausnummer-9.JPG\"\n               title=\"\"\n               data-src=\"https:\/\/seidel-props.de\/wp-content\/gallery\/hausnummer\/Hausnummer-9.JPG\"\n               data-thumbnail=\"https:\/\/seidel-props.de\/wp-content\/gallery\/hausnummer\/thumbs\/thumbs_Hausnummer-9.JPG\"\n               data-image-id=\"764\"\n               data-title=\"Hausnummer-9\"\n               data-description=\"\"\n               data-image-slug=\"hausnummer-9\"\n               class=\"ngg-simplelightbox\" rel=\"d2d910756cbeb64fb4a6a51c08906705\">\n                <img\n                    title=\"Hausnummer-9\"\n                    alt=\"Hausnummer-9\"\n                    src=\"https:\/\/seidel-props.de\/wp-content\/gallery\/hausnummer\/cache\/Hausnummer-9.JPG-nggid03764-ngg0dyn-450x300x100-00f0w010c011r110f110r010t010.JPG\"\n                    width=\"450\"\n                    height=\"300\"\n                    style=\"max-width:100%;\"\n                \/>\n            <\/a>\n        <\/div>\n\t\t\t\t\t\t\t<\/div> \n\t\t\t\n\t\n\t<br style=\"clear: both\" \/>\n\n\t\n\t\t<!-- Pagination -->\n\t<div class='ngg-clear'><\/div>\t<\/div>\n\n\n\n\n<p>Bitte Bilder anklicken und zum Durchbl\u00e4ttern die Links-Rechts-Pfeile verwenden. <\/p>\n\n\n\n<p>Unser Kater jedenfalls steht auf das neue Hausnummernschild.<\/p>\n","protected":false},"excerpt":{"rendered":"<p>Hausnummern Ein einzigartiges Hausnummernschild ist immer ein passendes Geschenk: Ob zum Einzug ins neue Haus, als schon lange f\u00e4lliger Ersatz&hellip;<\/p>\n","protected":false},"author":1,"featured_media":0,"parent":0,"menu_order":0,"comment_status":"closed","ping_status":"closed","template":"","meta":{"ngg_post_thumbnail":0,"footnotes":""},"class_list":["post-1648","page","type-page","status-publish","hentry"],"translation":{"provider":"WPGlobus","version":"2.10.0","language":"en","enabled_languages":["de","en"],"languages":{"de":{"title":true,"content":true,"excerpt":false},"en":{"title":false,"content":false,"excerpt":false}}},"_links":{"self":[{"href":"https:\/\/seidel-props.de\/en\/wp-json\/wp\/v2\/pages\/1648","targetHints":{"allow":["GET"]}}],"collection":[{"href":"https:\/\/seidel-props.de\/en\/wp-json\/wp\/v2\/pages"}],"about":[{"href":"https:\/\/seidel-props.de\/en\/wp-json\/wp\/v2\/types\/page"}],"author":[{"embeddable":true,"href":"https:\/\/seidel-props.de\/en\/wp-json\/wp\/v2\/users\/1"}],"replies":[{"embeddable":true,"href":"https:\/\/seidel-props.de\/en\/wp-json\/wp\/v2\/comments?post=1648"}],"version-history":[{"count":6,"href":"https:\/\/seidel-props.de\/en\/wp-json\/wp\/v2\/pages\/1648\/revisions"}],"predecessor-version":[{"id":2007,"href":"https:\/\/seidel-props.de\/en\/wp-json\/wp\/v2\/pages\/1648\/revisions\/2007"}],"wp:attachment":[{"href":"https:\/\/seidel-props.de\/en\/wp-json\/wp\/v2\/media?parent=1648"}],"curies":[{"name":"wp","href":"https:\/\/api.w.org\/{rel}","templated":true}]}}