{"id":172,"date":"2019-09-16T20:20:16","date_gmt":"2019-09-16T18:20:16","guid":{"rendered":"http:\/\/seidel-props.de\/?page_id=172"},"modified":"2021-07-23T14:35:34","modified_gmt":"2021-07-23T12:35:34","slug":"a400m","status":"publish","type":"page","link":"https:\/\/seidel-props.de\/en\/scale-props-2\/a400m\/","title":{"rendered":"A400M"},"content":{"rendered":"\n<p>Airbus A400M, der neue Transporter mit den derzeit st\u00e4rksten Propellerantrieben der Welt! <\/p>\n\n\n\n<!-- default-view.php -->\n<div\n\tclass=\"ngg-galleryoverview default-view \"\n\tid=\"ngg-gallery-3dfddb6a27b39707818d85174727ba2e-1\">\n\n\t\t<!-- Thumbnails -->\n\t\t\t\t<div id=\"ngg-image-0\" class=\"ngg-gallery-thumbnail-box ngg-3-columns\" >\n\t\t\t\t        <div class=\"ngg-gallery-thumbnail\">\n            <a href=\"https:\/\/seidel-props.de\/wp-content\/gallery\/a400m\/A400M_00_01_Form.jpg\"\n               title=\"\"\n               data-src=\"https:\/\/seidel-props.de\/wp-content\/gallery\/a400m\/A400M_00_01_Form.jpg\"\n               data-thumbnail=\"https:\/\/seidel-props.de\/wp-content\/gallery\/a400m\/thumbs\/thumbs_A400M_00_01_Form.jpg\"\n               data-image-id=\"641\"\n               data-title=\"A400M_00_01_Form\"\n               data-description=\"\"\n               data-image-slug=\"a400m_00_01_form\"\n               class=\"ngg-simplelightbox\" rel=\"3dfddb6a27b39707818d85174727ba2e\">\n                <img\n                    title=\"A400M_00_01_Form\"\n                    alt=\"A400M_00_01_Form\"\n                    src=\"https:\/\/seidel-props.de\/wp-content\/gallery\/a400m\/cache\/A400M_00_01_Form.jpg-nggid03641-ngg0dyn-450x300x100-00f0w010c011r110f110r010t010.jpg\"\n                    width=\"450\"\n                    height=\"300\"\n                    style=\"max-width:100%;\"\n                \/>\n            <\/a>\n        <\/div>\n\t\t\t\t\t\t\t<\/div> \n\t\t\t\n\t\t\t\t<div id=\"ngg-image-1\" class=\"ngg-gallery-thumbnail-box ngg-3-columns\" >\n\t\t\t\t        <div class=\"ngg-gallery-thumbnail\">\n            <a href=\"https:\/\/seidel-props.de\/wp-content\/gallery\/a400m\/A400M_00.jpeg\"\n               title=\"\"\n               data-src=\"https:\/\/seidel-props.de\/wp-content\/gallery\/a400m\/A400M_00.jpeg\"\n               data-thumbnail=\"https:\/\/seidel-props.de\/wp-content\/gallery\/a400m\/thumbs\/thumbs_A400M_00.jpeg\"\n               data-image-id=\"8\"\n               data-title=\"A400M_00\"\n               data-description=\"\"\n               data-image-slug=\"a400m_00\"\n               class=\"ngg-simplelightbox\" rel=\"3dfddb6a27b39707818d85174727ba2e\">\n                <img\n                    title=\"A400M_00\"\n                    alt=\"A400M_00\"\n                    src=\"https:\/\/seidel-props.de\/wp-content\/gallery\/a400m\/cache\/A400M_00.jpeg-nggid018-ngg0dyn-450x300x100-00f0w010c011r110f110r010t010.jpeg\"\n                    width=\"450\"\n                    height=\"300\"\n                    style=\"max-width:100%;\"\n                \/>\n            <\/a>\n        <\/div>\n\t\t\t\t\t\t\t<\/div> \n\t\t\t\n\t\t\t\t<div id=\"ngg-image-2\" class=\"ngg-gallery-thumbnail-box ngg-3-columns\" >\n\t\t\t\t        <div class=\"ngg-gallery-thumbnail\">\n            <a href=\"https:\/\/seidel-props.de\/wp-content\/gallery\/a400m\/A400M_01_01_Nabe_ges_Blatt-1.jpg\"\n               title=\"\"\n               data-src=\"https:\/\/seidel-props.de\/wp-content\/gallery\/a400m\/A400M_01_01_Nabe_ges_Blatt-1.jpg\"\n               data-thumbnail=\"https:\/\/seidel-props.de\/wp-content\/gallery\/a400m\/thumbs\/thumbs_A400M_01_01_Nabe_ges_Blatt-1.jpg\"\n               data-image-id=\"642\"\n               data-title=\"A400M_01_01_Nabe_ges_Blatt-1\"\n               data-description=\"\"\n               data-image-slug=\"a400m_01_01_nabe_ges_blatt-1\"\n               class=\"ngg-simplelightbox\" rel=\"3dfddb6a27b39707818d85174727ba2e\">\n                <img\n                    title=\"A400M_01_01_Nabe_ges_Blatt-1\"\n                    alt=\"A400M_01_01_Nabe_ges_Blatt-1\"\n                    src=\"https:\/\/seidel-props.de\/wp-content\/gallery\/a400m\/cache\/A400M_01_01_Nabe_ges_Blatt-1.jpg-nggid03642-ngg0dyn-450x300x100-00f0w010c011r110f110r010t010.jpg\"\n                    width=\"450\"\n                    height=\"300\"\n                    style=\"max-width:100%;\"\n                \/>\n            <\/a>\n        <\/div>\n\t\t\t\t\t\t\t<\/div> \n\t\t\t\n\t\t\t\t<div id=\"ngg-image-3\" class=\"ngg-gallery-thumbnail-box ngg-3-columns\" >\n\t\t\t\t        <div class=\"ngg-gallery-thumbnail\">\n            <a href=\"https:\/\/seidel-props.de\/wp-content\/gallery\/a400m\/A400M_02.gif\"\n               title=\"\"\n               data-src=\"https:\/\/seidel-props.de\/wp-content\/gallery\/a400m\/A400M_02.gif\"\n               data-thumbnail=\"https:\/\/seidel-props.de\/wp-content\/gallery\/a400m\/thumbs\/thumbs_A400M_02.gif\"\n               data-image-id=\"1\"\n               data-title=\"A400M_02\"\n               data-description=\"\"\n               data-image-slug=\"a400m_02\"\n               class=\"ngg-simplelightbox\" rel=\"3dfddb6a27b39707818d85174727ba2e\">\n                <img\n                    title=\"A400M_02\"\n                    alt=\"A400M_02\"\n                    src=\"https:\/\/seidel-props.de\/wp-content\/gallery\/a400m\/cache\/A400M_02.gif-nggid011-ngg0dyn-450x300x100-00f0w010c011r110f110r010t010.gif\"\n                    width=\"450\"\n                    height=\"300\"\n                    style=\"max-width:100%;\"\n                \/>\n            <\/a>\n        <\/div>\n\t\t\t\t\t\t\t<\/div> \n\t\t\t\n\t\t\t\t<div id=\"ngg-image-4\" class=\"ngg-gallery-thumbnail-box ngg-3-columns\" >\n\t\t\t\t        <div class=\"ngg-gallery-thumbnail\">\n            <a href=\"https:\/\/seidel-props.de\/wp-content\/gallery\/a400m\/A400M_04.gif\"\n               title=\"\"\n               data-src=\"https:\/\/seidel-props.de\/wp-content\/gallery\/a400m\/A400M_04.gif\"\n               data-thumbnail=\"https:\/\/seidel-props.de\/wp-content\/gallery\/a400m\/thumbs\/thumbs_A400M_04.gif\"\n               data-image-id=\"2\"\n               data-title=\"A400M_04\"\n               data-description=\"\"\n               data-image-slug=\"a400m_04\"\n               class=\"ngg-simplelightbox\" rel=\"3dfddb6a27b39707818d85174727ba2e\">\n                <img\n                    title=\"A400M_04\"\n                    alt=\"A400M_04\"\n                    src=\"https:\/\/seidel-props.de\/wp-content\/gallery\/a400m\/cache\/A400M_04.gif-nggid012-ngg0dyn-450x300x100-00f0w010c011r110f110r010t010.gif\"\n                    width=\"450\"\n                    height=\"300\"\n                    style=\"max-width:100%;\"\n                \/>\n            <\/a>\n        <\/div>\n\t\t\t\t\t\t\t<\/div> \n\t\t\t\n\t\t\t\t<div id=\"ngg-image-5\" class=\"ngg-gallery-thumbnail-box ngg-3-columns\" >\n\t\t\t\t        <div class=\"ngg-gallery-thumbnail\">\n            <a href=\"https:\/\/seidel-props.de\/wp-content\/gallery\/a400m\/A400M_05.jpeg\"\n               title=\"\"\n               data-src=\"https:\/\/seidel-props.de\/wp-content\/gallery\/a400m\/A400M_05.jpeg\"\n               data-thumbnail=\"https:\/\/seidel-props.de\/wp-content\/gallery\/a400m\/thumbs\/thumbs_A400M_05.jpeg\"\n               data-image-id=\"3\"\n               data-title=\"A400M_05\"\n               data-description=\"\"\n               data-image-slug=\"a400m_05\"\n               class=\"ngg-simplelightbox\" rel=\"3dfddb6a27b39707818d85174727ba2e\">\n                <img\n                    title=\"A400M_05\"\n                    alt=\"A400M_05\"\n                    src=\"https:\/\/seidel-props.de\/wp-content\/gallery\/a400m\/cache\/A400M_05.jpeg-nggid013-ngg0dyn-450x300x100-00f0w010c011r110f110r010t010.jpeg\"\n                    width=\"450\"\n                    height=\"300\"\n                    style=\"max-width:100%;\"\n                \/>\n            <\/a>\n        <\/div>\n\t\t\t\t\t\t\t<\/div> \n\t\t\t\n\t\t\t\t<div id=\"ngg-image-6\" class=\"ngg-gallery-thumbnail-box ngg-3-columns\" >\n\t\t\t\t        <div class=\"ngg-gallery-thumbnail\">\n            <a href=\"https:\/\/seidel-props.de\/wp-content\/gallery\/a400m\/A400M_08.jpg\"\n               title=\"\"\n               data-src=\"https:\/\/seidel-props.de\/wp-content\/gallery\/a400m\/A400M_08.jpg\"\n               data-thumbnail=\"https:\/\/seidel-props.de\/wp-content\/gallery\/a400m\/thumbs\/thumbs_A400M_08.jpg\"\n               data-image-id=\"4\"\n               data-title=\"A400M_08\"\n               data-description=\"\"\n               data-image-slug=\"a400m_08\"\n               class=\"ngg-simplelightbox\" rel=\"3dfddb6a27b39707818d85174727ba2e\">\n                <img\n                    title=\"A400M_08\"\n                    alt=\"A400M_08\"\n                    src=\"https:\/\/seidel-props.de\/wp-content\/gallery\/a400m\/cache\/A400M_08.jpg-nggid014-ngg0dyn-450x300x100-00f0w010c011r110f110r010t010.jpg\"\n                    width=\"450\"\n                    height=\"300\"\n                    style=\"max-width:100%;\"\n                \/>\n            <\/a>\n        <\/div>\n\t\t\t\t\t\t\t<\/div> \n\t\t\t\n\t\t\t\t<div id=\"ngg-image-7\" class=\"ngg-gallery-thumbnail-box ngg-3-columns\" >\n\t\t\t\t        <div class=\"ngg-gallery-thumbnail\">\n            <a href=\"https:\/\/seidel-props.de\/wp-content\/gallery\/a400m\/A400M_09.jpg\"\n               title=\"\"\n               data-src=\"https:\/\/seidel-props.de\/wp-content\/gallery\/a400m\/A400M_09.jpg\"\n               data-thumbnail=\"https:\/\/seidel-props.de\/wp-content\/gallery\/a400m\/thumbs\/thumbs_A400M_09.jpg\"\n               data-image-id=\"5\"\n               data-title=\"A400M_09\"\n               data-description=\"\"\n               data-image-slug=\"a400m_09\"\n               class=\"ngg-simplelightbox\" rel=\"3dfddb6a27b39707818d85174727ba2e\">\n                <img\n                    title=\"A400M_09\"\n                    alt=\"A400M_09\"\n                    src=\"https:\/\/seidel-props.de\/wp-content\/gallery\/a400m\/cache\/A400M_09.jpg-nggid015-ngg0dyn-450x300x100-00f0w010c011r110f110r010t010.jpg\"\n                    width=\"450\"\n                    height=\"300\"\n                    style=\"max-width:100%;\"\n                \/>\n            <\/a>\n        <\/div>\n\t\t\t\t\t\t\t<\/div> \n\t\t\t\n\t\t\t\t<div id=\"ngg-image-8\" class=\"ngg-gallery-thumbnail-box ngg-3-columns\" >\n\t\t\t\t        <div class=\"ngg-gallery-thumbnail\">\n            <a href=\"https:\/\/seidel-props.de\/wp-content\/gallery\/a400m\/A400M_10.jpg\"\n               title=\"\"\n               data-src=\"https:\/\/seidel-props.de\/wp-content\/gallery\/a400m\/A400M_10.jpg\"\n               data-thumbnail=\"https:\/\/seidel-props.de\/wp-content\/gallery\/a400m\/thumbs\/thumbs_A400M_10.jpg\"\n               data-image-id=\"6\"\n               data-title=\"A400M_10\"\n               data-description=\"\"\n               data-image-slug=\"a400m_10\"\n               class=\"ngg-simplelightbox\" rel=\"3dfddb6a27b39707818d85174727ba2e\">\n                <img\n                    title=\"A400M_10\"\n                    alt=\"A400M_10\"\n                    src=\"https:\/\/seidel-props.de\/wp-content\/gallery\/a400m\/cache\/A400M_10.jpg-nggid016-ngg0dyn-450x300x100-00f0w010c011r110f110r010t010.jpg\"\n                    width=\"450\"\n                    height=\"300\"\n                    style=\"max-width:100%;\"\n                \/>\n            <\/a>\n        <\/div>\n\t\t\t\t\t\t\t<\/div> \n\t\t\t\n\t\t\t\t<div id=\"ngg-image-9\" class=\"ngg-gallery-thumbnail-box ngg-3-columns\" >\n\t\t\t\t        <div class=\"ngg-gallery-thumbnail\">\n            <a href=\"https:\/\/seidel-props.de\/wp-content\/gallery\/a400m\/A400M_11.jpg\"\n               title=\"\"\n               data-src=\"https:\/\/seidel-props.de\/wp-content\/gallery\/a400m\/A400M_11.jpg\"\n               data-thumbnail=\"https:\/\/seidel-props.de\/wp-content\/gallery\/a400m\/thumbs\/thumbs_A400M_11.jpg\"\n               data-image-id=\"7\"\n               data-title=\"A400M_11\"\n               data-description=\"\"\n               data-image-slug=\"a400m_11\"\n               class=\"ngg-simplelightbox\" rel=\"3dfddb6a27b39707818d85174727ba2e\">\n                <img\n                    title=\"A400M_11\"\n                    alt=\"A400M_11\"\n                    src=\"https:\/\/seidel-props.de\/wp-content\/gallery\/a400m\/cache\/A400M_11.jpg-nggid017-ngg0dyn-450x300x100-00f0w010c011r110f110r010t010.jpg\"\n                    width=\"450\"\n                    height=\"300\"\n                    style=\"max-width:100%;\"\n                \/>\n            <\/a>\n        <\/div>\n\t\t\t\t\t\t\t<\/div> \n\t\t\t\n\t\t\t\t<div id=\"ngg-image-10\" class=\"ngg-gallery-thumbnail-box ngg-3-columns\" >\n\t\t\t\t        <div class=\"ngg-gallery-thumbnail\">\n            <a href=\"https:\/\/seidel-props.de\/wp-content\/gallery\/a400m\/A400M_12.jpg\"\n               title=\"\"\n               data-src=\"https:\/\/seidel-props.de\/wp-content\/gallery\/a400m\/A400M_12.jpg\"\n               data-thumbnail=\"https:\/\/seidel-props.de\/wp-content\/gallery\/a400m\/thumbs\/thumbs_A400M_12.jpg\"\n               data-image-id=\"9\"\n               data-title=\"A400M_12\"\n               data-description=\"\"\n               data-image-slug=\"a400m_12\"\n               class=\"ngg-simplelightbox\" rel=\"3dfddb6a27b39707818d85174727ba2e\">\n                <img\n                    title=\"A400M_12\"\n                    alt=\"A400M_12\"\n                    src=\"https:\/\/seidel-props.de\/wp-content\/gallery\/a400m\/cache\/A400M_12.jpg-nggid019-ngg0dyn-450x300x100-00f0w010c011r110f110r010t010.jpg\"\n                    width=\"450\"\n                    height=\"300\"\n                    style=\"max-width:100%;\"\n                \/>\n            <\/a>\n        <\/div>\n\t\t\t\t\t\t\t<\/div> \n\t\t\t\n\t\n\t<br style=\"clear: both\" \/>\n\n\t\n\t\t<!-- Pagination -->\n\t<div class='ngg-clear'><\/div>\t<\/div>\n\n\n\n\n<p>F\u00fcr dieses Baumuster wurde aufgrund von Fotos und Plastikmodellen die Propellerblattkontur rekonstruiert, Negativ-Formen und positive Blattmuster erstellt und geliefert. Teils wurden auch die Propellernaben entworfen. Unsere Kunden haben daraufhin selbst die Fertigung der CFK-Bl\u00e4tters\u00e4tze \u00fcbernommen. Wie im Original auch kommen links- und rechtsdrehende Propeller mit entsprechenden Elektroantrieben zum Einsatz.<\/p>\n\n\n\n<p>Hier ein Link zu einem beeindruckenden <a href=\"https:\/\/www.youtube.com\/watch?v=36-pnic5IhA\" data-type=\"URL\" data-id=\"https:\/\/www.youtube.com\/watch?v=36-pnic5IhA\" target=\"_blank\" rel=\"noreferrer noopener\">Flugvideo der A400M<\/a> von Martin Heppe.<\/p>\n\n\n\n<div class=\"wp-block-image\"><figure class=\"aligncenter size-large is-resized\"><a href=\"https:\/\/seidel-props.de\/wp-content\/uploads\/2021\/07\/grafik-11.png\"><img decoding=\"async\" src=\"https:\/\/seidel-props.de\/wp-content\/uploads\/2021\/07\/grafik-11.png\" alt=\"\" class=\"wp-image-2119\" width=\"350\" srcset=\"https:\/\/seidel-props.de\/wp-content\/uploads\/2021\/07\/grafik-11.png 359w, https:\/\/seidel-props.de\/wp-content\/uploads\/2021\/07\/grafik-11-300x165.png 300w\" sizes=\"(max-width: 359px) 100vw, 359px\" \/><\/a><\/figure><\/div>\n\n\n\n<p><\/p>\n","protected":false},"excerpt":{"rendered":"<p>Airbus A400M, der neue Transporter mit den derzeit st\u00e4rksten Propellerantrieben der Welt! F\u00fcr dieses Baumuster wurde aufgrund von Fotos und&hellip;<\/p>\n","protected":false},"author":1,"featured_media":0,"parent":127,"menu_order":0,"comment_status":"closed","ping_status":"closed","template":"","meta":{"ngg_post_thumbnail":0,"footnotes":""},"class_list":["post-172","page","type-page","status-publish","hentry"],"translation":{"provider":"WPGlobus","version":"2.10.0","language":"en","enabled_languages":["de","en"],"languages":{"de":{"title":true,"content":true,"excerpt":false},"en":{"title":false,"content":false,"excerpt":false}}},"_links":{"self":[{"href":"https:\/\/seidel-props.de\/en\/wp-json\/wp\/v2\/pages\/172","targetHints":{"allow":["GET"]}}],"collection":[{"href":"https:\/\/seidel-props.de\/en\/wp-json\/wp\/v2\/pages"}],"about":[{"href":"https:\/\/seidel-props.de\/en\/wp-json\/wp\/v2\/types\/page"}],"author":[{"embeddable":true,"href":"https:\/\/seidel-props.de\/en\/wp-json\/wp\/v2\/users\/1"}],"replies":[{"embeddable":true,"href":"https:\/\/seidel-props.de\/en\/wp-json\/wp\/v2\/comments?post=172"}],"version-history":[{"count":13,"href":"https:\/\/seidel-props.de\/en\/wp-json\/wp\/v2\/pages\/172\/revisions"}],"predecessor-version":[{"id":2140,"href":"https:\/\/seidel-props.de\/en\/wp-json\/wp\/v2\/pages\/172\/revisions\/2140"}],"up":[{"embeddable":true,"href":"https:\/\/seidel-props.de\/en\/wp-json\/wp\/v2\/pages\/127"}],"wp:attachment":[{"href":"https:\/\/seidel-props.de\/en\/wp-json\/wp\/v2\/media?parent=172"}],"curies":[{"name":"wp","href":"https:\/\/api.w.org\/{rel}","templated":true}]}}