{"id":1735,"date":"2020-11-26T13:05:47","date_gmt":"2020-11-26T12:05:47","guid":{"rendered":"https:\/\/seidel-props.de\/?page_id=1735"},"modified":"2020-11-26T13:25:35","modified_gmt":"2020-11-26T12:25:35","slug":"kupferbild-audi","status":"publish","type":"page","link":"https:\/\/seidel-props.de\/en\/kupferbild-audi\/","title":{"rendered":"Kupferbild &#8220;Audi&#8221;"},"content":{"rendered":"\n<p>Kupferbild &#8220;Audi&#8221;<\/p>\n\n\n\n<p>F\u00fcr einen guten Freund wurde ein Designkonzept eines Audis in Kupfer graviert. Je nach Lichteinfall gl\u00e4nzt das Blech in verschiedensten Farben. Der warme Grundton des Kupfers ist bei nur geringer W\u00e4rmebehandlung der 550x333mm gro\u00dfen Kupfertafel erhalten geblieben.<\/p>\n\n\n\n<p>Ebenso l\u00e4\u00dft sich nat\u00fcrlich IHR individuelles Motiv aufbereiten und auf Kupfer verewigen. Selbstverst\u00e4ndlich sichern wir Ihnen absolute Diskretion zu.<\/p>\n\n\n\n\n\n<div class=\"ngg-galleryoverview ngg-slideshow\"\n\t id=\"ngg-slideshow-c1b8fc0186ef1c0d29ed50ce61c9c771-7469061650\"\n     data-gallery-id=\"c1b8fc0186ef1c0d29ed50ce61c9c771\"\n     style=\"max-width: 750px; max-height: 500px;\">\n\n \t<div id=\"ngg-image-0\" class=\"ngg-gallery-slideshow-image\" style=\"height:500px\">\n\n        <a href=\"https:\/\/seidel-props.de\/wp-content\/gallery\/audi\/Audi-2.jpg\"\n           title=\"\"\n           data-src=\"https:\/\/seidel-props.de\/wp-content\/gallery\/audi\/Audi-2.jpg\"\n           data-thumbnail=\"https:\/\/seidel-props.de\/wp-content\/gallery\/audi\/thumbs\/thumbs_Audi-2.jpg\"\n           data-image-id=\"791\"\n           data-title=\"Audi-2\"\n           data-description=\"\"\n           class=\"ngg-simplelightbox\" rel=\"c1b8fc0186ef1c0d29ed50ce61c9c771\">\n\n            <img data-image-id='791'\n                 title=\"\"\n                 alt=\"Audi-2\"\n                 src=\"https:\/\/seidel-props.de\/wp-content\/gallery\/audi\/Audi-2.jpg\"\n                 style=\"max-height: 480px;\"\/>\n        <\/a>\n\n        <\/div> \n<div id=\"ngg-image-1\" class=\"ngg-gallery-slideshow-image\" style=\"height:500px\">\n\n        <a href=\"https:\/\/seidel-props.de\/wp-content\/gallery\/audi\/Audi-3.jpg\"\n           title=\"\"\n           data-src=\"https:\/\/seidel-props.de\/wp-content\/gallery\/audi\/Audi-3.jpg\"\n           data-thumbnail=\"https:\/\/seidel-props.de\/wp-content\/gallery\/audi\/thumbs\/thumbs_Audi-3.jpg\"\n           data-image-id=\"792\"\n           data-title=\"Audi-3\"\n           data-description=\"\"\n           class=\"ngg-simplelightbox\" rel=\"c1b8fc0186ef1c0d29ed50ce61c9c771\">\n\n            <img data-image-id='792'\n                 title=\"\"\n                 alt=\"Audi-3\"\n                 src=\"https:\/\/seidel-props.de\/wp-content\/gallery\/audi\/Audi-3.jpg\"\n                 style=\"max-height: 480px;\"\/>\n        <\/a>\n\n        <\/div> \n<div id=\"ngg-image-2\" class=\"ngg-gallery-slideshow-image\" style=\"height:500px\">\n\n        <a href=\"https:\/\/seidel-props.de\/wp-content\/gallery\/audi\/Audi-4.jpg\"\n           title=\"\"\n           data-src=\"https:\/\/seidel-props.de\/wp-content\/gallery\/audi\/Audi-4.jpg\"\n           data-thumbnail=\"https:\/\/seidel-props.de\/wp-content\/gallery\/audi\/thumbs\/thumbs_Audi-4.jpg\"\n           data-image-id=\"793\"\n           data-title=\"Audi-4\"\n           data-description=\"\"\n           class=\"ngg-simplelightbox\" rel=\"c1b8fc0186ef1c0d29ed50ce61c9c771\">\n\n            <img data-image-id='793'\n                 title=\"\"\n                 alt=\"Audi-4\"\n                 src=\"https:\/\/seidel-props.de\/wp-content\/gallery\/audi\/Audi-4.jpg\"\n                 style=\"max-height: 480px;\"\/>\n        <\/a>\n\n        <\/div> \n<div id=\"ngg-image-3\" class=\"ngg-gallery-slideshow-image\" style=\"height:500px\">\n\n        <a href=\"https:\/\/seidel-props.de\/wp-content\/gallery\/audi\/Audi-5.jpg\"\n           title=\"\"\n           data-src=\"https:\/\/seidel-props.de\/wp-content\/gallery\/audi\/Audi-5.jpg\"\n           data-thumbnail=\"https:\/\/seidel-props.de\/wp-content\/gallery\/audi\/thumbs\/thumbs_Audi-5.jpg\"\n           data-image-id=\"794\"\n           data-title=\"Audi-5\"\n           data-description=\"\"\n           class=\"ngg-simplelightbox\" rel=\"c1b8fc0186ef1c0d29ed50ce61c9c771\">\n\n            <img data-image-id='794'\n                 title=\"\"\n                 alt=\"Audi-5\"\n                 src=\"https:\/\/seidel-props.de\/wp-content\/gallery\/audi\/Audi-5.jpg\"\n                 style=\"max-height: 480px;\"\/>\n        <\/a>\n\n        <\/div> \n<\/div>\n\n\n\n\n\n\n\n<p>Bitte einfach auf ein Bild klicken, um es zu vergr\u00f6\u00dfern.<\/p>\n","protected":false},"excerpt":{"rendered":"<p>Kupferbild &#8220;Audi&#8221; F\u00fcr einen guten Freund wurde ein Designkonzept eines Audis in Kupfer graviert. Je nach Lichteinfall gl\u00e4nzt das Blech&hellip;<\/p>\n","protected":false},"author":1,"featured_media":0,"parent":0,"menu_order":0,"comment_status":"closed","ping_status":"closed","template":"","meta":{"ngg_post_thumbnail":0,"footnotes":""},"class_list":["post-1735","page","type-page","status-publish","hentry"],"translation":{"provider":"WPGlobus","version":"2.10.0","language":"en","enabled_languages":["de","en"],"languages":{"de":{"title":true,"content":true,"excerpt":false},"en":{"title":false,"content":false,"excerpt":false}}},"_links":{"self":[{"href":"https:\/\/seidel-props.de\/en\/wp-json\/wp\/v2\/pages\/1735","targetHints":{"allow":["GET"]}}],"collection":[{"href":"https:\/\/seidel-props.de\/en\/wp-json\/wp\/v2\/pages"}],"about":[{"href":"https:\/\/seidel-props.de\/en\/wp-json\/wp\/v2\/types\/page"}],"author":[{"embeddable":true,"href":"https:\/\/seidel-props.de\/en\/wp-json\/wp\/v2\/users\/1"}],"replies":[{"embeddable":true,"href":"https:\/\/seidel-props.de\/en\/wp-json\/wp\/v2\/comments?post=1735"}],"version-history":[{"count":2,"href":"https:\/\/seidel-props.de\/en\/wp-json\/wp\/v2\/pages\/1735\/revisions"}],"predecessor-version":[{"id":1749,"href":"https:\/\/seidel-props.de\/en\/wp-json\/wp\/v2\/pages\/1735\/revisions\/1749"}],"wp:attachment":[{"href":"https:\/\/seidel-props.de\/en\/wp-json\/wp\/v2\/media?parent=1735"}],"curies":[{"name":"wp","href":"https:\/\/api.w.org\/{rel}","templated":true}]}}