{"id":1789,"date":"2021-07-14T14:10:54","date_gmt":"2021-07-14T12:10:54","guid":{"rendered":"https:\/\/seidel-props.de\/?page_id=1789"},"modified":"2022-07-06T23:08:24","modified_gmt":"2022-07-06T21:08:24","slug":"neu-prop-blade-cover","status":"publish","type":"page","link":"https:\/\/seidel-props.de\/en\/news-und-projekte\/neu-prop-blade-cover\/","title":{"rendered":"Prop-blade-cover"},"content":{"rendered":"\n<p><strong>Neu: Prop-blade-cover<\/strong><\/p>\n\n\n<div class=\"wp-block-image\">\n<figure class=\"aligncenter size-large\"><a href=\"https:\/\/seidel-props.de\/wp-content\/uploads\/2021\/07\/30x19_Corsair-6.jpg\"><img loading=\"lazy\" decoding=\"async\" width=\"1024\" height=\"768\" src=\"https:\/\/seidel-props.de\/wp-content\/uploads\/2021\/07\/30x19_Corsair-6-1024x768.jpg\" alt=\"\" class=\"wp-image-1785\" srcset=\"https:\/\/seidel-props.de\/wp-content\/uploads\/2021\/07\/30x19_Corsair-6-1024x768.jpg 1024w, https:\/\/seidel-props.de\/wp-content\/uploads\/2021\/07\/30x19_Corsair-6-300x225.jpg 300w, https:\/\/seidel-props.de\/wp-content\/uploads\/2021\/07\/30x19_Corsair-6-768x576.jpg 768w, https:\/\/seidel-props.de\/wp-content\/uploads\/2021\/07\/30x19_Corsair-6-1536x1152.jpg 1536w, https:\/\/seidel-props.de\/wp-content\/uploads\/2021\/07\/30x19_Corsair-6-2048x1536.jpg 2048w, https:\/\/seidel-props.de\/wp-content\/uploads\/2021\/07\/30x19_Corsair-6-1600x1200.jpg 1600w\" sizes=\"auto, (max-width: 1024px) 100vw, 1024px\" \/><\/a><figcaption>Prop-blade-cover<\/figcaption><\/figure>\n<\/div>\n\n\n<p>Passend f\u00fcr Ihren Propeller werden individuelle Prop-blade-cover gen\u00e4ht. Ausgangsmaterial ist hochwertiges Noepren, das durch seine elastische Orientierung in Blattbreitenrichung sehr einfach und schonend \u00fcber das Propellerblatt gezogen werden kann.<br>Die weichen und zugleich verschlei\u00dffesten Oberfl\u00e4chen sowie die 3mm Schaumeinlage bieten einen hervorragenden Schutz gegen Besch\u00e4digung des Propellers. Dezent und edel pr\u00e4gen wir unser Logo ein.<\/p>\n\n\n\n<figure class=\"wp-block-gallery has-nested-images columns-default is-cropped wp-block-gallery-1 is-layout-flex wp-block-gallery-is-layout-flex\">\n<figure class=\"wp-block-image size-large\"><a href=\"https:\/\/seidel-props.de\/wp-content\/uploads\/2021\/07\/30x18_Thunderbolt-8.jpg\"><img loading=\"lazy\" decoding=\"async\" width=\"1024\" height=\"768\" data-id=\"1782\" src=\"https:\/\/seidel-props.de\/wp-content\/uploads\/2021\/07\/30x18_Thunderbolt-8-1024x768.jpg\" alt=\"\" class=\"wp-image-1782\" srcset=\"https:\/\/seidel-props.de\/wp-content\/uploads\/2021\/07\/30x18_Thunderbolt-8-1024x768.jpg 1024w, https:\/\/seidel-props.de\/wp-content\/uploads\/2021\/07\/30x18_Thunderbolt-8-300x225.jpg 300w, https:\/\/seidel-props.de\/wp-content\/uploads\/2021\/07\/30x18_Thunderbolt-8-768x576.jpg 768w, https:\/\/seidel-props.de\/wp-content\/uploads\/2021\/07\/30x18_Thunderbolt-8-1536x1152.jpg 1536w, https:\/\/seidel-props.de\/wp-content\/uploads\/2021\/07\/30x18_Thunderbolt-8-2048x1536.jpg 2048w, https:\/\/seidel-props.de\/wp-content\/uploads\/2021\/07\/30x18_Thunderbolt-8-1600x1200.jpg 1600w\" sizes=\"auto, (max-width: 1024px) 100vw, 1024px\" \/><\/a><\/figure>\n\n\n\n<figure class=\"wp-block-image size-large\"><a href=\"https:\/\/seidel-props.de\/wp-content\/uploads\/2021\/07\/30x18_Thunderbolt-9.jpg\"><img loading=\"lazy\" decoding=\"async\" width=\"1024\" height=\"768\" data-id=\"1783\" src=\"https:\/\/seidel-props.de\/wp-content\/uploads\/2021\/07\/30x18_Thunderbolt-9-1024x768.jpg\" alt=\"\" class=\"wp-image-1783\" srcset=\"https:\/\/seidel-props.de\/wp-content\/uploads\/2021\/07\/30x18_Thunderbolt-9-1024x768.jpg 1024w, https:\/\/seidel-props.de\/wp-content\/uploads\/2021\/07\/30x18_Thunderbolt-9-300x225.jpg 300w, https:\/\/seidel-props.de\/wp-content\/uploads\/2021\/07\/30x18_Thunderbolt-9-768x576.jpg 768w, https:\/\/seidel-props.de\/wp-content\/uploads\/2021\/07\/30x18_Thunderbolt-9-1536x1152.jpg 1536w, https:\/\/seidel-props.de\/wp-content\/uploads\/2021\/07\/30x18_Thunderbolt-9-2048x1536.jpg 2048w, https:\/\/seidel-props.de\/wp-content\/uploads\/2021\/07\/30x18_Thunderbolt-9-1600x1200.jpg 1600w\" sizes=\"auto, (max-width: 1024px) 100vw, 1024px\" \/><\/a><\/figure>\n\n\n\n<figure class=\"wp-block-image size-large\"><a href=\"https:\/\/seidel-props.de\/wp-content\/uploads\/2021\/07\/30x19_Corsair-4.jpg\"><img loading=\"lazy\" decoding=\"async\" width=\"1024\" height=\"768\" data-id=\"1784\" src=\"https:\/\/seidel-props.de\/wp-content\/uploads\/2021\/07\/30x19_Corsair-4-1024x768.jpg\" alt=\"\" class=\"wp-image-1784\" srcset=\"https:\/\/seidel-props.de\/wp-content\/uploads\/2021\/07\/30x19_Corsair-4-1024x768.jpg 1024w, https:\/\/seidel-props.de\/wp-content\/uploads\/2021\/07\/30x19_Corsair-4-300x225.jpg 300w, https:\/\/seidel-props.de\/wp-content\/uploads\/2021\/07\/30x19_Corsair-4-768x576.jpg 768w, https:\/\/seidel-props.de\/wp-content\/uploads\/2021\/07\/30x19_Corsair-4-1536x1152.jpg 1536w, https:\/\/seidel-props.de\/wp-content\/uploads\/2021\/07\/30x19_Corsair-4-2048x1536.jpg 2048w, https:\/\/seidel-props.de\/wp-content\/uploads\/2021\/07\/30x19_Corsair-4-1600x1200.jpg 1600w\" sizes=\"auto, (max-width: 1024px) 100vw, 1024px\" \/><\/a><\/figure>\n\n\n\n<figure class=\"wp-block-image size-large\"><a href=\"https:\/\/seidel-props.de\/wp-content\/uploads\/2021\/07\/34x175_Fokker-1.jpg\"><img loading=\"lazy\" decoding=\"async\" width=\"1024\" height=\"768\" data-id=\"1786\" src=\"https:\/\/seidel-props.de\/wp-content\/uploads\/2021\/07\/34x175_Fokker-1-1024x768.jpg\" alt=\"\" class=\"wp-image-1786\" srcset=\"https:\/\/seidel-props.de\/wp-content\/uploads\/2021\/07\/34x175_Fokker-1-1024x768.jpg 1024w, https:\/\/seidel-props.de\/wp-content\/uploads\/2021\/07\/34x175_Fokker-1-300x225.jpg 300w, https:\/\/seidel-props.de\/wp-content\/uploads\/2021\/07\/34x175_Fokker-1-768x576.jpg 768w, https:\/\/seidel-props.de\/wp-content\/uploads\/2021\/07\/34x175_Fokker-1-1536x1152.jpg 1536w, https:\/\/seidel-props.de\/wp-content\/uploads\/2021\/07\/34x175_Fokker-1-2048x1536.jpg 2048w, https:\/\/seidel-props.de\/wp-content\/uploads\/2021\/07\/34x175_Fokker-1-1600x1200.jpg 1600w\" sizes=\"auto, (max-width: 1024px) 100vw, 1024px\" \/><\/a><\/figure>\n\n\n\n<figure class=\"wp-block-image size-large\"><a href=\"https:\/\/seidel-props.de\/wp-content\/uploads\/2021\/07\/34x175_Fokker-2.jpg\"><img loading=\"lazy\" decoding=\"async\" width=\"1024\" height=\"768\" data-id=\"1787\" src=\"https:\/\/seidel-props.de\/wp-content\/uploads\/2021\/07\/34x175_Fokker-2-1024x768.jpg\" alt=\"\" class=\"wp-image-1787\" srcset=\"https:\/\/seidel-props.de\/wp-content\/uploads\/2021\/07\/34x175_Fokker-2-1024x768.jpg 1024w, https:\/\/seidel-props.de\/wp-content\/uploads\/2021\/07\/34x175_Fokker-2-300x225.jpg 300w, https:\/\/seidel-props.de\/wp-content\/uploads\/2021\/07\/34x175_Fokker-2-768x576.jpg 768w, https:\/\/seidel-props.de\/wp-content\/uploads\/2021\/07\/34x175_Fokker-2-1536x1152.jpg 1536w, https:\/\/seidel-props.de\/wp-content\/uploads\/2021\/07\/34x175_Fokker-2-2048x1536.jpg 2048w, https:\/\/seidel-props.de\/wp-content\/uploads\/2021\/07\/34x175_Fokker-2-1600x1200.jpg 1600w\" sizes=\"auto, (max-width: 1024px) 100vw, 1024px\" \/><\/a><\/figure>\n<\/figure>\n\n\n\n<p>Die elastischen H\u00fcllen umschlie\u00dfen das Blatt selbstst\u00e4ndig und kommen sehr gut ohne Klettb\u00e4nder oder sonstige Befestigungen aus. Das macht das Handling besonders schnell und einfach.<\/p>\n\n\n\n<p>Sie haben Ihren Propeller schon vor l\u00e4ngerer Zeit bei uns gekauft, h\u00e4tten aber jetzt gerne passgenaue Prop-blade-cover? Kein Problem, wir haben ja noch die CAD-Daten Ihres Propellers und k\u00f6nnen somit genau die richtige Kontur zuschneiden!<\/p>\n\n\n\n<p>Oder Sie w\u00fcnschen einen individuell f\u00fcr Sie gen\u00e4hten Satz Schutzh\u00fcllen, der perfekt zu Ihrer eigenen Propellerform pa\u00dft? Auch kein gro\u00dfes Problem, sprechen Sie uns an.<\/p>\n\n\n\n<p>Preise sind vom Durchmesser abh\u00e4ngig:<\/p>\n\n\n\n<p>bis 35&#8243;:    15,- Euro pro St\u00fcck<\/p>\n\n\n\n<p>35-50&#8243;:     20,- Euro pro St\u00fcck<\/p>\n\n\n\n<p>50-80&#8243;:     50,- Euro pro St\u00fcck<\/p>\n","protected":false},"excerpt":{"rendered":"<p>Neu: Prop-blade-cover Passend f\u00fcr Ihren Propeller werden individuelle Prop-blade-cover gen\u00e4ht. Ausgangsmaterial ist hochwertiges Noepren, das durch seine elastische Orientierung in&hellip;<\/p>\n","protected":false},"author":1,"featured_media":0,"parent":70,"menu_order":0,"comment_status":"closed","ping_status":"closed","template":"","meta":{"ngg_post_thumbnail":0,"footnotes":""},"class_list":["post-1789","page","type-page","status-publish","hentry"],"translation":{"provider":"WPGlobus","version":"2.10.0","language":"en","enabled_languages":["de","en"],"languages":{"de":{"title":true,"content":true,"excerpt":false},"en":{"title":false,"content":false,"excerpt":false}}},"_links":{"self":[{"href":"https:\/\/seidel-props.de\/en\/wp-json\/wp\/v2\/pages\/1789","targetHints":{"allow":["GET"]}}],"collection":[{"href":"https:\/\/seidel-props.de\/en\/wp-json\/wp\/v2\/pages"}],"about":[{"href":"https:\/\/seidel-props.de\/en\/wp-json\/wp\/v2\/types\/page"}],"author":[{"embeddable":true,"href":"https:\/\/seidel-props.de\/en\/wp-json\/wp\/v2\/users\/1"}],"replies":[{"embeddable":true,"href":"https:\/\/seidel-props.de\/en\/wp-json\/wp\/v2\/comments?post=1789"}],"version-history":[{"count":7,"href":"https:\/\/seidel-props.de\/en\/wp-json\/wp\/v2\/pages\/1789\/revisions"}],"predecessor-version":[{"id":2657,"href":"https:\/\/seidel-props.de\/en\/wp-json\/wp\/v2\/pages\/1789\/revisions\/2657"}],"up":[{"embeddable":true,"href":"https:\/\/seidel-props.de\/en\/wp-json\/wp\/v2\/pages\/70"}],"wp:attachment":[{"href":"https:\/\/seidel-props.de\/en\/wp-json\/wp\/v2\/media?parent=1789"}],"curies":[{"name":"wp","href":"https:\/\/api.w.org\/{rel}","templated":true}]}}