{"id":1914,"date":"2021-07-17T11:13:43","date_gmt":"2021-07-17T09:13:43","guid":{"rendered":"https:\/\/seidel-props.de\/?page_id=1914"},"modified":"2022-07-12T17:58:03","modified_gmt":"2022-07-12T15:58:03","slug":"produktuebersicht","status":"publish","type":"page","link":"https:\/\/seidel-props.de\/en\/produktuebersicht\/","title":{"rendered":"Produkt\u00fcbersicht"},"content":{"rendered":"\n<p><strong>Produkt\u00fcbersicht<\/strong><\/p>\n\n\n\n<p>Auf dieser Seite geben wir Ihnen einen \u00dcberblick, welche Produkte wir herstellen und was Sie bei uns alles erwerben k\u00f6nnen. Bitte klicken Sie einfach auf den blau unterlegten Text, um zum jeweiligen Thema weitere Informationen zu erhalten. Zum Vergr\u00f6\u00dfern bitte Bilder anklicken.<\/p>\n\n\n\n<ul class=\"wp-block-list\"><li>In erster Linie stellen wir zweckoptimierte oder <a rel=\"noreferrer noopener\" href=\"https:\/\/seidel-props.de\/scale-props\/\" data-type=\"URL\" data-id=\"https:\/\/seidel-props.de\/scale-props\/\" target=\"_blank\">vorbildgetreue Propeller<\/a> her.<\/li><\/ul>\n\n\n<div class=\"wp-block-image\">\n<figure class=\"aligncenter size-large is-resized\"><a href=\"https:\/\/seidel-props.de\/wp-content\/uploads\/2021\/07\/DSCF2826-scaled.jpg\"><img decoding=\"async\" src=\"https:\/\/seidel-props.de\/wp-content\/uploads\/2021\/07\/DSCF2826-1024x768.jpg\" alt=\"\" class=\"wp-image-1929\" width=\"300\" srcset=\"https:\/\/seidel-props.de\/wp-content\/uploads\/2021\/07\/DSCF2826-1024x768.jpg 1024w, https:\/\/seidel-props.de\/wp-content\/uploads\/2021\/07\/DSCF2826-300x225.jpg 300w, https:\/\/seidel-props.de\/wp-content\/uploads\/2021\/07\/DSCF2826-768x576.jpg 768w, https:\/\/seidel-props.de\/wp-content\/uploads\/2021\/07\/DSCF2826-1536x1152.jpg 1536w, https:\/\/seidel-props.de\/wp-content\/uploads\/2021\/07\/DSCF2826-2048x1536.jpg 2048w, https:\/\/seidel-props.de\/wp-content\/uploads\/2021\/07\/DSCF2826-1600x1200.jpg 1600w\" sizes=\"(max-width: 1024px) 100vw, 1024px\" \/><\/a><\/figure>\n<\/div>\n\n\n<p>Weiterhin entwickeln und produzieren wir jedoch auch Dinge, die den Bereich &#8220;Luftschraube&#8221; sinnvoll erg\u00e4nzen.<\/p>\n\n\n\n<p><\/p>\n\n\n\n<ul class=\"has-medium-font-size wp-block-list\"><li><a rel=\"noreferrer noopener\" href=\"https:\/\/seidel-props.de\/e-spx\/\" target=\"_blank\">Neu im Programm: E-SPX, der Power-Elektro-Planetengetriebe-Antrieb f\u00fcr Warbirds der 25kg-Klasse<\/a><\/li><\/ul>\n\n\n<div class=\"wp-block-image\">\n<figure class=\"aligncenter size-large is-resized\"><a href=\"https:\/\/seidel-props.de\/wp-content\/uploads\/2022\/07\/E-SPX-Seafury-21.jpg\"><img loading=\"lazy\" decoding=\"async\" src=\"https:\/\/seidel-props.de\/wp-content\/uploads\/2022\/07\/E-SPX-Seafury-21-1024x595.jpg\" alt=\"\" class=\"wp-image-2710\" width=\"512\" height=\"298\" srcset=\"https:\/\/seidel-props.de\/wp-content\/uploads\/2022\/07\/E-SPX-Seafury-21-1024x595.jpg 1024w, https:\/\/seidel-props.de\/wp-content\/uploads\/2022\/07\/E-SPX-Seafury-21-300x174.jpg 300w, https:\/\/seidel-props.de\/wp-content\/uploads\/2022\/07\/E-SPX-Seafury-21-768x446.jpg 768w, https:\/\/seidel-props.de\/wp-content\/uploads\/2022\/07\/E-SPX-Seafury-21.jpg 1114w\" sizes=\"auto, (max-width: 512px) 100vw, 512px\" \/><\/a><\/figure>\n<\/div>\n\n\n<ul class=\"wp-block-list\"><li><a rel=\"noreferrer noopener\" href=\"https:\/\/seidel-props.de\/sp-250-x-beschreibung\/\" data-type=\"URL\" data-id=\"https:\/\/seidel-props.de\/sp-250-x-beschreibung\/\" target=\"_blank\">SP-250-X, das Planetengetriebe f\u00fcr den Moki S250<\/a><\/li><\/ul>\n\n\n<div class=\"wp-block-image\">\n<figure class=\"aligncenter size-large is-resized\"><a href=\"https:\/\/seidel-props.de\/wp-content\/uploads\/2020\/09\/SP-250-X-7-scaled.jpg\"><img decoding=\"async\" src=\"https:\/\/seidel-props.de\/wp-content\/uploads\/2020\/09\/SP-250-X-7-1024x768.jpg\" alt=\"\" class=\"wp-image-1250\" width=\"200\" srcset=\"https:\/\/seidel-props.de\/wp-content\/uploads\/2020\/09\/SP-250-X-7-1024x768.jpg 1024w, https:\/\/seidel-props.de\/wp-content\/uploads\/2020\/09\/SP-250-X-7-300x225.jpg 300w, https:\/\/seidel-props.de\/wp-content\/uploads\/2020\/09\/SP-250-X-7-768x576.jpg 768w, https:\/\/seidel-props.de\/wp-content\/uploads\/2020\/09\/SP-250-X-7-1536x1152.jpg 1536w, https:\/\/seidel-props.de\/wp-content\/uploads\/2020\/09\/SP-250-X-7-2048x1536.jpg 2048w, https:\/\/seidel-props.de\/wp-content\/uploads\/2020\/09\/SP-250-X-7-1600x1200.jpg 1600w\" sizes=\"(max-width: 1024px) 100vw, 1024px\" \/><\/a><\/figure>\n<\/div>\n\n\n<ul class=\"wp-block-list\"><li><a href=\"https:\/\/seidel-props.de\/engine-mount-system\/\" data-type=\"URL\" data-id=\"https:\/\/seidel-props.de\/engine-mount-system\/\" target=\"_blank\" rel=\"noreferrer noopener\">Engine-Mount-System, der Motortr\u00e4ger-Bausatz f\u00fcr den Moki S250<\/a><\/li><\/ul>\n\n\n<div class=\"wp-block-image\">\n<figure class=\"aligncenter size-large is-resized\"><a href=\"https:\/\/seidel-props.de\/wp-content\/uploads\/2019\/09\/sp250x02.gif\"><img decoding=\"async\" src=\"https:\/\/seidel-props.de\/wp-content\/uploads\/2019\/09\/sp250x02.gif\" alt=\"\" class=\"wp-image-41\" width=\"200\"\/><\/a><\/figure>\n<\/div>\n\n\n<ul class=\"wp-block-list\"><li><a href=\"https:\/\/seidel-props.de\/super-scale-spinnerset\/\" data-type=\"URL\" data-id=\"https:\/\/seidel-props.de\/super-scale-spinnerset\/\" target=\"_blank\" rel=\"noreferrer noopener\">Super-Scale-Spinnersets, hochwertige Spinnersets f\u00fcr verschiedene Motoren und Flugzeugtypen<\/a><\/li><\/ul>\n\n\n<div class=\"wp-block-image\">\n<figure class=\"aligncenter size-large is-resized\"><a href=\"https:\/\/seidel-props.de\/wp-content\/uploads\/2021\/07\/Spinnersets.jpg\"><img decoding=\"async\" src=\"https:\/\/seidel-props.de\/wp-content\/uploads\/2021\/07\/Spinnersets.jpg\" alt=\"\" class=\"wp-image-1916\" width=\"200\" srcset=\"https:\/\/seidel-props.de\/wp-content\/uploads\/2021\/07\/Spinnersets.jpg 800w, https:\/\/seidel-props.de\/wp-content\/uploads\/2021\/07\/Spinnersets-300x225.jpg 300w, https:\/\/seidel-props.de\/wp-content\/uploads\/2021\/07\/Spinnersets-768x576.jpg 768w\" sizes=\"(max-width: 800px) 100vw, 800px\" \/><\/a><\/figure>\n<\/div>\n\n\n<ul class=\"wp-block-list\"><li><a href=\"https:\/\/seidel-props.de\/news-und-projekte\/neu-prop-blade-cover\/\" data-type=\"URL\" data-id=\"https:\/\/seidel-props.de\/news-und-projekte\/neu-prop-blade-cover\/\" target=\"_blank\" rel=\"noreferrer noopener\">Prop-Blade-Cover, Schutzh\u00fcllen f\u00fcr Propellerbl\u00e4tter<\/a><\/li><\/ul>\n\n\n<div class=\"wp-block-image\">\n<figure class=\"aligncenter size-large is-resized\"><a href=\"https:\/\/seidel-props.de\/wp-content\/uploads\/2021\/07\/34x175_Fokker-2.jpg\"><img decoding=\"async\" src=\"https:\/\/seidel-props.de\/wp-content\/uploads\/2021\/07\/34x175_Fokker-2-1024x768.jpg\" alt=\"\" class=\"wp-image-1787\" width=\"200\" srcset=\"https:\/\/seidel-props.de\/wp-content\/uploads\/2021\/07\/34x175_Fokker-2-1024x768.jpg 1024w, https:\/\/seidel-props.de\/wp-content\/uploads\/2021\/07\/34x175_Fokker-2-300x225.jpg 300w, https:\/\/seidel-props.de\/wp-content\/uploads\/2021\/07\/34x175_Fokker-2-768x576.jpg 768w, https:\/\/seidel-props.de\/wp-content\/uploads\/2021\/07\/34x175_Fokker-2-1536x1152.jpg 1536w, https:\/\/seidel-props.de\/wp-content\/uploads\/2021\/07\/34x175_Fokker-2-2048x1536.jpg 2048w, https:\/\/seidel-props.de\/wp-content\/uploads\/2021\/07\/34x175_Fokker-2-1600x1200.jpg 1600w\" sizes=\"(max-width: 1024px) 100vw, 1024px\" \/><\/a><\/figure>\n<\/div>\n\n\n<ul class=\"wp-block-list\"><li><a href=\"https:\/\/seidel-props.de\/handgefertigte-ww2-pilotenpuppen-im-massstab-14\/\" data-type=\"URL\" data-id=\"https:\/\/seidel-props.de\/handgefertigte-ww2-pilotenpuppen-im-massstab-14\/\" target=\"_blank\" rel=\"noreferrer noopener\">Pilotenpuppen WWII im Ma\u00dfstab 1:4<\/a><\/li><\/ul>\n\n\n<div class=\"wp-block-image\">\n<figure class=\"aligncenter size-large is-resized\"><a href=\"https:\/\/seidel-props.de\/wp-content\/uploads\/2020\/02\/Pilotenpuppen.jpg\"><img decoding=\"async\" src=\"https:\/\/seidel-props.de\/wp-content\/uploads\/2020\/02\/Pilotenpuppen-733x1024.jpg\" alt=\"\" class=\"wp-image-996\" width=\"200\" srcset=\"https:\/\/seidel-props.de\/wp-content\/uploads\/2020\/02\/Pilotenpuppen-733x1024.jpg 733w, https:\/\/seidel-props.de\/wp-content\/uploads\/2020\/02\/Pilotenpuppen-215x300.jpg 215w, https:\/\/seidel-props.de\/wp-content\/uploads\/2020\/02\/Pilotenpuppen-768x1073.jpg 768w, https:\/\/seidel-props.de\/wp-content\/uploads\/2020\/02\/Pilotenpuppen-1100x1536.jpg 1100w, https:\/\/seidel-props.de\/wp-content\/uploads\/2020\/02\/Pilotenpuppen.jpg 1348w\" sizes=\"(max-width: 733px) 100vw, 733px\" \/><\/a><\/figure>\n<\/div>\n\n\n<ul class=\"wp-block-list\"><li><a rel=\"noreferrer noopener\" href=\"https:\/\/seidel-props.de\/motorservice-staender\/\" data-type=\"URL\" data-id=\"https:\/\/seidel-props.de\/motorservice-staender\/\" target=\"_blank\">Motorservice-St\u00e4nder<\/a><\/li><\/ul>\n\n\n<div class=\"wp-block-image\">\n<figure class=\"aligncenter size-large is-resized\"><a href=\"https:\/\/seidel-props.de\/wp-content\/uploads\/2021\/07\/Multi-Use-Engine-Stud-40-scaled.jpg\"><img decoding=\"async\" src=\"https:\/\/seidel-props.de\/wp-content\/uploads\/2021\/07\/Multi-Use-Engine-Stud-40-1024x768.jpg\" alt=\"\" class=\"wp-image-1917\" width=\"200\" srcset=\"https:\/\/seidel-props.de\/wp-content\/uploads\/2021\/07\/Multi-Use-Engine-Stud-40-1024x768.jpg 1024w, https:\/\/seidel-props.de\/wp-content\/uploads\/2021\/07\/Multi-Use-Engine-Stud-40-300x225.jpg 300w, https:\/\/seidel-props.de\/wp-content\/uploads\/2021\/07\/Multi-Use-Engine-Stud-40-768x576.jpg 768w, https:\/\/seidel-props.de\/wp-content\/uploads\/2021\/07\/Multi-Use-Engine-Stud-40-1536x1152.jpg 1536w, https:\/\/seidel-props.de\/wp-content\/uploads\/2021\/07\/Multi-Use-Engine-Stud-40-2048x1536.jpg 2048w, https:\/\/seidel-props.de\/wp-content\/uploads\/2021\/07\/Multi-Use-Engine-Stud-40-1600x1200.jpg 1600w\" sizes=\"(max-width: 1024px) 100vw, 1024px\" \/><\/a><\/figure>\n<\/div>\n\n\n<ul class=\"wp-block-list\"><li><a href=\"https:\/\/seidel-props.de\/propeller-logos\/\" data-type=\"URL\" data-id=\"https:\/\/seidel-props.de\/propeller-logos\/\">Propeller-Logos, Decals f\u00fcr Propellerbl\u00e4tter<\/a><\/li><\/ul>\n\n\n<div class=\"wp-block-image\">\n<figure class=\"aligncenter size-large is-resized\"><a href=\"https:\/\/seidel-props.de\/wp-content\/uploads\/2021\/07\/P51-Mustang-2-scaled.jpg\"><img decoding=\"async\" src=\"https:\/\/seidel-props.de\/wp-content\/uploads\/2021\/07\/P51-Mustang-2-1024x768.jpg\" alt=\"\" class=\"wp-image-1918\" width=\"200\" srcset=\"https:\/\/seidel-props.de\/wp-content\/uploads\/2021\/07\/P51-Mustang-2-1024x768.jpg 1024w, https:\/\/seidel-props.de\/wp-content\/uploads\/2021\/07\/P51-Mustang-2-300x225.jpg 300w, https:\/\/seidel-props.de\/wp-content\/uploads\/2021\/07\/P51-Mustang-2-768x576.jpg 768w, https:\/\/seidel-props.de\/wp-content\/uploads\/2021\/07\/P51-Mustang-2-1536x1152.jpg 1536w, https:\/\/seidel-props.de\/wp-content\/uploads\/2021\/07\/P51-Mustang-2-2048x1536.jpg 2048w, https:\/\/seidel-props.de\/wp-content\/uploads\/2021\/07\/P51-Mustang-2-1600x1200.jpg 1600w\" sizes=\"(max-width: 1024px) 100vw, 1024px\" \/><\/a><\/figure>\n<\/div>\n\n\n<ul class=\"wp-block-list\"><li><a href=\"https:\/\/seidel-props.de\/sonderanfertigung\/\" data-type=\"URL\" data-id=\"https:\/\/seidel-props.de\/sonderanfertigung\/\" target=\"_blank\" rel=\"noreferrer noopener\">Sonderanfertigungen und Auftragsentwicklungen<\/a><\/li><\/ul>\n\n\n<div class=\"wp-block-image\">\n<figure class=\"aligncenter size-large is-resized\"><a href=\"https:\/\/seidel-props.de\/wp-content\/uploads\/2021\/07\/DSCF4809-scaled.jpg\"><img decoding=\"async\" src=\"https:\/\/seidel-props.de\/wp-content\/uploads\/2021\/07\/DSCF4809-1024x768.jpg\" alt=\"\" class=\"wp-image-1920\" width=\"200\" srcset=\"https:\/\/seidel-props.de\/wp-content\/uploads\/2021\/07\/DSCF4809-1024x768.jpg 1024w, https:\/\/seidel-props.de\/wp-content\/uploads\/2021\/07\/DSCF4809-300x225.jpg 300w, https:\/\/seidel-props.de\/wp-content\/uploads\/2021\/07\/DSCF4809-768x576.jpg 768w, https:\/\/seidel-props.de\/wp-content\/uploads\/2021\/07\/DSCF4809-1536x1152.jpg 1536w, https:\/\/seidel-props.de\/wp-content\/uploads\/2021\/07\/DSCF4809-2048x1536.jpg 2048w, https:\/\/seidel-props.de\/wp-content\/uploads\/2021\/07\/DSCF4809-1600x1200.jpg 1600w\" sizes=\"(max-width: 1024px) 100vw, 1024px\" \/><\/a><\/figure>\n<\/div>\n\n\n<p><strong>Geschenkideen f\u00fcr alle Anl\u00e4sse<\/strong><\/p>\n\n\n\n<p>Zudem geben wir Ihnen einen kleinen \u00dcberblick, was sich durch die M\u00f6glichkeit des CNC-Fr\u00e4sens gepaart mit viel Kreativit\u00e4t noch so alles herstellen l\u00e4\u00dft.<\/p>\n\n\n\n<p>Ob zum Jubil\u00e4um f\u00fcr den Vereinskollegen oder die verst\u00e4ndnissvolle Ehefrau, wir haben viele verschiedene Geschenktips f\u00fcr Sie. Der n\u00e4chste Anlass kommt meist schneller, als erwartet! Und vor allem v\u00f6llig ohne Vorank\u00fcndigung!<\/p>\n\n\n\n<p>Aus pers\u00f6nlicher Erfahrung kann ich sagen: Besser man hat zu fr\u00fch an ein Geschenk f\u00fcr die liebe Ehefrau gedacht als&#8230;! <\/p>\n\n\n\n<p>Zugegeben: Blumen k\u00f6nnen vieles wieder gerader\u00fccken, aber&#8230;<\/p>\n\n\n\n<p>&#8230; meist hat der Blumenladen 5min vor dem Geburtstag schon zu!<\/p>\n\n\n\n<p><strong>Und an alle Pilotenfrauen: Es muss nicht immer irgendein Propeller oder ein 5L-Kanister feinsten Flugzeugsprits f\u00fcr IHN zu Weihnachten sein. Irgendwann ist das auch langweilig \ud83d\ude09<\/strong><\/p>\n\n\n\n<ul class=\"wp-block-list\"><li><a href=\"https:\/\/seidel-props.de\/kupferbilder\/\" data-type=\"URL\" data-id=\"https:\/\/seidel-props.de\/kupferbilder\/\" target=\"_blank\" rel=\"noreferrer noopener\">Kupferbilder<\/a><\/li><\/ul>\n\n\n<div class=\"wp-block-image\">\n<figure class=\"aligncenter size-large is-resized\"><a href=\"https:\/\/seidel-props.de\/wp-content\/uploads\/2021\/07\/20210717_110317-scaled.jpg\"><img decoding=\"async\" src=\"https:\/\/seidel-props.de\/wp-content\/uploads\/2021\/07\/20210717_110317-1024x768.jpg\" alt=\"\" class=\"wp-image-1921\" width=\"200\" srcset=\"https:\/\/seidel-props.de\/wp-content\/uploads\/2021\/07\/20210717_110317-1024x768.jpg 1024w, https:\/\/seidel-props.de\/wp-content\/uploads\/2021\/07\/20210717_110317-300x225.jpg 300w, https:\/\/seidel-props.de\/wp-content\/uploads\/2021\/07\/20210717_110317-768x576.jpg 768w, https:\/\/seidel-props.de\/wp-content\/uploads\/2021\/07\/20210717_110317-1536x1152.jpg 1536w, https:\/\/seidel-props.de\/wp-content\/uploads\/2021\/07\/20210717_110317-2048x1536.jpg 2048w, https:\/\/seidel-props.de\/wp-content\/uploads\/2021\/07\/20210717_110317-1600x1200.jpg 1600w\" sizes=\"(max-width: 1024px) 100vw, 1024px\" \/><\/a><\/figure>\n<\/div>\n\n\n<ul class=\"wp-block-list\"><li><a href=\"https:\/\/seidel-props.de\/kerzenstaender\/\" data-type=\"URL\" data-id=\"https:\/\/seidel-props.de\/kerzenstaender\/\" target=\"_blank\" rel=\"noreferrer noopener\">Kerzenst\u00e4nder<\/a><\/li><\/ul>\n\n\n<div class=\"wp-block-image\">\n<figure class=\"aligncenter size-large is-resized\"><a href=\"https:\/\/seidel-props.de\/wp-content\/uploads\/2020\/11\/Kerzenstaender-Saeule-5-scaled.jpg\"><img decoding=\"async\" src=\"https:\/\/seidel-props.de\/wp-content\/uploads\/2020\/11\/Kerzenstaender-Saeule-5-768x1024.jpg\" alt=\"\" class=\"wp-image-1506\" width=\"200\" srcset=\"https:\/\/seidel-props.de\/wp-content\/uploads\/2020\/11\/Kerzenstaender-Saeule-5-768x1024.jpg 768w, https:\/\/seidel-props.de\/wp-content\/uploads\/2020\/11\/Kerzenstaender-Saeule-5-225x300.jpg 225w, https:\/\/seidel-props.de\/wp-content\/uploads\/2020\/11\/Kerzenstaender-Saeule-5-1152x1536.jpg 1152w, https:\/\/seidel-props.de\/wp-content\/uploads\/2020\/11\/Kerzenstaender-Saeule-5-1536x2048.jpg 1536w, https:\/\/seidel-props.de\/wp-content\/uploads\/2020\/11\/Kerzenstaender-Saeule-5-1600x2133.jpg 1600w, https:\/\/seidel-props.de\/wp-content\/uploads\/2020\/11\/Kerzenstaender-Saeule-5-scaled.jpg 1920w\" sizes=\"(max-width: 768px) 100vw, 768px\" \/><\/a><\/figure>\n<\/div>\n\n\n<ul class=\"wp-block-list\"><li><a href=\"https:\/\/seidel-props.de\/schalen\/\" data-type=\"URL\" data-id=\"https:\/\/seidel-props.de\/schalen\/\" target=\"_blank\" rel=\"noreferrer noopener\">Schalen<\/a><\/li><\/ul>\n\n\n<div class=\"wp-block-image\">\n<figure class=\"aligncenter size-large is-resized\"><a href=\"https:\/\/seidel-props.de\/wp-content\/uploads\/2020\/11\/Schale-Hirsch-6-scaled.jpg\"><img decoding=\"async\" src=\"https:\/\/seidel-props.de\/wp-content\/uploads\/2020\/11\/Schale-Hirsch-6-1024x768.jpg\" alt=\"\" class=\"wp-image-1408\" width=\"200\" srcset=\"https:\/\/seidel-props.de\/wp-content\/uploads\/2020\/11\/Schale-Hirsch-6-1024x768.jpg 1024w, https:\/\/seidel-props.de\/wp-content\/uploads\/2020\/11\/Schale-Hirsch-6-300x225.jpg 300w, https:\/\/seidel-props.de\/wp-content\/uploads\/2020\/11\/Schale-Hirsch-6-768x576.jpg 768w, https:\/\/seidel-props.de\/wp-content\/uploads\/2020\/11\/Schale-Hirsch-6-1536x1152.jpg 1536w, https:\/\/seidel-props.de\/wp-content\/uploads\/2020\/11\/Schale-Hirsch-6-2048x1536.jpg 2048w, https:\/\/seidel-props.de\/wp-content\/uploads\/2020\/11\/Schale-Hirsch-6-1600x1200.jpg 1600w\" sizes=\"(max-width: 1024px) 100vw, 1024px\" \/><\/a><\/figure>\n<\/div>\n\n\n<ul class=\"wp-block-list\"><li><a href=\"https:\/\/seidel-props.de\/untersetzer\/\" data-type=\"URL\" data-id=\"https:\/\/seidel-props.de\/untersetzer\/\" target=\"_blank\" rel=\"noreferrer noopener\">Untersetzer<\/a><\/li><\/ul>\n\n\n<div class=\"wp-block-image\">\n<figure class=\"aligncenter size-large is-resized\"><a href=\"https:\/\/seidel-props.de\/wp-content\/uploads\/2020\/11\/Untersetzer-Stern-3-scaled.jpg\"><img decoding=\"async\" src=\"https:\/\/seidel-props.de\/wp-content\/uploads\/2020\/11\/Untersetzer-Stern-3-1024x768.jpg\" alt=\"\" class=\"wp-image-1609\" width=\"200\" srcset=\"https:\/\/seidel-props.de\/wp-content\/uploads\/2020\/11\/Untersetzer-Stern-3-1024x768.jpg 1024w, https:\/\/seidel-props.de\/wp-content\/uploads\/2020\/11\/Untersetzer-Stern-3-300x225.jpg 300w, https:\/\/seidel-props.de\/wp-content\/uploads\/2020\/11\/Untersetzer-Stern-3-768x576.jpg 768w, https:\/\/seidel-props.de\/wp-content\/uploads\/2020\/11\/Untersetzer-Stern-3-1536x1152.jpg 1536w, https:\/\/seidel-props.de\/wp-content\/uploads\/2020\/11\/Untersetzer-Stern-3-2048x1536.jpg 2048w, https:\/\/seidel-props.de\/wp-content\/uploads\/2020\/11\/Untersetzer-Stern-3-1600x1200.jpg 1600w\" sizes=\"(max-width: 1024px) 100vw, 1024px\" \/><\/a><\/figure>\n<\/div>\n\n\n<ul class=\"wp-block-list\"><li><a href=\"https:\/\/seidel-props.de\/hausnummer\/\" data-type=\"URL\" data-id=\"https:\/\/seidel-props.de\/hausnummer\/\" target=\"_blank\" rel=\"noreferrer noopener\">Gravierte Schilder<\/a><\/li><\/ul>\n\n\n<div class=\"wp-block-image\">\n<figure class=\"aligncenter size-large is-resized\"><a href=\"https:\/\/seidel-props.de\/wp-content\/uploads\/2020\/11\/Hausnummer-4-scaled.jpg\"><img decoding=\"async\" src=\"https:\/\/seidel-props.de\/wp-content\/uploads\/2020\/11\/Hausnummer-4-1024x768.jpg\" alt=\"\" class=\"wp-image-1652\" width=\"200\" srcset=\"https:\/\/seidel-props.de\/wp-content\/uploads\/2020\/11\/Hausnummer-4-1024x768.jpg 1024w, https:\/\/seidel-props.de\/wp-content\/uploads\/2020\/11\/Hausnummer-4-300x225.jpg 300w, https:\/\/seidel-props.de\/wp-content\/uploads\/2020\/11\/Hausnummer-4-768x576.jpg 768w, https:\/\/seidel-props.de\/wp-content\/uploads\/2020\/11\/Hausnummer-4-1536x1152.jpg 1536w, https:\/\/seidel-props.de\/wp-content\/uploads\/2020\/11\/Hausnummer-4-2048x1536.jpg 2048w, https:\/\/seidel-props.de\/wp-content\/uploads\/2020\/11\/Hausnummer-4-1600x1200.jpg 1600w\" sizes=\"(max-width: 1024px) 100vw, 1024px\" \/><\/a><\/figure>\n<\/div>\n\n\n<ul class=\"wp-block-list\"><li><a href=\"https:\/\/seidel-props.de\/halbmodelle-von-segelbooten\/\" data-type=\"URL\" data-id=\"https:\/\/seidel-props.de\/halbmodelle-von-segelbooten\/\" target=\"_blank\" rel=\"noreferrer noopener\">Halbmodelle von Segelbooten<\/a><\/li><\/ul>\n\n\n<div class=\"wp-block-image\">\n<figure class=\"aligncenter size-large is-resized\"><a href=\"https:\/\/seidel-props.de\/wp-content\/uploads\/2021\/07\/Halbmodell.gif\"><img decoding=\"async\" src=\"https:\/\/seidel-props.de\/wp-content\/uploads\/2021\/07\/Halbmodell-1024x630.gif\" alt=\"\" class=\"wp-image-1922\" width=\"200\" srcset=\"https:\/\/seidel-props.de\/wp-content\/uploads\/2021\/07\/Halbmodell-1024x630.gif 1024w, https:\/\/seidel-props.de\/wp-content\/uploads\/2021\/07\/Halbmodell-300x185.gif 300w, https:\/\/seidel-props.de\/wp-content\/uploads\/2021\/07\/Halbmodell-768x473.gif 768w, https:\/\/seidel-props.de\/wp-content\/uploads\/2021\/07\/Halbmodell-1536x945.gif 1536w, https:\/\/seidel-props.de\/wp-content\/uploads\/2021\/07\/Halbmodell-2048x1261.gif 2048w, https:\/\/seidel-props.de\/wp-content\/uploads\/2021\/07\/Halbmodell-1600x985.gif 1600w\" sizes=\"(max-width: 1024px) 100vw, 1024px\" \/><\/a><\/figure>\n<\/div>","protected":false},"excerpt":{"rendered":"<p>Produkt\u00fcbersicht Auf dieser Seite geben wir Ihnen einen \u00dcberblick, welche Produkte wir herstellen und was Sie bei uns alles erwerben&hellip;<\/p>\n","protected":false},"author":1,"featured_media":0,"parent":0,"menu_order":0,"comment_status":"closed","ping_status":"closed","template":"","meta":{"ngg_post_thumbnail":0,"footnotes":""},"class_list":["post-1914","page","type-page","status-publish","hentry"],"translation":{"provider":"WPGlobus","version":"2.10.0","language":"en","enabled_languages":["de","en"],"languages":{"de":{"title":true,"content":true,"excerpt":false},"en":{"title":false,"content":false,"excerpt":false}}},"_links":{"self":[{"href":"https:\/\/seidel-props.de\/en\/wp-json\/wp\/v2\/pages\/1914","targetHints":{"allow":["GET"]}}],"collection":[{"href":"https:\/\/seidel-props.de\/en\/wp-json\/wp\/v2\/pages"}],"about":[{"href":"https:\/\/seidel-props.de\/en\/wp-json\/wp\/v2\/types\/page"}],"author":[{"embeddable":true,"href":"https:\/\/seidel-props.de\/en\/wp-json\/wp\/v2\/users\/1"}],"replies":[{"embeddable":true,"href":"https:\/\/seidel-props.de\/en\/wp-json\/wp\/v2\/comments?post=1914"}],"version-history":[{"count":32,"href":"https:\/\/seidel-props.de\/en\/wp-json\/wp\/v2\/pages\/1914\/revisions"}],"predecessor-version":[{"id":2716,"href":"https:\/\/seidel-props.de\/en\/wp-json\/wp\/v2\/pages\/1914\/revisions\/2716"}],"wp:attachment":[{"href":"https:\/\/seidel-props.de\/en\/wp-json\/wp\/v2\/media?parent=1914"}],"curies":[{"name":"wp","href":"https:\/\/api.w.org\/{rel}","templated":true}]}}