{"id":1935,"date":"2021-07-17T12:17:24","date_gmt":"2021-07-17T10:17:24","guid":{"rendered":"https:\/\/seidel-props.de\/?page_id=1935"},"modified":"2021-07-17T13:02:22","modified_gmt":"2021-07-17T11:02:22","slug":"engine-mount-system","status":"publish","type":"page","link":"https:\/\/seidel-props.de\/en\/engine-mount-system\/","title":{"rendered":"Engine Mount System"},"content":{"rendered":"\n<p><strong>Engine Mount System<\/strong><\/p>\n\n\n\n<p>Schwingungsd\u00e4mpfendes Motortr\u00e4gersystem<\/p>\n\n\n\n<figure class=\"wp-block-gallery columns-2 is-cropped wp-block-gallery-1 is-layout-flex wp-block-gallery-is-layout-flex\"><ul class=\"blocks-gallery-grid\"><li class=\"blocks-gallery-item\"><figure><a href=\"https:\/\/seidel-props.de\/wp-content\/uploads\/2021\/07\/098-scaled.jpg\"><img loading=\"lazy\" decoding=\"async\" width=\"1024\" height=\"768\" src=\"https:\/\/seidel-props.de\/wp-content\/uploads\/2021\/07\/098-1024x768.jpg\" alt=\"\" data-id=\"1938\" data-full-url=\"https:\/\/seidel-props.de\/wp-content\/uploads\/2021\/07\/098-scaled.jpg\" data-link=\"https:\/\/seidel-props.de\/engine-mount-system\/attachment\/098\/\" class=\"wp-image-1938\" srcset=\"https:\/\/seidel-props.de\/wp-content\/uploads\/2021\/07\/098-1024x768.jpg 1024w, https:\/\/seidel-props.de\/wp-content\/uploads\/2021\/07\/098-300x225.jpg 300w, https:\/\/seidel-props.de\/wp-content\/uploads\/2021\/07\/098-768x576.jpg 768w, https:\/\/seidel-props.de\/wp-content\/uploads\/2021\/07\/098-1536x1152.jpg 1536w, https:\/\/seidel-props.de\/wp-content\/uploads\/2021\/07\/098-2048x1536.jpg 2048w, https:\/\/seidel-props.de\/wp-content\/uploads\/2021\/07\/098-1600x1200.jpg 1600w\" sizes=\"auto, (max-width: 1024px) 100vw, 1024px\" \/><\/a><\/figure><\/li><li class=\"blocks-gallery-item\"><figure><a href=\"https:\/\/seidel-props.de\/wp-content\/uploads\/2021\/07\/38x52_GAP-2-scaled.jpg\"><img loading=\"lazy\" decoding=\"async\" width=\"1024\" height=\"768\" src=\"https:\/\/seidel-props.de\/wp-content\/uploads\/2021\/07\/38x52_GAP-2-1024x768.jpg\" alt=\"\" data-id=\"1876\" data-full-url=\"https:\/\/seidel-props.de\/wp-content\/uploads\/2021\/07\/38x52_GAP-2-scaled.jpg\" data-link=\"https:\/\/seidel-props.de\/sp-250-x-weitere-infos\/attachment\/38x52_gap-2\/\" class=\"wp-image-1876\" srcset=\"https:\/\/seidel-props.de\/wp-content\/uploads\/2021\/07\/38x52_GAP-2-1024x768.jpg 1024w, https:\/\/seidel-props.de\/wp-content\/uploads\/2021\/07\/38x52_GAP-2-300x225.jpg 300w, https:\/\/seidel-props.de\/wp-content\/uploads\/2021\/07\/38x52_GAP-2-768x576.jpg 768w, https:\/\/seidel-props.de\/wp-content\/uploads\/2021\/07\/38x52_GAP-2-1536x1152.jpg 1536w, https:\/\/seidel-props.de\/wp-content\/uploads\/2021\/07\/38x52_GAP-2-2048x1536.jpg 2048w, https:\/\/seidel-props.de\/wp-content\/uploads\/2021\/07\/38x52_GAP-2-1600x1200.jpg 1600w\" sizes=\"auto, (max-width: 1024px) 100vw, 1024px\" \/><\/a><\/figure><\/li><\/ul><\/figure>\n\n\n\n<p><br><strong>Beschreibung<\/strong><br>Dieses Motortr\u00e4gersystem wurde entwickelt, um die Drehmomentschwingungen des SP-250-X zu absorbieren und von der Rumpfzelle fernzuhalten. Der Tr\u00e4ger wurde f\u00fcr die Airworld Seafury 1:4,5 konzipiert, kann aber ebenso f\u00fcr andere Flugzeuge verwendet werden. Der Motortr\u00e4ger ersetzt den standardm\u00e4\u00dfigen Motordom, der bei Airworld bezogen werden kann.<br>Das Engine Mount System eignet sich jedoch ebenso gut f\u00fcr den Moki 250 im Direktantrieb und bietet alle Vorteile wie f\u00fcr unseren SP-250-X Getriebeantrieb, die nachfolgend beschrieben werden.<\/p>\n\n\n\n<figure class=\"wp-block-image size-large\"><a href=\"https:\/\/seidel-props.de\/wp-content\/uploads\/2021\/07\/01.png\"><img loading=\"lazy\" decoding=\"async\" width=\"1024\" height=\"724\" src=\"https:\/\/seidel-props.de\/wp-content\/uploads\/2021\/07\/01-1024x724.png\" alt=\"\" class=\"wp-image-1941\" srcset=\"https:\/\/seidel-props.de\/wp-content\/uploads\/2021\/07\/01-1024x724.png 1024w, https:\/\/seidel-props.de\/wp-content\/uploads\/2021\/07\/01-300x212.png 300w, https:\/\/seidel-props.de\/wp-content\/uploads\/2021\/07\/01-768x543.png 768w, https:\/\/seidel-props.de\/wp-content\/uploads\/2021\/07\/01-1536x1086.png 1536w, https:\/\/seidel-props.de\/wp-content\/uploads\/2021\/07\/01-2048x1448.png 2048w, https:\/\/seidel-props.de\/wp-content\/uploads\/2021\/07\/01-1600x1132.png 1600w\" sizes=\"auto, (max-width: 1024px) 100vw, 1024px\" \/><\/a><\/figure>\n\n\n\n<p>Das Seidel-Props Engine Mount System ist eine komplexe 3D-Struktur, die aus hochwertigem feinschichtigem Flugzeugsperrholz gefertigt wurde.<br>Der Tr\u00e4ger bietet folgende Features:<\/p>\n\n\n\n<ul class=\"wp-block-list\"><li>Sehr hohe Kippsteifigkeit in senkrechter und waagrechter Richtung entlang der Motorachse<\/li><li>Optimierte elastische Federelemente erlauben Winkelbewegungen in Drehrichtung zur Verringerung der Drehmomentst\u00f6\u00dfe durch die Z\u00fcndungen.<\/li><li>Die Federsteifigkeit kann durch Einschraub-Distanzen variiert werden.<\/li><li>Motorsturz und Seitenzug sind bereits eingebaut und passen perfekt zur Seafury und anderen Flugzeugtypen.<\/li><li>Robuste und ausgiebig getestete Struktur f\u00fcr einen sicheren Motoranbau.<\/li><li>Die im Absturzfall zerbrechliche Struktur wirkt als Sollbruchstelle und sch\u00fctzt somit Getriebe und Motor vor zus\u00e4tzlichen Sch\u00e4den.<\/li><li>Gleiches Gesamtgewicht wie der originale Motordom mit Gummid\u00e4mpfungselementen.<\/li><\/ul>\n\n\n\n<div class=\"wp-block-file\"><a href=\"https:\/\/seidel-props.de\/wp-content\/uploads\/2021\/07\/Flyer-Engine-Mount_web.pdf\">Laden Sie hier die komplette Beschreibung als PDF herunter.<\/a><a href=\"https:\/\/seidel-props.de\/wp-content\/uploads\/2021\/07\/Flyer-Engine-Mount_web.pdf\" class=\"wp-block-file__button\" download>Herunterladen<\/a><\/div>\n\n\n\n<p><strong>Den vollst\u00e4ndigen Sperrholz-Bausatz bieten wir mit allen Schrauben und Beschlagteilen sowie Schraubendreher an. Als Bonus legen wir noch einen SUPER praktischen Ratschen-Ringschl\u00fcssel f\u00fcr die Motorverschraubung bei!<\/strong><\/p>\n\n\n\n<p><strong>Komplettpreis: 270,- Euro<\/strong><\/p>\n","protected":false},"excerpt":{"rendered":"<p>Engine Mount System Schwingungsd\u00e4mpfendes Motortr\u00e4gersystem BeschreibungDieses Motortr\u00e4gersystem wurde entwickelt, um die Drehmomentschwingungen des SP-250-X zu absorbieren und von der Rumpfzelle&hellip;<\/p>\n","protected":false},"author":1,"featured_media":0,"parent":0,"menu_order":0,"comment_status":"closed","ping_status":"closed","template":"","meta":{"ngg_post_thumbnail":0,"footnotes":""},"class_list":["post-1935","page","type-page","status-publish","hentry"],"translation":{"provider":"WPGlobus","version":"2.10.0","language":"en","enabled_languages":["de","en"],"languages":{"de":{"title":true,"content":true,"excerpt":false},"en":{"title":false,"content":false,"excerpt":false}}},"_links":{"self":[{"href":"https:\/\/seidel-props.de\/en\/wp-json\/wp\/v2\/pages\/1935","targetHints":{"allow":["GET"]}}],"collection":[{"href":"https:\/\/seidel-props.de\/en\/wp-json\/wp\/v2\/pages"}],"about":[{"href":"https:\/\/seidel-props.de\/en\/wp-json\/wp\/v2\/types\/page"}],"author":[{"embeddable":true,"href":"https:\/\/seidel-props.de\/en\/wp-json\/wp\/v2\/users\/1"}],"replies":[{"embeddable":true,"href":"https:\/\/seidel-props.de\/en\/wp-json\/wp\/v2\/comments?post=1935"}],"version-history":[{"count":9,"href":"https:\/\/seidel-props.de\/en\/wp-json\/wp\/v2\/pages\/1935\/revisions"}],"predecessor-version":[{"id":1954,"href":"https:\/\/seidel-props.de\/en\/wp-json\/wp\/v2\/pages\/1935\/revisions\/1954"}],"wp:attachment":[{"href":"https:\/\/seidel-props.de\/en\/wp-json\/wp\/v2\/media?parent=1935"}],"curies":[{"name":"wp","href":"https:\/\/api.w.org\/{rel}","templated":true}]}}