{"id":2124,"date":"2021-07-23T08:09:44","date_gmt":"2021-07-23T06:09:44","guid":{"rendered":"https:\/\/seidel-props.de\/?page_id=2124"},"modified":"2021-07-23T14:35:10","modified_gmt":"2021-07-23T12:35:10","slug":"at-6","status":"publish","type":"page","link":"https:\/\/seidel-props.de\/en\/at-6\/","title":{"rendered":"AT-6"},"content":{"rendered":"\n<p>AT-6, das meistgebaute amerikanische Schulungsflugzeug.<\/p>\n\n\n\n<!-- default-view.php -->\n<div\n\tclass=\"ngg-galleryoverview default-view \"\n\tid=\"ngg-gallery-8751d2537ad2112f164f6f4f95de07a6-1\">\n\n\t\t<!-- Thumbnails -->\n\t\t\t\t<div id=\"ngg-image-0\" class=\"ngg-gallery-thumbnail-box ngg-3-columns\" >\n\t\t\t\t        <div class=\"ngg-gallery-thumbnail\">\n            <a href=\"https:\/\/seidel-props.de\/wp-content\/gallery\/at-6\/at-6-_10.gif\"\n               title=\"\"\n               data-src=\"https:\/\/seidel-props.de\/wp-content\/gallery\/at-6\/at-6-_10.gif\"\n               data-thumbnail=\"https:\/\/seidel-props.de\/wp-content\/gallery\/at-6\/thumbs\/thumbs_at-6-_10.gif\"\n               data-image-id=\"356\"\n               data-title=\"at-6-_10\"\n               data-description=\"\"\n               data-image-slug=\"at-6-_10\"\n               class=\"ngg-simplelightbox\" rel=\"8751d2537ad2112f164f6f4f95de07a6\">\n                <img\n                    title=\"at-6-_10\"\n                    alt=\"at-6-_10\"\n                    src=\"https:\/\/seidel-props.de\/wp-content\/gallery\/at-6\/cache\/at-6-_10.gif-nggid03356-ngg0dyn-450x300x100-00f0w010c011r110f110r010t010.gif\"\n                    width=\"450\"\n                    height=\"300\"\n                    style=\"max-width:100%;\"\n                \/>\n            <\/a>\n        <\/div>\n\t\t\t\t\t\t\t<\/div> \n\t\t\t\n\t\t\t\t<div id=\"ngg-image-1\" class=\"ngg-gallery-thumbnail-box ngg-3-columns\" >\n\t\t\t\t        <div class=\"ngg-gallery-thumbnail\">\n            <a href=\"https:\/\/seidel-props.de\/wp-content\/gallery\/at-6\/at-6-_2.gif\"\n               title=\"\"\n               data-src=\"https:\/\/seidel-props.de\/wp-content\/gallery\/at-6\/at-6-_2.gif\"\n               data-thumbnail=\"https:\/\/seidel-props.de\/wp-content\/gallery\/at-6\/thumbs\/thumbs_at-6-_2.gif\"\n               data-image-id=\"348\"\n               data-title=\"at-6-_2\"\n               data-description=\"\"\n               data-image-slug=\"at-6-_2\"\n               class=\"ngg-simplelightbox\" rel=\"8751d2537ad2112f164f6f4f95de07a6\">\n                <img\n                    title=\"at-6-_2\"\n                    alt=\"at-6-_2\"\n                    src=\"https:\/\/seidel-props.de\/wp-content\/gallery\/at-6\/cache\/at-6-_2.gif-nggid03348-ngg0dyn-450x300x100-00f0w010c011r110f110r010t010.gif\"\n                    width=\"450\"\n                    height=\"300\"\n                    style=\"max-width:100%;\"\n                \/>\n            <\/a>\n        <\/div>\n\t\t\t\t\t\t\t<\/div> \n\t\t\t\n\t\t\t\t<div id=\"ngg-image-2\" class=\"ngg-gallery-thumbnail-box ngg-3-columns\" >\n\t\t\t\t        <div class=\"ngg-gallery-thumbnail\">\n            <a href=\"https:\/\/seidel-props.de\/wp-content\/gallery\/at-6\/at-6-_3.gif\"\n               title=\"\"\n               data-src=\"https:\/\/seidel-props.de\/wp-content\/gallery\/at-6\/at-6-_3.gif\"\n               data-thumbnail=\"https:\/\/seidel-props.de\/wp-content\/gallery\/at-6\/thumbs\/thumbs_at-6-_3.gif\"\n               data-image-id=\"349\"\n               data-title=\"at-6-_3\"\n               data-description=\"\"\n               data-image-slug=\"at-6-_3\"\n               class=\"ngg-simplelightbox\" rel=\"8751d2537ad2112f164f6f4f95de07a6\">\n                <img\n                    title=\"at-6-_3\"\n                    alt=\"at-6-_3\"\n                    src=\"https:\/\/seidel-props.de\/wp-content\/gallery\/at-6\/cache\/at-6-_3.gif-nggid03349-ngg0dyn-450x300x100-00f0w010c011r110f110r010t010.gif\"\n                    width=\"450\"\n                    height=\"300\"\n                    style=\"max-width:100%;\"\n                \/>\n            <\/a>\n        <\/div>\n\t\t\t\t\t\t\t<\/div> \n\t\t\t\n\t\t\t\t<div id=\"ngg-image-3\" class=\"ngg-gallery-thumbnail-box ngg-3-columns\" >\n\t\t\t\t        <div class=\"ngg-gallery-thumbnail\">\n            <a href=\"https:\/\/seidel-props.de\/wp-content\/gallery\/at-6\/at-6-_4.gif\"\n               title=\"\"\n               data-src=\"https:\/\/seidel-props.de\/wp-content\/gallery\/at-6\/at-6-_4.gif\"\n               data-thumbnail=\"https:\/\/seidel-props.de\/wp-content\/gallery\/at-6\/thumbs\/thumbs_at-6-_4.gif\"\n               data-image-id=\"350\"\n               data-title=\"at-6-_4\"\n               data-description=\"\"\n               data-image-slug=\"at-6-_4\"\n               class=\"ngg-simplelightbox\" rel=\"8751d2537ad2112f164f6f4f95de07a6\">\n                <img\n                    title=\"at-6-_4\"\n                    alt=\"at-6-_4\"\n                    src=\"https:\/\/seidel-props.de\/wp-content\/gallery\/at-6\/cache\/at-6-_4.gif-nggid03350-ngg0dyn-450x300x100-00f0w010c011r110f110r010t010.gif\"\n                    width=\"450\"\n                    height=\"300\"\n                    style=\"max-width:100%;\"\n                \/>\n            <\/a>\n        <\/div>\n\t\t\t\t\t\t\t<\/div> \n\t\t\t\n\t\t\t\t<div id=\"ngg-image-4\" class=\"ngg-gallery-thumbnail-box ngg-3-columns\" >\n\t\t\t\t        <div class=\"ngg-gallery-thumbnail\">\n            <a href=\"https:\/\/seidel-props.de\/wp-content\/gallery\/at-6\/at-6-_6.gif\"\n               title=\"\"\n               data-src=\"https:\/\/seidel-props.de\/wp-content\/gallery\/at-6\/at-6-_6.gif\"\n               data-thumbnail=\"https:\/\/seidel-props.de\/wp-content\/gallery\/at-6\/thumbs\/thumbs_at-6-_6.gif\"\n               data-image-id=\"352\"\n               data-title=\"at-6-_6\"\n               data-description=\"\"\n               data-image-slug=\"at-6-_6\"\n               class=\"ngg-simplelightbox\" rel=\"8751d2537ad2112f164f6f4f95de07a6\">\n                <img\n                    title=\"at-6-_6\"\n                    alt=\"at-6-_6\"\n                    src=\"https:\/\/seidel-props.de\/wp-content\/gallery\/at-6\/cache\/at-6-_6.gif-nggid03352-ngg0dyn-450x300x100-00f0w010c011r110f110r010t010.gif\"\n                    width=\"450\"\n                    height=\"300\"\n                    style=\"max-width:100%;\"\n                \/>\n            <\/a>\n        <\/div>\n\t\t\t\t\t\t\t<\/div> \n\t\t\t\n\t\t\t\t<div id=\"ngg-image-5\" class=\"ngg-gallery-thumbnail-box ngg-3-columns\" >\n\t\t\t\t        <div class=\"ngg-gallery-thumbnail\">\n            <a href=\"https:\/\/seidel-props.de\/wp-content\/gallery\/at-6\/AT-6-6.JPG\"\n               title=\"\"\n               data-src=\"https:\/\/seidel-props.de\/wp-content\/gallery\/at-6\/AT-6-6.JPG\"\n               data-thumbnail=\"https:\/\/seidel-props.de\/wp-content\/gallery\/at-6\/thumbs\/thumbs_AT-6-6.JPG\"\n               data-image-id=\"799\"\n               data-title=\"AT-6-6\"\n               data-description=\"\"\n               data-image-slug=\"at-6-6\"\n               class=\"ngg-simplelightbox\" rel=\"8751d2537ad2112f164f6f4f95de07a6\">\n                <img\n                    title=\"AT-6-6\"\n                    alt=\"AT-6-6\"\n                    src=\"https:\/\/seidel-props.de\/wp-content\/gallery\/at-6\/cache\/AT-6-6.JPG-nggid03799-ngg0dyn-450x300x100-00f0w010c011r110f110r010t010.JPG\"\n                    width=\"450\"\n                    height=\"300\"\n                    style=\"max-width:100%;\"\n                \/>\n            <\/a>\n        <\/div>\n\t\t\t\t\t\t\t<\/div> \n\t\t\t\n\t\t\t\t<div id=\"ngg-image-6\" class=\"ngg-gallery-thumbnail-box ngg-3-columns\" >\n\t\t\t\t        <div class=\"ngg-gallery-thumbnail\">\n            <a href=\"https:\/\/seidel-props.de\/wp-content\/gallery\/at-6\/AT-6-7.JPG\"\n               title=\"\"\n               data-src=\"https:\/\/seidel-props.de\/wp-content\/gallery\/at-6\/AT-6-7.JPG\"\n               data-thumbnail=\"https:\/\/seidel-props.de\/wp-content\/gallery\/at-6\/thumbs\/thumbs_AT-6-7.JPG\"\n               data-image-id=\"800\"\n               data-title=\"AT-6-7\"\n               data-description=\"\"\n               data-image-slug=\"at-6-7\"\n               class=\"ngg-simplelightbox\" rel=\"8751d2537ad2112f164f6f4f95de07a6\">\n                <img\n                    title=\"AT-6-7\"\n                    alt=\"AT-6-7\"\n                    src=\"https:\/\/seidel-props.de\/wp-content\/gallery\/at-6\/cache\/AT-6-7.JPG-nggid03800-ngg0dyn-450x300x100-00f0w010c011r110f110r010t010.JPG\"\n                    width=\"450\"\n                    height=\"300\"\n                    style=\"max-width:100%;\"\n                \/>\n            <\/a>\n        <\/div>\n\t\t\t\t\t\t\t<\/div> \n\t\t\t\n\t\t\t\t<div id=\"ngg-image-7\" class=\"ngg-gallery-thumbnail-box ngg-3-columns\" >\n\t\t\t\t        <div class=\"ngg-gallery-thumbnail\">\n            <a href=\"https:\/\/seidel-props.de\/wp-content\/gallery\/at-6\/AT-6-8.JPG\"\n               title=\"\"\n               data-src=\"https:\/\/seidel-props.de\/wp-content\/gallery\/at-6\/AT-6-8.JPG\"\n               data-thumbnail=\"https:\/\/seidel-props.de\/wp-content\/gallery\/at-6\/thumbs\/thumbs_AT-6-8.JPG\"\n               data-image-id=\"801\"\n               data-title=\"AT-6-8\"\n               data-description=\"\"\n               data-image-slug=\"at-6-8\"\n               class=\"ngg-simplelightbox\" rel=\"8751d2537ad2112f164f6f4f95de07a6\">\n                <img\n                    title=\"AT-6-8\"\n                    alt=\"AT-6-8\"\n                    src=\"https:\/\/seidel-props.de\/wp-content\/gallery\/at-6\/cache\/AT-6-8.JPG-nggid03801-ngg0dyn-450x300x100-00f0w010c011r110f110r010t010.JPG\"\n                    width=\"450\"\n                    height=\"300\"\n                    style=\"max-width:100%;\"\n                \/>\n            <\/a>\n        <\/div>\n\t\t\t\t\t\t\t<\/div> \n\t\t\t\n\t\t\t\t<div id=\"ngg-image-8\" class=\"ngg-gallery-thumbnail-box ngg-3-columns\" >\n\t\t\t\t        <div class=\"ngg-gallery-thumbnail\">\n            <a href=\"https:\/\/seidel-props.de\/wp-content\/gallery\/at-6\/AT-6-9.jpg\"\n               title=\"\"\n               data-src=\"https:\/\/seidel-props.de\/wp-content\/gallery\/at-6\/AT-6-9.jpg\"\n               data-thumbnail=\"https:\/\/seidel-props.de\/wp-content\/gallery\/at-6\/thumbs\/thumbs_AT-6-9.jpg\"\n               data-image-id=\"802\"\n               data-title=\"AT-6-9\"\n               data-description=\"\"\n               data-image-slug=\"at-6-9\"\n               class=\"ngg-simplelightbox\" rel=\"8751d2537ad2112f164f6f4f95de07a6\">\n                <img\n                    title=\"AT-6-9\"\n                    alt=\"AT-6-9\"\n                    src=\"https:\/\/seidel-props.de\/wp-content\/gallery\/at-6\/cache\/AT-6-9.jpg-nggid03802-ngg0dyn-450x300x100-00f0w010c011r110f110r010t010.jpg\"\n                    width=\"450\"\n                    height=\"300\"\n                    style=\"max-width:100%;\"\n                \/>\n            <\/a>\n        <\/div>\n\t\t\t\t\t\t\t<\/div> \n\t\t\t\n\t\n\t<br style=\"clear: both\" \/>\n\n\t\n\t\t<!-- Pagination -->\n\t<div class='ngg-clear'><\/div>\t<\/div>\n\n\n\n\n<p>Meist wurde der sternmotorgetriebene Tiefdecker ohne Spinnerhaube geflogen, so dass die Propellerverstellung frei sichtbar war.<\/p>\n\n\n\n<p>Die Nabe ist der gleiche Typ wie bei der GeeBee, die Blattform ist jedoch davon abweichend. Auch das passende Super-Scale-Spinnerset f\u00fcr unterschiedlichste Motorgr\u00f6\u00dfen haben wir im Programm.<\/p>\n","protected":false},"excerpt":{"rendered":"<p>AT-6, das meistgebaute amerikanische Schulungsflugzeug. Meist wurde der sternmotorgetriebene Tiefdecker ohne Spinnerhaube geflogen, so dass die Propellerverstellung frei sichtbar war.&hellip;<\/p>\n","protected":false},"author":1,"featured_media":0,"parent":0,"menu_order":0,"comment_status":"closed","ping_status":"closed","template":"","meta":{"ngg_post_thumbnail":0,"footnotes":""},"class_list":["post-2124","page","type-page","status-publish","hentry"],"translation":{"provider":"WPGlobus","version":"2.10.0","language":"en","enabled_languages":["de","en"],"languages":{"de":{"title":true,"content":true,"excerpt":false},"en":{"title":false,"content":false,"excerpt":false}}},"_links":{"self":[{"href":"https:\/\/seidel-props.de\/en\/wp-json\/wp\/v2\/pages\/2124","targetHints":{"allow":["GET"]}}],"collection":[{"href":"https:\/\/seidel-props.de\/en\/wp-json\/wp\/v2\/pages"}],"about":[{"href":"https:\/\/seidel-props.de\/en\/wp-json\/wp\/v2\/types\/page"}],"author":[{"embeddable":true,"href":"https:\/\/seidel-props.de\/en\/wp-json\/wp\/v2\/users\/1"}],"replies":[{"embeddable":true,"href":"https:\/\/seidel-props.de\/en\/wp-json\/wp\/v2\/comments?post=2124"}],"version-history":[{"count":6,"href":"https:\/\/seidel-props.de\/en\/wp-json\/wp\/v2\/pages\/2124\/revisions"}],"predecessor-version":[{"id":2137,"href":"https:\/\/seidel-props.de\/en\/wp-json\/wp\/v2\/pages\/2124\/revisions\/2137"}],"wp:attachment":[{"href":"https:\/\/seidel-props.de\/en\/wp-json\/wp\/v2\/media?parent=2124"}],"curies":[{"name":"wp","href":"https:\/\/api.w.org\/{rel}","templated":true}]}}