{"id":2148,"date":"2021-07-23T10:27:39","date_gmt":"2021-07-23T08:27:39","guid":{"rendered":"https:\/\/seidel-props.de\/?page_id=2148"},"modified":"2021-07-23T10:31:29","modified_gmt":"2021-07-23T08:31:29","slug":"beaver","status":"publish","type":"page","link":"https:\/\/seidel-props.de\/en\/beaver\/","title":{"rendered":"Beaver"},"content":{"rendered":"\n<p>De Havilland Beaver, der unzerst\u00f6rbare canadische Verbindungsflieger.<\/p>\n\n\n\n<!-- default-view.php -->\n<div\n\tclass=\"ngg-galleryoverview default-view \"\n\tid=\"ngg-gallery-788d8875d1234a2a04c71f3b48adbfef-1\">\n\n\t\t<!-- Thumbnails -->\n\t\t\t\t<div id=\"ngg-image-0\" class=\"ngg-gallery-thumbnail-box ngg-3-columns\" >\n\t\t\t\t        <div class=\"ngg-gallery-thumbnail\">\n            <a href=\"https:\/\/seidel-props.de\/wp-content\/gallery\/beaver\/beaver-1.gif\"\n               title=\"\"\n               data-src=\"https:\/\/seidel-props.de\/wp-content\/gallery\/beaver\/beaver-1.gif\"\n               data-thumbnail=\"https:\/\/seidel-props.de\/wp-content\/gallery\/beaver\/thumbs\/thumbs_beaver-1.gif\"\n               data-image-id=\"366\"\n               data-title=\"beaver-1\"\n               data-description=\"\"\n               data-image-slug=\"beaver-1\"\n               class=\"ngg-simplelightbox\" rel=\"788d8875d1234a2a04c71f3b48adbfef\">\n                <img\n                    title=\"beaver-1\"\n                    alt=\"beaver-1\"\n                    src=\"https:\/\/seidel-props.de\/wp-content\/gallery\/beaver\/cache\/beaver-1.gif-nggid03366-ngg0dyn-450x300x100-00f0w010c011r110f110r010t010.gif\"\n                    width=\"450\"\n                    height=\"300\"\n                    style=\"max-width:100%;\"\n                \/>\n            <\/a>\n        <\/div>\n\t\t\t\t\t\t\t<\/div> \n\t\t\t\n\t\t\t\t<div id=\"ngg-image-1\" class=\"ngg-gallery-thumbnail-box ngg-3-columns\" >\n\t\t\t\t        <div class=\"ngg-gallery-thumbnail\">\n            <a href=\"https:\/\/seidel-props.de\/wp-content\/gallery\/beaver\/Beaver-11.JPG\"\n               title=\"\"\n               data-src=\"https:\/\/seidel-props.de\/wp-content\/gallery\/beaver\/Beaver-11.JPG\"\n               data-thumbnail=\"https:\/\/seidel-props.de\/wp-content\/gallery\/beaver\/thumbs\/thumbs_Beaver-11.JPG\"\n               data-image-id=\"803\"\n               data-title=\"Beaver-11\"\n               data-description=\"\"\n               data-image-slug=\"beaver-11\"\n               class=\"ngg-simplelightbox\" rel=\"788d8875d1234a2a04c71f3b48adbfef\">\n                <img\n                    title=\"Beaver-11\"\n                    alt=\"Beaver-11\"\n                    src=\"https:\/\/seidel-props.de\/wp-content\/gallery\/beaver\/cache\/Beaver-11.JPG-nggid03803-ngg0dyn-450x300x100-00f0w010c011r110f110r010t010.JPG\"\n                    width=\"450\"\n                    height=\"300\"\n                    style=\"max-width:100%;\"\n                \/>\n            <\/a>\n        <\/div>\n\t\t\t\t\t\t\t<\/div> \n\t\t\t\n\t\t\t\t<div id=\"ngg-image-2\" class=\"ngg-gallery-thumbnail-box ngg-3-columns\" >\n\t\t\t\t        <div class=\"ngg-gallery-thumbnail\">\n            <a href=\"https:\/\/seidel-props.de\/wp-content\/gallery\/beaver\/Beaver-12.jpg\"\n               title=\"\"\n               data-src=\"https:\/\/seidel-props.de\/wp-content\/gallery\/beaver\/Beaver-12.jpg\"\n               data-thumbnail=\"https:\/\/seidel-props.de\/wp-content\/gallery\/beaver\/thumbs\/thumbs_Beaver-12.jpg\"\n               data-image-id=\"804\"\n               data-title=\"Beaver-12\"\n               data-description=\"\"\n               data-image-slug=\"beaver-12\"\n               class=\"ngg-simplelightbox\" rel=\"788d8875d1234a2a04c71f3b48adbfef\">\n                <img\n                    title=\"Beaver-12\"\n                    alt=\"Beaver-12\"\n                    src=\"https:\/\/seidel-props.de\/wp-content\/gallery\/beaver\/cache\/Beaver-12.jpg-nggid03804-ngg0dyn-450x300x100-00f0w010c011r110f110r010t010.jpg\"\n                    width=\"450\"\n                    height=\"300\"\n                    style=\"max-width:100%;\"\n                \/>\n            <\/a>\n        <\/div>\n\t\t\t\t\t\t\t<\/div> \n\t\t\t\n\t\t\t\t<div id=\"ngg-image-3\" class=\"ngg-gallery-thumbnail-box ngg-3-columns\" >\n\t\t\t\t        <div class=\"ngg-gallery-thumbnail\">\n            <a href=\"https:\/\/seidel-props.de\/wp-content\/gallery\/beaver\/Beaver-13.jpg\"\n               title=\"\"\n               data-src=\"https:\/\/seidel-props.de\/wp-content\/gallery\/beaver\/Beaver-13.jpg\"\n               data-thumbnail=\"https:\/\/seidel-props.de\/wp-content\/gallery\/beaver\/thumbs\/thumbs_Beaver-13.jpg\"\n               data-image-id=\"805\"\n               data-title=\"Beaver-13\"\n               data-description=\"\"\n               data-image-slug=\"beaver-13\"\n               class=\"ngg-simplelightbox\" rel=\"788d8875d1234a2a04c71f3b48adbfef\">\n                <img\n                    title=\"Beaver-13\"\n                    alt=\"Beaver-13\"\n                    src=\"https:\/\/seidel-props.de\/wp-content\/gallery\/beaver\/cache\/Beaver-13.jpg-nggid03805-ngg0dyn-450x300x100-00f0w010c011r110f110r010t010.jpg\"\n                    width=\"450\"\n                    height=\"300\"\n                    style=\"max-width:100%;\"\n                \/>\n            <\/a>\n        <\/div>\n\t\t\t\t\t\t\t<\/div> \n\t\t\t\n\t\t\t\t<div id=\"ngg-image-4\" class=\"ngg-gallery-thumbnail-box ngg-3-columns\" >\n\t\t\t\t        <div class=\"ngg-gallery-thumbnail\">\n            <a href=\"https:\/\/seidel-props.de\/wp-content\/gallery\/beaver\/beaver-2.gif\"\n               title=\"\"\n               data-src=\"https:\/\/seidel-props.de\/wp-content\/gallery\/beaver\/beaver-2.gif\"\n               data-thumbnail=\"https:\/\/seidel-props.de\/wp-content\/gallery\/beaver\/thumbs\/thumbs_beaver-2.gif\"\n               data-image-id=\"367\"\n               data-title=\"beaver-2\"\n               data-description=\"\"\n               data-image-slug=\"beaver-2\"\n               class=\"ngg-simplelightbox\" rel=\"788d8875d1234a2a04c71f3b48adbfef\">\n                <img\n                    title=\"beaver-2\"\n                    alt=\"beaver-2\"\n                    src=\"https:\/\/seidel-props.de\/wp-content\/gallery\/beaver\/cache\/beaver-2.gif-nggid03367-ngg0dyn-450x300x100-00f0w010c011r110f110r010t010.gif\"\n                    width=\"450\"\n                    height=\"300\"\n                    style=\"max-width:100%;\"\n                \/>\n            <\/a>\n        <\/div>\n\t\t\t\t\t\t\t<\/div> \n\t\t\t\n\t\t\t\t<div id=\"ngg-image-5\" class=\"ngg-gallery-thumbnail-box ngg-3-columns\" >\n\t\t\t\t        <div class=\"ngg-gallery-thumbnail\">\n            <a href=\"https:\/\/seidel-props.de\/wp-content\/gallery\/beaver\/Beaver-21.JPG\"\n               title=\"\"\n               data-src=\"https:\/\/seidel-props.de\/wp-content\/gallery\/beaver\/Beaver-21.JPG\"\n               data-thumbnail=\"https:\/\/seidel-props.de\/wp-content\/gallery\/beaver\/thumbs\/thumbs_Beaver-21.JPG\"\n               data-image-id=\"806\"\n               data-title=\"Beaver-21\"\n               data-description=\"\"\n               data-image-slug=\"beaver-21\"\n               class=\"ngg-simplelightbox\" rel=\"788d8875d1234a2a04c71f3b48adbfef\">\n                <img\n                    title=\"Beaver-21\"\n                    alt=\"Beaver-21\"\n                    src=\"https:\/\/seidel-props.de\/wp-content\/gallery\/beaver\/cache\/Beaver-21.JPG-nggid03806-ngg0dyn-450x300x100-00f0w010c011r110f110r010t010.JPG\"\n                    width=\"450\"\n                    height=\"300\"\n                    style=\"max-width:100%;\"\n                \/>\n            <\/a>\n        <\/div>\n\t\t\t\t\t\t\t<\/div> \n\t\t\t\n\t\t\t\t<div id=\"ngg-image-6\" class=\"ngg-gallery-thumbnail-box ngg-3-columns\" >\n\t\t\t\t        <div class=\"ngg-gallery-thumbnail\">\n            <a href=\"https:\/\/seidel-props.de\/wp-content\/gallery\/beaver\/beaver-4.gif\"\n               title=\"\"\n               data-src=\"https:\/\/seidel-props.de\/wp-content\/gallery\/beaver\/beaver-4.gif\"\n               data-thumbnail=\"https:\/\/seidel-props.de\/wp-content\/gallery\/beaver\/thumbs\/thumbs_beaver-4.gif\"\n               data-image-id=\"369\"\n               data-title=\"beaver-4\"\n               data-description=\"\"\n               data-image-slug=\"beaver-4\"\n               class=\"ngg-simplelightbox\" rel=\"788d8875d1234a2a04c71f3b48adbfef\">\n                <img\n                    title=\"beaver-4\"\n                    alt=\"beaver-4\"\n                    src=\"https:\/\/seidel-props.de\/wp-content\/gallery\/beaver\/cache\/beaver-4.gif-nggid03369-ngg0dyn-450x300x100-00f0w010c011r110f110r010t010.gif\"\n                    width=\"450\"\n                    height=\"300\"\n                    style=\"max-width:100%;\"\n                \/>\n            <\/a>\n        <\/div>\n\t\t\t\t\t\t\t<\/div> \n\t\t\t\n\t\t\t\t<div id=\"ngg-image-7\" class=\"ngg-gallery-thumbnail-box ngg-3-columns\" >\n\t\t\t\t        <div class=\"ngg-gallery-thumbnail\">\n            <a href=\"https:\/\/seidel-props.de\/wp-content\/gallery\/beaver\/beaver-5.gif\"\n               title=\"\"\n               data-src=\"https:\/\/seidel-props.de\/wp-content\/gallery\/beaver\/beaver-5.gif\"\n               data-thumbnail=\"https:\/\/seidel-props.de\/wp-content\/gallery\/beaver\/thumbs\/thumbs_beaver-5.gif\"\n               data-image-id=\"370\"\n               data-title=\"beaver-5\"\n               data-description=\"\"\n               data-image-slug=\"beaver-5\"\n               class=\"ngg-simplelightbox\" rel=\"788d8875d1234a2a04c71f3b48adbfef\">\n                <img\n                    title=\"beaver-5\"\n                    alt=\"beaver-5\"\n                    src=\"https:\/\/seidel-props.de\/wp-content\/gallery\/beaver\/cache\/beaver-5.gif-nggid03370-ngg0dyn-450x300x100-00f0w010c011r110f110r010t010.gif\"\n                    width=\"450\"\n                    height=\"300\"\n                    style=\"max-width:100%;\"\n                \/>\n            <\/a>\n        <\/div>\n\t\t\t\t\t\t\t<\/div> \n\t\t\t\n\t\t\t\t<div id=\"ngg-image-8\" class=\"ngg-gallery-thumbnail-box ngg-3-columns\" >\n\t\t\t\t        <div class=\"ngg-gallery-thumbnail\">\n            <a href=\"https:\/\/seidel-props.de\/wp-content\/gallery\/beaver\/beaver-6.gif\"\n               title=\"\"\n               data-src=\"https:\/\/seidel-props.de\/wp-content\/gallery\/beaver\/beaver-6.gif\"\n               data-thumbnail=\"https:\/\/seidel-props.de\/wp-content\/gallery\/beaver\/thumbs\/thumbs_beaver-6.gif\"\n               data-image-id=\"371\"\n               data-title=\"beaver-6\"\n               data-description=\"\"\n               data-image-slug=\"beaver-6\"\n               class=\"ngg-simplelightbox\" rel=\"788d8875d1234a2a04c71f3b48adbfef\">\n                <img\n                    title=\"beaver-6\"\n                    alt=\"beaver-6\"\n                    src=\"https:\/\/seidel-props.de\/wp-content\/gallery\/beaver\/cache\/beaver-6.gif-nggid03371-ngg0dyn-450x300x100-00f0w010c011r110f110r010t010.gif\"\n                    width=\"450\"\n                    height=\"300\"\n                    style=\"max-width:100%;\"\n                \/>\n            <\/a>\n        <\/div>\n\t\t\t\t\t\t\t<\/div> \n\t\t\t\n\t\t\t\t<div id=\"ngg-image-9\" class=\"ngg-gallery-thumbnail-box ngg-3-columns\" >\n\t\t\t\t        <div class=\"ngg-gallery-thumbnail\">\n            <a href=\"https:\/\/seidel-props.de\/wp-content\/gallery\/beaver\/beaver-7.gif\"\n               title=\"\"\n               data-src=\"https:\/\/seidel-props.de\/wp-content\/gallery\/beaver\/beaver-7.gif\"\n               data-thumbnail=\"https:\/\/seidel-props.de\/wp-content\/gallery\/beaver\/thumbs\/thumbs_beaver-7.gif\"\n               data-image-id=\"372\"\n               data-title=\"beaver-7\"\n               data-description=\"\"\n               data-image-slug=\"beaver-7\"\n               class=\"ngg-simplelightbox\" rel=\"788d8875d1234a2a04c71f3b48adbfef\">\n                <img\n                    title=\"beaver-7\"\n                    alt=\"beaver-7\"\n                    src=\"https:\/\/seidel-props.de\/wp-content\/gallery\/beaver\/cache\/beaver-7.gif-nggid03372-ngg0dyn-450x300x100-00f0w010c011r110f110r010t010.gif\"\n                    width=\"450\"\n                    height=\"300\"\n                    style=\"max-width:100%;\"\n                \/>\n            <\/a>\n        <\/div>\n\t\t\t\t\t\t\t<\/div> \n\t\t\t\n\t\t\t\t<div id=\"ngg-image-10\" class=\"ngg-gallery-thumbnail-box ngg-3-columns\" >\n\t\t\t\t        <div class=\"ngg-gallery-thumbnail\">\n            <a href=\"https:\/\/seidel-props.de\/wp-content\/gallery\/beaver\/beaver-8.gif\"\n               title=\"\"\n               data-src=\"https:\/\/seidel-props.de\/wp-content\/gallery\/beaver\/beaver-8.gif\"\n               data-thumbnail=\"https:\/\/seidel-props.de\/wp-content\/gallery\/beaver\/thumbs\/thumbs_beaver-8.gif\"\n               data-image-id=\"373\"\n               data-title=\"beaver-8\"\n               data-description=\"\"\n               data-image-slug=\"beaver-8\"\n               class=\"ngg-simplelightbox\" rel=\"788d8875d1234a2a04c71f3b48adbfef\">\n                <img\n                    title=\"beaver-8\"\n                    alt=\"beaver-8\"\n                    src=\"https:\/\/seidel-props.de\/wp-content\/gallery\/beaver\/cache\/beaver-8.gif-nggid03373-ngg0dyn-450x300x100-00f0w010c011r110f110r010t010.gif\"\n                    width=\"450\"\n                    height=\"300\"\n                    style=\"max-width:100%;\"\n                \/>\n            <\/a>\n        <\/div>\n\t\t\t\t\t\t\t<\/div> \n\t\t\t\n\t\t\t\t<div id=\"ngg-image-11\" class=\"ngg-gallery-thumbnail-box ngg-3-columns\" >\n\t\t\t\t        <div class=\"ngg-gallery-thumbnail\">\n            <a href=\"https:\/\/seidel-props.de\/wp-content\/gallery\/beaver\/beaver-9.gif\"\n               title=\"\"\n               data-src=\"https:\/\/seidel-props.de\/wp-content\/gallery\/beaver\/beaver-9.gif\"\n               data-thumbnail=\"https:\/\/seidel-props.de\/wp-content\/gallery\/beaver\/thumbs\/thumbs_beaver-9.gif\"\n               data-image-id=\"374\"\n               data-title=\"beaver-9\"\n               data-description=\"\"\n               data-image-slug=\"beaver-9\"\n               class=\"ngg-simplelightbox\" rel=\"788d8875d1234a2a04c71f3b48adbfef\">\n                <img\n                    title=\"beaver-9\"\n                    alt=\"beaver-9\"\n                    src=\"https:\/\/seidel-props.de\/wp-content\/gallery\/beaver\/cache\/beaver-9.gif-nggid03374-ngg0dyn-450x300x100-00f0w010c011r110f110r010t010.gif\"\n                    width=\"450\"\n                    height=\"300\"\n                    style=\"max-width:100%;\"\n                \/>\n            <\/a>\n        <\/div>\n\t\t\t\t\t\t\t<\/div> \n\t\t\t\n\t\n\t<br style=\"clear: both\" \/>\n\n\t\n\t\t<!-- Pagination -->\n\t<div class='ngg-clear'><\/div>\t<\/div>\n\n\n\n\n<p>Die Beaver wurde in unterschiedlichsten Konfigurationen eingesetzt: Ob mit Schwimmern, Skis oder R\u00e4derfahrwerk. Ebenso vielf\u00e4ltig ist die Kombination der Antriebe.<\/p>\n\n\n\n<p>Auch bei den Modellen, hier dem legend\u00e4ren Voll-Aluminium-Nachbau von Harald M\u00fcller Metall-Sonderfertigung GmbH im Ma\u00dfstab 1 : 2,5! wurden unterschiedliche Antriebe eingebaut: Zun\u00e4chst von einem Moki 400 befeuert wurde sp\u00e4ter ein Valach VM R5-420 eingesezt. F\u00fcr die jeweiligen Antriebe wurden angepa\u00dfte Propeller geliefert und sehr erfolgreich geflogen.<\/p>\n","protected":false},"excerpt":{"rendered":"<p>De Havilland Beaver, der unzerst\u00f6rbare canadische Verbindungsflieger. Die Beaver wurde in unterschiedlichsten Konfigurationen eingesetzt: Ob mit Schwimmern, Skis oder R\u00e4derfahrwerk.&hellip;<\/p>\n","protected":false},"author":1,"featured_media":0,"parent":0,"menu_order":0,"comment_status":"closed","ping_status":"closed","template":"","meta":{"ngg_post_thumbnail":0,"footnotes":""},"class_list":["post-2148","page","type-page","status-publish","hentry"],"translation":{"provider":"WPGlobus","version":"2.10.0","language":"en","enabled_languages":["de","en"],"languages":{"de":{"title":true,"content":true,"excerpt":false},"en":{"title":false,"content":false,"excerpt":false}}},"_links":{"self":[{"href":"https:\/\/seidel-props.de\/en\/wp-json\/wp\/v2\/pages\/2148","targetHints":{"allow":["GET"]}}],"collection":[{"href":"https:\/\/seidel-props.de\/en\/wp-json\/wp\/v2\/pages"}],"about":[{"href":"https:\/\/seidel-props.de\/en\/wp-json\/wp\/v2\/types\/page"}],"author":[{"embeddable":true,"href":"https:\/\/seidel-props.de\/en\/wp-json\/wp\/v2\/users\/1"}],"replies":[{"embeddable":true,"href":"https:\/\/seidel-props.de\/en\/wp-json\/wp\/v2\/comments?post=2148"}],"version-history":[{"count":2,"href":"https:\/\/seidel-props.de\/en\/wp-json\/wp\/v2\/pages\/2148\/revisions"}],"predecessor-version":[{"id":2151,"href":"https:\/\/seidel-props.de\/en\/wp-json\/wp\/v2\/pages\/2148\/revisions\/2151"}],"wp:attachment":[{"href":"https:\/\/seidel-props.de\/en\/wp-json\/wp\/v2\/media?parent=2148"}],"curies":[{"name":"wp","href":"https:\/\/api.w.org\/{rel}","templated":true}]}}