{"id":2156,"date":"2021-07-23T10:42:06","date_gmt":"2021-07-23T08:42:06","guid":{"rendered":"https:\/\/seidel-props.de\/?page_id=2156"},"modified":"2021-07-23T10:44:18","modified_gmt":"2021-07-23T08:44:18","slug":"bleriot","status":"publish","type":"page","link":"https:\/\/seidel-props.de\/en\/bleriot\/","title":{"rendered":"Bleriot"},"content":{"rendered":"\n<p>Bleriot, ebenfalls aus der Zeit, in der das gr\u00f6\u00dfte Ziel darin bestand, als erster den \u00c4rmelkanal zu \u00fcberqueren!<\/p>\n\n\n\n<!-- default-view.php -->\n<div\n\tclass=\"ngg-galleryoverview default-view \"\n\tid=\"ngg-gallery-0fdbd0dc3439c013f2e4f88d605535e3-1\">\n\n\t\t<!-- Thumbnails -->\n\t\t\t\t<div id=\"ngg-image-0\" class=\"ngg-gallery-thumbnail-box ngg-3-columns\" >\n\t\t\t\t        <div class=\"ngg-gallery-thumbnail\">\n            <a href=\"https:\/\/seidel-props.de\/wp-content\/gallery\/blerio-xi\/blerio-1.gif\"\n               title=\"\"\n               data-src=\"https:\/\/seidel-props.de\/wp-content\/gallery\/blerio-xi\/blerio-1.gif\"\n               data-thumbnail=\"https:\/\/seidel-props.de\/wp-content\/gallery\/blerio-xi\/thumbs\/thumbs_blerio-1.gif\"\n               data-image-id=\"375\"\n               data-title=\"blerio-1\"\n               data-description=\"\"\n               data-image-slug=\"blerio-1\"\n               class=\"ngg-simplelightbox\" rel=\"0fdbd0dc3439c013f2e4f88d605535e3\">\n                <img\n                    title=\"blerio-1\"\n                    alt=\"blerio-1\"\n                    src=\"https:\/\/seidel-props.de\/wp-content\/gallery\/blerio-xi\/cache\/blerio-1.gif-nggid03375-ngg0dyn-450x300x100-00f0w010c011r110f110r010t010.gif\"\n                    width=\"450\"\n                    height=\"265\"\n                    style=\"max-width:100%;\"\n                \/>\n            <\/a>\n        <\/div>\n\t\t\t\t\t\t\t<\/div> \n\t\t\t\n\t\t\t\t<div id=\"ngg-image-1\" class=\"ngg-gallery-thumbnail-box ngg-3-columns\" >\n\t\t\t\t        <div class=\"ngg-gallery-thumbnail\">\n            <a href=\"https:\/\/seidel-props.de\/wp-content\/gallery\/blerio-xi\/blerio-2.gif\"\n               title=\"\"\n               data-src=\"https:\/\/seidel-props.de\/wp-content\/gallery\/blerio-xi\/blerio-2.gif\"\n               data-thumbnail=\"https:\/\/seidel-props.de\/wp-content\/gallery\/blerio-xi\/thumbs\/thumbs_blerio-2.gif\"\n               data-image-id=\"376\"\n               data-title=\"blerio-2\"\n               data-description=\"\"\n               data-image-slug=\"blerio-2\"\n               class=\"ngg-simplelightbox\" rel=\"0fdbd0dc3439c013f2e4f88d605535e3\">\n                <img\n                    title=\"blerio-2\"\n                    alt=\"blerio-2\"\n                    src=\"https:\/\/seidel-props.de\/wp-content\/gallery\/blerio-xi\/cache\/blerio-2.gif-nggid03376-ngg0dyn-450x300x100-00f0w010c011r110f110r010t010.gif\"\n                    width=\"450\"\n                    height=\"264\"\n                    style=\"max-width:100%;\"\n                \/>\n            <\/a>\n        <\/div>\n\t\t\t\t\t\t\t<\/div> \n\t\t\t\n\t\t\t\t<div id=\"ngg-image-2\" class=\"ngg-gallery-thumbnail-box ngg-3-columns\" >\n\t\t\t\t        <div class=\"ngg-gallery-thumbnail\">\n            <a href=\"https:\/\/seidel-props.de\/wp-content\/gallery\/blerio-xi\/blerio-3.gif\"\n               title=\"\"\n               data-src=\"https:\/\/seidel-props.de\/wp-content\/gallery\/blerio-xi\/blerio-3.gif\"\n               data-thumbnail=\"https:\/\/seidel-props.de\/wp-content\/gallery\/blerio-xi\/thumbs\/thumbs_blerio-3.gif\"\n               data-image-id=\"377\"\n               data-title=\"blerio-3\"\n               data-description=\"\"\n               data-image-slug=\"blerio-3\"\n               class=\"ngg-simplelightbox\" rel=\"0fdbd0dc3439c013f2e4f88d605535e3\">\n                <img\n                    title=\"blerio-3\"\n                    alt=\"blerio-3\"\n                    src=\"https:\/\/seidel-props.de\/wp-content\/gallery\/blerio-xi\/cache\/blerio-3.gif-nggid03377-ngg0dyn-450x300x100-00f0w010c011r110f110r010t010.gif\"\n                    width=\"450\"\n                    height=\"300\"\n                    style=\"max-width:100%;\"\n                \/>\n            <\/a>\n        <\/div>\n\t\t\t\t\t\t\t<\/div> \n\t\t\t\n\t\t\t\t<div id=\"ngg-image-3\" class=\"ngg-gallery-thumbnail-box ngg-3-columns\" >\n\t\t\t\t        <div class=\"ngg-gallery-thumbnail\">\n            <a href=\"https:\/\/seidel-props.de\/wp-content\/gallery\/blerio-xi\/blerio-4.gif\"\n               title=\"\"\n               data-src=\"https:\/\/seidel-props.de\/wp-content\/gallery\/blerio-xi\/blerio-4.gif\"\n               data-thumbnail=\"https:\/\/seidel-props.de\/wp-content\/gallery\/blerio-xi\/thumbs\/thumbs_blerio-4.gif\"\n               data-image-id=\"378\"\n               data-title=\"blerio-4\"\n               data-description=\"\"\n               data-image-slug=\"blerio-4\"\n               class=\"ngg-simplelightbox\" rel=\"0fdbd0dc3439c013f2e4f88d605535e3\">\n                <img\n                    title=\"blerio-4\"\n                    alt=\"blerio-4\"\n                    src=\"https:\/\/seidel-props.de\/wp-content\/gallery\/blerio-xi\/cache\/blerio-4.gif-nggid03378-ngg0dyn-450x300x100-00f0w010c011r110f110r010t010.gif\"\n                    width=\"450\"\n                    height=\"300\"\n                    style=\"max-width:100%;\"\n                \/>\n            <\/a>\n        <\/div>\n\t\t\t\t\t\t\t<\/div> \n\t\t\t\n\t\t\t\t<div id=\"ngg-image-4\" class=\"ngg-gallery-thumbnail-box ngg-3-columns\" >\n\t\t\t\t        <div class=\"ngg-gallery-thumbnail\">\n            <a href=\"https:\/\/seidel-props.de\/wp-content\/gallery\/blerio-xi\/blerio-5.gif\"\n               title=\"\"\n               data-src=\"https:\/\/seidel-props.de\/wp-content\/gallery\/blerio-xi\/blerio-5.gif\"\n               data-thumbnail=\"https:\/\/seidel-props.de\/wp-content\/gallery\/blerio-xi\/thumbs\/thumbs_blerio-5.gif\"\n               data-image-id=\"379\"\n               data-title=\"blerio-5\"\n               data-description=\"\"\n               data-image-slug=\"blerio-5\"\n               class=\"ngg-simplelightbox\" rel=\"0fdbd0dc3439c013f2e4f88d605535e3\">\n                <img\n                    title=\"blerio-5\"\n                    alt=\"blerio-5\"\n                    src=\"https:\/\/seidel-props.de\/wp-content\/gallery\/blerio-xi\/cache\/blerio-5.gif-nggid03379-ngg0dyn-450x300x100-00f0w010c011r110f110r010t010.gif\"\n                    width=\"450\"\n                    height=\"300\"\n                    style=\"max-width:100%;\"\n                \/>\n            <\/a>\n        <\/div>\n\t\t\t\t\t\t\t<\/div> \n\t\t\t\n\t\t\t\t<div id=\"ngg-image-5\" class=\"ngg-gallery-thumbnail-box ngg-3-columns\" >\n\t\t\t\t        <div class=\"ngg-gallery-thumbnail\">\n            <a href=\"https:\/\/seidel-props.de\/wp-content\/gallery\/blerio-xi\/blerio-6.gif\"\n               title=\"\"\n               data-src=\"https:\/\/seidel-props.de\/wp-content\/gallery\/blerio-xi\/blerio-6.gif\"\n               data-thumbnail=\"https:\/\/seidel-props.de\/wp-content\/gallery\/blerio-xi\/thumbs\/thumbs_blerio-6.gif\"\n               data-image-id=\"380\"\n               data-title=\"blerio-6\"\n               data-description=\"\"\n               data-image-slug=\"blerio-6\"\n               class=\"ngg-simplelightbox\" rel=\"0fdbd0dc3439c013f2e4f88d605535e3\">\n                <img\n                    title=\"blerio-6\"\n                    alt=\"blerio-6\"\n                    src=\"https:\/\/seidel-props.de\/wp-content\/gallery\/blerio-xi\/cache\/blerio-6.gif-nggid03380-ngg0dyn-450x300x100-00f0w010c011r110f110r010t010.gif\"\n                    width=\"450\"\n                    height=\"300\"\n                    style=\"max-width:100%;\"\n                \/>\n            <\/a>\n        <\/div>\n\t\t\t\t\t\t\t<\/div> \n\t\t\t\n\t\t\t\t<div id=\"ngg-image-6\" class=\"ngg-gallery-thumbnail-box ngg-3-columns\" >\n\t\t\t\t        <div class=\"ngg-gallery-thumbnail\">\n            <a href=\"https:\/\/seidel-props.de\/wp-content\/gallery\/blerio-xi\/blerio-7.gif\"\n               title=\"\"\n               data-src=\"https:\/\/seidel-props.de\/wp-content\/gallery\/blerio-xi\/blerio-7.gif\"\n               data-thumbnail=\"https:\/\/seidel-props.de\/wp-content\/gallery\/blerio-xi\/thumbs\/thumbs_blerio-7.gif\"\n               data-image-id=\"381\"\n               data-title=\"blerio-7\"\n               data-description=\"\"\n               data-image-slug=\"blerio-7\"\n               class=\"ngg-simplelightbox\" rel=\"0fdbd0dc3439c013f2e4f88d605535e3\">\n                <img\n                    title=\"blerio-7\"\n                    alt=\"blerio-7\"\n                    src=\"https:\/\/seidel-props.de\/wp-content\/gallery\/blerio-xi\/cache\/blerio-7.gif-nggid03381-ngg0dyn-450x300x100-00f0w010c011r110f110r010t010.gif\"\n                    width=\"450\"\n                    height=\"300\"\n                    style=\"max-width:100%;\"\n                \/>\n            <\/a>\n        <\/div>\n\t\t\t\t\t\t\t<\/div> \n\t\t\t\n\t\t\t\t<div id=\"ngg-image-7\" class=\"ngg-gallery-thumbnail-box ngg-3-columns\" >\n\t\t\t\t        <div class=\"ngg-gallery-thumbnail\">\n            <a href=\"https:\/\/seidel-props.de\/wp-content\/gallery\/blerio-xi\/blerio-8.gif\"\n               title=\"\"\n               data-src=\"https:\/\/seidel-props.de\/wp-content\/gallery\/blerio-xi\/blerio-8.gif\"\n               data-thumbnail=\"https:\/\/seidel-props.de\/wp-content\/gallery\/blerio-xi\/thumbs\/thumbs_blerio-8.gif\"\n               data-image-id=\"382\"\n               data-title=\"blerio-8\"\n               data-description=\"\"\n               data-image-slug=\"blerio-8\"\n               class=\"ngg-simplelightbox\" rel=\"0fdbd0dc3439c013f2e4f88d605535e3\">\n                <img\n                    title=\"blerio-8\"\n                    alt=\"blerio-8\"\n                    src=\"https:\/\/seidel-props.de\/wp-content\/gallery\/blerio-xi\/cache\/blerio-8.gif-nggid03382-ngg0dyn-450x300x100-00f0w010c011r110f110r010t010.gif\"\n                    width=\"450\"\n                    height=\"300\"\n                    style=\"max-width:100%;\"\n                \/>\n            <\/a>\n        <\/div>\n\t\t\t\t\t\t\t<\/div> \n\t\t\t\n\t\t\t\t<div id=\"ngg-image-8\" class=\"ngg-gallery-thumbnail-box ngg-3-columns\" >\n\t\t\t\t        <div class=\"ngg-gallery-thumbnail\">\n            <a href=\"https:\/\/seidel-props.de\/wp-content\/gallery\/blerio-xi\/blerio-9.gif\"\n               title=\"\"\n               data-src=\"https:\/\/seidel-props.de\/wp-content\/gallery\/blerio-xi\/blerio-9.gif\"\n               data-thumbnail=\"https:\/\/seidel-props.de\/wp-content\/gallery\/blerio-xi\/thumbs\/thumbs_blerio-9.gif\"\n               data-image-id=\"383\"\n               data-title=\"blerio-9\"\n               data-description=\"\"\n               data-image-slug=\"blerio-9\"\n               class=\"ngg-simplelightbox\" rel=\"0fdbd0dc3439c013f2e4f88d605535e3\">\n                <img\n                    title=\"blerio-9\"\n                    alt=\"blerio-9\"\n                    src=\"https:\/\/seidel-props.de\/wp-content\/gallery\/blerio-xi\/cache\/blerio-9.gif-nggid03383-ngg0dyn-450x300x100-00f0w010c011r110f110r010t010.gif\"\n                    width=\"450\"\n                    height=\"300\"\n                    style=\"max-width:100%;\"\n                \/>\n            <\/a>\n        <\/div>\n\t\t\t\t\t\t\t<\/div> \n\t\t\t\n\t\n\t<br style=\"clear: both\" \/>\n\n\t\n\t\t<!-- Pagination -->\n\t<div class='ngg-clear'><\/div>\t<\/div>\n\n\n\n\n<p>Regelm\u00e4\u00dfig stellt sich die Frage, ob die Fl\u00e4chen oder die Spanndr\u00e4hte mehr Auftrieb bringen?<\/p>\n\n\n\n<p>Sehr Vorbildgetreu kommt ein Propeller mit gro\u00dfem Durchmesser zum Einsatz, der hier von einen Getriebeantrieb mit Drehzahl versorgt wird und dem sehr sch\u00f6n gebauten Modell den notwendigen Durchzug bereitstellt.<\/p>\n","protected":false},"excerpt":{"rendered":"<p>Bleriot, ebenfalls aus der Zeit, in der das gr\u00f6\u00dfte Ziel darin bestand, als erster den \u00c4rmelkanal zu \u00fcberqueren! Regelm\u00e4\u00dfig stellt&hellip;<\/p>\n","protected":false},"author":1,"featured_media":0,"parent":0,"menu_order":0,"comment_status":"closed","ping_status":"closed","template":"","meta":{"ngg_post_thumbnail":0,"footnotes":""},"class_list":["post-2156","page","type-page","status-publish","hentry"],"translation":{"provider":"WPGlobus","version":"2.10.0","language":"en","enabled_languages":["de","en"],"languages":{"de":{"title":true,"content":true,"excerpt":false},"en":{"title":false,"content":false,"excerpt":false}}},"_links":{"self":[{"href":"https:\/\/seidel-props.de\/en\/wp-json\/wp\/v2\/pages\/2156","targetHints":{"allow":["GET"]}}],"collection":[{"href":"https:\/\/seidel-props.de\/en\/wp-json\/wp\/v2\/pages"}],"about":[{"href":"https:\/\/seidel-props.de\/en\/wp-json\/wp\/v2\/types\/page"}],"author":[{"embeddable":true,"href":"https:\/\/seidel-props.de\/en\/wp-json\/wp\/v2\/users\/1"}],"replies":[{"embeddable":true,"href":"https:\/\/seidel-props.de\/en\/wp-json\/wp\/v2\/comments?post=2156"}],"version-history":[{"count":3,"href":"https:\/\/seidel-props.de\/en\/wp-json\/wp\/v2\/pages\/2156\/revisions"}],"predecessor-version":[{"id":2160,"href":"https:\/\/seidel-props.de\/en\/wp-json\/wp\/v2\/pages\/2156\/revisions\/2160"}],"wp:attachment":[{"href":"https:\/\/seidel-props.de\/en\/wp-json\/wp\/v2\/media?parent=2156"}],"curies":[{"name":"wp","href":"https:\/\/api.w.org\/{rel}","templated":true}]}}