{"id":2188,"date":"2021-07-23T11:43:36","date_gmt":"2021-07-23T09:43:36","guid":{"rendered":"https:\/\/seidel-props.de\/?page_id=2188"},"modified":"2021-07-23T11:43:37","modified_gmt":"2021-07-23T09:43:37","slug":"avro-504","status":"publish","type":"page","link":"https:\/\/seidel-props.de\/en\/avro-504\/","title":{"rendered":"Avro 504"},"content":{"rendered":"\n<p>Avro 504<\/p>\n\n\n\n<!-- default-view.php -->\n<div\n\tclass=\"ngg-galleryoverview default-view \"\n\tid=\"ngg-gallery-f797f3026b15c7428f87217c64ba1bf5-1\">\n\n\t\t<!-- Thumbnails -->\n\t\t\t\t<div id=\"ngg-image-0\" class=\"ngg-gallery-thumbnail-box ngg-3-columns\" >\n\t\t\t\t        <div class=\"ngg-gallery-thumbnail\">\n            <a href=\"https:\/\/seidel-props.de\/wp-content\/gallery\/avro-504\/Avro-504-1.jpg\"\n               title=\"\"\n               data-src=\"https:\/\/seidel-props.de\/wp-content\/gallery\/avro-504\/Avro-504-1.jpg\"\n               data-thumbnail=\"https:\/\/seidel-props.de\/wp-content\/gallery\/avro-504\/thumbs\/thumbs_Avro-504-1.jpg\"\n               data-image-id=\"814\"\n               data-title=\"Avro-504-1\"\n               data-description=\"\"\n               data-image-slug=\"avro-504-1\"\n               class=\"ngg-simplelightbox\" rel=\"f797f3026b15c7428f87217c64ba1bf5\">\n                <img\n                    title=\"Avro-504-1\"\n                    alt=\"Avro-504-1\"\n                    src=\"https:\/\/seidel-props.de\/wp-content\/gallery\/avro-504\/cache\/Avro-504-1.jpg-nggid03814-ngg0dyn-450x300x100-00f0w010c011r110f110r010t010.jpg\"\n                    width=\"450\"\n                    height=\"300\"\n                    style=\"max-width:100%;\"\n                \/>\n            <\/a>\n        <\/div>\n\t\t\t\t\t\t\t<\/div> \n\t\t\t\n\t\t\t\t<div id=\"ngg-image-1\" class=\"ngg-gallery-thumbnail-box ngg-3-columns\" >\n\t\t\t\t        <div class=\"ngg-gallery-thumbnail\">\n            <a href=\"https:\/\/seidel-props.de\/wp-content\/gallery\/avro-504\/Avro-504-2.jpg\"\n               title=\"\"\n               data-src=\"https:\/\/seidel-props.de\/wp-content\/gallery\/avro-504\/Avro-504-2.jpg\"\n               data-thumbnail=\"https:\/\/seidel-props.de\/wp-content\/gallery\/avro-504\/thumbs\/thumbs_Avro-504-2.jpg\"\n               data-image-id=\"815\"\n               data-title=\"Avro-504-2\"\n               data-description=\"\"\n               data-image-slug=\"avro-504-2\"\n               class=\"ngg-simplelightbox\" rel=\"f797f3026b15c7428f87217c64ba1bf5\">\n                <img\n                    title=\"Avro-504-2\"\n                    alt=\"Avro-504-2\"\n                    src=\"https:\/\/seidel-props.de\/wp-content\/gallery\/avro-504\/cache\/Avro-504-2.jpg-nggid03815-ngg0dyn-450x300x100-00f0w010c011r110f110r010t010.jpg\"\n                    width=\"450\"\n                    height=\"300\"\n                    style=\"max-width:100%;\"\n                \/>\n            <\/a>\n        <\/div>\n\t\t\t\t\t\t\t<\/div> \n\t\t\t\n\t\t\t\t<div id=\"ngg-image-2\" class=\"ngg-gallery-thumbnail-box ngg-3-columns\" >\n\t\t\t\t        <div class=\"ngg-gallery-thumbnail\">\n            <a href=\"https:\/\/seidel-props.de\/wp-content\/gallery\/avro-504\/Avro-504-3.jpg\"\n               title=\"\"\n               data-src=\"https:\/\/seidel-props.de\/wp-content\/gallery\/avro-504\/Avro-504-3.jpg\"\n               data-thumbnail=\"https:\/\/seidel-props.de\/wp-content\/gallery\/avro-504\/thumbs\/thumbs_Avro-504-3.jpg\"\n               data-image-id=\"816\"\n               data-title=\"Avro-504-3\"\n               data-description=\"\"\n               data-image-slug=\"avro-504-3\"\n               class=\"ngg-simplelightbox\" rel=\"f797f3026b15c7428f87217c64ba1bf5\">\n                <img\n                    title=\"Avro-504-3\"\n                    alt=\"Avro-504-3\"\n                    src=\"https:\/\/seidel-props.de\/wp-content\/gallery\/avro-504\/cache\/Avro-504-3.jpg-nggid03816-ngg0dyn-450x300x100-00f0w010c011r110f110r010t010.jpg\"\n                    width=\"450\"\n                    height=\"300\"\n                    style=\"max-width:100%;\"\n                \/>\n            <\/a>\n        <\/div>\n\t\t\t\t\t\t\t<\/div> \n\t\t\t\n\t\t\t\t<div id=\"ngg-image-3\" class=\"ngg-gallery-thumbnail-box ngg-3-columns\" >\n\t\t\t\t        <div class=\"ngg-gallery-thumbnail\">\n            <a href=\"https:\/\/seidel-props.de\/wp-content\/gallery\/avro-504\/Avro-504-4.JPG\"\n               title=\"\"\n               data-src=\"https:\/\/seidel-props.de\/wp-content\/gallery\/avro-504\/Avro-504-4.JPG\"\n               data-thumbnail=\"https:\/\/seidel-props.de\/wp-content\/gallery\/avro-504\/thumbs\/thumbs_Avro-504-4.JPG\"\n               data-image-id=\"817\"\n               data-title=\"Avro-504-4\"\n               data-description=\"\"\n               data-image-slug=\"avro-504-4\"\n               class=\"ngg-simplelightbox\" rel=\"f797f3026b15c7428f87217c64ba1bf5\">\n                <img\n                    title=\"Avro-504-4\"\n                    alt=\"Avro-504-4\"\n                    src=\"https:\/\/seidel-props.de\/wp-content\/gallery\/avro-504\/cache\/Avro-504-4.JPG-nggid03817-ngg0dyn-450x300x100-00f0w010c011r110f110r010t010.JPG\"\n                    width=\"450\"\n                    height=\"300\"\n                    style=\"max-width:100%;\"\n                \/>\n            <\/a>\n        <\/div>\n\t\t\t\t\t\t\t<\/div> \n\t\t\t\n\t\t\t\t<div id=\"ngg-image-4\" class=\"ngg-gallery-thumbnail-box ngg-3-columns\" >\n\t\t\t\t        <div class=\"ngg-gallery-thumbnail\">\n            <a href=\"https:\/\/seidel-props.de\/wp-content\/gallery\/avro-504\/Avro-504-5.JPG\"\n               title=\"\"\n               data-src=\"https:\/\/seidel-props.de\/wp-content\/gallery\/avro-504\/Avro-504-5.JPG\"\n               data-thumbnail=\"https:\/\/seidel-props.de\/wp-content\/gallery\/avro-504\/thumbs\/thumbs_Avro-504-5.JPG\"\n               data-image-id=\"818\"\n               data-title=\"Avro-504-5\"\n               data-description=\"\"\n               data-image-slug=\"avro-504-5\"\n               class=\"ngg-simplelightbox\" rel=\"f797f3026b15c7428f87217c64ba1bf5\">\n                <img\n                    title=\"Avro-504-5\"\n                    alt=\"Avro-504-5\"\n                    src=\"https:\/\/seidel-props.de\/wp-content\/gallery\/avro-504\/cache\/Avro-504-5.JPG-nggid03818-ngg0dyn-450x300x100-00f0w010c011r110f110r010t010.JPG\"\n                    width=\"450\"\n                    height=\"300\"\n                    style=\"max-width:100%;\"\n                \/>\n            <\/a>\n        <\/div>\n\t\t\t\t\t\t\t<\/div> \n\t\t\t\n\t\t\t\t<div id=\"ngg-image-5\" class=\"ngg-gallery-thumbnail-box ngg-3-columns\" >\n\t\t\t\t        <div class=\"ngg-gallery-thumbnail\">\n            <a href=\"https:\/\/seidel-props.de\/wp-content\/gallery\/avro-504\/Avro-504-6.JPG\"\n               title=\"\"\n               data-src=\"https:\/\/seidel-props.de\/wp-content\/gallery\/avro-504\/Avro-504-6.JPG\"\n               data-thumbnail=\"https:\/\/seidel-props.de\/wp-content\/gallery\/avro-504\/thumbs\/thumbs_Avro-504-6.JPG\"\n               data-image-id=\"819\"\n               data-title=\"Avro-504-6\"\n               data-description=\"\"\n               data-image-slug=\"avro-504-6\"\n               class=\"ngg-simplelightbox\" rel=\"f797f3026b15c7428f87217c64ba1bf5\">\n                <img\n                    title=\"Avro-504-6\"\n                    alt=\"Avro-504-6\"\n                    src=\"https:\/\/seidel-props.de\/wp-content\/gallery\/avro-504\/cache\/Avro-504-6.JPG-nggid03819-ngg0dyn-450x300x100-00f0w010c011r110f110r010t010.JPG\"\n                    width=\"450\"\n                    height=\"300\"\n                    style=\"max-width:100%;\"\n                \/>\n            <\/a>\n        <\/div>\n\t\t\t\t\t\t\t<\/div> \n\t\t\t\n\t\t\t\t<div id=\"ngg-image-6\" class=\"ngg-gallery-thumbnail-box ngg-3-columns\" >\n\t\t\t\t        <div class=\"ngg-gallery-thumbnail\">\n            <a href=\"https:\/\/seidel-props.de\/wp-content\/gallery\/avro-504\/Avro-504-7.JPG\"\n               title=\"\"\n               data-src=\"https:\/\/seidel-props.de\/wp-content\/gallery\/avro-504\/Avro-504-7.JPG\"\n               data-thumbnail=\"https:\/\/seidel-props.de\/wp-content\/gallery\/avro-504\/thumbs\/thumbs_Avro-504-7.JPG\"\n               data-image-id=\"820\"\n               data-title=\"Avro-504-7\"\n               data-description=\"\"\n               data-image-slug=\"avro-504-7\"\n               class=\"ngg-simplelightbox\" rel=\"f797f3026b15c7428f87217c64ba1bf5\">\n                <img\n                    title=\"Avro-504-7\"\n                    alt=\"Avro-504-7\"\n                    src=\"https:\/\/seidel-props.de\/wp-content\/gallery\/avro-504\/cache\/Avro-504-7.JPG-nggid03820-ngg0dyn-450x300x100-00f0w010c011r110f110r010t010.JPG\"\n                    width=\"450\"\n                    height=\"300\"\n                    style=\"max-width:100%;\"\n                \/>\n            <\/a>\n        <\/div>\n\t\t\t\t\t\t\t<\/div> \n\t\t\t\n\t\t\t\t<div id=\"ngg-image-7\" class=\"ngg-gallery-thumbnail-box ngg-3-columns\" >\n\t\t\t\t        <div class=\"ngg-gallery-thumbnail\">\n            <a href=\"https:\/\/seidel-props.de\/wp-content\/gallery\/avro-504\/Avro-504-8.JPG\"\n               title=\"\"\n               data-src=\"https:\/\/seidel-props.de\/wp-content\/gallery\/avro-504\/Avro-504-8.JPG\"\n               data-thumbnail=\"https:\/\/seidel-props.de\/wp-content\/gallery\/avro-504\/thumbs\/thumbs_Avro-504-8.JPG\"\n               data-image-id=\"821\"\n               data-title=\"Avro-504-8\"\n               data-description=\"\"\n               data-image-slug=\"avro-504-8\"\n               class=\"ngg-simplelightbox\" rel=\"f797f3026b15c7428f87217c64ba1bf5\">\n                <img\n                    title=\"Avro-504-8\"\n                    alt=\"Avro-504-8\"\n                    src=\"https:\/\/seidel-props.de\/wp-content\/gallery\/avro-504\/cache\/Avro-504-8.JPG-nggid03821-ngg0dyn-450x300x100-00f0w010c011r110f110r010t010.JPG\"\n                    width=\"450\"\n                    height=\"300\"\n                    style=\"max-width:100%;\"\n                \/>\n            <\/a>\n        <\/div>\n\t\t\t\t\t\t\t<\/div> \n\t\t\t\n\t\n\t<br style=\"clear: both\" \/>\n\n\t\n\t\t<!-- Pagination -->\n\t<div class='ngg-clear'><\/div>\t<\/div>\n\n\n\n\n<p>Aus einer Zeit, als Flugzeuge noch eine Mischung aus M\u00f6belst\u00fcck und Gardine waren und man einem Propeller nicht sofort ansehen konnte, in welche Richtung er sich eigentlich drehen sollte.<\/p>\n\n\n\n<p>Aufgrund einer zur Verf\u00fcgung gestellten Fertigungszeichnung wurde ein Propeller rekonstruiert und gefertigt. Oben zu sehen der Zustand vor dem Schleifen: Mit Wandfarbe gestrichen l\u00e4\u00dft sich sp\u00e4ter beim Schleifen sehr leicht sehen, wo noch Arbeitsbedarf besteht.<\/p>\n\n\n\n<p>Leider wurden vom fertigen Propeller keine Bilder mehr gemacht.<\/p>\n","protected":false},"excerpt":{"rendered":"<p>Avro 504 Aus einer Zeit, als Flugzeuge noch eine Mischung aus M\u00f6belst\u00fcck und Gardine waren und man einem Propeller nicht&hellip;<\/p>\n","protected":false},"author":1,"featured_media":0,"parent":0,"menu_order":0,"comment_status":"closed","ping_status":"closed","template":"","meta":{"ngg_post_thumbnail":0,"footnotes":""},"class_list":["post-2188","page","type-page","status-publish","hentry"],"translation":{"provider":"WPGlobus","version":"2.10.0","language":"en","enabled_languages":["de","en"],"languages":{"de":{"title":true,"content":true,"excerpt":false},"en":{"title":false,"content":false,"excerpt":false}}},"_links":{"self":[{"href":"https:\/\/seidel-props.de\/en\/wp-json\/wp\/v2\/pages\/2188","targetHints":{"allow":["GET"]}}],"collection":[{"href":"https:\/\/seidel-props.de\/en\/wp-json\/wp\/v2\/pages"}],"about":[{"href":"https:\/\/seidel-props.de\/en\/wp-json\/wp\/v2\/types\/page"}],"author":[{"embeddable":true,"href":"https:\/\/seidel-props.de\/en\/wp-json\/wp\/v2\/users\/1"}],"replies":[{"embeddable":true,"href":"https:\/\/seidel-props.de\/en\/wp-json\/wp\/v2\/comments?post=2188"}],"version-history":[{"count":1,"href":"https:\/\/seidel-props.de\/en\/wp-json\/wp\/v2\/pages\/2188\/revisions"}],"predecessor-version":[{"id":2189,"href":"https:\/\/seidel-props.de\/en\/wp-json\/wp\/v2\/pages\/2188\/revisions\/2189"}],"wp:attachment":[{"href":"https:\/\/seidel-props.de\/en\/wp-json\/wp\/v2\/media?parent=2188"}],"curies":[{"name":"wp","href":"https:\/\/api.w.org\/{rel}","templated":true}]}}