{"id":2208,"date":"2021-07-23T12:15:14","date_gmt":"2021-07-23T10:15:14","guid":{"rendered":"https:\/\/seidel-props.de\/?page_id=2208"},"modified":"2021-07-23T12:25:49","modified_gmt":"2021-07-23T10:25:49","slug":"challanger-iii","status":"publish","type":"page","link":"https:\/\/seidel-props.de\/en\/challanger-iii\/","title":{"rendered":"Challanger III"},"content":{"rendered":"\n<p>Challanger III &#8211; Sky is the limit<\/p>\n\n\n\n<!-- default-view.php -->\n<div\n\tclass=\"ngg-galleryoverview default-view \"\n\tid=\"ngg-gallery-6705d4b2f6d388ee2b573e396ef4750c-1\">\n\n\t\t<!-- Thumbnails -->\n\t\t\t\t<div id=\"ngg-image-0\" class=\"ngg-gallery-thumbnail-box ngg-3-columns\" >\n\t\t\t\t        <div class=\"ngg-gallery-thumbnail\">\n            <a href=\"https:\/\/seidel-props.de\/wp-content\/gallery\/challanger-iii\/32x12_Challanger-6.jpg\"\n               title=\"\"\n               data-src=\"https:\/\/seidel-props.de\/wp-content\/gallery\/challanger-iii\/32x12_Challanger-6.jpg\"\n               data-thumbnail=\"https:\/\/seidel-props.de\/wp-content\/gallery\/challanger-iii\/thumbs\/thumbs_32x12_Challanger-6.jpg\"\n               data-image-id=\"822\"\n               data-title=\"32x12_Challanger-6\"\n               data-description=\"\"\n               data-image-slug=\"32x12_challanger-6\"\n               class=\"ngg-simplelightbox\" rel=\"6705d4b2f6d388ee2b573e396ef4750c\">\n                <img\n                    title=\"32x12_Challanger-6\"\n                    alt=\"32x12_Challanger-6\"\n                    src=\"https:\/\/seidel-props.de\/wp-content\/gallery\/challanger-iii\/cache\/32x12_Challanger-6.jpg-nggid03822-ngg0dyn-450x300x100-00f0w010c011r110f110r010t010.jpg\"\n                    width=\"450\"\n                    height=\"300\"\n                    style=\"max-width:100%;\"\n                \/>\n            <\/a>\n        <\/div>\n\t\t\t\t\t\t\t<\/div> \n\t\t\t\n\t\t\t\t<div id=\"ngg-image-1\" class=\"ngg-gallery-thumbnail-box ngg-3-columns\" >\n\t\t\t\t        <div class=\"ngg-gallery-thumbnail\">\n            <a href=\"https:\/\/seidel-props.de\/wp-content\/gallery\/challanger-iii\/Challanger-1.JPG\"\n               title=\"\"\n               data-src=\"https:\/\/seidel-props.de\/wp-content\/gallery\/challanger-iii\/Challanger-1.JPG\"\n               data-thumbnail=\"https:\/\/seidel-props.de\/wp-content\/gallery\/challanger-iii\/thumbs\/thumbs_Challanger-1.JPG\"\n               data-image-id=\"823\"\n               data-title=\"Challanger-1\"\n               data-description=\"\"\n               data-image-slug=\"challanger-1\"\n               class=\"ngg-simplelightbox\" rel=\"6705d4b2f6d388ee2b573e396ef4750c\">\n                <img\n                    title=\"Challanger-1\"\n                    alt=\"Challanger-1\"\n                    src=\"https:\/\/seidel-props.de\/wp-content\/gallery\/challanger-iii\/cache\/Challanger-1.JPG-nggid03823-ngg0dyn-450x300x100-00f0w010c011r110f110r010t010.JPG\"\n                    width=\"450\"\n                    height=\"300\"\n                    style=\"max-width:100%;\"\n                \/>\n            <\/a>\n        <\/div>\n\t\t\t\t\t\t\t<\/div> \n\t\t\t\n\t\t\t\t<div id=\"ngg-image-2\" class=\"ngg-gallery-thumbnail-box ngg-3-columns\" >\n\t\t\t\t        <div class=\"ngg-gallery-thumbnail\">\n            <a href=\"https:\/\/seidel-props.de\/wp-content\/gallery\/challanger-iii\/Challanger-2.JPG\"\n               title=\"\"\n               data-src=\"https:\/\/seidel-props.de\/wp-content\/gallery\/challanger-iii\/Challanger-2.JPG\"\n               data-thumbnail=\"https:\/\/seidel-props.de\/wp-content\/gallery\/challanger-iii\/thumbs\/thumbs_Challanger-2.JPG\"\n               data-image-id=\"824\"\n               data-title=\"Challanger-2\"\n               data-description=\"\"\n               data-image-slug=\"challanger-2\"\n               class=\"ngg-simplelightbox\" rel=\"6705d4b2f6d388ee2b573e396ef4750c\">\n                <img\n                    title=\"Challanger-2\"\n                    alt=\"Challanger-2\"\n                    src=\"https:\/\/seidel-props.de\/wp-content\/gallery\/challanger-iii\/cache\/Challanger-2.JPG-nggid03824-ngg0dyn-450x300x100-00f0w010c011r110f110r010t010.JPG\"\n                    width=\"450\"\n                    height=\"300\"\n                    style=\"max-width:100%;\"\n                \/>\n            <\/a>\n        <\/div>\n\t\t\t\t\t\t\t<\/div> \n\t\t\t\n\t\t\t\t<div id=\"ngg-image-3\" class=\"ngg-gallery-thumbnail-box ngg-3-columns\" >\n\t\t\t\t        <div class=\"ngg-gallery-thumbnail\">\n            <a href=\"https:\/\/seidel-props.de\/wp-content\/gallery\/challanger-iii\/Challanger-3.JPG\"\n               title=\"\"\n               data-src=\"https:\/\/seidel-props.de\/wp-content\/gallery\/challanger-iii\/Challanger-3.JPG\"\n               data-thumbnail=\"https:\/\/seidel-props.de\/wp-content\/gallery\/challanger-iii\/thumbs\/thumbs_Challanger-3.JPG\"\n               data-image-id=\"825\"\n               data-title=\"Challanger-3\"\n               data-description=\"\"\n               data-image-slug=\"challanger-3\"\n               class=\"ngg-simplelightbox\" rel=\"6705d4b2f6d388ee2b573e396ef4750c\">\n                <img\n                    title=\"Challanger-3\"\n                    alt=\"Challanger-3\"\n                    src=\"https:\/\/seidel-props.de\/wp-content\/gallery\/challanger-iii\/cache\/Challanger-3.JPG-nggid03825-ngg0dyn-450x300x100-00f0w010c011r110f110r010t010.JPG\"\n                    width=\"450\"\n                    height=\"300\"\n                    style=\"max-width:100%;\"\n                \/>\n            <\/a>\n        <\/div>\n\t\t\t\t\t\t\t<\/div> \n\t\t\t\n\t\t\t\t<div id=\"ngg-image-4\" class=\"ngg-gallery-thumbnail-box ngg-3-columns\" >\n\t\t\t\t        <div class=\"ngg-gallery-thumbnail\">\n            <a href=\"https:\/\/seidel-props.de\/wp-content\/gallery\/challanger-iii\/Challanger-III-1.gif\"\n               title=\"\"\n               data-src=\"https:\/\/seidel-props.de\/wp-content\/gallery\/challanger-iii\/Challanger-III-1.gif\"\n               data-thumbnail=\"https:\/\/seidel-props.de\/wp-content\/gallery\/challanger-iii\/thumbs\/thumbs_Challanger-III-1.gif\"\n               data-image-id=\"826\"\n               data-title=\"Challanger-III-1\"\n               data-description=\"\"\n               data-image-slug=\"challanger-iii-1\"\n               class=\"ngg-simplelightbox\" rel=\"6705d4b2f6d388ee2b573e396ef4750c\">\n                <img\n                    title=\"Challanger-III-1\"\n                    alt=\"Challanger-III-1\"\n                    src=\"https:\/\/seidel-props.de\/wp-content\/gallery\/challanger-iii\/cache\/Challanger-III-1.gif-nggid03826-ngg0dyn-450x300x100-00f0w010c011r110f110r010t010.gif\"\n                    width=\"450\"\n                    height=\"300\"\n                    style=\"max-width:100%;\"\n                \/>\n            <\/a>\n        <\/div>\n\t\t\t\t\t\t\t<\/div> \n\t\t\t\n\t\t\t\t<div id=\"ngg-image-5\" class=\"ngg-gallery-thumbnail-box ngg-3-columns\" >\n\t\t\t\t        <div class=\"ngg-gallery-thumbnail\">\n            <a href=\"https:\/\/seidel-props.de\/wp-content\/gallery\/challanger-iii\/Challanger-III-1.jpeg\"\n               title=\"\"\n               data-src=\"https:\/\/seidel-props.de\/wp-content\/gallery\/challanger-iii\/Challanger-III-1.jpeg\"\n               data-thumbnail=\"https:\/\/seidel-props.de\/wp-content\/gallery\/challanger-iii\/thumbs\/thumbs_Challanger-III-1.jpeg\"\n               data-image-id=\"827\"\n               data-title=\"Challanger-III-1\"\n               data-description=\"\"\n               data-image-slug=\"challanger-iii-1-1\"\n               class=\"ngg-simplelightbox\" rel=\"6705d4b2f6d388ee2b573e396ef4750c\">\n                <img\n                    title=\"Challanger-III-1\"\n                    alt=\"Challanger-III-1\"\n                    src=\"https:\/\/seidel-props.de\/wp-content\/gallery\/challanger-iii\/cache\/Challanger-III-1.jpeg-nggid03827-ngg0dyn-450x300x100-00f0w010c011r110f110r010t010.jpeg\"\n                    width=\"450\"\n                    height=\"300\"\n                    style=\"max-width:100%;\"\n                \/>\n            <\/a>\n        <\/div>\n\t\t\t\t\t\t\t<\/div> \n\t\t\t\n\t\t\t\t<div id=\"ngg-image-6\" class=\"ngg-gallery-thumbnail-box ngg-3-columns\" >\n\t\t\t\t        <div class=\"ngg-gallery-thumbnail\">\n            <a href=\"https:\/\/seidel-props.de\/wp-content\/gallery\/challanger-iii\/Challanger-III-1.JPG\"\n               title=\"\"\n               data-src=\"https:\/\/seidel-props.de\/wp-content\/gallery\/challanger-iii\/Challanger-III-1.JPG\"\n               data-thumbnail=\"https:\/\/seidel-props.de\/wp-content\/gallery\/challanger-iii\/thumbs\/thumbs_Challanger-III-1.JPG\"\n               data-image-id=\"828\"\n               data-title=\"Challanger-III-1\"\n               data-description=\"\"\n               data-image-slug=\"challanger-iii-1-2\"\n               class=\"ngg-simplelightbox\" rel=\"6705d4b2f6d388ee2b573e396ef4750c\">\n                <img\n                    title=\"Challanger-III-1\"\n                    alt=\"Challanger-III-1\"\n                    src=\"https:\/\/seidel-props.de\/wp-content\/gallery\/challanger-iii\/cache\/Challanger-III-1.JPG-nggid03828-ngg0dyn-450x300x100-00f0w010c011r110f110r010t010.JPG\"\n                    width=\"450\"\n                    height=\"300\"\n                    style=\"max-width:100%;\"\n                \/>\n            <\/a>\n        <\/div>\n\t\t\t\t\t\t\t<\/div> \n\t\t\t\n\t\t\t\t<div id=\"ngg-image-7\" class=\"ngg-gallery-thumbnail-box ngg-3-columns\" >\n\t\t\t\t        <div class=\"ngg-gallery-thumbnail\">\n            <a href=\"https:\/\/seidel-props.de\/wp-content\/gallery\/challanger-iii\/Challanger-III-2.gif\"\n               title=\"\"\n               data-src=\"https:\/\/seidel-props.de\/wp-content\/gallery\/challanger-iii\/Challanger-III-2.gif\"\n               data-thumbnail=\"https:\/\/seidel-props.de\/wp-content\/gallery\/challanger-iii\/thumbs\/thumbs_Challanger-III-2.gif\"\n               data-image-id=\"829\"\n               data-title=\"Challanger-III-2\"\n               data-description=\"\"\n               data-image-slug=\"challanger-iii-2\"\n               class=\"ngg-simplelightbox\" rel=\"6705d4b2f6d388ee2b573e396ef4750c\">\n                <img\n                    title=\"Challanger-III-2\"\n                    alt=\"Challanger-III-2\"\n                    src=\"https:\/\/seidel-props.de\/wp-content\/gallery\/challanger-iii\/cache\/Challanger-III-2.gif-nggid03829-ngg0dyn-450x300x100-00f0w010c011r110f110r010t010.gif\"\n                    width=\"450\"\n                    height=\"300\"\n                    style=\"max-width:100%;\"\n                \/>\n            <\/a>\n        <\/div>\n\t\t\t\t\t\t\t<\/div> \n\t\t\t\n\t\t\t\t<div id=\"ngg-image-8\" class=\"ngg-gallery-thumbnail-box ngg-3-columns\" >\n\t\t\t\t        <div class=\"ngg-gallery-thumbnail\">\n            <a href=\"https:\/\/seidel-props.de\/wp-content\/gallery\/challanger-iii\/Challanger-III-2.jpg\"\n               title=\"\"\n               data-src=\"https:\/\/seidel-props.de\/wp-content\/gallery\/challanger-iii\/Challanger-III-2.jpg\"\n               data-thumbnail=\"https:\/\/seidel-props.de\/wp-content\/gallery\/challanger-iii\/thumbs\/thumbs_Challanger-III-2.jpg\"\n               data-image-id=\"830\"\n               data-title=\"Challanger-III-2\"\n               data-description=\"\"\n               data-image-slug=\"challanger-iii-2-1\"\n               class=\"ngg-simplelightbox\" rel=\"6705d4b2f6d388ee2b573e396ef4750c\">\n                <img\n                    title=\"Challanger-III-2\"\n                    alt=\"Challanger-III-2\"\n                    src=\"https:\/\/seidel-props.de\/wp-content\/gallery\/challanger-iii\/cache\/Challanger-III-2.jpg-nggid03830-ngg0dyn-450x300x100-00f0w010c011r110f110r010t010.jpg\"\n                    width=\"450\"\n                    height=\"300\"\n                    style=\"max-width:100%;\"\n                \/>\n            <\/a>\n        <\/div>\n\t\t\t\t\t\t\t<\/div> \n\t\t\t\n\t\t\t\t<div id=\"ngg-image-9\" class=\"ngg-gallery-thumbnail-box ngg-3-columns\" >\n\t\t\t\t        <div class=\"ngg-gallery-thumbnail\">\n            <a href=\"https:\/\/seidel-props.de\/wp-content\/gallery\/challanger-iii\/Challanger-III-3.gif\"\n               title=\"\"\n               data-src=\"https:\/\/seidel-props.de\/wp-content\/gallery\/challanger-iii\/Challanger-III-3.gif\"\n               data-thumbnail=\"https:\/\/seidel-props.de\/wp-content\/gallery\/challanger-iii\/thumbs\/thumbs_Challanger-III-3.gif\"\n               data-image-id=\"831\"\n               data-title=\"Challanger-III-3\"\n               data-description=\"\"\n               data-image-slug=\"challanger-iii-3\"\n               class=\"ngg-simplelightbox\" rel=\"6705d4b2f6d388ee2b573e396ef4750c\">\n                <img\n                    title=\"Challanger-III-3\"\n                    alt=\"Challanger-III-3\"\n                    src=\"https:\/\/seidel-props.de\/wp-content\/gallery\/challanger-iii\/cache\/Challanger-III-3.gif-nggid03831-ngg0dyn-450x300x100-00f0w010c011r110f110r010t010.gif\"\n                    width=\"450\"\n                    height=\"300\"\n                    style=\"max-width:100%;\"\n                \/>\n            <\/a>\n        <\/div>\n\t\t\t\t\t\t\t<\/div> \n\t\t\t\n\t\t\t\t<div id=\"ngg-image-10\" class=\"ngg-gallery-thumbnail-box ngg-3-columns\" >\n\t\t\t\t        <div class=\"ngg-gallery-thumbnail\">\n            <a href=\"https:\/\/seidel-props.de\/wp-content\/gallery\/challanger-iii\/Challanger-III-3.jpg\"\n               title=\"\"\n               data-src=\"https:\/\/seidel-props.de\/wp-content\/gallery\/challanger-iii\/Challanger-III-3.jpg\"\n               data-thumbnail=\"https:\/\/seidel-props.de\/wp-content\/gallery\/challanger-iii\/thumbs\/thumbs_Challanger-III-3.jpg\"\n               data-image-id=\"832\"\n               data-title=\"Challanger-III-3\"\n               data-description=\"\"\n               data-image-slug=\"challanger-iii-3-1\"\n               class=\"ngg-simplelightbox\" rel=\"6705d4b2f6d388ee2b573e396ef4750c\">\n                <img\n                    title=\"Challanger-III-3\"\n                    alt=\"Challanger-III-3\"\n                    src=\"https:\/\/seidel-props.de\/wp-content\/gallery\/challanger-iii\/cache\/Challanger-III-3.jpg-nggid03832-ngg0dyn-450x300x100-00f0w010c011r110f110r010t010.jpg\"\n                    width=\"450\"\n                    height=\"300\"\n                    style=\"max-width:100%;\"\n                \/>\n            <\/a>\n        <\/div>\n\t\t\t\t\t\t\t<\/div> \n\t\t\t\n\t\t\t\t<div id=\"ngg-image-11\" class=\"ngg-gallery-thumbnail-box ngg-3-columns\" >\n\t\t\t\t        <div class=\"ngg-gallery-thumbnail\">\n            <a href=\"https:\/\/seidel-props.de\/wp-content\/gallery\/challanger-iii\/Challanger-III-4.jpg\"\n               title=\"\"\n               data-src=\"https:\/\/seidel-props.de\/wp-content\/gallery\/challanger-iii\/Challanger-III-4.jpg\"\n               data-thumbnail=\"https:\/\/seidel-props.de\/wp-content\/gallery\/challanger-iii\/thumbs\/thumbs_Challanger-III-4.jpg\"\n               data-image-id=\"833\"\n               data-title=\"Challanger-III-4\"\n               data-description=\"\"\n               data-image-slug=\"challanger-iii-4\"\n               class=\"ngg-simplelightbox\" rel=\"6705d4b2f6d388ee2b573e396ef4750c\">\n                <img\n                    title=\"Challanger-III-4\"\n                    alt=\"Challanger-III-4\"\n                    src=\"https:\/\/seidel-props.de\/wp-content\/gallery\/challanger-iii\/cache\/Challanger-III-4.jpg-nggid03833-ngg0dyn-450x300x100-00f0w010c011r110f110r010t010.jpg\"\n                    width=\"450\"\n                    height=\"300\"\n                    style=\"max-width:100%;\"\n                \/>\n            <\/a>\n        <\/div>\n\t\t\t\t\t\t\t<\/div> \n\t\t\t\n\t\t\t\t<div id=\"ngg-image-12\" class=\"ngg-gallery-thumbnail-box ngg-3-columns\" >\n\t\t\t\t        <div class=\"ngg-gallery-thumbnail\">\n            <a href=\"https:\/\/seidel-props.de\/wp-content\/gallery\/challanger-iii\/Challanger-III-5.jpg\"\n               title=\"\"\n               data-src=\"https:\/\/seidel-props.de\/wp-content\/gallery\/challanger-iii\/Challanger-III-5.jpg\"\n               data-thumbnail=\"https:\/\/seidel-props.de\/wp-content\/gallery\/challanger-iii\/thumbs\/thumbs_Challanger-III-5.jpg\"\n               data-image-id=\"834\"\n               data-title=\"Challanger-III-5\"\n               data-description=\"\"\n               data-image-slug=\"challanger-iii-5\"\n               class=\"ngg-simplelightbox\" rel=\"6705d4b2f6d388ee2b573e396ef4750c\">\n                <img\n                    title=\"Challanger-III-5\"\n                    alt=\"Challanger-III-5\"\n                    src=\"https:\/\/seidel-props.de\/wp-content\/gallery\/challanger-iii\/cache\/Challanger-III-5.jpg-nggid03834-ngg0dyn-450x300x100-00f0w010c011r110f110r010t010.jpg\"\n                    width=\"450\"\n                    height=\"300\"\n                    style=\"max-width:100%;\"\n                \/>\n            <\/a>\n        <\/div>\n\t\t\t\t\t\t\t<\/div> \n\t\t\t\n\t\n\t<br style=\"clear: both\" \/>\n\n\t\n\t\t<!-- Pagination -->\n\t<div class='ngg-clear'><\/div>\t<\/div>\n\n\n\n\n<p>Sean Tucker fliegt diese Maschine derart virtuos, dass man meinen k\u00f6nnte, der Doppeldecker wird telepathisch gesteuert. Power im \u00dcberfluss, Festigkeit beliebig, K\u00f6nnen ph\u00e4nomenal! Nach einer solchen Vorstellung braucht eigentlich auf einem Flugtag kein Anderer mehr starten.<\/p>\n\n\n\n<p>Hier ein absolut sehenswertes <a href=\"https:\/\/www.youtube.com\/watch?v=CUlw8ZJdC94\" data-type=\"URL\" data-id=\"https:\/\/www.youtube.com\/watch?v=CUlw8ZJdC94\" target=\"_blank\" rel=\"noreferrer noopener\">Onboard-Video von Sean Tucker<\/a>. Da platzen einem schon beim Zuschauen die Adern!<\/p>\n\n\n\n<div class=\"wp-block-image\"><figure class=\"aligncenter size-large is-resized\"><a href=\"https:\/\/seidel-props.de\/wp-content\/uploads\/2021\/07\/grafik-12.png\"><img decoding=\"async\" src=\"https:\/\/seidel-props.de\/wp-content\/uploads\/2021\/07\/grafik-12.png\" alt=\"\" class=\"wp-image-2209\" width=\"350\" srcset=\"https:\/\/seidel-props.de\/wp-content\/uploads\/2021\/07\/grafik-12.png 357w, https:\/\/seidel-props.de\/wp-content\/uploads\/2021\/07\/grafik-12-300x164.png 300w\" sizes=\"(max-width: 357px) 100vw, 357px\" \/><\/a><\/figure><\/div>\n\n\n\n<p>Der sehr charakteristische Propeller ist im Original aus Carbon. Wir haben die Blattform rekonstruiert und k\u00f6nnen somit jede beliebige Durchmesser- \/ Steigungskombination als Holzpropeller liefern.<\/p>\n","protected":false},"excerpt":{"rendered":"<p>Challanger III &#8211; Sky is the limit Sean Tucker fliegt diese Maschine derart virtuos, dass man meinen k\u00f6nnte, der Doppeldecker&hellip;<\/p>\n","protected":false},"author":1,"featured_media":0,"parent":0,"menu_order":0,"comment_status":"closed","ping_status":"closed","template":"","meta":{"ngg_post_thumbnail":0,"footnotes":""},"class_list":["post-2208","page","type-page","status-publish","hentry"],"translation":{"provider":"WPGlobus","version":"2.10.0","language":"en","enabled_languages":["de","en"],"languages":{"de":{"title":true,"content":true,"excerpt":false},"en":{"title":false,"content":false,"excerpt":false}}},"_links":{"self":[{"href":"https:\/\/seidel-props.de\/en\/wp-json\/wp\/v2\/pages\/2208","targetHints":{"allow":["GET"]}}],"collection":[{"href":"https:\/\/seidel-props.de\/en\/wp-json\/wp\/v2\/pages"}],"about":[{"href":"https:\/\/seidel-props.de\/en\/wp-json\/wp\/v2\/types\/page"}],"author":[{"embeddable":true,"href":"https:\/\/seidel-props.de\/en\/wp-json\/wp\/v2\/users\/1"}],"replies":[{"embeddable":true,"href":"https:\/\/seidel-props.de\/en\/wp-json\/wp\/v2\/comments?post=2208"}],"version-history":[{"count":3,"href":"https:\/\/seidel-props.de\/en\/wp-json\/wp\/v2\/pages\/2208\/revisions"}],"predecessor-version":[{"id":2214,"href":"https:\/\/seidel-props.de\/en\/wp-json\/wp\/v2\/pages\/2208\/revisions\/2214"}],"wp:attachment":[{"href":"https:\/\/seidel-props.de\/en\/wp-json\/wp\/v2\/media?parent=2208"}],"curies":[{"name":"wp","href":"https:\/\/api.w.org\/{rel}","templated":true}]}}