{"id":2246,"date":"2021-07-23T15:14:52","date_gmt":"2021-07-23T13:14:52","guid":{"rendered":"https:\/\/seidel-props.de\/?page_id=2246"},"modified":"2021-07-31T22:27:47","modified_gmt":"2021-07-31T20:27:47","slug":"f4u-corsair","status":"publish","type":"page","link":"https:\/\/seidel-props.de\/en\/f4u-corsair\/","title":{"rendered":"F4U Corsair"},"content":{"rendered":"\n<p>F4U Corsair<\/p>\n\n\n\n<!-- default-view.php -->\n<div\n\tclass=\"ngg-galleryoverview default-view \"\n\tid=\"ngg-gallery-013f2f6c983d2d846b0e3bad5ea4ea45-1\">\n\n\t\t<!-- Thumbnails -->\n\t\t\t\t<div id=\"ngg-image-0\" class=\"ngg-gallery-thumbnail-box ngg-3-columns\" >\n\t\t\t\t        <div class=\"ngg-gallery-thumbnail\">\n            <a href=\"https:\/\/seidel-props.de\/wp-content\/gallery\/f4u-corsair\/50x50_Corsair.JPG\"\n               title=\"\"\n               data-src=\"https:\/\/seidel-props.de\/wp-content\/gallery\/f4u-corsair\/50x50_Corsair.JPG\"\n               data-thumbnail=\"https:\/\/seidel-props.de\/wp-content\/gallery\/f4u-corsair\/thumbs\/thumbs_50x50_Corsair.JPG\"\n               data-image-id=\"855\"\n               data-title=\"50x50_Corsair\"\n               data-description=\"\"\n               data-image-slug=\"50x50_corsair\"\n               class=\"ngg-simplelightbox\" rel=\"013f2f6c983d2d846b0e3bad5ea4ea45\">\n                <img\n                    title=\"50x50_Corsair\"\n                    alt=\"50x50_Corsair\"\n                    src=\"https:\/\/seidel-props.de\/wp-content\/gallery\/f4u-corsair\/cache\/50x50_Corsair.JPG-nggid03855-ngg0dyn-450x300x100-00f0w010c011r110f110r010t010.JPG\"\n                    width=\"450\"\n                    height=\"300\"\n                    style=\"max-width:100%;\"\n                \/>\n            <\/a>\n        <\/div>\n\t\t\t\t\t\t\t<\/div> \n\t\t\t\n\t\t\t\t<div id=\"ngg-image-1\" class=\"ngg-gallery-thumbnail-box ngg-3-columns\" >\n\t\t\t\t        <div class=\"ngg-gallery-thumbnail\">\n            <a href=\"https:\/\/seidel-props.de\/wp-content\/gallery\/f4u-corsair\/Corsair_30x19.JPG\"\n               title=\"\"\n               data-src=\"https:\/\/seidel-props.de\/wp-content\/gallery\/f4u-corsair\/Corsair_30x19.JPG\"\n               data-thumbnail=\"https:\/\/seidel-props.de\/wp-content\/gallery\/f4u-corsair\/thumbs\/thumbs_Corsair_30x19.JPG\"\n               data-image-id=\"852\"\n               data-title=\"DCIM100GOPROGOPR0191.JPG\"\n               data-description=\"\"\n               data-image-slug=\"corsair_30x19\"\n               class=\"ngg-simplelightbox\" rel=\"013f2f6c983d2d846b0e3bad5ea4ea45\">\n                <img\n                    title=\"DCIM100GOPROGOPR0191.JPG\"\n                    alt=\"DCIM100GOPROGOPR0191.JPG\"\n                    src=\"https:\/\/seidel-props.de\/wp-content\/gallery\/f4u-corsair\/cache\/Corsair_30x19.JPG-nggid03852-ngg0dyn-450x300x100-00f0w010c011r110f110r010t010.JPG\"\n                    width=\"450\"\n                    height=\"300\"\n                    style=\"max-width:100%;\"\n                \/>\n            <\/a>\n        <\/div>\n\t\t\t\t\t\t\t<\/div> \n\t\t\t\n\t\t\t\t<div id=\"ngg-image-2\" class=\"ngg-gallery-thumbnail-box ngg-3-columns\" >\n\t\t\t\t        <div class=\"ngg-gallery-thumbnail\">\n            <a href=\"https:\/\/seidel-props.de\/wp-content\/gallery\/f4u-corsair\/f4u-1.gif\"\n               title=\"\"\n               data-src=\"https:\/\/seidel-props.de\/wp-content\/gallery\/f4u-corsair\/f4u-1.gif\"\n               data-thumbnail=\"https:\/\/seidel-props.de\/wp-content\/gallery\/f4u-corsair\/thumbs\/thumbs_f4u-1.gif\"\n               data-image-id=\"393\"\n               data-title=\"f4u-1\"\n               data-description=\"\"\n               data-image-slug=\"f4u-1\"\n               class=\"ngg-simplelightbox\" rel=\"013f2f6c983d2d846b0e3bad5ea4ea45\">\n                <img\n                    title=\"f4u-1\"\n                    alt=\"f4u-1\"\n                    src=\"https:\/\/seidel-props.de\/wp-content\/gallery\/f4u-corsair\/cache\/f4u-1.gif-nggid03393-ngg0dyn-450x300x100-00f0w010c011r110f110r010t010.gif\"\n                    width=\"450\"\n                    height=\"300\"\n                    style=\"max-width:100%;\"\n                \/>\n            <\/a>\n        <\/div>\n\t\t\t\t\t\t\t<\/div> \n\t\t\t\n\t\t\t\t<div id=\"ngg-image-3\" class=\"ngg-gallery-thumbnail-box ngg-3-columns\" >\n\t\t\t\t        <div class=\"ngg-gallery-thumbnail\">\n            <a href=\"https:\/\/seidel-props.de\/wp-content\/gallery\/f4u-corsair\/f4u-2.gif\"\n               title=\"\"\n               data-src=\"https:\/\/seidel-props.de\/wp-content\/gallery\/f4u-corsair\/f4u-2.gif\"\n               data-thumbnail=\"https:\/\/seidel-props.de\/wp-content\/gallery\/f4u-corsair\/thumbs\/thumbs_f4u-2.gif\"\n               data-image-id=\"394\"\n               data-title=\"f4u-2\"\n               data-description=\"\"\n               data-image-slug=\"f4u-2\"\n               class=\"ngg-simplelightbox\" rel=\"013f2f6c983d2d846b0e3bad5ea4ea45\">\n                <img\n                    title=\"f4u-2\"\n                    alt=\"f4u-2\"\n                    src=\"https:\/\/seidel-props.de\/wp-content\/gallery\/f4u-corsair\/cache\/f4u-2.gif-nggid03394-ngg0dyn-450x300x100-00f0w010c011r110f110r010t010.gif\"\n                    width=\"450\"\n                    height=\"300\"\n                    style=\"max-width:100%;\"\n                \/>\n            <\/a>\n        <\/div>\n\t\t\t\t\t\t\t<\/div> \n\t\t\t\n\t\t\t\t<div id=\"ngg-image-4\" class=\"ngg-gallery-thumbnail-box ngg-3-columns\" >\n\t\t\t\t        <div class=\"ngg-gallery-thumbnail\">\n            <a href=\"https:\/\/seidel-props.de\/wp-content\/gallery\/f4u-corsair\/f4u-3.gif\"\n               title=\"\"\n               data-src=\"https:\/\/seidel-props.de\/wp-content\/gallery\/f4u-corsair\/f4u-3.gif\"\n               data-thumbnail=\"https:\/\/seidel-props.de\/wp-content\/gallery\/f4u-corsair\/thumbs\/thumbs_f4u-3.gif\"\n               data-image-id=\"395\"\n               data-title=\"f4u-3\"\n               data-description=\"\"\n               data-image-slug=\"f4u-3\"\n               class=\"ngg-simplelightbox\" rel=\"013f2f6c983d2d846b0e3bad5ea4ea45\">\n                <img\n                    title=\"f4u-3\"\n                    alt=\"f4u-3\"\n                    src=\"https:\/\/seidel-props.de\/wp-content\/gallery\/f4u-corsair\/cache\/f4u-3.gif-nggid03395-ngg0dyn-450x300x100-00f0w010c011r110f110r010t010.gif\"\n                    width=\"450\"\n                    height=\"300\"\n                    style=\"max-width:100%;\"\n                \/>\n            <\/a>\n        <\/div>\n\t\t\t\t\t\t\t<\/div> \n\t\t\t\n\t\t\t\t<div id=\"ngg-image-5\" class=\"ngg-gallery-thumbnail-box ngg-3-columns\" >\n\t\t\t\t        <div class=\"ngg-gallery-thumbnail\">\n            <a href=\"https:\/\/seidel-props.de\/wp-content\/gallery\/f4u-corsair\/f4u-4.gif\"\n               title=\"\"\n               data-src=\"https:\/\/seidel-props.de\/wp-content\/gallery\/f4u-corsair\/f4u-4.gif\"\n               data-thumbnail=\"https:\/\/seidel-props.de\/wp-content\/gallery\/f4u-corsair\/thumbs\/thumbs_f4u-4.gif\"\n               data-image-id=\"396\"\n               data-title=\"f4u-4\"\n               data-description=\"\"\n               data-image-slug=\"f4u-4\"\n               class=\"ngg-simplelightbox\" rel=\"013f2f6c983d2d846b0e3bad5ea4ea45\">\n                <img\n                    title=\"f4u-4\"\n                    alt=\"f4u-4\"\n                    src=\"https:\/\/seidel-props.de\/wp-content\/gallery\/f4u-corsair\/cache\/f4u-4.gif-nggid03396-ngg0dyn-450x300x100-00f0w010c011r110f110r010t010.gif\"\n                    width=\"450\"\n                    height=\"300\"\n                    style=\"max-width:100%;\"\n                \/>\n            <\/a>\n        <\/div>\n\t\t\t\t\t\t\t<\/div> \n\t\t\t\n\t\t\t\t<div id=\"ngg-image-6\" class=\"ngg-gallery-thumbnail-box ngg-3-columns\" >\n\t\t\t\t        <div class=\"ngg-gallery-thumbnail\">\n            <a href=\"https:\/\/seidel-props.de\/wp-content\/gallery\/f4u-corsair\/f4u-6.gif\"\n               title=\"\"\n               data-src=\"https:\/\/seidel-props.de\/wp-content\/gallery\/f4u-corsair\/f4u-6.gif\"\n               data-thumbnail=\"https:\/\/seidel-props.de\/wp-content\/gallery\/f4u-corsair\/thumbs\/thumbs_f4u-6.gif\"\n               data-image-id=\"398\"\n               data-title=\"f4u-6\"\n               data-description=\"\"\n               data-image-slug=\"f4u-6\"\n               class=\"ngg-simplelightbox\" rel=\"013f2f6c983d2d846b0e3bad5ea4ea45\">\n                <img\n                    title=\"f4u-6\"\n                    alt=\"f4u-6\"\n                    src=\"https:\/\/seidel-props.de\/wp-content\/gallery\/f4u-corsair\/cache\/f4u-6.gif-nggid03398-ngg0dyn-450x300x100-00f0w010c011r110f110r010t010.gif\"\n                    width=\"450\"\n                    height=\"300\"\n                    style=\"max-width:100%;\"\n                \/>\n            <\/a>\n        <\/div>\n\t\t\t\t\t\t\t<\/div> \n\t\t\t\n\t\t\t\t<div id=\"ngg-image-7\" class=\"ngg-gallery-thumbnail-box ngg-3-columns\" >\n\t\t\t\t        <div class=\"ngg-gallery-thumbnail\">\n            <a href=\"https:\/\/seidel-props.de\/wp-content\/gallery\/f4u-corsair\/f4u-7.gif\"\n               title=\"\"\n               data-src=\"https:\/\/seidel-props.de\/wp-content\/gallery\/f4u-corsair\/f4u-7.gif\"\n               data-thumbnail=\"https:\/\/seidel-props.de\/wp-content\/gallery\/f4u-corsair\/thumbs\/thumbs_f4u-7.gif\"\n               data-image-id=\"399\"\n               data-title=\"f4u-7\"\n               data-description=\"\"\n               data-image-slug=\"f4u-7\"\n               class=\"ngg-simplelightbox\" rel=\"013f2f6c983d2d846b0e3bad5ea4ea45\">\n                <img\n                    title=\"f4u-7\"\n                    alt=\"f4u-7\"\n                    src=\"https:\/\/seidel-props.de\/wp-content\/gallery\/f4u-corsair\/cache\/f4u-7.gif-nggid03399-ngg0dyn-450x300x100-00f0w010c011r110f110r010t010.gif\"\n                    width=\"450\"\n                    height=\"300\"\n                    style=\"max-width:100%;\"\n                \/>\n            <\/a>\n        <\/div>\n\t\t\t\t\t\t\t<\/div> \n\t\t\t\n\t\t\t\t<div id=\"ngg-image-8\" class=\"ngg-gallery-thumbnail-box ngg-3-columns\" >\n\t\t\t\t        <div class=\"ngg-gallery-thumbnail\">\n            <a href=\"https:\/\/seidel-props.de\/wp-content\/gallery\/f4u-corsair\/f4u-8.gif\"\n               title=\"\"\n               data-src=\"https:\/\/seidel-props.de\/wp-content\/gallery\/f4u-corsair\/f4u-8.gif\"\n               data-thumbnail=\"https:\/\/seidel-props.de\/wp-content\/gallery\/f4u-corsair\/thumbs\/thumbs_f4u-8.gif\"\n               data-image-id=\"400\"\n               data-title=\"f4u-8\"\n               data-description=\"\"\n               data-image-slug=\"f4u-8\"\n               class=\"ngg-simplelightbox\" rel=\"013f2f6c983d2d846b0e3bad5ea4ea45\">\n                <img\n                    title=\"f4u-8\"\n                    alt=\"f4u-8\"\n                    src=\"https:\/\/seidel-props.de\/wp-content\/gallery\/f4u-corsair\/cache\/f4u-8.gif-nggid03400-ngg0dyn-450x300x100-00f0w010c011r110f110r010t010.gif\"\n                    width=\"450\"\n                    height=\"300\"\n                    style=\"max-width:100%;\"\n                \/>\n            <\/a>\n        <\/div>\n\t\t\t\t\t\t\t<\/div> \n\t\t\t\n\t\t\t\t<div id=\"ngg-image-9\" class=\"ngg-gallery-thumbnail-box ngg-3-columns\" >\n\t\t\t\t        <div class=\"ngg-gallery-thumbnail\">\n            <a href=\"https:\/\/seidel-props.de\/wp-content\/gallery\/f4u-corsair\/f4u-9.gif\"\n               title=\"\"\n               data-src=\"https:\/\/seidel-props.de\/wp-content\/gallery\/f4u-corsair\/f4u-9.gif\"\n               data-thumbnail=\"https:\/\/seidel-props.de\/wp-content\/gallery\/f4u-corsair\/thumbs\/thumbs_f4u-9.gif\"\n               data-image-id=\"401\"\n               data-title=\"f4u-9\"\n               data-description=\"\"\n               data-image-slug=\"f4u-9\"\n               class=\"ngg-simplelightbox\" rel=\"013f2f6c983d2d846b0e3bad5ea4ea45\">\n                <img\n                    title=\"f4u-9\"\n                    alt=\"f4u-9\"\n                    src=\"https:\/\/seidel-props.de\/wp-content\/gallery\/f4u-corsair\/cache\/f4u-9.gif-nggid03401-ngg0dyn-450x300x100-00f0w010c011r110f110r010t010.gif\"\n                    width=\"450\"\n                    height=\"300\"\n                    style=\"max-width:100%;\"\n                \/>\n            <\/a>\n        <\/div>\n\t\t\t\t\t\t\t<\/div> \n\t\t\t\n\t\t\t\t<div id=\"ngg-image-10\" class=\"ngg-gallery-thumbnail-box ngg-3-columns\" >\n\t\t\t\t        <div class=\"ngg-gallery-thumbnail\">\n            <a href=\"https:\/\/seidel-props.de\/wp-content\/gallery\/f4u-corsair\/Finished-Seidel-for-Skyboss.JPG\"\n               title=\"\"\n               data-src=\"https:\/\/seidel-props.de\/wp-content\/gallery\/f4u-corsair\/Finished-Seidel-for-Skyboss.JPG\"\n               data-thumbnail=\"https:\/\/seidel-props.de\/wp-content\/gallery\/f4u-corsair\/thumbs\/thumbs_Finished-Seidel-for-Skyboss.JPG\"\n               data-image-id=\"853\"\n               data-title=\"Finished-Seidel-for-Skyboss\"\n               data-description=\"\"\n               data-image-slug=\"finished-seidel-for-skyboss\"\n               class=\"ngg-simplelightbox\" rel=\"013f2f6c983d2d846b0e3bad5ea4ea45\">\n                <img\n                    title=\"Finished-Seidel-for-Skyboss\"\n                    alt=\"Finished-Seidel-for-Skyboss\"\n                    src=\"https:\/\/seidel-props.de\/wp-content\/gallery\/f4u-corsair\/cache\/Finished-Seidel-for-Skyboss.JPG-nggid03853-ngg0dyn-450x300x100-00f0w010c011r110f110r010t010.JPG\"\n                    width=\"450\"\n                    height=\"300\"\n                    style=\"max-width:100%;\"\n                \/>\n            <\/a>\n        <\/div>\n\t\t\t\t\t\t\t<\/div> \n\t\t\t\n\t\t\t\t<div id=\"ngg-image-11\" class=\"ngg-gallery-thumbnail-box ngg-3-columns\" >\n\t\t\t\t        <div class=\"ngg-gallery-thumbnail\">\n            <a href=\"https:\/\/seidel-props.de\/wp-content\/gallery\/f4u-corsair\/Finished-Seidel.JPG\"\n               title=\"\"\n               data-src=\"https:\/\/seidel-props.de\/wp-content\/gallery\/f4u-corsair\/Finished-Seidel.JPG\"\n               data-thumbnail=\"https:\/\/seidel-props.de\/wp-content\/gallery\/f4u-corsair\/thumbs\/thumbs_Finished-Seidel.JPG\"\n               data-image-id=\"854\"\n               data-title=\"Finished-Seidel\"\n               data-description=\"\"\n               data-image-slug=\"finished-seidel\"\n               class=\"ngg-simplelightbox\" rel=\"013f2f6c983d2d846b0e3bad5ea4ea45\">\n                <img\n                    title=\"Finished-Seidel\"\n                    alt=\"Finished-Seidel\"\n                    src=\"https:\/\/seidel-props.de\/wp-content\/gallery\/f4u-corsair\/cache\/Finished-Seidel.JPG-nggid03854-ngg0dyn-450x300x100-00f0w010c011r110f110r010t010.JPG\"\n                    width=\"450\"\n                    height=\"300\"\n                    style=\"max-width:100%;\"\n                \/>\n            <\/a>\n        <\/div>\n\t\t\t\t\t\t\t<\/div> \n\t\t\t\n\t\n\t<br style=\"clear: both\" \/>\n\n\t\n\t\t<!-- Pagination -->\n\t<div class='ngg-clear'><\/div>\t<\/div>\n\n\n\n\n<p>Eines der bekanntesten WW2-Kampfflugzeuge der USA. Charakteristisch die W-f\u00f6rmig geknickten Fl\u00e4chen, um das Fahrwerk m\u00f6glichst kurz zu halten.<\/p>\n\n\n\n<p>Die sp\u00e4teren Versionen waren mit 18-Zylinder-Doppelsternmotoren ausgestattet und verk\u00f6rpern das Ende der Entwickung der st\u00e4rksten Serien-Sternmotoren. Propellerdurchmesser im Original ca. 4m bei einer Fl\u00fcgelspannweite von 12,4m. Ein weiteres ideales Flugzeugmuster f\u00fcr unser SP-250-X!<\/p>\n\n\n\n<p>Oben links der mitlerweile legend\u00e4re 18-Zylinder-Doppelstern von Andreas Heileman, f\u00fcr den wir ein Planetengetriebe mit 2 : 1 Untersetzung entwickelt haben, um ebenfalls ma\u00dfst\u00e4bliche Propeller drehen zu k\u00f6nnen. Hier ein Corsair-Propeller der Ma\u00dfe 50&#215;25&#8243;, der dem technischen Wunderwerk mit 700cm\u00b3 doch einiges abverlangt.<\/p>\n\n\n\n<p><a href=\"http:\/\/heilemann-sternmotoren.de\/de\/hs-getriebe_2_1\" data-type=\"URL\" data-id=\"http:\/\/heilemann-sternmotoren.de\/de\/hs-getriebe_2_1\" target=\"_blank\" rel=\"noreferrer noopener\">Mehr Infos zum Motor auf der Seite von Heilemann-Sternmotoren.<\/a><\/p>\n","protected":false},"excerpt":{"rendered":"<p>F4U Corsair Eines der bekanntesten WW2-Kampfflugzeuge der USA. Charakteristisch die W-f\u00f6rmig geknickten Fl\u00e4chen, um das Fahrwerk m\u00f6glichst kurz zu halten.&hellip;<\/p>\n","protected":false},"author":1,"featured_media":0,"parent":0,"menu_order":0,"comment_status":"closed","ping_status":"closed","template":"","meta":{"ngg_post_thumbnail":0,"footnotes":""},"class_list":["post-2246","page","type-page","status-publish","hentry"],"translation":{"provider":"WPGlobus","version":"2.10.0","language":"en","enabled_languages":["de","en"],"languages":{"de":{"title":true,"content":true,"excerpt":false},"en":{"title":false,"content":false,"excerpt":false}}},"_links":{"self":[{"href":"https:\/\/seidel-props.de\/en\/wp-json\/wp\/v2\/pages\/2246","targetHints":{"allow":["GET"]}}],"collection":[{"href":"https:\/\/seidel-props.de\/en\/wp-json\/wp\/v2\/pages"}],"about":[{"href":"https:\/\/seidel-props.de\/en\/wp-json\/wp\/v2\/types\/page"}],"author":[{"embeddable":true,"href":"https:\/\/seidel-props.de\/en\/wp-json\/wp\/v2\/users\/1"}],"replies":[{"embeddable":true,"href":"https:\/\/seidel-props.de\/en\/wp-json\/wp\/v2\/comments?post=2246"}],"version-history":[{"count":2,"href":"https:\/\/seidel-props.de\/en\/wp-json\/wp\/v2\/pages\/2246\/revisions"}],"predecessor-version":[{"id":2273,"href":"https:\/\/seidel-props.de\/en\/wp-json\/wp\/v2\/pages\/2246\/revisions\/2273"}],"wp:attachment":[{"href":"https:\/\/seidel-props.de\/en\/wp-json\/wp\/v2\/media?parent=2246"}],"curies":[{"name":"wp","href":"https:\/\/api.w.org\/{rel}","templated":true}]}}