{"id":2263,"date":"2021-07-23T15:53:13","date_gmt":"2021-07-23T13:53:13","guid":{"rendered":"https:\/\/seidel-props.de\/?page_id=2263"},"modified":"2021-08-06T22:54:11","modified_gmt":"2021-08-06T20:54:11","slug":"f8f-bearcat","status":"publish","type":"page","link":"https:\/\/seidel-props.de\/en\/f8f-bearcat\/","title":{"rendered":"F8f-Bearcat"},"content":{"rendered":"\n<p>F8f-Bearcat, der letzte J\u00e4ger seiner Art. Danach wurden keine st\u00e4rkeren Jagdmaschinen mit Sternmotoren mehr entwickelt.<\/p>\n\n\n\n<!-- default-view.php -->\n<div\n\tclass=\"ngg-galleryoverview default-view \"\n\tid=\"ngg-gallery-0f7880ab69c2fb53fb998534703f974c-1\">\n\n\t\t<!-- Thumbnails -->\n\t\t\t\t<div id=\"ngg-image-0\" class=\"ngg-gallery-thumbnail-box ngg-3-columns\" >\n\t\t\t\t        <div class=\"ngg-gallery-thumbnail\">\n            <a href=\"https:\/\/seidel-props.de\/wp-content\/gallery\/f8f-bearcat-18-zylinder-projekt\/1_f8f-2.gif\"\n               title=\"\"\n               data-src=\"https:\/\/seidel-props.de\/wp-content\/gallery\/f8f-bearcat-18-zylinder-projekt\/1_f8f-2.gif\"\n               data-thumbnail=\"https:\/\/seidel-props.de\/wp-content\/gallery\/f8f-bearcat-18-zylinder-projekt\/thumbs\/thumbs_1_f8f-2.gif\"\n               data-image-id=\"862\"\n               data-title=\"1_f8f-2\"\n               data-description=\"\"\n               data-image-slug=\"1_f8f-2\"\n               class=\"ngg-simplelightbox\" rel=\"0f7880ab69c2fb53fb998534703f974c\">\n                <img\n                    title=\"1_f8f-2\"\n                    alt=\"1_f8f-2\"\n                    src=\"https:\/\/seidel-props.de\/wp-content\/gallery\/f8f-bearcat-18-zylinder-projekt\/cache\/1_f8f-2.gif-nggid03862-ngg0dyn-450x300x100-00f0w010c011r110f110r010t010.gif\"\n                    width=\"450\"\n                    height=\"300\"\n                    style=\"max-width:100%;\"\n                \/>\n            <\/a>\n        <\/div>\n\t\t\t\t\t\t\t<\/div> \n\t\t\t\n\t\t\t\t<div id=\"ngg-image-1\" class=\"ngg-gallery-thumbnail-box ngg-3-columns\" >\n\t\t\t\t        <div class=\"ngg-gallery-thumbnail\">\n            <a href=\"https:\/\/seidel-props.de\/wp-content\/gallery\/f8f-bearcat-18-zylinder-projekt\/1_f8f-6.gif\"\n               title=\"\"\n               data-src=\"https:\/\/seidel-props.de\/wp-content\/gallery\/f8f-bearcat-18-zylinder-projekt\/1_f8f-6.gif\"\n               data-thumbnail=\"https:\/\/seidel-props.de\/wp-content\/gallery\/f8f-bearcat-18-zylinder-projekt\/thumbs\/thumbs_1_f8f-6.gif\"\n               data-image-id=\"863\"\n               data-title=\"1_f8f-6\"\n               data-description=\"\"\n               data-image-slug=\"1_f8f-6\"\n               class=\"ngg-simplelightbox\" rel=\"0f7880ab69c2fb53fb998534703f974c\">\n                <img\n                    title=\"1_f8f-6\"\n                    alt=\"1_f8f-6\"\n                    src=\"https:\/\/seidel-props.de\/wp-content\/gallery\/f8f-bearcat-18-zylinder-projekt\/cache\/1_f8f-6.gif-nggid03863-ngg0dyn-450x300x100-00f0w010c011r110f110r010t010.gif\"\n                    width=\"450\"\n                    height=\"300\"\n                    style=\"max-width:100%;\"\n                \/>\n            <\/a>\n        <\/div>\n\t\t\t\t\t\t\t<\/div> \n\t\t\t\n\t\t\t\t<div id=\"ngg-image-2\" class=\"ngg-gallery-thumbnail-box ngg-3-columns\" >\n\t\t\t\t        <div class=\"ngg-gallery-thumbnail\">\n            <a href=\"https:\/\/seidel-props.de\/wp-content\/gallery\/f8f-bearcat-18-zylinder-projekt\/30x20_Bearcat-9.gif\"\n               title=\"\"\n               data-src=\"https:\/\/seidel-props.de\/wp-content\/gallery\/f8f-bearcat-18-zylinder-projekt\/30x20_Bearcat-9.gif\"\n               data-thumbnail=\"https:\/\/seidel-props.de\/wp-content\/gallery\/f8f-bearcat-18-zylinder-projekt\/thumbs\/thumbs_30x20_Bearcat-9.gif\"\n               data-image-id=\"861\"\n               data-title=\"30x20_Bearcat-9\"\n               data-description=\"\"\n               data-image-slug=\"30x20_bearcat-9\"\n               class=\"ngg-simplelightbox\" rel=\"0f7880ab69c2fb53fb998534703f974c\">\n                <img\n                    title=\"30x20_Bearcat-9\"\n                    alt=\"30x20_Bearcat-9\"\n                    src=\"https:\/\/seidel-props.de\/wp-content\/gallery\/f8f-bearcat-18-zylinder-projekt\/cache\/30x20_Bearcat-9.gif-nggid03861-ngg0dyn-450x300x100-00f0w010c011r110f110r010t010.gif\"\n                    width=\"450\"\n                    height=\"300\"\n                    style=\"max-width:100%;\"\n                \/>\n            <\/a>\n        <\/div>\n\t\t\t\t\t\t\t<\/div> \n\t\t\t\n\t\t\t\t<div id=\"ngg-image-3\" class=\"ngg-gallery-thumbnail-box ngg-3-columns\" >\n\t\t\t\t        <div class=\"ngg-gallery-thumbnail\">\n            <a href=\"https:\/\/seidel-props.de\/wp-content\/gallery\/f8f-bearcat-18-zylinder-projekt\/bearcat95255forsale-7.jpg\"\n               title=\"\"\n               data-src=\"https:\/\/seidel-props.de\/wp-content\/gallery\/f8f-bearcat-18-zylinder-projekt\/bearcat95255forsale-7.jpg\"\n               data-thumbnail=\"https:\/\/seidel-props.de\/wp-content\/gallery\/f8f-bearcat-18-zylinder-projekt\/thumbs\/thumbs_bearcat95255forsale-7.jpg\"\n               data-image-id=\"858\"\n               data-title=\"bearcat95255forsale-7\"\n               data-description=\"\"\n               data-image-slug=\"bearcat95255forsale-7\"\n               class=\"ngg-simplelightbox\" rel=\"0f7880ab69c2fb53fb998534703f974c\">\n                <img\n                    title=\"bearcat95255forsale-7\"\n                    alt=\"bearcat95255forsale-7\"\n                    src=\"https:\/\/seidel-props.de\/wp-content\/gallery\/f8f-bearcat-18-zylinder-projekt\/cache\/bearcat95255forsale-7.jpg-nggid03858-ngg0dyn-450x300x100-00f0w010c011r110f110r010t010.jpg\"\n                    width=\"450\"\n                    height=\"300\"\n                    style=\"max-width:100%;\"\n                \/>\n            <\/a>\n        <\/div>\n\t\t\t\t\t\t\t<\/div> \n\t\t\t\n\t\t\t\t<div id=\"ngg-image-4\" class=\"ngg-gallery-thumbnail-box ngg-3-columns\" >\n\t\t\t\t        <div class=\"ngg-gallery-thumbnail\">\n            <a href=\"https:\/\/seidel-props.de\/wp-content\/gallery\/f8f-bearcat-18-zylinder-projekt\/DSCF2299.JPG\"\n               title=\"\"\n               data-src=\"https:\/\/seidel-props.de\/wp-content\/gallery\/f8f-bearcat-18-zylinder-projekt\/DSCF2299.JPG\"\n               data-thumbnail=\"https:\/\/seidel-props.de\/wp-content\/gallery\/f8f-bearcat-18-zylinder-projekt\/thumbs\/thumbs_DSCF2299.JPG\"\n               data-image-id=\"860\"\n               data-title=\"DSCF2299\"\n               data-description=\"\"\n               data-image-slug=\"dscf2299\"\n               class=\"ngg-simplelightbox\" rel=\"0f7880ab69c2fb53fb998534703f974c\">\n                <img\n                    title=\"DSCF2299\"\n                    alt=\"DSCF2299\"\n                    src=\"https:\/\/seidel-props.de\/wp-content\/gallery\/f8f-bearcat-18-zylinder-projekt\/cache\/DSCF2299.JPG-nggid03860-ngg0dyn-450x300x100-00f0w010c011r110f110r010t010.JPG\"\n                    width=\"450\"\n                    height=\"300\"\n                    style=\"max-width:100%;\"\n                \/>\n            <\/a>\n        <\/div>\n\t\t\t\t\t\t\t<\/div> \n\t\t\t\n\t\t\t\t<div id=\"ngg-image-5\" class=\"ngg-gallery-thumbnail-box ngg-3-columns\" >\n\t\t\t\t        <div class=\"ngg-gallery-thumbnail\">\n            <a href=\"https:\/\/seidel-props.de\/wp-content\/gallery\/f8f-bearcat-18-zylinder-projekt\/f8f-3.gif\"\n               title=\"\"\n               data-src=\"https:\/\/seidel-props.de\/wp-content\/gallery\/f8f-bearcat-18-zylinder-projekt\/f8f-3.gif\"\n               data-thumbnail=\"https:\/\/seidel-props.de\/wp-content\/gallery\/f8f-bearcat-18-zylinder-projekt\/thumbs\/thumbs_f8f-3.gif\"\n               data-image-id=\"404\"\n               data-title=\"f8f-3\"\n               data-description=\"\"\n               data-image-slug=\"f8f-3\"\n               class=\"ngg-simplelightbox\" rel=\"0f7880ab69c2fb53fb998534703f974c\">\n                <img\n                    title=\"f8f-3\"\n                    alt=\"f8f-3\"\n                    src=\"https:\/\/seidel-props.de\/wp-content\/gallery\/f8f-bearcat-18-zylinder-projekt\/cache\/f8f-3.gif-nggid03404-ngg0dyn-450x300x100-00f0w010c011r110f110r010t010.gif\"\n                    width=\"450\"\n                    height=\"300\"\n                    style=\"max-width:100%;\"\n                \/>\n            <\/a>\n        <\/div>\n\t\t\t\t\t\t\t<\/div> \n\t\t\t\n\t\t\t\t<div id=\"ngg-image-6\" class=\"ngg-gallery-thumbnail-box ngg-3-columns\" >\n\t\t\t\t        <div class=\"ngg-gallery-thumbnail\">\n            <a href=\"https:\/\/seidel-props.de\/wp-content\/gallery\/f8f-bearcat-18-zylinder-projekt\/f8f-4.gif\"\n               title=\"\"\n               data-src=\"https:\/\/seidel-props.de\/wp-content\/gallery\/f8f-bearcat-18-zylinder-projekt\/f8f-4.gif\"\n               data-thumbnail=\"https:\/\/seidel-props.de\/wp-content\/gallery\/f8f-bearcat-18-zylinder-projekt\/thumbs\/thumbs_f8f-4.gif\"\n               data-image-id=\"405\"\n               data-title=\"f8f-4\"\n               data-description=\"\"\n               data-image-slug=\"f8f-4\"\n               class=\"ngg-simplelightbox\" rel=\"0f7880ab69c2fb53fb998534703f974c\">\n                <img\n                    title=\"f8f-4\"\n                    alt=\"f8f-4\"\n                    src=\"https:\/\/seidel-props.de\/wp-content\/gallery\/f8f-bearcat-18-zylinder-projekt\/cache\/f8f-4.gif-nggid03405-ngg0dyn-450x300x100-00f0w010c011r110f110r010t010.gif\"\n                    width=\"450\"\n                    height=\"300\"\n                    style=\"max-width:100%;\"\n                \/>\n            <\/a>\n        <\/div>\n\t\t\t\t\t\t\t<\/div> \n\t\t\t\n\t\t\t\t<div id=\"ngg-image-7\" class=\"ngg-gallery-thumbnail-box ngg-3-columns\" >\n\t\t\t\t        <div class=\"ngg-gallery-thumbnail\">\n            <a href=\"https:\/\/seidel-props.de\/wp-content\/gallery\/f8f-bearcat-18-zylinder-projekt\/f8f-5.gif\"\n               title=\"\"\n               data-src=\"https:\/\/seidel-props.de\/wp-content\/gallery\/f8f-bearcat-18-zylinder-projekt\/f8f-5.gif\"\n               data-thumbnail=\"https:\/\/seidel-props.de\/wp-content\/gallery\/f8f-bearcat-18-zylinder-projekt\/thumbs\/thumbs_f8f-5.gif\"\n               data-image-id=\"406\"\n               data-title=\"f8f-5\"\n               data-description=\"\"\n               data-image-slug=\"f8f-5\"\n               class=\"ngg-simplelightbox\" rel=\"0f7880ab69c2fb53fb998534703f974c\">\n                <img\n                    title=\"f8f-5\"\n                    alt=\"f8f-5\"\n                    src=\"https:\/\/seidel-props.de\/wp-content\/gallery\/f8f-bearcat-18-zylinder-projekt\/cache\/f8f-5.gif-nggid03406-ngg0dyn-450x300x100-00f0w010c011r110f110r010t010.gif\"\n                    width=\"450\"\n                    height=\"300\"\n                    style=\"max-width:100%;\"\n                \/>\n            <\/a>\n        <\/div>\n\t\t\t\t\t\t\t<\/div> \n\t\t\t\n\t\t\t\t<div id=\"ngg-image-8\" class=\"ngg-gallery-thumbnail-box ngg-3-columns\" >\n\t\t\t\t        <div class=\"ngg-gallery-thumbnail\">\n            <a href=\"https:\/\/seidel-props.de\/wp-content\/gallery\/f8f-bearcat-18-zylinder-projekt\/IMG_2155.JPG\"\n               title=\"\"\n               data-src=\"https:\/\/seidel-props.de\/wp-content\/gallery\/f8f-bearcat-18-zylinder-projekt\/IMG_2155.JPG\"\n               data-thumbnail=\"https:\/\/seidel-props.de\/wp-content\/gallery\/f8f-bearcat-18-zylinder-projekt\/thumbs\/thumbs_IMG_2155.JPG\"\n               data-image-id=\"907\"\n               data-title=\"IMG_2155\"\n               data-description=\"\"\n               data-image-slug=\"img_2155\"\n               class=\"ngg-simplelightbox\" rel=\"0f7880ab69c2fb53fb998534703f974c\">\n                <img\n                    title=\"IMG_2155\"\n                    alt=\"IMG_2155\"\n                    src=\"https:\/\/seidel-props.de\/wp-content\/gallery\/f8f-bearcat-18-zylinder-projekt\/cache\/IMG_2155.JPG-nggid03907-ngg0dyn-450x300x100-00f0w010c011r110f110r010t010.JPG\"\n                    width=\"450\"\n                    height=\"300\"\n                    style=\"max-width:100%;\"\n                \/>\n            <\/a>\n        <\/div>\n\t\t\t\t\t\t\t<\/div> \n\t\t\t\n\t\t\t\t<div id=\"ngg-image-9\" class=\"ngg-gallery-thumbnail-box ngg-3-columns\" >\n\t\t\t\t        <div class=\"ngg-gallery-thumbnail\">\n            <a href=\"https:\/\/seidel-props.de\/wp-content\/gallery\/f8f-bearcat-18-zylinder-projekt\/IMG_2160.JPG\"\n               title=\"\"\n               data-src=\"https:\/\/seidel-props.de\/wp-content\/gallery\/f8f-bearcat-18-zylinder-projekt\/IMG_2160.JPG\"\n               data-thumbnail=\"https:\/\/seidel-props.de\/wp-content\/gallery\/f8f-bearcat-18-zylinder-projekt\/thumbs\/thumbs_IMG_2160.JPG\"\n               data-image-id=\"908\"\n               data-title=\"IMG_2160\"\n               data-description=\"\"\n               data-image-slug=\"img_2160\"\n               class=\"ngg-simplelightbox\" rel=\"0f7880ab69c2fb53fb998534703f974c\">\n                <img\n                    title=\"IMG_2160\"\n                    alt=\"IMG_2160\"\n                    src=\"https:\/\/seidel-props.de\/wp-content\/gallery\/f8f-bearcat-18-zylinder-projekt\/cache\/IMG_2160.JPG-nggid03908-ngg0dyn-450x300x100-00f0w010c011r110f110r010t010.JPG\"\n                    width=\"450\"\n                    height=\"300\"\n                    style=\"max-width:100%;\"\n                \/>\n            <\/a>\n        <\/div>\n\t\t\t\t\t\t\t<\/div> \n\t\t\t\n\t\t\t\t<div id=\"ngg-image-10\" class=\"ngg-gallery-thumbnail-box ngg-3-columns\" >\n\t\t\t\t        <div class=\"ngg-gallery-thumbnail\">\n            <a href=\"https:\/\/seidel-props.de\/wp-content\/gallery\/f8f-bearcat-18-zylinder-projekt\/IMG_2172.JPG\"\n               title=\"\"\n               data-src=\"https:\/\/seidel-props.de\/wp-content\/gallery\/f8f-bearcat-18-zylinder-projekt\/IMG_2172.JPG\"\n               data-thumbnail=\"https:\/\/seidel-props.de\/wp-content\/gallery\/f8f-bearcat-18-zylinder-projekt\/thumbs\/thumbs_IMG_2172.JPG\"\n               data-image-id=\"909\"\n               data-title=\"IMG_2172\"\n               data-description=\"\"\n               data-image-slug=\"img_2172\"\n               class=\"ngg-simplelightbox\" rel=\"0f7880ab69c2fb53fb998534703f974c\">\n                <img\n                    title=\"IMG_2172\"\n                    alt=\"IMG_2172\"\n                    src=\"https:\/\/seidel-props.de\/wp-content\/gallery\/f8f-bearcat-18-zylinder-projekt\/cache\/IMG_2172.JPG-nggid03909-ngg0dyn-450x300x100-00f0w010c011r110f110r010t010.JPG\"\n                    width=\"450\"\n                    height=\"300\"\n                    style=\"max-width:100%;\"\n                \/>\n            <\/a>\n        <\/div>\n\t\t\t\t\t\t\t<\/div> \n\t\t\t\n\t\t\t\t<div id=\"ngg-image-11\" class=\"ngg-gallery-thumbnail-box ngg-3-columns\" >\n\t\t\t\t        <div class=\"ngg-gallery-thumbnail\">\n            <a href=\"https:\/\/seidel-props.de\/wp-content\/gallery\/f8f-bearcat-18-zylinder-projekt\/Pratt__Whitney_R-2800_engine_USSMM_1.jpg\"\n               title=\"\"\n               data-src=\"https:\/\/seidel-props.de\/wp-content\/gallery\/f8f-bearcat-18-zylinder-projekt\/Pratt__Whitney_R-2800_engine_USSMM_1.jpg\"\n               data-thumbnail=\"https:\/\/seidel-props.de\/wp-content\/gallery\/f8f-bearcat-18-zylinder-projekt\/thumbs\/thumbs_Pratt__Whitney_R-2800_engine_USSMM_1.jpg\"\n               data-image-id=\"856\"\n               data-title=\"Pratt__Whitney_R-2800_engine_USSMM_1\"\n               data-description=\"\"\n               data-image-slug=\"pratt__whitney_r-2800_engine_ussmm_1\"\n               class=\"ngg-simplelightbox\" rel=\"0f7880ab69c2fb53fb998534703f974c\">\n                <img\n                    title=\"Pratt__Whitney_R-2800_engine_USSMM_1\"\n                    alt=\"Pratt__Whitney_R-2800_engine_USSMM_1\"\n                    src=\"https:\/\/seidel-props.de\/wp-content\/gallery\/f8f-bearcat-18-zylinder-projekt\/cache\/Pratt__Whitney_R-2800_engine_USSMM_1.jpg-nggid03856-ngg0dyn-450x300x100-00f0w010c011r110f110r010t010.jpg\"\n                    width=\"450\"\n                    height=\"300\"\n                    style=\"max-width:100%;\"\n                \/>\n            <\/a>\n        <\/div>\n\t\t\t\t\t\t\t<\/div> \n\t\t\t\n\t\n\t<br style=\"clear: both\" \/>\n\n\t\n\t\t<!-- Pagination -->\n\t<div class='ngg-clear'><\/div>\t<\/div>\n\n\n\n\n<p>Die F8f war genau wie die Corsair und Wildcat im Pazigkrieg im Einsatz. Entsprechend der beschr\u00e4nkten Platzverh\u00e4ltnisse auf den Flugzeugtr\u00e4gern war das Flugzeug sehr gedrungen gehalten.<\/p>\n\n\n\n<p>Die Propellerverstelleung von Aeroprop funktioniert mithilfe von Steilgewindekolben direkt im Blattfu\u00df und kommt daher ohne zentralen Verstellzylinder im vorderen Nabenbereich aus. (Das Schnittbild zeigt den gleichen Motor, jedoch einen Hamilton-Verstellpropeller.)<\/p>\n\n\n\n<p>Als Antrieb diente ein 18-Zylinder-Doppelsternmotor, der es den schweren Brocken erm\u00f6glichte, mit den schnellsten gegnerischen Maschinen mitzuhalten. Der Propellerdurchmesser lag bei 4m, was ca. dem Drittel der Spannweite entsprach. Somit ist auch dieser Flugzeugtyp perfekt f\u00fcr unser SP-250-X geeignet! <\/p>\n","protected":false},"excerpt":{"rendered":"<p>F8f-Bearcat, der letzte J\u00e4ger seiner Art. Danach wurden keine st\u00e4rkeren Jagdmaschinen mit Sternmotoren mehr entwickelt. Die F8f war genau wie&hellip;<\/p>\n","protected":false},"author":1,"featured_media":0,"parent":0,"menu_order":0,"comment_status":"closed","ping_status":"closed","template":"","meta":{"ngg_post_thumbnail":0,"footnotes":""},"class_list":["post-2263","page","type-page","status-publish","hentry"],"translation":{"provider":"WPGlobus","version":"2.10.0","language":"en","enabled_languages":["de","en"],"languages":{"de":{"title":true,"content":true,"excerpt":false},"en":{"title":false,"content":false,"excerpt":false}}},"_links":{"self":[{"href":"https:\/\/seidel-props.de\/en\/wp-json\/wp\/v2\/pages\/2263","targetHints":{"allow":["GET"]}}],"collection":[{"href":"https:\/\/seidel-props.de\/en\/wp-json\/wp\/v2\/pages"}],"about":[{"href":"https:\/\/seidel-props.de\/en\/wp-json\/wp\/v2\/types\/page"}],"author":[{"embeddable":true,"href":"https:\/\/seidel-props.de\/en\/wp-json\/wp\/v2\/users\/1"}],"replies":[{"embeddable":true,"href":"https:\/\/seidel-props.de\/en\/wp-json\/wp\/v2\/comments?post=2263"}],"version-history":[{"count":5,"href":"https:\/\/seidel-props.de\/en\/wp-json\/wp\/v2\/pages\/2263\/revisions"}],"predecessor-version":[{"id":2270,"href":"https:\/\/seidel-props.de\/en\/wp-json\/wp\/v2\/pages\/2263\/revisions\/2270"}],"wp:attachment":[{"href":"https:\/\/seidel-props.de\/en\/wp-json\/wp\/v2\/media?parent=2263"}],"curies":[{"name":"wp","href":"https:\/\/api.w.org\/{rel}","templated":true}]}}