{"id":2274,"date":"2021-07-31T22:51:49","date_gmt":"2021-07-31T20:51:49","guid":{"rendered":"https:\/\/seidel-props.de\/?page_id=2274"},"modified":"2021-07-31T22:59:15","modified_gmt":"2021-07-31T20:59:15","slug":"fokker-dr-i","status":"publish","type":"page","link":"https:\/\/seidel-props.de\/en\/fokker-dr-i\/","title":{"rendered":"Fokker DR I"},"content":{"rendered":"\n<p>Fokker DR I<\/p>\n\n\n\n<p>Antoni Fokker konstruierte einige zur damaligen Zeit wegweisende Doppel- und Eindecker. Das ber\u00fchmteste Flugzeugmuster des 1. Weltkrieg d\u00fcrfte die Fokker DR I gewesen sein, die jedoch als Dreidecker (=&gt; DR) ausgef\u00fchrt war. Manfred von Richthofen flog diese Maschine im typischen roten Farbmuster, um seinen Gegnern gleich von gro\u00dfer Entfernung Furcht einzufl\u00f6\u00dfen.<\/p>\n\n\n\n<p>Der eingebaute 100 Oberursel-Umlaufmotor f\u00fchrte aufgrund der gro\u00dfen drehenden Massen zu imensen Sekund\u00e4rkr\u00e4ften, wenn der Flieger gewollte Flugman\u00f6ver ausf\u00fchren sollte. Richthofen wu\u00dfte dies zu nutzen und konnte somit, erg\u00e4nzt durch die ohnehin gro\u00dfe Wendigkeit der kompakten Maschine, viele seiner Gegner, die eher dynamisch flogen, vor die Flinte bekommen.<\/p>\n\n\n\n<p>Auch die mit der Propellerdrehzahl synchronisierten MGs unterst\u00fctzten die Schlagkraft.<\/p>\n\n\n\n<!-- default-view.php -->\n<div\n\tclass=\"ngg-galleryoverview default-view \"\n\tid=\"ngg-gallery-db9e53f84efadd9588991196e8f9097a-1\">\n\n\t\t<!-- Thumbnails -->\n\t\t\t\t<div id=\"ngg-image-0\" class=\"ngg-gallery-thumbnail-box ngg-3-columns\" >\n\t\t\t\t        <div class=\"ngg-gallery-thumbnail\">\n            <a href=\"https:\/\/seidel-props.de\/wp-content\/gallery\/fokker-dr-i\/Abmasse-1.jpg\"\n               title=\"\"\n               data-src=\"https:\/\/seidel-props.de\/wp-content\/gallery\/fokker-dr-i\/Abmasse-1.jpg\"\n               data-thumbnail=\"https:\/\/seidel-props.de\/wp-content\/gallery\/fokker-dr-i\/thumbs\/thumbs_Abmasse-1.jpg\"\n               data-image-id=\"864\"\n               data-title=\"Abmasse-1\"\n               data-description=\"\"\n               data-image-slug=\"abmasse-1\"\n               class=\"ngg-simplelightbox\" rel=\"db9e53f84efadd9588991196e8f9097a\">\n                <img\n                    title=\"Abmasse-1\"\n                    alt=\"Abmasse-1\"\n                    src=\"https:\/\/seidel-props.de\/wp-content\/gallery\/fokker-dr-i\/cache\/Abmasse-1.jpg-nggid03864-ngg0dyn-450x300x100-00f0w010c011r110f110r010t010.jpg\"\n                    width=\"450\"\n                    height=\"300\"\n                    style=\"max-width:100%;\"\n                \/>\n            <\/a>\n        <\/div>\n\t\t\t\t\t\t\t<\/div> \n\t\t\t\n\t\t\t\t<div id=\"ngg-image-1\" class=\"ngg-gallery-thumbnail-box ngg-3-columns\" >\n\t\t\t\t        <div class=\"ngg-gallery-thumbnail\">\n            <a href=\"https:\/\/seidel-props.de\/wp-content\/gallery\/fokker-dr-i\/Bild1-Kopie.JPG\"\n               title=\"\"\n               data-src=\"https:\/\/seidel-props.de\/wp-content\/gallery\/fokker-dr-i\/Bild1-Kopie.JPG\"\n               data-thumbnail=\"https:\/\/seidel-props.de\/wp-content\/gallery\/fokker-dr-i\/thumbs\/thumbs_Bild1-Kopie.JPG\"\n               data-image-id=\"865\"\n               data-title=\"Bild1-Kopie\"\n               data-description=\"\"\n               data-image-slug=\"bild1-kopie\"\n               class=\"ngg-simplelightbox\" rel=\"db9e53f84efadd9588991196e8f9097a\">\n                <img\n                    title=\"Bild1-Kopie\"\n                    alt=\"Bild1-Kopie\"\n                    src=\"https:\/\/seidel-props.de\/wp-content\/gallery\/fokker-dr-i\/cache\/Bild1-Kopie.JPG-nggid03865-ngg0dyn-450x300x100-00f0w010c011r110f110r010t010.JPG\"\n                    width=\"450\"\n                    height=\"300\"\n                    style=\"max-width:100%;\"\n                \/>\n            <\/a>\n        <\/div>\n\t\t\t\t\t\t\t<\/div> \n\t\t\t\n\t\t\t\t<div id=\"ngg-image-2\" class=\"ngg-gallery-thumbnail-box ngg-3-columns\" >\n\t\t\t\t        <div class=\"ngg-gallery-thumbnail\">\n            <a href=\"https:\/\/seidel-props.de\/wp-content\/gallery\/fokker-dr-i\/DSCF2736.JPG\"\n               title=\"\"\n               data-src=\"https:\/\/seidel-props.de\/wp-content\/gallery\/fokker-dr-i\/DSCF2736.JPG\"\n               data-thumbnail=\"https:\/\/seidel-props.de\/wp-content\/gallery\/fokker-dr-i\/thumbs\/thumbs_DSCF2736.JPG\"\n               data-image-id=\"873\"\n               data-title=\"DSCF2736\"\n               data-description=\"\"\n               data-image-slug=\"dscf2736\"\n               class=\"ngg-simplelightbox\" rel=\"db9e53f84efadd9588991196e8f9097a\">\n                <img\n                    title=\"DSCF2736\"\n                    alt=\"DSCF2736\"\n                    src=\"https:\/\/seidel-props.de\/wp-content\/gallery\/fokker-dr-i\/cache\/DSCF2736.JPG-nggid03873-ngg0dyn-450x300x100-00f0w010c011r110f110r010t010.JPG\"\n                    width=\"450\"\n                    height=\"300\"\n                    style=\"max-width:100%;\"\n                \/>\n            <\/a>\n        <\/div>\n\t\t\t\t\t\t\t<\/div> \n\t\t\t\n\t\t\t\t<div id=\"ngg-image-3\" class=\"ngg-gallery-thumbnail-box ngg-3-columns\" >\n\t\t\t\t        <div class=\"ngg-gallery-thumbnail\">\n            <a href=\"https:\/\/seidel-props.de\/wp-content\/gallery\/fokker-dr-i\/DSCF2779.JPG\"\n               title=\"\"\n               data-src=\"https:\/\/seidel-props.de\/wp-content\/gallery\/fokker-dr-i\/DSCF2779.JPG\"\n               data-thumbnail=\"https:\/\/seidel-props.de\/wp-content\/gallery\/fokker-dr-i\/thumbs\/thumbs_DSCF2779.JPG\"\n               data-image-id=\"874\"\n               data-title=\"DSCF2779\"\n               data-description=\"\"\n               data-image-slug=\"dscf2779\"\n               class=\"ngg-simplelightbox\" rel=\"db9e53f84efadd9588991196e8f9097a\">\n                <img\n                    title=\"DSCF2779\"\n                    alt=\"DSCF2779\"\n                    src=\"https:\/\/seidel-props.de\/wp-content\/gallery\/fokker-dr-i\/cache\/DSCF2779.JPG-nggid03874-ngg0dyn-450x300x100-00f0w010c011r110f110r010t010.JPG\"\n                    width=\"450\"\n                    height=\"300\"\n                    style=\"max-width:100%;\"\n                \/>\n            <\/a>\n        <\/div>\n\t\t\t\t\t\t\t<\/div> \n\t\t\t\n\t\t\t\t<div id=\"ngg-image-4\" class=\"ngg-gallery-thumbnail-box ngg-3-columns\" >\n\t\t\t\t        <div class=\"ngg-gallery-thumbnail\">\n            <a href=\"https:\/\/seidel-props.de\/wp-content\/gallery\/fokker-dr-i\/DSCF2781.JPG\"\n               title=\"\"\n               data-src=\"https:\/\/seidel-props.de\/wp-content\/gallery\/fokker-dr-i\/DSCF2781.JPG\"\n               data-thumbnail=\"https:\/\/seidel-props.de\/wp-content\/gallery\/fokker-dr-i\/thumbs\/thumbs_DSCF2781.JPG\"\n               data-image-id=\"875\"\n               data-title=\"DSCF2781\"\n               data-description=\"\"\n               data-image-slug=\"dscf2781\"\n               class=\"ngg-simplelightbox\" rel=\"db9e53f84efadd9588991196e8f9097a\">\n                <img\n                    title=\"DSCF2781\"\n                    alt=\"DSCF2781\"\n                    src=\"https:\/\/seidel-props.de\/wp-content\/gallery\/fokker-dr-i\/cache\/DSCF2781.JPG-nggid03875-ngg0dyn-450x300x100-00f0w010c011r110f110r010t010.JPG\"\n                    width=\"450\"\n                    height=\"300\"\n                    style=\"max-width:100%;\"\n                \/>\n            <\/a>\n        <\/div>\n\t\t\t\t\t\t\t<\/div> \n\t\t\t\n\t\t\t\t<div id=\"ngg-image-5\" class=\"ngg-gallery-thumbnail-box ngg-3-columns\" >\n\t\t\t\t        <div class=\"ngg-gallery-thumbnail\">\n            <a href=\"https:\/\/seidel-props.de\/wp-content\/gallery\/fokker-dr-i\/DSCF7308.JPG\"\n               title=\"\"\n               data-src=\"https:\/\/seidel-props.de\/wp-content\/gallery\/fokker-dr-i\/DSCF7308.JPG\"\n               data-thumbnail=\"https:\/\/seidel-props.de\/wp-content\/gallery\/fokker-dr-i\/thumbs\/thumbs_DSCF7308.JPG\"\n               data-image-id=\"880\"\n               data-title=\"DSCF7308\"\n               data-description=\"\"\n               data-image-slug=\"dscf7308\"\n               class=\"ngg-simplelightbox\" rel=\"db9e53f84efadd9588991196e8f9097a\">\n                <img\n                    title=\"DSCF7308\"\n                    alt=\"DSCF7308\"\n                    src=\"https:\/\/seidel-props.de\/wp-content\/gallery\/fokker-dr-i\/cache\/DSCF7308.JPG-nggid03880-ngg0dyn-450x300x100-00f0w010c011r110f110r010t010.JPG\"\n                    width=\"450\"\n                    height=\"300\"\n                    style=\"max-width:100%;\"\n                \/>\n            <\/a>\n        <\/div>\n\t\t\t\t\t\t\t<\/div> \n\t\t\t\n\t\t\t\t<div id=\"ngg-image-6\" class=\"ngg-gallery-thumbnail-box ngg-3-columns\" >\n\t\t\t\t        <div class=\"ngg-gallery-thumbnail\">\n            <a href=\"https:\/\/seidel-props.de\/wp-content\/gallery\/fokker-dr-i\/DSCF7313.JPG\"\n               title=\"\"\n               data-src=\"https:\/\/seidel-props.de\/wp-content\/gallery\/fokker-dr-i\/DSCF7313.JPG\"\n               data-thumbnail=\"https:\/\/seidel-props.de\/wp-content\/gallery\/fokker-dr-i\/thumbs\/thumbs_DSCF7313.JPG\"\n               data-image-id=\"877\"\n               data-title=\"DSCF7313\"\n               data-description=\"\"\n               data-image-slug=\"dscf7313\"\n               class=\"ngg-simplelightbox\" rel=\"db9e53f84efadd9588991196e8f9097a\">\n                <img\n                    title=\"DSCF7313\"\n                    alt=\"DSCF7313\"\n                    src=\"https:\/\/seidel-props.de\/wp-content\/gallery\/fokker-dr-i\/cache\/DSCF7313.JPG-nggid03877-ngg0dyn-450x300x100-00f0w010c011r110f110r010t010.JPG\"\n                    width=\"450\"\n                    height=\"300\"\n                    style=\"max-width:100%;\"\n                \/>\n            <\/a>\n        <\/div>\n\t\t\t\t\t\t\t<\/div> \n\t\t\t\n\t\t\t\t<div id=\"ngg-image-7\" class=\"ngg-gallery-thumbnail-box ngg-3-columns\" >\n\t\t\t\t        <div class=\"ngg-gallery-thumbnail\">\n            <a href=\"https:\/\/seidel-props.de\/wp-content\/gallery\/fokker-dr-i\/DSCF7323.JPG\"\n               title=\"\"\n               data-src=\"https:\/\/seidel-props.de\/wp-content\/gallery\/fokker-dr-i\/DSCF7323.JPG\"\n               data-thumbnail=\"https:\/\/seidel-props.de\/wp-content\/gallery\/fokker-dr-i\/thumbs\/thumbs_DSCF7323.JPG\"\n               data-image-id=\"868\"\n               data-title=\"DSCF7323\"\n               data-description=\"\"\n               data-image-slug=\"dscf7323\"\n               class=\"ngg-simplelightbox\" rel=\"db9e53f84efadd9588991196e8f9097a\">\n                <img\n                    title=\"DSCF7323\"\n                    alt=\"DSCF7323\"\n                    src=\"https:\/\/seidel-props.de\/wp-content\/gallery\/fokker-dr-i\/cache\/DSCF7323.JPG-nggid03868-ngg0dyn-450x300x100-00f0w010c011r110f110r010t010.JPG\"\n                    width=\"450\"\n                    height=\"300\"\n                    style=\"max-width:100%;\"\n                \/>\n            <\/a>\n        <\/div>\n\t\t\t\t\t\t\t<\/div> \n\t\t\t\n\t\t\t\t<div id=\"ngg-image-8\" class=\"ngg-gallery-thumbnail-box ngg-3-columns\" >\n\t\t\t\t        <div class=\"ngg-gallery-thumbnail\">\n            <a href=\"https:\/\/seidel-props.de\/wp-content\/gallery\/fokker-dr-i\/DSCF7325.JPG\"\n               title=\"\"\n               data-src=\"https:\/\/seidel-props.de\/wp-content\/gallery\/fokker-dr-i\/DSCF7325.JPG\"\n               data-thumbnail=\"https:\/\/seidel-props.de\/wp-content\/gallery\/fokker-dr-i\/thumbs\/thumbs_DSCF7325.JPG\"\n               data-image-id=\"878\"\n               data-title=\"DSCF7325\"\n               data-description=\"\"\n               data-image-slug=\"dscf7325\"\n               class=\"ngg-simplelightbox\" rel=\"db9e53f84efadd9588991196e8f9097a\">\n                <img\n                    title=\"DSCF7325\"\n                    alt=\"DSCF7325\"\n                    src=\"https:\/\/seidel-props.de\/wp-content\/gallery\/fokker-dr-i\/cache\/DSCF7325.JPG-nggid03878-ngg0dyn-450x300x100-00f0w010c011r110f110r010t010.JPG\"\n                    width=\"450\"\n                    height=\"300\"\n                    style=\"max-width:100%;\"\n                \/>\n            <\/a>\n        <\/div>\n\t\t\t\t\t\t\t<\/div> \n\t\t\t\n\t\t\t\t<div id=\"ngg-image-9\" class=\"ngg-gallery-thumbnail-box ngg-3-columns\" >\n\t\t\t\t        <div class=\"ngg-gallery-thumbnail\">\n            <a href=\"https:\/\/seidel-props.de\/wp-content\/gallery\/fokker-dr-i\/DSCF7389.JPG\"\n               title=\"\"\n               data-src=\"https:\/\/seidel-props.de\/wp-content\/gallery\/fokker-dr-i\/DSCF7389.JPG\"\n               data-thumbnail=\"https:\/\/seidel-props.de\/wp-content\/gallery\/fokker-dr-i\/thumbs\/thumbs_DSCF7389.JPG\"\n               data-image-id=\"879\"\n               data-title=\"DSCF7389\"\n               data-description=\"\"\n               data-image-slug=\"dscf7389\"\n               class=\"ngg-simplelightbox\" rel=\"db9e53f84efadd9588991196e8f9097a\">\n                <img\n                    title=\"DSCF7389\"\n                    alt=\"DSCF7389\"\n                    src=\"https:\/\/seidel-props.de\/wp-content\/gallery\/fokker-dr-i\/cache\/DSCF7389.JPG-nggid03879-ngg0dyn-450x300x100-00f0w010c011r110f110r010t010.JPG\"\n                    width=\"450\"\n                    height=\"300\"\n                    style=\"max-width:100%;\"\n                \/>\n            <\/a>\n        <\/div>\n\t\t\t\t\t\t\t<\/div> \n\t\t\t\n\t\t\t\t<div id=\"ngg-image-10\" class=\"ngg-gallery-thumbnail-box ngg-3-columns\" >\n\t\t\t\t        <div class=\"ngg-gallery-thumbnail\">\n            <a href=\"https:\/\/seidel-props.de\/wp-content\/gallery\/fokker-dr-i\/DSCF7732.JPG\"\n               title=\"\"\n               data-src=\"https:\/\/seidel-props.de\/wp-content\/gallery\/fokker-dr-i\/DSCF7732.JPG\"\n               data-thumbnail=\"https:\/\/seidel-props.de\/wp-content\/gallery\/fokker-dr-i\/thumbs\/thumbs_DSCF7732.JPG\"\n               data-image-id=\"876\"\n               data-title=\"DSCF7732\"\n               data-description=\"\"\n               data-image-slug=\"dscf7732\"\n               class=\"ngg-simplelightbox\" rel=\"db9e53f84efadd9588991196e8f9097a\">\n                <img\n                    title=\"DSCF7732\"\n                    alt=\"DSCF7732\"\n                    src=\"https:\/\/seidel-props.de\/wp-content\/gallery\/fokker-dr-i\/cache\/DSCF7732.JPG-nggid03876-ngg0dyn-450x300x100-00f0w010c011r110f110r010t010.JPG\"\n                    width=\"450\"\n                    height=\"300\"\n                    style=\"max-width:100%;\"\n                \/>\n            <\/a>\n        <\/div>\n\t\t\t\t\t\t\t<\/div> \n\t\t\t\n\t\t\t\t<div id=\"ngg-image-11\" class=\"ngg-gallery-thumbnail-box ngg-3-columns\" >\n\t\t\t\t        <div class=\"ngg-gallery-thumbnail\">\n            <a href=\"https:\/\/seidel-props.de\/wp-content\/gallery\/fokker-dr-i\/FOK_dr1.jpg\"\n               title=\"\"\n               data-src=\"https:\/\/seidel-props.de\/wp-content\/gallery\/fokker-dr-i\/FOK_dr1.jpg\"\n               data-thumbnail=\"https:\/\/seidel-props.de\/wp-content\/gallery\/fokker-dr-i\/thumbs\/thumbs_FOK_dr1.jpg\"\n               data-image-id=\"871\"\n               data-title=\"FOK_dr1\"\n               data-description=\"\"\n               data-image-slug=\"fok_dr1\"\n               class=\"ngg-simplelightbox\" rel=\"db9e53f84efadd9588991196e8f9097a\">\n                <img\n                    title=\"FOK_dr1\"\n                    alt=\"FOK_dr1\"\n                    src=\"https:\/\/seidel-props.de\/wp-content\/gallery\/fokker-dr-i\/cache\/FOK_dr1.jpg-nggid03871-ngg0dyn-450x300x100-00f0w010c011r110f110r010t010.jpg\"\n                    width=\"450\"\n                    height=\"300\"\n                    style=\"max-width:100%;\"\n                \/>\n            <\/a>\n        <\/div>\n\t\t\t\t\t\t\t<\/div> \n\t\t\t\n\t\t\t\t<div id=\"ngg-image-12\" class=\"ngg-gallery-thumbnail-box ngg-3-columns\" >\n\t\t\t\t        <div class=\"ngg-gallery-thumbnail\">\n            <a href=\"https:\/\/seidel-props.de\/wp-content\/gallery\/fokker-dr-i\/P1010283.JPG\"\n               title=\"\"\n               data-src=\"https:\/\/seidel-props.de\/wp-content\/gallery\/fokker-dr-i\/P1010283.JPG\"\n               data-thumbnail=\"https:\/\/seidel-props.de\/wp-content\/gallery\/fokker-dr-i\/thumbs\/thumbs_P1010283.JPG\"\n               data-image-id=\"881\"\n               data-title=\"P1010283\"\n               data-description=\"\"\n               data-image-slug=\"p1010283\"\n               class=\"ngg-simplelightbox\" rel=\"db9e53f84efadd9588991196e8f9097a\">\n                <img\n                    title=\"P1010283\"\n                    alt=\"P1010283\"\n                    src=\"https:\/\/seidel-props.de\/wp-content\/gallery\/fokker-dr-i\/cache\/P1010283.JPG-nggid03881-ngg0dyn-450x300x100-00f0w010c011r110f110r010t010.JPG\"\n                    width=\"450\"\n                    height=\"300\"\n                    style=\"max-width:100%;\"\n                \/>\n            <\/a>\n        <\/div>\n\t\t\t\t\t\t\t<\/div> \n\t\t\t\n\t\t\t\t<div id=\"ngg-image-13\" class=\"ngg-gallery-thumbnail-box ngg-3-columns\" >\n\t\t\t\t        <div class=\"ngg-gallery-thumbnail\">\n            <a href=\"https:\/\/seidel-props.de\/wp-content\/gallery\/fokker-dr-i\/P1010834.jpeg\"\n               title=\"\"\n               data-src=\"https:\/\/seidel-props.de\/wp-content\/gallery\/fokker-dr-i\/P1010834.jpeg\"\n               data-thumbnail=\"https:\/\/seidel-props.de\/wp-content\/gallery\/fokker-dr-i\/thumbs\/thumbs_P1010834.jpeg\"\n               data-image-id=\"866\"\n               data-title=\"P1010834\"\n               data-description=\"\"\n               data-image-slug=\"p1010834\"\n               class=\"ngg-simplelightbox\" rel=\"db9e53f84efadd9588991196e8f9097a\">\n                <img\n                    title=\"P1010834\"\n                    alt=\"P1010834\"\n                    src=\"https:\/\/seidel-props.de\/wp-content\/gallery\/fokker-dr-i\/cache\/P1010834.jpeg-nggid03866-ngg0dyn-450x300x100-00f0w010c011r110f110r010t010.jpeg\"\n                    width=\"450\"\n                    height=\"300\"\n                    style=\"max-width:100%;\"\n                \/>\n            <\/a>\n        <\/div>\n\t\t\t\t\t\t\t<\/div> \n\t\t\t\n\t\t\t\t<div id=\"ngg-image-14\" class=\"ngg-gallery-thumbnail-box ngg-3-columns\" >\n\t\t\t\t        <div class=\"ngg-gallery-thumbnail\">\n            <a href=\"https:\/\/seidel-props.de\/wp-content\/gallery\/fokker-dr-i\/PICT0239-Kopie.JPG\"\n               title=\"\"\n               data-src=\"https:\/\/seidel-props.de\/wp-content\/gallery\/fokker-dr-i\/PICT0239-Kopie.JPG\"\n               data-thumbnail=\"https:\/\/seidel-props.de\/wp-content\/gallery\/fokker-dr-i\/thumbs\/thumbs_PICT0239-Kopie.JPG\"\n               data-image-id=\"867\"\n               data-title=\"PICT0239-Kopie\"\n               data-description=\"\"\n               data-image-slug=\"pict0239-kopie\"\n               class=\"ngg-simplelightbox\" rel=\"db9e53f84efadd9588991196e8f9097a\">\n                <img\n                    title=\"PICT0239-Kopie\"\n                    alt=\"PICT0239-Kopie\"\n                    src=\"https:\/\/seidel-props.de\/wp-content\/gallery\/fokker-dr-i\/cache\/PICT0239-Kopie.JPG-nggid03867-ngg0dyn-450x300x100-00f0w010c011r110f110r010t010.JPG\"\n                    width=\"450\"\n                    height=\"300\"\n                    style=\"max-width:100%;\"\n                \/>\n            <\/a>\n        <\/div>\n\t\t\t\t\t\t\t<\/div> \n\t\t\t\n\t\n\t<br style=\"clear: both\" \/>\n\n\t\n\t\t<!-- Pagination -->\n\t<div class='ngg-clear'><\/div>\t<\/div>\n\n\n\n\n<p>F\u00fcr Modellnachbauten dr\u00e4ngt sich die Verwendung eines Getriebes f\u00f6rmlich auf: Der Rumpf ist vom Durchmesser her gro\u00df genug, um auch einen dicken Boxer mit Riemengetriebe leicht unterzukriegen. Aufgrund der gro\u00dfen m\u00f6glichen Untersetzung kann auch ein vorbildgetreu gro\u00dfer Propeller eingesetzt werden, der dem Modell bei den niedrigen Fluggeschwindigkeiten einen hammerm\u00e4\u00dfigen Durchzug gibt!<\/p>\n\n\n\n<p>Selbstredend ist der Propeller in original Geometrie und Bauweise herstellbar und gleichzeitig perfekt auf den Antrieb optimiert.<\/p>\n\n\n\n<p>Von Elektro bis Valach 800 wurden schon die unterschiedlichsten Antriebsauslegungen durchexerziert. Fr\u00e4se zu klein? Dann spannen wir eben diagonal auf \ud83d\ude09<\/p>\n","protected":false},"excerpt":{"rendered":"<p>Fokker DR I Antoni Fokker konstruierte einige zur damaligen Zeit wegweisende Doppel- und Eindecker. Das ber\u00fchmteste Flugzeugmuster des 1. Weltkrieg&hellip;<\/p>\n","protected":false},"author":1,"featured_media":0,"parent":0,"menu_order":0,"comment_status":"closed","ping_status":"closed","template":"","meta":{"ngg_post_thumbnail":0,"footnotes":""},"class_list":["post-2274","page","type-page","status-publish","hentry"],"translation":{"provider":"WPGlobus","version":"2.10.0","language":"en","enabled_languages":["de","en"],"languages":{"de":{"title":true,"content":true,"excerpt":false},"en":{"title":false,"content":false,"excerpt":false}}},"_links":{"self":[{"href":"https:\/\/seidel-props.de\/en\/wp-json\/wp\/v2\/pages\/2274","targetHints":{"allow":["GET"]}}],"collection":[{"href":"https:\/\/seidel-props.de\/en\/wp-json\/wp\/v2\/pages"}],"about":[{"href":"https:\/\/seidel-props.de\/en\/wp-json\/wp\/v2\/types\/page"}],"author":[{"embeddable":true,"href":"https:\/\/seidel-props.de\/en\/wp-json\/wp\/v2\/users\/1"}],"replies":[{"embeddable":true,"href":"https:\/\/seidel-props.de\/en\/wp-json\/wp\/v2\/comments?post=2274"}],"version-history":[{"count":2,"href":"https:\/\/seidel-props.de\/en\/wp-json\/wp\/v2\/pages\/2274\/revisions"}],"predecessor-version":[{"id":2295,"href":"https:\/\/seidel-props.de\/en\/wp-json\/wp\/v2\/pages\/2274\/revisions\/2295"}],"wp:attachment":[{"href":"https:\/\/seidel-props.de\/en\/wp-json\/wp\/v2\/media?parent=2274"}],"curies":[{"name":"wp","href":"https:\/\/api.w.org\/{rel}","templated":true}]}}