{"id":2298,"date":"2021-07-31T23:14:31","date_gmt":"2021-07-31T21:14:31","guid":{"rendered":"https:\/\/seidel-props.de\/?page_id=2298"},"modified":"2021-07-31T23:14:31","modified_gmt":"2021-07-31T21:14:31","slug":"fokker-e4","status":"publish","type":"page","link":"https:\/\/seidel-props.de\/en\/fokker-e4\/","title":{"rendered":"Fokker E4"},"content":{"rendered":"\n<p>Fokker E4<\/p>\n\n\n\n<p>Zun\u00e4chst erschien das Doppeldeckerkonzept ziehlf\u00fchrender, da durch die verspannte Tr\u00e4gerstruktur der beiden Fl\u00e4chen eine h\u00f6here Steifigkeit erreicht werden konnte. Allerdings bietet die Eindecker-Bauart aerodynamisch eindeutig Vorteile, obwohl 100 km Spanndraht verbaut wurden.<\/p>\n\n\n\n<p>Wie das Original werden auch die aufwendigen Modell mit Tragfl\u00e4chenverwindung gebaut: Es gibt hier keine Querruderklappen, sondern beide Au\u00dfenfl\u00fcgel werden bewu\u00dft mit Steuerdr\u00e4hten gegensinnig verdreht. <\/p>\n\n\n\n<!-- default-view.php -->\n<div\n\tclass=\"ngg-galleryoverview default-view \"\n\tid=\"ngg-gallery-4fb43498fe69563f6d51bb362ee29bb3-1\">\n\n\t\t<!-- Thumbnails -->\n\t\t\t\t<div id=\"ngg-image-0\" class=\"ngg-gallery-thumbnail-box ngg-3-columns\" >\n\t\t\t\t        <div class=\"ngg-gallery-thumbnail\">\n            <a href=\"https:\/\/seidel-props.de\/wp-content\/gallery\/fokker-e4\/e4-1.gif\"\n               title=\"\"\n               data-src=\"https:\/\/seidel-props.de\/wp-content\/gallery\/fokker-e4\/e4-1.gif\"\n               data-thumbnail=\"https:\/\/seidel-props.de\/wp-content\/gallery\/fokker-e4\/thumbs\/thumbs_e4-1.gif\"\n               data-image-id=\"420\"\n               data-title=\"e4-1\"\n               data-description=\"\"\n               data-image-slug=\"e4-1\"\n               class=\"ngg-simplelightbox\" rel=\"4fb43498fe69563f6d51bb362ee29bb3\">\n                <img\n                    title=\"e4-1\"\n                    alt=\"e4-1\"\n                    src=\"https:\/\/seidel-props.de\/wp-content\/gallery\/fokker-e4\/cache\/e4-1.gif-nggid03420-ngg0dyn-450x300x100-00f0w010c011r110f110r010t010.gif\"\n                    width=\"450\"\n                    height=\"300\"\n                    style=\"max-width:100%;\"\n                \/>\n            <\/a>\n        <\/div>\n\t\t\t\t\t\t\t<\/div> \n\t\t\t\n\t\t\t\t<div id=\"ngg-image-1\" class=\"ngg-gallery-thumbnail-box ngg-3-columns\" >\n\t\t\t\t        <div class=\"ngg-gallery-thumbnail\">\n            <a href=\"https:\/\/seidel-props.de\/wp-content\/gallery\/fokker-e4\/e4-2.gif\"\n               title=\"\"\n               data-src=\"https:\/\/seidel-props.de\/wp-content\/gallery\/fokker-e4\/e4-2.gif\"\n               data-thumbnail=\"https:\/\/seidel-props.de\/wp-content\/gallery\/fokker-e4\/thumbs\/thumbs_e4-2.gif\"\n               data-image-id=\"421\"\n               data-title=\"e4-2\"\n               data-description=\"\"\n               data-image-slug=\"e4-2\"\n               class=\"ngg-simplelightbox\" rel=\"4fb43498fe69563f6d51bb362ee29bb3\">\n                <img\n                    title=\"e4-2\"\n                    alt=\"e4-2\"\n                    src=\"https:\/\/seidel-props.de\/wp-content\/gallery\/fokker-e4\/cache\/e4-2.gif-nggid03421-ngg0dyn-450x300x100-00f0w010c011r110f110r010t010.gif\"\n                    width=\"450\"\n                    height=\"300\"\n                    style=\"max-width:100%;\"\n                \/>\n            <\/a>\n        <\/div>\n\t\t\t\t\t\t\t<\/div> \n\t\t\t\n\t\t\t\t<div id=\"ngg-image-2\" class=\"ngg-gallery-thumbnail-box ngg-3-columns\" >\n\t\t\t\t        <div class=\"ngg-gallery-thumbnail\">\n            <a href=\"https:\/\/seidel-props.de\/wp-content\/gallery\/fokker-e4\/e4-3.gif\"\n               title=\"\"\n               data-src=\"https:\/\/seidel-props.de\/wp-content\/gallery\/fokker-e4\/e4-3.gif\"\n               data-thumbnail=\"https:\/\/seidel-props.de\/wp-content\/gallery\/fokker-e4\/thumbs\/thumbs_e4-3.gif\"\n               data-image-id=\"422\"\n               data-title=\"e4-3\"\n               data-description=\"\"\n               data-image-slug=\"e4-3\"\n               class=\"ngg-simplelightbox\" rel=\"4fb43498fe69563f6d51bb362ee29bb3\">\n                <img\n                    title=\"e4-3\"\n                    alt=\"e4-3\"\n                    src=\"https:\/\/seidel-props.de\/wp-content\/gallery\/fokker-e4\/cache\/e4-3.gif-nggid03422-ngg0dyn-450x300x100-00f0w010c011r110f110r010t010.gif\"\n                    width=\"450\"\n                    height=\"300\"\n                    style=\"max-width:100%;\"\n                \/>\n            <\/a>\n        <\/div>\n\t\t\t\t\t\t\t<\/div> \n\t\t\t\n\t\t\t\t<div id=\"ngg-image-3\" class=\"ngg-gallery-thumbnail-box ngg-3-columns\" >\n\t\t\t\t        <div class=\"ngg-gallery-thumbnail\">\n            <a href=\"https:\/\/seidel-props.de\/wp-content\/gallery\/fokker-e4\/e4-4.gif\"\n               title=\"\"\n               data-src=\"https:\/\/seidel-props.de\/wp-content\/gallery\/fokker-e4\/e4-4.gif\"\n               data-thumbnail=\"https:\/\/seidel-props.de\/wp-content\/gallery\/fokker-e4\/thumbs\/thumbs_e4-4.gif\"\n               data-image-id=\"423\"\n               data-title=\"e4-4\"\n               data-description=\"\"\n               data-image-slug=\"e4-4\"\n               class=\"ngg-simplelightbox\" rel=\"4fb43498fe69563f6d51bb362ee29bb3\">\n                <img\n                    title=\"e4-4\"\n                    alt=\"e4-4\"\n                    src=\"https:\/\/seidel-props.de\/wp-content\/gallery\/fokker-e4\/cache\/e4-4.gif-nggid03423-ngg0dyn-450x300x100-00f0w010c011r110f110r010t010.gif\"\n                    width=\"450\"\n                    height=\"300\"\n                    style=\"max-width:100%;\"\n                \/>\n            <\/a>\n        <\/div>\n\t\t\t\t\t\t\t<\/div> \n\t\t\t\n\t\t\t\t<div id=\"ngg-image-4\" class=\"ngg-gallery-thumbnail-box ngg-3-columns\" >\n\t\t\t\t        <div class=\"ngg-gallery-thumbnail\">\n            <a href=\"https:\/\/seidel-props.de\/wp-content\/gallery\/fokker-e4\/e4-5.gif\"\n               title=\"\"\n               data-src=\"https:\/\/seidel-props.de\/wp-content\/gallery\/fokker-e4\/e4-5.gif\"\n               data-thumbnail=\"https:\/\/seidel-props.de\/wp-content\/gallery\/fokker-e4\/thumbs\/thumbs_e4-5.gif\"\n               data-image-id=\"424\"\n               data-title=\"e4-5\"\n               data-description=\"\"\n               data-image-slug=\"e4-5\"\n               class=\"ngg-simplelightbox\" rel=\"4fb43498fe69563f6d51bb362ee29bb3\">\n                <img\n                    title=\"e4-5\"\n                    alt=\"e4-5\"\n                    src=\"https:\/\/seidel-props.de\/wp-content\/gallery\/fokker-e4\/cache\/e4-5.gif-nggid03424-ngg0dyn-450x300x100-00f0w010c011r110f110r010t010.gif\"\n                    width=\"450\"\n                    height=\"300\"\n                    style=\"max-width:100%;\"\n                \/>\n            <\/a>\n        <\/div>\n\t\t\t\t\t\t\t<\/div> \n\t\t\t\n\t\t\t\t<div id=\"ngg-image-5\" class=\"ngg-gallery-thumbnail-box ngg-3-columns\" >\n\t\t\t\t        <div class=\"ngg-gallery-thumbnail\">\n            <a href=\"https:\/\/seidel-props.de\/wp-content\/gallery\/fokker-e4\/e4-6.gif\"\n               title=\"\"\n               data-src=\"https:\/\/seidel-props.de\/wp-content\/gallery\/fokker-e4\/e4-6.gif\"\n               data-thumbnail=\"https:\/\/seidel-props.de\/wp-content\/gallery\/fokker-e4\/thumbs\/thumbs_e4-6.gif\"\n               data-image-id=\"425\"\n               data-title=\"e4-6\"\n               data-description=\"\"\n               data-image-slug=\"e4-6\"\n               class=\"ngg-simplelightbox\" rel=\"4fb43498fe69563f6d51bb362ee29bb3\">\n                <img\n                    title=\"e4-6\"\n                    alt=\"e4-6\"\n                    src=\"https:\/\/seidel-props.de\/wp-content\/gallery\/fokker-e4\/cache\/e4-6.gif-nggid03425-ngg0dyn-450x300x100-00f0w010c011r110f110r010t010.gif\"\n                    width=\"450\"\n                    height=\"300\"\n                    style=\"max-width:100%;\"\n                \/>\n            <\/a>\n        <\/div>\n\t\t\t\t\t\t\t<\/div> \n\t\t\t\n\t\t\t\t<div id=\"ngg-image-6\" class=\"ngg-gallery-thumbnail-box ngg-3-columns\" >\n\t\t\t\t        <div class=\"ngg-gallery-thumbnail\">\n            <a href=\"https:\/\/seidel-props.de\/wp-content\/gallery\/fokker-e4\/e4-7.gif\"\n               title=\"\"\n               data-src=\"https:\/\/seidel-props.de\/wp-content\/gallery\/fokker-e4\/e4-7.gif\"\n               data-thumbnail=\"https:\/\/seidel-props.de\/wp-content\/gallery\/fokker-e4\/thumbs\/thumbs_e4-7.gif\"\n               data-image-id=\"426\"\n               data-title=\"e4-7\"\n               data-description=\"\"\n               data-image-slug=\"e4-7\"\n               class=\"ngg-simplelightbox\" rel=\"4fb43498fe69563f6d51bb362ee29bb3\">\n                <img\n                    title=\"e4-7\"\n                    alt=\"e4-7\"\n                    src=\"https:\/\/seidel-props.de\/wp-content\/gallery\/fokker-e4\/cache\/e4-7.gif-nggid03426-ngg0dyn-450x300x100-00f0w010c011r110f110r010t010.gif\"\n                    width=\"450\"\n                    height=\"300\"\n                    style=\"max-width:100%;\"\n                \/>\n            <\/a>\n        <\/div>\n\t\t\t\t\t\t\t<\/div> \n\t\t\t\n\t\t\t\t<div id=\"ngg-image-7\" class=\"ngg-gallery-thumbnail-box ngg-3-columns\" >\n\t\t\t\t        <div class=\"ngg-gallery-thumbnail\">\n            <a href=\"https:\/\/seidel-props.de\/wp-content\/gallery\/fokker-e4\/e4-8.gif\"\n               title=\"\"\n               data-src=\"https:\/\/seidel-props.de\/wp-content\/gallery\/fokker-e4\/e4-8.gif\"\n               data-thumbnail=\"https:\/\/seidel-props.de\/wp-content\/gallery\/fokker-e4\/thumbs\/thumbs_e4-8.gif\"\n               data-image-id=\"427\"\n               data-title=\"e4-8\"\n               data-description=\"\"\n               data-image-slug=\"e4-8\"\n               class=\"ngg-simplelightbox\" rel=\"4fb43498fe69563f6d51bb362ee29bb3\">\n                <img\n                    title=\"e4-8\"\n                    alt=\"e4-8\"\n                    src=\"https:\/\/seidel-props.de\/wp-content\/gallery\/fokker-e4\/cache\/e4-8.gif-nggid03427-ngg0dyn-450x300x100-00f0w010c011r110f110r010t010.gif\"\n                    width=\"450\"\n                    height=\"300\"\n                    style=\"max-width:100%;\"\n                \/>\n            <\/a>\n        <\/div>\n\t\t\t\t\t\t\t<\/div> \n\t\t\t\n\t\t\t\t<div id=\"ngg-image-8\" class=\"ngg-gallery-thumbnail-box ngg-3-columns\" >\n\t\t\t\t        <div class=\"ngg-gallery-thumbnail\">\n            <a href=\"https:\/\/seidel-props.de\/wp-content\/gallery\/fokker-e4\/e4-9.gif\"\n               title=\"\"\n               data-src=\"https:\/\/seidel-props.de\/wp-content\/gallery\/fokker-e4\/e4-9.gif\"\n               data-thumbnail=\"https:\/\/seidel-props.de\/wp-content\/gallery\/fokker-e4\/thumbs\/thumbs_e4-9.gif\"\n               data-image-id=\"428\"\n               data-title=\"e4-9\"\n               data-description=\"\"\n               data-image-slug=\"e4-9\"\n               class=\"ngg-simplelightbox\" rel=\"4fb43498fe69563f6d51bb362ee29bb3\">\n                <img\n                    title=\"e4-9\"\n                    alt=\"e4-9\"\n                    src=\"https:\/\/seidel-props.de\/wp-content\/gallery\/fokker-e4\/cache\/e4-9.gif-nggid03428-ngg0dyn-450x300x100-00f0w010c011r110f110r010t010.gif\"\n                    width=\"450\"\n                    height=\"300\"\n                    style=\"max-width:100%;\"\n                \/>\n            <\/a>\n        <\/div>\n\t\t\t\t\t\t\t<\/div> \n\t\t\t\n\t\n\t<br style=\"clear: both\" \/>\n\n\t\n\t\t<!-- Pagination -->\n\t<div class='ngg-clear'><\/div>\t<\/div>\n\n\n\n\n<p>Meist hatten die &#8220;echten&#8221; Flieger dieser Epoche Umlauf-Sternmotoren, die jedoch im Modellbereich eher selten sind. Daher werden wegen Optik und Sound oft Sternmotoren eingesetzt. Oben sehen Sie eine Rarit\u00e4t: Einer von wenigen 14-Zylinder Sternmotoren. Nicht ganz scale, aber dennoch eine Augenweide!<\/p>\n","protected":false},"excerpt":{"rendered":"<p>Fokker E4 Zun\u00e4chst erschien das Doppeldeckerkonzept ziehlf\u00fchrender, da durch die verspannte Tr\u00e4gerstruktur der beiden Fl\u00e4chen eine h\u00f6here Steifigkeit erreicht werden&hellip;<\/p>\n","protected":false},"author":1,"featured_media":0,"parent":0,"menu_order":0,"comment_status":"closed","ping_status":"closed","template":"","meta":{"ngg_post_thumbnail":0,"footnotes":""},"class_list":["post-2298","page","type-page","status-publish","hentry"],"translation":{"provider":"WPGlobus","version":"2.10.0","language":"en","enabled_languages":["de","en"],"languages":{"de":{"title":true,"content":true,"excerpt":false},"en":{"title":false,"content":false,"excerpt":false}}},"_links":{"self":[{"href":"https:\/\/seidel-props.de\/en\/wp-json\/wp\/v2\/pages\/2298","targetHints":{"allow":["GET"]}}],"collection":[{"href":"https:\/\/seidel-props.de\/en\/wp-json\/wp\/v2\/pages"}],"about":[{"href":"https:\/\/seidel-props.de\/en\/wp-json\/wp\/v2\/types\/page"}],"author":[{"embeddable":true,"href":"https:\/\/seidel-props.de\/en\/wp-json\/wp\/v2\/users\/1"}],"replies":[{"embeddable":true,"href":"https:\/\/seidel-props.de\/en\/wp-json\/wp\/v2\/comments?post=2298"}],"version-history":[{"count":1,"href":"https:\/\/seidel-props.de\/en\/wp-json\/wp\/v2\/pages\/2298\/revisions"}],"predecessor-version":[{"id":2299,"href":"https:\/\/seidel-props.de\/en\/wp-json\/wp\/v2\/pages\/2298\/revisions\/2299"}],"wp:attachment":[{"href":"https:\/\/seidel-props.de\/en\/wp-json\/wp\/v2\/media?parent=2298"}],"curies":[{"name":"wp","href":"https:\/\/api.w.org\/{rel}","templated":true}]}}