{"id":2315,"date":"2021-08-01T00:01:00","date_gmt":"2021-07-31T22:01:00","guid":{"rendered":"https:\/\/seidel-props.de\/?page_id=2315"},"modified":"2021-08-01T00:27:42","modified_gmt":"2021-07-31T22:27:42","slug":"geebee-r2","status":"publish","type":"page","link":"https:\/\/seidel-props.de\/en\/geebee-r2\/","title":{"rendered":"GeeBee R2"},"content":{"rendered":"\n<p>GeeBee R2<\/p>\n\n\n\n<p>Die GeeBee R2 war eines der ber\u00fchmtesten Rennflugzeuge mitte der 30 Jahre. Tragischerweise st\u00fcrzten alle Rennpiloten mit diesen fliegenden Motoren ab.<\/p>\n\n\n\n<p>Auch das Modell macht es mit seinem hohen Fahrwerk und der kurzen Stummelfl\u00e4chen dem Piloten alles andere als leicht, eine gl\u00fcckliche Landung zu vollbringen. Hier kommt ordentlich Adrenalin ins Spiel, bis die Maschine wieder auf allen 3 R\u00e4dern zum Stillstand gekommen ist.<\/p>\n\n\n\n<!-- default-view.php -->\n<div\n\tclass=\"ngg-galleryoverview default-view \"\n\tid=\"ngg-gallery-9f378bff00ae70c9c7d2a6f853014a2a-1\">\n\n\t\t<!-- Thumbnails -->\n\t\t\t\t<div id=\"ngg-image-0\" class=\"ngg-gallery-thumbnail-box ngg-3-columns\" >\n\t\t\t\t        <div class=\"ngg-gallery-thumbnail\">\n            <a href=\"https:\/\/seidel-props.de\/wp-content\/gallery\/geebee-r2\/gb-r2_1.gif\"\n               title=\"\"\n               data-src=\"https:\/\/seidel-props.de\/wp-content\/gallery\/geebee-r2\/gb-r2_1.gif\"\n               data-thumbnail=\"https:\/\/seidel-props.de\/wp-content\/gallery\/geebee-r2\/thumbs\/thumbs_gb-r2_1.gif\"\n               data-image-id=\"441\"\n               data-title=\"gb-r2_1\"\n               data-description=\"\"\n               data-image-slug=\"gb-r2_1\"\n               class=\"ngg-simplelightbox\" rel=\"9f378bff00ae70c9c7d2a6f853014a2a\">\n                <img\n                    title=\"gb-r2_1\"\n                    alt=\"gb-r2_1\"\n                    src=\"https:\/\/seidel-props.de\/wp-content\/gallery\/geebee-r2\/cache\/gb-r2_1.gif-nggid03441-ngg0dyn-450x300x100-00f0w010c011r110f110r010t010.gif\"\n                    width=\"450\"\n                    height=\"300\"\n                    style=\"max-width:100%;\"\n                \/>\n            <\/a>\n        <\/div>\n\t\t\t\t\t\t\t<\/div> \n\t\t\t\n\t\t\t\t<div id=\"ngg-image-1\" class=\"ngg-gallery-thumbnail-box ngg-3-columns\" >\n\t\t\t\t        <div class=\"ngg-gallery-thumbnail\">\n            <a href=\"https:\/\/seidel-props.de\/wp-content\/gallery\/geebee-r2\/gb-r2_2.gif\"\n               title=\"\"\n               data-src=\"https:\/\/seidel-props.de\/wp-content\/gallery\/geebee-r2\/gb-r2_2.gif\"\n               data-thumbnail=\"https:\/\/seidel-props.de\/wp-content\/gallery\/geebee-r2\/thumbs\/thumbs_gb-r2_2.gif\"\n               data-image-id=\"442\"\n               data-title=\"gb-r2_2\"\n               data-description=\"\"\n               data-image-slug=\"gb-r2_2\"\n               class=\"ngg-simplelightbox\" rel=\"9f378bff00ae70c9c7d2a6f853014a2a\">\n                <img\n                    title=\"gb-r2_2\"\n                    alt=\"gb-r2_2\"\n                    src=\"https:\/\/seidel-props.de\/wp-content\/gallery\/geebee-r2\/cache\/gb-r2_2.gif-nggid03442-ngg0dyn-450x300x100-00f0w010c011r110f110r010t010.gif\"\n                    width=\"450\"\n                    height=\"300\"\n                    style=\"max-width:100%;\"\n                \/>\n            <\/a>\n        <\/div>\n\t\t\t\t\t\t\t<\/div> \n\t\t\t\n\t\t\t\t<div id=\"ngg-image-2\" class=\"ngg-gallery-thumbnail-box ngg-3-columns\" >\n\t\t\t\t        <div class=\"ngg-gallery-thumbnail\">\n            <a href=\"https:\/\/seidel-props.de\/wp-content\/gallery\/geebee-r2\/gb-r2_3.gif\"\n               title=\"\"\n               data-src=\"https:\/\/seidel-props.de\/wp-content\/gallery\/geebee-r2\/gb-r2_3.gif\"\n               data-thumbnail=\"https:\/\/seidel-props.de\/wp-content\/gallery\/geebee-r2\/thumbs\/thumbs_gb-r2_3.gif\"\n               data-image-id=\"443\"\n               data-title=\"gb-r2_3\"\n               data-description=\"\"\n               data-image-slug=\"gb-r2_3\"\n               class=\"ngg-simplelightbox\" rel=\"9f378bff00ae70c9c7d2a6f853014a2a\">\n                <img\n                    title=\"gb-r2_3\"\n                    alt=\"gb-r2_3\"\n                    src=\"https:\/\/seidel-props.de\/wp-content\/gallery\/geebee-r2\/cache\/gb-r2_3.gif-nggid03443-ngg0dyn-450x300x100-00f0w010c011r110f110r010t010.gif\"\n                    width=\"450\"\n                    height=\"300\"\n                    style=\"max-width:100%;\"\n                \/>\n            <\/a>\n        <\/div>\n\t\t\t\t\t\t\t<\/div> \n\t\t\t\n\t\t\t\t<div id=\"ngg-image-3\" class=\"ngg-gallery-thumbnail-box ngg-3-columns\" >\n\t\t\t\t        <div class=\"ngg-gallery-thumbnail\">\n            <a href=\"https:\/\/seidel-props.de\/wp-content\/gallery\/geebee-r2\/gb-r2_4.gif\"\n               title=\"\"\n               data-src=\"https:\/\/seidel-props.de\/wp-content\/gallery\/geebee-r2\/gb-r2_4.gif\"\n               data-thumbnail=\"https:\/\/seidel-props.de\/wp-content\/gallery\/geebee-r2\/thumbs\/thumbs_gb-r2_4.gif\"\n               data-image-id=\"444\"\n               data-title=\"gb-r2_4\"\n               data-description=\"\"\n               data-image-slug=\"gb-r2_4\"\n               class=\"ngg-simplelightbox\" rel=\"9f378bff00ae70c9c7d2a6f853014a2a\">\n                <img\n                    title=\"gb-r2_4\"\n                    alt=\"gb-r2_4\"\n                    src=\"https:\/\/seidel-props.de\/wp-content\/gallery\/geebee-r2\/cache\/gb-r2_4.gif-nggid03444-ngg0dyn-450x300x100-00f0w010c011r110f110r010t010.gif\"\n                    width=\"450\"\n                    height=\"300\"\n                    style=\"max-width:100%;\"\n                \/>\n            <\/a>\n        <\/div>\n\t\t\t\t\t\t\t<\/div> \n\t\t\t\n\t\t\t\t<div id=\"ngg-image-4\" class=\"ngg-gallery-thumbnail-box ngg-3-columns\" >\n\t\t\t\t        <div class=\"ngg-gallery-thumbnail\">\n            <a href=\"https:\/\/seidel-props.de\/wp-content\/gallery\/geebee-r2\/gb-r2_5.gif\"\n               title=\"\"\n               data-src=\"https:\/\/seidel-props.de\/wp-content\/gallery\/geebee-r2\/gb-r2_5.gif\"\n               data-thumbnail=\"https:\/\/seidel-props.de\/wp-content\/gallery\/geebee-r2\/thumbs\/thumbs_gb-r2_5.gif\"\n               data-image-id=\"445\"\n               data-title=\"gb-r2_5\"\n               data-description=\"\"\n               data-image-slug=\"gb-r2_5\"\n               class=\"ngg-simplelightbox\" rel=\"9f378bff00ae70c9c7d2a6f853014a2a\">\n                <img\n                    title=\"gb-r2_5\"\n                    alt=\"gb-r2_5\"\n                    src=\"https:\/\/seidel-props.de\/wp-content\/gallery\/geebee-r2\/cache\/gb-r2_5.gif-nggid03445-ngg0dyn-450x300x100-00f0w010c011r110f110r010t010.gif\"\n                    width=\"450\"\n                    height=\"300\"\n                    style=\"max-width:100%;\"\n                \/>\n            <\/a>\n        <\/div>\n\t\t\t\t\t\t\t<\/div> \n\t\t\t\n\t\t\t\t<div id=\"ngg-image-5\" class=\"ngg-gallery-thumbnail-box ngg-3-columns\" >\n\t\t\t\t        <div class=\"ngg-gallery-thumbnail\">\n            <a href=\"https:\/\/seidel-props.de\/wp-content\/gallery\/geebee-r2\/gb-r2_8.gif\"\n               title=\"\"\n               data-src=\"https:\/\/seidel-props.de\/wp-content\/gallery\/geebee-r2\/gb-r2_8.gif\"\n               data-thumbnail=\"https:\/\/seidel-props.de\/wp-content\/gallery\/geebee-r2\/thumbs\/thumbs_gb-r2_8.gif\"\n               data-image-id=\"446\"\n               data-title=\"gb-r2_8\"\n               data-description=\"\"\n               data-image-slug=\"gb-r2_8\"\n               class=\"ngg-simplelightbox\" rel=\"9f378bff00ae70c9c7d2a6f853014a2a\">\n                <img\n                    title=\"gb-r2_8\"\n                    alt=\"gb-r2_8\"\n                    src=\"https:\/\/seidel-props.de\/wp-content\/gallery\/geebee-r2\/cache\/gb-r2_8.gif-nggid03446-ngg0dyn-450x300x100-00f0w010c011r110f110r010t010.gif\"\n                    width=\"450\"\n                    height=\"300\"\n                    style=\"max-width:100%;\"\n                \/>\n            <\/a>\n        <\/div>\n\t\t\t\t\t\t\t<\/div> \n\t\t\t\n\t\t\t\t<div id=\"ngg-image-6\" class=\"ngg-gallery-thumbnail-box ngg-3-columns\" >\n\t\t\t\t        <div class=\"ngg-gallery-thumbnail\">\n            <a href=\"https:\/\/seidel-props.de\/wp-content\/gallery\/geebee-r2\/gb-r2-6.gif\"\n               title=\"\"\n               data-src=\"https:\/\/seidel-props.de\/wp-content\/gallery\/geebee-r2\/gb-r2-6.gif\"\n               data-thumbnail=\"https:\/\/seidel-props.de\/wp-content\/gallery\/geebee-r2\/thumbs\/thumbs_gb-r2-6.gif\"\n               data-image-id=\"438\"\n               data-title=\"gb-r2-6\"\n               data-description=\"\"\n               data-image-slug=\"gb-r2-6\"\n               class=\"ngg-simplelightbox\" rel=\"9f378bff00ae70c9c7d2a6f853014a2a\">\n                <img\n                    title=\"gb-r2-6\"\n                    alt=\"gb-r2-6\"\n                    src=\"https:\/\/seidel-props.de\/wp-content\/gallery\/geebee-r2\/cache\/gb-r2-6.gif-nggid03438-ngg0dyn-450x300x100-00f0w010c011r110f110r010t010.gif\"\n                    width=\"450\"\n                    height=\"300\"\n                    style=\"max-width:100%;\"\n                \/>\n            <\/a>\n        <\/div>\n\t\t\t\t\t\t\t<\/div> \n\t\t\t\n\t\t\t\t<div id=\"ngg-image-7\" class=\"ngg-gallery-thumbnail-box ngg-3-columns\" >\n\t\t\t\t        <div class=\"ngg-gallery-thumbnail\">\n            <a href=\"https:\/\/seidel-props.de\/wp-content\/gallery\/geebee-r2\/gb-r2-7.gif\"\n               title=\"\"\n               data-src=\"https:\/\/seidel-props.de\/wp-content\/gallery\/geebee-r2\/gb-r2-7.gif\"\n               data-thumbnail=\"https:\/\/seidel-props.de\/wp-content\/gallery\/geebee-r2\/thumbs\/thumbs_gb-r2-7.gif\"\n               data-image-id=\"439\"\n               data-title=\"gb-r2-7\"\n               data-description=\"\"\n               data-image-slug=\"gb-r2-7\"\n               class=\"ngg-simplelightbox\" rel=\"9f378bff00ae70c9c7d2a6f853014a2a\">\n                <img\n                    title=\"gb-r2-7\"\n                    alt=\"gb-r2-7\"\n                    src=\"https:\/\/seidel-props.de\/wp-content\/gallery\/geebee-r2\/cache\/gb-r2-7.gif-nggid03439-ngg0dyn-450x300x100-00f0w010c011r110f110r010t010.gif\"\n                    width=\"450\"\n                    height=\"300\"\n                    style=\"max-width:100%;\"\n                \/>\n            <\/a>\n        <\/div>\n\t\t\t\t\t\t\t<\/div> \n\t\t\t\n\t\t\t\t<div id=\"ngg-image-8\" class=\"ngg-gallery-thumbnail-box ngg-3-columns\" >\n\t\t\t\t        <div class=\"ngg-gallery-thumbnail\">\n            <a href=\"https:\/\/seidel-props.de\/wp-content\/gallery\/geebee-r2\/gb-r2-9.gif\"\n               title=\"\"\n               data-src=\"https:\/\/seidel-props.de\/wp-content\/gallery\/geebee-r2\/gb-r2-9.gif\"\n               data-thumbnail=\"https:\/\/seidel-props.de\/wp-content\/gallery\/geebee-r2\/thumbs\/thumbs_gb-r2-9.gif\"\n               data-image-id=\"440\"\n               data-title=\"gb-r2-9\"\n               data-description=\"\"\n               data-image-slug=\"gb-r2-9\"\n               class=\"ngg-simplelightbox\" rel=\"9f378bff00ae70c9c7d2a6f853014a2a\">\n                <img\n                    title=\"gb-r2-9\"\n                    alt=\"gb-r2-9\"\n                    src=\"https:\/\/seidel-props.de\/wp-content\/gallery\/geebee-r2\/cache\/gb-r2-9.gif-nggid03440-ngg0dyn-450x300x100-00f0w010c011r110f110r010t010.gif\"\n                    width=\"450\"\n                    height=\"300\"\n                    style=\"max-width:100%;\"\n                \/>\n            <\/a>\n        <\/div>\n\t\t\t\t\t\t\t<\/div> \n\t\t\t\n\t\n\t<br style=\"clear: both\" \/>\n\n\t\n\t\t<!-- Pagination -->\n\t<div class='ngg-clear'><\/div>\t<\/div>\n\n\n\n\n<p>Das Original hat einen Ganzmetall-Zweiblatt-Propeller mit  spinnerloser Hydraulik-Verstellnabe im Einsatz. Die charakteristischen Gegengewichte am Blatthals sorgen daf\u00fcr, dass sich der Anstellwinkel der Propellerbl\u00e4tter bei hoher Drehzahl ohne \u00d6ldruck physikalisch bedingt selbstst\u00e4ndig vergr\u00f6\u00dfern will. Somit kann \u00fcber eine einkanalige Druck\u00f6lzuf\u00fchrung \u00fcber die Propellerwelle ein Hydraulikkolben gegen diese R\u00fcckstellkraft dr\u00fccken und die Bl\u00e4tter in einem niedrigeren Anstellwinkel bewegen. Dieses Prinzip ist relative einfach und findet sich in den meisten hydraulischen Verstellmechaniken wieder.<\/p>\n\n\n\n<p>Vorteil ist, dass bei Abfall des \u00d6ldrucks durch einen Motorschaden der Propeller auf Segelstellung gedreht wird und dem Piloten die Chance gibt, noch m\u00f6glichst weit zu gleiten.<\/p>\n\n\n\n<p>Wir k\u00f6nnen auf Wunsch eine detailierte Nachbildung dieser Mechanik optional an die GeeBee-Propeller anbringen. Ein Super-Scale-Spinnersatz Typ &#8220;GeeBee&#8221; komplettiert das optische Highlight.<\/p>\n\n\n\n<p><a rel=\"noreferrer noopener\" href=\"https:\/\/seidel-props.de\/super-scale-spinnerset\/\" data-type=\"URL\" data-id=\"https:\/\/seidel-props.de\/super-scale-spinnerset\/\" target=\"_blank\">Diese Spinners\u00e4tze sind vom &#8220;kleinen&#8221; Moki 150 bis zum gro\u00dfen Valach VM 800 lieferbar, siehe &#8220;Super-Scale-Spinner&#8221;.<\/a><\/p>\n","protected":false},"excerpt":{"rendered":"<p>GeeBee R2 Die GeeBee R2 war eines der ber\u00fchmtesten Rennflugzeuge mitte der 30 Jahre. Tragischerweise st\u00fcrzten alle Rennpiloten mit diesen&hellip;<\/p>\n","protected":false},"author":1,"featured_media":0,"parent":0,"menu_order":0,"comment_status":"closed","ping_status":"closed","template":"","meta":{"ngg_post_thumbnail":0,"footnotes":""},"class_list":["post-2315","page","type-page","status-publish","hentry"],"translation":{"provider":"WPGlobus","version":"2.10.0","language":"en","enabled_languages":["de","en"],"languages":{"de":{"title":true,"content":true,"excerpt":false},"en":{"title":false,"content":false,"excerpt":false}}},"_links":{"self":[{"href":"https:\/\/seidel-props.de\/en\/wp-json\/wp\/v2\/pages\/2315","targetHints":{"allow":["GET"]}}],"collection":[{"href":"https:\/\/seidel-props.de\/en\/wp-json\/wp\/v2\/pages"}],"about":[{"href":"https:\/\/seidel-props.de\/en\/wp-json\/wp\/v2\/types\/page"}],"author":[{"embeddable":true,"href":"https:\/\/seidel-props.de\/en\/wp-json\/wp\/v2\/users\/1"}],"replies":[{"embeddable":true,"href":"https:\/\/seidel-props.de\/en\/wp-json\/wp\/v2\/comments?post=2315"}],"version-history":[{"count":5,"href":"https:\/\/seidel-props.de\/en\/wp-json\/wp\/v2\/pages\/2315\/revisions"}],"predecessor-version":[{"id":2323,"href":"https:\/\/seidel-props.de\/en\/wp-json\/wp\/v2\/pages\/2315\/revisions\/2323"}],"wp:attachment":[{"href":"https:\/\/seidel-props.de\/en\/wp-json\/wp\/v2\/media?parent=2315"}],"curies":[{"name":"wp","href":"https:\/\/api.w.org\/{rel}","templated":true}]}}