{"id":2326,"date":"2021-08-01T11:25:59","date_gmt":"2021-08-01T09:25:59","guid":{"rendered":"https:\/\/seidel-props.de\/?page_id=2326"},"modified":"2021-08-01T11:31:35","modified_gmt":"2021-08-01T09:31:35","slug":"jak-50","status":"publish","type":"page","link":"https:\/\/seidel-props.de\/en\/jak-50\/","title":{"rendered":"Jak 50"},"content":{"rendered":"\n<p>Jak 50<\/p>\n\n\n\n<p>Die Jak 50 wurde wie zahlreiche andere Typen von Jakowlew in der Sowjetunion entwickelt und ist ein typisches Kunstflugmodell in Ganzmetallbauweise. Die unverw\u00fcstlichen Flieger wurden mit robusten luftgek\u00fchlten Sternmotoren betrieben, die dem Rumpf den charakteristischen bulligen Charakter verleihen.<\/p>\n\n\n\n<p>Um das naturgem\u00e4\u00df hohe Drehmoment des Sternmotors auf den technisch minimalisteschen 2-Blatt-Propeller zu bringen, hat dieser relativ breite Bl\u00e4tter bis zur Blattspitze.<\/p>\n\n\n\n<!-- default-view.php -->\n<div\n\tclass=\"ngg-galleryoverview default-view \"\n\tid=\"ngg-gallery-8c421d56795234eed92943399985f51a-1\">\n\n\t\t<!-- Thumbnails -->\n\t\t\t\t<div id=\"ngg-image-0\" class=\"ngg-gallery-thumbnail-box ngg-3-columns\" >\n\t\t\t\t        <div class=\"ngg-gallery-thumbnail\">\n            <a href=\"https:\/\/seidel-props.de\/wp-content\/gallery\/jak-50\/jak-50-1.gif\"\n               title=\"\"\n               data-src=\"https:\/\/seidel-props.de\/wp-content\/gallery\/jak-50\/jak-50-1.gif\"\n               data-thumbnail=\"https:\/\/seidel-props.de\/wp-content\/gallery\/jak-50\/thumbs\/thumbs_jak-50-1.gif\"\n               data-image-id=\"447\"\n               data-title=\"jak-50-1\"\n               data-description=\"\"\n               data-image-slug=\"jak-50-1\"\n               class=\"ngg-simplelightbox\" rel=\"8c421d56795234eed92943399985f51a\">\n                <img\n                    title=\"jak-50-1\"\n                    alt=\"jak-50-1\"\n                    src=\"https:\/\/seidel-props.de\/wp-content\/gallery\/jak-50\/cache\/jak-50-1.gif-nggid03447-ngg0dyn-450x300x100-00f0w010c011r110f110r010t010.gif\"\n                    width=\"450\"\n                    height=\"300\"\n                    style=\"max-width:100%;\"\n                \/>\n            <\/a>\n        <\/div>\n\t\t\t\t\t\t\t<\/div> \n\t\t\t\n\t\t\t\t<div id=\"ngg-image-1\" class=\"ngg-gallery-thumbnail-box ngg-3-columns\" >\n\t\t\t\t        <div class=\"ngg-gallery-thumbnail\">\n            <a href=\"https:\/\/seidel-props.de\/wp-content\/gallery\/jak-50\/jak-50-2.gif\"\n               title=\"\"\n               data-src=\"https:\/\/seidel-props.de\/wp-content\/gallery\/jak-50\/jak-50-2.gif\"\n               data-thumbnail=\"https:\/\/seidel-props.de\/wp-content\/gallery\/jak-50\/thumbs\/thumbs_jak-50-2.gif\"\n               data-image-id=\"448\"\n               data-title=\"jak-50-2\"\n               data-description=\"\"\n               data-image-slug=\"jak-50-2\"\n               class=\"ngg-simplelightbox\" rel=\"8c421d56795234eed92943399985f51a\">\n                <img\n                    title=\"jak-50-2\"\n                    alt=\"jak-50-2\"\n                    src=\"https:\/\/seidel-props.de\/wp-content\/gallery\/jak-50\/cache\/jak-50-2.gif-nggid03448-ngg0dyn-450x300x100-00f0w010c011r110f110r010t010.gif\"\n                    width=\"450\"\n                    height=\"300\"\n                    style=\"max-width:100%;\"\n                \/>\n            <\/a>\n        <\/div>\n\t\t\t\t\t\t\t<\/div> \n\t\t\t\n\t\t\t\t<div id=\"ngg-image-2\" class=\"ngg-gallery-thumbnail-box ngg-3-columns\" >\n\t\t\t\t        <div class=\"ngg-gallery-thumbnail\">\n            <a href=\"https:\/\/seidel-props.de\/wp-content\/gallery\/jak-50\/jak-50-3.gif\"\n               title=\"\"\n               data-src=\"https:\/\/seidel-props.de\/wp-content\/gallery\/jak-50\/jak-50-3.gif\"\n               data-thumbnail=\"https:\/\/seidel-props.de\/wp-content\/gallery\/jak-50\/thumbs\/thumbs_jak-50-3.gif\"\n               data-image-id=\"449\"\n               data-title=\"jak-50-3\"\n               data-description=\"\"\n               data-image-slug=\"jak-50-3\"\n               class=\"ngg-simplelightbox\" rel=\"8c421d56795234eed92943399985f51a\">\n                <img\n                    title=\"jak-50-3\"\n                    alt=\"jak-50-3\"\n                    src=\"https:\/\/seidel-props.de\/wp-content\/gallery\/jak-50\/cache\/jak-50-3.gif-nggid03449-ngg0dyn-450x300x100-00f0w010c011r110f110r010t010.gif\"\n                    width=\"450\"\n                    height=\"300\"\n                    style=\"max-width:100%;\"\n                \/>\n            <\/a>\n        <\/div>\n\t\t\t\t\t\t\t<\/div> \n\t\t\t\n\t\t\t\t<div id=\"ngg-image-3\" class=\"ngg-gallery-thumbnail-box ngg-3-columns\" >\n\t\t\t\t        <div class=\"ngg-gallery-thumbnail\">\n            <a href=\"https:\/\/seidel-props.de\/wp-content\/gallery\/jak-50\/jak-50-4.gif\"\n               title=\"\"\n               data-src=\"https:\/\/seidel-props.de\/wp-content\/gallery\/jak-50\/jak-50-4.gif\"\n               data-thumbnail=\"https:\/\/seidel-props.de\/wp-content\/gallery\/jak-50\/thumbs\/thumbs_jak-50-4.gif\"\n               data-image-id=\"450\"\n               data-title=\"jak-50-4\"\n               data-description=\"\"\n               data-image-slug=\"jak-50-4\"\n               class=\"ngg-simplelightbox\" rel=\"8c421d56795234eed92943399985f51a\">\n                <img\n                    title=\"jak-50-4\"\n                    alt=\"jak-50-4\"\n                    src=\"https:\/\/seidel-props.de\/wp-content\/gallery\/jak-50\/cache\/jak-50-4.gif-nggid03450-ngg0dyn-450x300x100-00f0w010c011r110f110r010t010.gif\"\n                    width=\"450\"\n                    height=\"300\"\n                    style=\"max-width:100%;\"\n                \/>\n            <\/a>\n        <\/div>\n\t\t\t\t\t\t\t<\/div> \n\t\t\t\n\t\t\t\t<div id=\"ngg-image-4\" class=\"ngg-gallery-thumbnail-box ngg-3-columns\" >\n\t\t\t\t        <div class=\"ngg-gallery-thumbnail\">\n            <a href=\"https:\/\/seidel-props.de\/wp-content\/gallery\/jak-50\/jak-50-5.gif\"\n               title=\"\"\n               data-src=\"https:\/\/seidel-props.de\/wp-content\/gallery\/jak-50\/jak-50-5.gif\"\n               data-thumbnail=\"https:\/\/seidel-props.de\/wp-content\/gallery\/jak-50\/thumbs\/thumbs_jak-50-5.gif\"\n               data-image-id=\"451\"\n               data-title=\"jak-50-5\"\n               data-description=\"\"\n               data-image-slug=\"jak-50-5\"\n               class=\"ngg-simplelightbox\" rel=\"8c421d56795234eed92943399985f51a\">\n                <img\n                    title=\"jak-50-5\"\n                    alt=\"jak-50-5\"\n                    src=\"https:\/\/seidel-props.de\/wp-content\/gallery\/jak-50\/cache\/jak-50-5.gif-nggid03451-ngg0dyn-450x300x100-00f0w010c011r110f110r010t010.gif\"\n                    width=\"450\"\n                    height=\"300\"\n                    style=\"max-width:100%;\"\n                \/>\n            <\/a>\n        <\/div>\n\t\t\t\t\t\t\t<\/div> \n\t\t\t\n\t\t\t\t<div id=\"ngg-image-5\" class=\"ngg-gallery-thumbnail-box ngg-3-columns\" >\n\t\t\t\t        <div class=\"ngg-gallery-thumbnail\">\n            <a href=\"https:\/\/seidel-props.de\/wp-content\/gallery\/jak-50\/jak-50-6.gif\"\n               title=\"\"\n               data-src=\"https:\/\/seidel-props.de\/wp-content\/gallery\/jak-50\/jak-50-6.gif\"\n               data-thumbnail=\"https:\/\/seidel-props.de\/wp-content\/gallery\/jak-50\/thumbs\/thumbs_jak-50-6.gif\"\n               data-image-id=\"452\"\n               data-title=\"jak-50-6\"\n               data-description=\"\"\n               data-image-slug=\"jak-50-6\"\n               class=\"ngg-simplelightbox\" rel=\"8c421d56795234eed92943399985f51a\">\n                <img\n                    title=\"jak-50-6\"\n                    alt=\"jak-50-6\"\n                    src=\"https:\/\/seidel-props.de\/wp-content\/gallery\/jak-50\/cache\/jak-50-6.gif-nggid03452-ngg0dyn-450x300x100-00f0w010c011r110f110r010t010.gif\"\n                    width=\"450\"\n                    height=\"300\"\n                    style=\"max-width:100%;\"\n                \/>\n            <\/a>\n        <\/div>\n\t\t\t\t\t\t\t<\/div> \n\t\t\t\n\t\t\t\t<div id=\"ngg-image-6\" class=\"ngg-gallery-thumbnail-box ngg-3-columns\" >\n\t\t\t\t        <div class=\"ngg-gallery-thumbnail\">\n            <a href=\"https:\/\/seidel-props.de\/wp-content\/gallery\/jak-50\/jak-50-7.gif\"\n               title=\"\"\n               data-src=\"https:\/\/seidel-props.de\/wp-content\/gallery\/jak-50\/jak-50-7.gif\"\n               data-thumbnail=\"https:\/\/seidel-props.de\/wp-content\/gallery\/jak-50\/thumbs\/thumbs_jak-50-7.gif\"\n               data-image-id=\"453\"\n               data-title=\"jak-50-7\"\n               data-description=\"\"\n               data-image-slug=\"jak-50-7\"\n               class=\"ngg-simplelightbox\" rel=\"8c421d56795234eed92943399985f51a\">\n                <img\n                    title=\"jak-50-7\"\n                    alt=\"jak-50-7\"\n                    src=\"https:\/\/seidel-props.de\/wp-content\/gallery\/jak-50\/cache\/jak-50-7.gif-nggid03453-ngg0dyn-450x300x100-00f0w010c011r110f110r010t010.gif\"\n                    width=\"450\"\n                    height=\"300\"\n                    style=\"max-width:100%;\"\n                \/>\n            <\/a>\n        <\/div>\n\t\t\t\t\t\t\t<\/div> \n\t\t\t\n\t\t\t\t<div id=\"ngg-image-7\" class=\"ngg-gallery-thumbnail-box ngg-3-columns\" >\n\t\t\t\t        <div class=\"ngg-gallery-thumbnail\">\n            <a href=\"https:\/\/seidel-props.de\/wp-content\/gallery\/jak-50\/jak-50-8.gif\"\n               title=\"\"\n               data-src=\"https:\/\/seidel-props.de\/wp-content\/gallery\/jak-50\/jak-50-8.gif\"\n               data-thumbnail=\"https:\/\/seidel-props.de\/wp-content\/gallery\/jak-50\/thumbs\/thumbs_jak-50-8.gif\"\n               data-image-id=\"454\"\n               data-title=\"jak-50-8\"\n               data-description=\"\"\n               data-image-slug=\"jak-50-8\"\n               class=\"ngg-simplelightbox\" rel=\"8c421d56795234eed92943399985f51a\">\n                <img\n                    title=\"jak-50-8\"\n                    alt=\"jak-50-8\"\n                    src=\"https:\/\/seidel-props.de\/wp-content\/gallery\/jak-50\/cache\/jak-50-8.gif-nggid03454-ngg0dyn-450x300x100-00f0w010c011r110f110r010t010.gif\"\n                    width=\"450\"\n                    height=\"300\"\n                    style=\"max-width:100%;\"\n                \/>\n            <\/a>\n        <\/div>\n\t\t\t\t\t\t\t<\/div> \n\t\t\t\n\t\t\t\t<div id=\"ngg-image-8\" class=\"ngg-gallery-thumbnail-box ngg-3-columns\" >\n\t\t\t\t        <div class=\"ngg-gallery-thumbnail\">\n            <a href=\"https:\/\/seidel-props.de\/wp-content\/gallery\/jak-50\/jak-50-9.gif\"\n               title=\"\"\n               data-src=\"https:\/\/seidel-props.de\/wp-content\/gallery\/jak-50\/jak-50-9.gif\"\n               data-thumbnail=\"https:\/\/seidel-props.de\/wp-content\/gallery\/jak-50\/thumbs\/thumbs_jak-50-9.gif\"\n               data-image-id=\"455\"\n               data-title=\"jak-50-9\"\n               data-description=\"\"\n               data-image-slug=\"jak-50-9\"\n               class=\"ngg-simplelightbox\" rel=\"8c421d56795234eed92943399985f51a\">\n                <img\n                    title=\"jak-50-9\"\n                    alt=\"jak-50-9\"\n                    src=\"https:\/\/seidel-props.de\/wp-content\/gallery\/jak-50\/cache\/jak-50-9.gif-nggid03455-ngg0dyn-450x300x100-00f0w010c011r110f110r010t010.gif\"\n                    width=\"450\"\n                    height=\"295\"\n                    style=\"max-width:100%;\"\n                \/>\n            <\/a>\n        <\/div>\n\t\t\t\t\t\t\t<\/div> \n\t\t\t\n\t\n\t<br style=\"clear: both\" \/>\n\n\t\n\t\t<!-- Pagination -->\n\t<div class='ngg-clear'><\/div>\t<\/div>\n\n\n\n\n<p>Auch im Modell hat diese Blattform trotz ihres plumpen Aussehens beeindruckend viel Biss. Der Forderung nach m\u00f6glichst geringen induzierten Widerst\u00e4nden wird durch entsprechend d\u00fcnne Profile und reduziertem Anstellwinkel Gen\u00fcge getan.<\/p>\n\n\n\n<p>Oben gezeigt darf ein Valach 420-Sternmotor seine Muskeln an einem 44&#215;17&#8243; Zweiblatt-Propeller spielen lassen, um ein Modell im Ma\u00dfstab 1:2 durch die Luft zu rei\u00dfen! Der Probelauf wurde bei Heilemann-Sternmotoren durchgef\u00fchrt.<\/p>\n","protected":false},"excerpt":{"rendered":"<p>Jak 50 Die Jak 50 wurde wie zahlreiche andere Typen von Jakowlew in der Sowjetunion entwickelt und ist ein typisches&hellip;<\/p>\n","protected":false},"author":1,"featured_media":0,"parent":0,"menu_order":0,"comment_status":"closed","ping_status":"closed","template":"","meta":{"ngg_post_thumbnail":0,"footnotes":""},"class_list":["post-2326","page","type-page","status-publish","hentry"],"translation":{"provider":"WPGlobus","version":"2.10.0","language":"en","enabled_languages":["de","en"],"languages":{"de":{"title":true,"content":true,"excerpt":false},"en":{"title":false,"content":false,"excerpt":false}}},"_links":{"self":[{"href":"https:\/\/seidel-props.de\/en\/wp-json\/wp\/v2\/pages\/2326","targetHints":{"allow":["GET"]}}],"collection":[{"href":"https:\/\/seidel-props.de\/en\/wp-json\/wp\/v2\/pages"}],"about":[{"href":"https:\/\/seidel-props.de\/en\/wp-json\/wp\/v2\/types\/page"}],"author":[{"embeddable":true,"href":"https:\/\/seidel-props.de\/en\/wp-json\/wp\/v2\/users\/1"}],"replies":[{"embeddable":true,"href":"https:\/\/seidel-props.de\/en\/wp-json\/wp\/v2\/comments?post=2326"}],"version-history":[{"count":2,"href":"https:\/\/seidel-props.de\/en\/wp-json\/wp\/v2\/pages\/2326\/revisions"}],"predecessor-version":[{"id":2330,"href":"https:\/\/seidel-props.de\/en\/wp-json\/wp\/v2\/pages\/2326\/revisions\/2330"}],"wp:attachment":[{"href":"https:\/\/seidel-props.de\/en\/wp-json\/wp\/v2\/media?parent=2326"}],"curies":[{"name":"wp","href":"https:\/\/api.w.org\/{rel}","templated":true}]}}