{"id":2331,"date":"2021-08-01T23:33:43","date_gmt":"2021-08-01T21:33:43","guid":{"rendered":"https:\/\/seidel-props.de\/?page_id=2331"},"modified":"2021-08-01T23:33:44","modified_gmt":"2021-08-01T21:33:44","slug":"jak-54","status":"publish","type":"page","link":"https:\/\/seidel-props.de\/en\/jak-54\/","title":{"rendered":"Jak 54"},"content":{"rendered":"\n<p>Jak 54<\/p>\n\n\n\n<p>Die Jak 54 ist ein moderner Nachfolger der Jak 50, der im Kunstflug eingesetzt wird, allerdings als 2-sitziger Trainer. Der Pilot sitzt relativ weit hinter der Fl\u00fcgelhinterkante, w\u00e4hrend der &#8220;Passagier&#8221; knapp hinter dem Holm Platz findet. Die gro\u00dfe tropfenf\u00f6rmige Plexiglashaube ist sehr charakteristisch. <\/p>\n\n\n\n<!-- default-view.php -->\n<div\n\tclass=\"ngg-galleryoverview default-view \"\n\tid=\"ngg-gallery-b11c2b53961a2175896f7c9915b9b90d-1\">\n\n\t\t<!-- Thumbnails -->\n\t\t\t\t<div id=\"ngg-image-0\" class=\"ngg-gallery-thumbnail-box ngg-3-columns\" >\n\t\t\t\t        <div class=\"ngg-gallery-thumbnail\">\n            <a href=\"https:\/\/seidel-props.de\/wp-content\/gallery\/jak-54\/jak54-1.gif\"\n               title=\"\"\n               data-src=\"https:\/\/seidel-props.de\/wp-content\/gallery\/jak-54\/jak54-1.gif\"\n               data-thumbnail=\"https:\/\/seidel-props.de\/wp-content\/gallery\/jak-54\/thumbs\/thumbs_jak54-1.gif\"\n               data-image-id=\"456\"\n               data-title=\"jak54-1\"\n               data-description=\"\"\n               data-image-slug=\"jak54-1\"\n               class=\"ngg-simplelightbox\" rel=\"b11c2b53961a2175896f7c9915b9b90d\">\n                <img\n                    title=\"jak54-1\"\n                    alt=\"jak54-1\"\n                    src=\"https:\/\/seidel-props.de\/wp-content\/gallery\/jak-54\/cache\/jak54-1.gif-nggid03456-ngg0dyn-450x300x100-00f0w010c011r110f110r010t010.gif\"\n                    width=\"450\"\n                    height=\"300\"\n                    style=\"max-width:100%;\"\n                \/>\n            <\/a>\n        <\/div>\n\t\t\t\t\t\t\t<\/div> \n\t\t\t\n\t\t\t\t<div id=\"ngg-image-1\" class=\"ngg-gallery-thumbnail-box ngg-3-columns\" >\n\t\t\t\t        <div class=\"ngg-gallery-thumbnail\">\n            <a href=\"https:\/\/seidel-props.de\/wp-content\/gallery\/jak-54\/jak54-2.gif\"\n               title=\"\"\n               data-src=\"https:\/\/seidel-props.de\/wp-content\/gallery\/jak-54\/jak54-2.gif\"\n               data-thumbnail=\"https:\/\/seidel-props.de\/wp-content\/gallery\/jak-54\/thumbs\/thumbs_jak54-2.gif\"\n               data-image-id=\"457\"\n               data-title=\"jak54-2\"\n               data-description=\"\"\n               data-image-slug=\"jak54-2\"\n               class=\"ngg-simplelightbox\" rel=\"b11c2b53961a2175896f7c9915b9b90d\">\n                <img\n                    title=\"jak54-2\"\n                    alt=\"jak54-2\"\n                    src=\"https:\/\/seidel-props.de\/wp-content\/gallery\/jak-54\/cache\/jak54-2.gif-nggid03457-ngg0dyn-450x300x100-00f0w010c011r110f110r010t010.gif\"\n                    width=\"450\"\n                    height=\"300\"\n                    style=\"max-width:100%;\"\n                \/>\n            <\/a>\n        <\/div>\n\t\t\t\t\t\t\t<\/div> \n\t\t\t\n\t\t\t\t<div id=\"ngg-image-2\" class=\"ngg-gallery-thumbnail-box ngg-3-columns\" >\n\t\t\t\t        <div class=\"ngg-gallery-thumbnail\">\n            <a href=\"https:\/\/seidel-props.de\/wp-content\/gallery\/jak-54\/jak54-3.gif\"\n               title=\"\"\n               data-src=\"https:\/\/seidel-props.de\/wp-content\/gallery\/jak-54\/jak54-3.gif\"\n               data-thumbnail=\"https:\/\/seidel-props.de\/wp-content\/gallery\/jak-54\/thumbs\/thumbs_jak54-3.gif\"\n               data-image-id=\"458\"\n               data-title=\"jak54-3\"\n               data-description=\"\"\n               data-image-slug=\"jak54-3\"\n               class=\"ngg-simplelightbox\" rel=\"b11c2b53961a2175896f7c9915b9b90d\">\n                <img\n                    title=\"jak54-3\"\n                    alt=\"jak54-3\"\n                    src=\"https:\/\/seidel-props.de\/wp-content\/gallery\/jak-54\/cache\/jak54-3.gif-nggid03458-ngg0dyn-450x300x100-00f0w010c011r110f110r010t010.gif\"\n                    width=\"278\"\n                    height=\"181\"\n                    style=\"max-width:100%;\"\n                \/>\n            <\/a>\n        <\/div>\n\t\t\t\t\t\t\t<\/div> \n\t\t\t\n\t\t\t\t<div id=\"ngg-image-3\" class=\"ngg-gallery-thumbnail-box ngg-3-columns\" >\n\t\t\t\t        <div class=\"ngg-gallery-thumbnail\">\n            <a href=\"https:\/\/seidel-props.de\/wp-content\/gallery\/jak-54\/jak54-4.gif\"\n               title=\"\"\n               data-src=\"https:\/\/seidel-props.de\/wp-content\/gallery\/jak-54\/jak54-4.gif\"\n               data-thumbnail=\"https:\/\/seidel-props.de\/wp-content\/gallery\/jak-54\/thumbs\/thumbs_jak54-4.gif\"\n               data-image-id=\"459\"\n               data-title=\"jak54-4\"\n               data-description=\"\"\n               data-image-slug=\"jak54-4\"\n               class=\"ngg-simplelightbox\" rel=\"b11c2b53961a2175896f7c9915b9b90d\">\n                <img\n                    title=\"jak54-4\"\n                    alt=\"jak54-4\"\n                    src=\"https:\/\/seidel-props.de\/wp-content\/gallery\/jak-54\/cache\/jak54-4.gif-nggid03459-ngg0dyn-450x300x100-00f0w010c011r110f110r010t010.gif\"\n                    width=\"450\"\n                    height=\"300\"\n                    style=\"max-width:100%;\"\n                \/>\n            <\/a>\n        <\/div>\n\t\t\t\t\t\t\t<\/div> \n\t\t\t\n\t\t\t\t<div id=\"ngg-image-4\" class=\"ngg-gallery-thumbnail-box ngg-3-columns\" >\n\t\t\t\t        <div class=\"ngg-gallery-thumbnail\">\n            <a href=\"https:\/\/seidel-props.de\/wp-content\/gallery\/jak-54\/jak54-5.gif\"\n               title=\"\"\n               data-src=\"https:\/\/seidel-props.de\/wp-content\/gallery\/jak-54\/jak54-5.gif\"\n               data-thumbnail=\"https:\/\/seidel-props.de\/wp-content\/gallery\/jak-54\/thumbs\/thumbs_jak54-5.gif\"\n               data-image-id=\"460\"\n               data-title=\"jak54-5\"\n               data-description=\"\"\n               data-image-slug=\"jak54-5\"\n               class=\"ngg-simplelightbox\" rel=\"b11c2b53961a2175896f7c9915b9b90d\">\n                <img\n                    title=\"jak54-5\"\n                    alt=\"jak54-5\"\n                    src=\"https:\/\/seidel-props.de\/wp-content\/gallery\/jak-54\/cache\/jak54-5.gif-nggid03460-ngg0dyn-450x300x100-00f0w010c011r110f110r010t010.gif\"\n                    width=\"450\"\n                    height=\"300\"\n                    style=\"max-width:100%;\"\n                \/>\n            <\/a>\n        <\/div>\n\t\t\t\t\t\t\t<\/div> \n\t\t\t\n\t\t\t\t<div id=\"ngg-image-5\" class=\"ngg-gallery-thumbnail-box ngg-3-columns\" >\n\t\t\t\t        <div class=\"ngg-gallery-thumbnail\">\n            <a href=\"https:\/\/seidel-props.de\/wp-content\/gallery\/jak-54\/jak54-6.gif\"\n               title=\"\"\n               data-src=\"https:\/\/seidel-props.de\/wp-content\/gallery\/jak-54\/jak54-6.gif\"\n               data-thumbnail=\"https:\/\/seidel-props.de\/wp-content\/gallery\/jak-54\/thumbs\/thumbs_jak54-6.gif\"\n               data-image-id=\"461\"\n               data-title=\"jak54-6\"\n               data-description=\"\"\n               data-image-slug=\"jak54-6\"\n               class=\"ngg-simplelightbox\" rel=\"b11c2b53961a2175896f7c9915b9b90d\">\n                <img\n                    title=\"jak54-6\"\n                    alt=\"jak54-6\"\n                    src=\"https:\/\/seidel-props.de\/wp-content\/gallery\/jak-54\/cache\/jak54-6.gif-nggid03461-ngg0dyn-450x300x100-00f0w010c011r110f110r010t010.gif\"\n                    width=\"450\"\n                    height=\"300\"\n                    style=\"max-width:100%;\"\n                \/>\n            <\/a>\n        <\/div>\n\t\t\t\t\t\t\t<\/div> \n\t\t\t\n\t\t\t\t<div id=\"ngg-image-6\" class=\"ngg-gallery-thumbnail-box ngg-3-columns\" >\n\t\t\t\t        <div class=\"ngg-gallery-thumbnail\">\n            <a href=\"https:\/\/seidel-props.de\/wp-content\/gallery\/jak-54\/jak54-7.gif\"\n               title=\"\"\n               data-src=\"https:\/\/seidel-props.de\/wp-content\/gallery\/jak-54\/jak54-7.gif\"\n               data-thumbnail=\"https:\/\/seidel-props.de\/wp-content\/gallery\/jak-54\/thumbs\/thumbs_jak54-7.gif\"\n               data-image-id=\"462\"\n               data-title=\"jak54-7\"\n               data-description=\"\"\n               data-image-slug=\"jak54-7\"\n               class=\"ngg-simplelightbox\" rel=\"b11c2b53961a2175896f7c9915b9b90d\">\n                <img\n                    title=\"jak54-7\"\n                    alt=\"jak54-7\"\n                    src=\"https:\/\/seidel-props.de\/wp-content\/gallery\/jak-54\/cache\/jak54-7.gif-nggid03462-ngg0dyn-450x300x100-00f0w010c011r110f110r010t010.gif\"\n                    width=\"450\"\n                    height=\"300\"\n                    style=\"max-width:100%;\"\n                \/>\n            <\/a>\n        <\/div>\n\t\t\t\t\t\t\t<\/div> \n\t\t\t\n\t\t\t\t<div id=\"ngg-image-7\" class=\"ngg-gallery-thumbnail-box ngg-3-columns\" >\n\t\t\t\t        <div class=\"ngg-gallery-thumbnail\">\n            <a href=\"https:\/\/seidel-props.de\/wp-content\/gallery\/jak-54\/jak54-8.gif\"\n               title=\"\"\n               data-src=\"https:\/\/seidel-props.de\/wp-content\/gallery\/jak-54\/jak54-8.gif\"\n               data-thumbnail=\"https:\/\/seidel-props.de\/wp-content\/gallery\/jak-54\/thumbs\/thumbs_jak54-8.gif\"\n               data-image-id=\"463\"\n               data-title=\"jak54-8\"\n               data-description=\"\"\n               data-image-slug=\"jak54-8\"\n               class=\"ngg-simplelightbox\" rel=\"b11c2b53961a2175896f7c9915b9b90d\">\n                <img\n                    title=\"jak54-8\"\n                    alt=\"jak54-8\"\n                    src=\"https:\/\/seidel-props.de\/wp-content\/gallery\/jak-54\/cache\/jak54-8.gif-nggid03463-ngg0dyn-450x300x100-00f0w010c011r110f110r010t010.gif\"\n                    width=\"450\"\n                    height=\"300\"\n                    style=\"max-width:100%;\"\n                \/>\n            <\/a>\n        <\/div>\n\t\t\t\t\t\t\t<\/div> \n\t\t\t\n\t\t\t\t<div id=\"ngg-image-8\" class=\"ngg-gallery-thumbnail-box ngg-3-columns\" >\n\t\t\t\t        <div class=\"ngg-gallery-thumbnail\">\n            <a href=\"https:\/\/seidel-props.de\/wp-content\/gallery\/jak-54\/jak54-9.gif\"\n               title=\"\"\n               data-src=\"https:\/\/seidel-props.de\/wp-content\/gallery\/jak-54\/jak54-9.gif\"\n               data-thumbnail=\"https:\/\/seidel-props.de\/wp-content\/gallery\/jak-54\/thumbs\/thumbs_jak54-9.gif\"\n               data-image-id=\"464\"\n               data-title=\"jak54-9\"\n               data-description=\"\"\n               data-image-slug=\"jak54-9\"\n               class=\"ngg-simplelightbox\" rel=\"b11c2b53961a2175896f7c9915b9b90d\">\n                <img\n                    title=\"jak54-9\"\n                    alt=\"jak54-9\"\n                    src=\"https:\/\/seidel-props.de\/wp-content\/gallery\/jak-54\/cache\/jak54-9.gif-nggid03464-ngg0dyn-450x300x100-00f0w010c011r110f110r010t010.gif\"\n                    width=\"450\"\n                    height=\"300\"\n                    style=\"max-width:100%;\"\n                \/>\n            <\/a>\n        <\/div>\n\t\t\t\t\t\t\t<\/div> \n\t\t\t\n\t\n\t<br style=\"clear: both\" \/>\n\n\t\n\t\t<!-- Pagination -->\n\t<div class='ngg-clear'><\/div>\t<\/div>\n\n\n\n\n<p>Ebenfalls mit Sternmotor angetrieben ist auch dieser Rumpf sehr bullig. Der leistungsstarke Stern treibt im Original einen 3-Platt-Prop an, dessen Bl\u00e4tter fast parallele Nasenleisten und Endkanten haben. Auf eine Blattspitzenverrundung wurde verzichtet.<\/p>\n","protected":false},"excerpt":{"rendered":"<p>Jak 54 Die Jak 54 ist ein moderner Nachfolger der Jak 50, der im Kunstflug eingesetzt wird, allerdings als 2-sitziger&hellip;<\/p>\n","protected":false},"author":1,"featured_media":0,"parent":0,"menu_order":0,"comment_status":"closed","ping_status":"closed","template":"","meta":{"ngg_post_thumbnail":0,"footnotes":""},"class_list":["post-2331","page","type-page","status-publish","hentry"],"translation":{"provider":"WPGlobus","version":"2.10.0","language":"en","enabled_languages":["de","en"],"languages":{"de":{"title":true,"content":true,"excerpt":false},"en":{"title":false,"content":false,"excerpt":false}}},"_links":{"self":[{"href":"https:\/\/seidel-props.de\/en\/wp-json\/wp\/v2\/pages\/2331","targetHints":{"allow":["GET"]}}],"collection":[{"href":"https:\/\/seidel-props.de\/en\/wp-json\/wp\/v2\/pages"}],"about":[{"href":"https:\/\/seidel-props.de\/en\/wp-json\/wp\/v2\/types\/page"}],"author":[{"embeddable":true,"href":"https:\/\/seidel-props.de\/en\/wp-json\/wp\/v2\/users\/1"}],"replies":[{"embeddable":true,"href":"https:\/\/seidel-props.de\/en\/wp-json\/wp\/v2\/comments?post=2331"}],"version-history":[{"count":1,"href":"https:\/\/seidel-props.de\/en\/wp-json\/wp\/v2\/pages\/2331\/revisions"}],"predecessor-version":[{"id":2332,"href":"https:\/\/seidel-props.de\/en\/wp-json\/wp\/v2\/pages\/2331\/revisions\/2332"}],"wp:attachment":[{"href":"https:\/\/seidel-props.de\/en\/wp-json\/wp\/v2\/media?parent=2331"}],"curies":[{"name":"wp","href":"https:\/\/api.w.org\/{rel}","templated":true}]}}