{"id":2376,"date":"2021-08-03T22:58:38","date_gmt":"2021-08-03T20:58:38","guid":{"rendered":"https:\/\/seidel-props.de\/?page_id=2376"},"modified":"2021-08-03T23:02:04","modified_gmt":"2021-08-03T21:02:04","slug":"ju-87","status":"publish","type":"page","link":"https:\/\/seidel-props.de\/en\/ju-87\/","title":{"rendered":"JU-87"},"content":{"rendered":"\n<p>JU-87<\/p>\n\n\n\n<p>Junkers JU-87, der Sturzbomber, der Angst und Schrecken verbreitet hat. Die Treffsicherheit der ausgeklingten Bomben konnte stark erh\u00f6ht werden, indem der Bomber direkt \u00fcber dem Ziel in einen kurzen senkrechten Sturzflug \u00fcbergegangen ist und dabei die Bomben gel\u00f6st hat.<\/p>\n\n\n\n<p>Somit war der Flug der Bomben nicht mehr parabelf\u00f6rmit, sondern praktisch linear und der Einfluss der Eigengeschwindigkeit, des Luftwiderstands unterschiedlicher Bomben und der H\u00f6he des Bombers weitgehend eleminiert.<\/p>\n\n\n\n<!-- default-view.php -->\n<div\n\tclass=\"ngg-galleryoverview default-view \"\n\tid=\"ngg-gallery-256ae5aaef85657808bfa029fc0212a2-1\">\n\n\t\t<!-- Thumbnails -->\n\t\t\t\t<div id=\"ngg-image-0\" class=\"ngg-gallery-thumbnail-box ngg-3-columns\" >\n\t\t\t\t        <div class=\"ngg-gallery-thumbnail\">\n            <a href=\"https:\/\/seidel-props.de\/wp-content\/gallery\/ju-87\/DSCF4162.JPG\"\n               title=\"\"\n               data-src=\"https:\/\/seidel-props.de\/wp-content\/gallery\/ju-87\/DSCF4162.JPG\"\n               data-thumbnail=\"https:\/\/seidel-props.de\/wp-content\/gallery\/ju-87\/thumbs\/thumbs_DSCF4162.JPG\"\n               data-image-id=\"894\"\n               data-title=\"DSCF4162\"\n               data-description=\"\"\n               data-image-slug=\"dscf4162\"\n               class=\"ngg-simplelightbox\" rel=\"256ae5aaef85657808bfa029fc0212a2\">\n                <img\n                    title=\"DSCF4162\"\n                    alt=\"DSCF4162\"\n                    src=\"https:\/\/seidel-props.de\/wp-content\/gallery\/ju-87\/cache\/DSCF4162.JPG-nggid03894-ngg0dyn-450x300x100-00f0w010c011r110f110r010t010.JPG\"\n                    width=\"450\"\n                    height=\"300\"\n                    style=\"max-width:100%;\"\n                \/>\n            <\/a>\n        <\/div>\n\t\t\t\t\t\t\t<\/div> \n\t\t\t\n\t\t\t\t<div id=\"ngg-image-1\" class=\"ngg-gallery-thumbnail-box ngg-3-columns\" >\n\t\t\t\t        <div class=\"ngg-gallery-thumbnail\">\n            <a href=\"https:\/\/seidel-props.de\/wp-content\/gallery\/ju-87\/DSCF4165.JPG\"\n               title=\"\"\n               data-src=\"https:\/\/seidel-props.de\/wp-content\/gallery\/ju-87\/DSCF4165.JPG\"\n               data-thumbnail=\"https:\/\/seidel-props.de\/wp-content\/gallery\/ju-87\/thumbs\/thumbs_DSCF4165.JPG\"\n               data-image-id=\"895\"\n               data-title=\"DSCF4165\"\n               data-description=\"\"\n               data-image-slug=\"dscf4165\"\n               class=\"ngg-simplelightbox\" rel=\"256ae5aaef85657808bfa029fc0212a2\">\n                <img\n                    title=\"DSCF4165\"\n                    alt=\"DSCF4165\"\n                    src=\"https:\/\/seidel-props.de\/wp-content\/gallery\/ju-87\/cache\/DSCF4165.JPG-nggid03895-ngg0dyn-450x300x100-00f0w010c011r110f110r010t010.JPG\"\n                    width=\"450\"\n                    height=\"300\"\n                    style=\"max-width:100%;\"\n                \/>\n            <\/a>\n        <\/div>\n\t\t\t\t\t\t\t<\/div> \n\t\t\t\n\t\t\t\t<div id=\"ngg-image-2\" class=\"ngg-gallery-thumbnail-box ngg-3-columns\" >\n\t\t\t\t        <div class=\"ngg-gallery-thumbnail\">\n            <a href=\"https:\/\/seidel-props.de\/wp-content\/gallery\/ju-87\/JU_87_02.gif\"\n               title=\"\"\n               data-src=\"https:\/\/seidel-props.de\/wp-content\/gallery\/ju-87\/JU_87_02.gif\"\n               data-thumbnail=\"https:\/\/seidel-props.de\/wp-content\/gallery\/ju-87\/thumbs\/thumbs_JU_87_02.gif\"\n               data-image-id=\"897\"\n               data-title=\"JU_87_02\"\n               data-description=\"\"\n               data-image-slug=\"ju_87_02\"\n               class=\"ngg-simplelightbox\" rel=\"256ae5aaef85657808bfa029fc0212a2\">\n                <img\n                    title=\"JU_87_02\"\n                    alt=\"JU_87_02\"\n                    src=\"https:\/\/seidel-props.de\/wp-content\/gallery\/ju-87\/cache\/JU_87_02.gif-nggid03897-ngg0dyn-450x300x100-00f0w010c011r110f110r010t010.gif\"\n                    width=\"450\"\n                    height=\"300\"\n                    style=\"max-width:100%;\"\n                \/>\n            <\/a>\n        <\/div>\n\t\t\t\t\t\t\t<\/div> \n\t\t\t\n\t\t\t\t<div id=\"ngg-image-3\" class=\"ngg-gallery-thumbnail-box ngg-3-columns\" >\n\t\t\t\t        <div class=\"ngg-gallery-thumbnail\">\n            <a href=\"https:\/\/seidel-props.de\/wp-content\/gallery\/ju-87\/JU_87.gif\"\n               title=\"\"\n               data-src=\"https:\/\/seidel-props.de\/wp-content\/gallery\/ju-87\/JU_87.gif\"\n               data-thumbnail=\"https:\/\/seidel-props.de\/wp-content\/gallery\/ju-87\/thumbs\/thumbs_JU_87.gif\"\n               data-image-id=\"896\"\n               data-title=\"JU_87\"\n               data-description=\"\"\n               data-image-slug=\"ju_87\"\n               class=\"ngg-simplelightbox\" rel=\"256ae5aaef85657808bfa029fc0212a2\">\n                <img\n                    title=\"JU_87\"\n                    alt=\"JU_87\"\n                    src=\"https:\/\/seidel-props.de\/wp-content\/gallery\/ju-87\/cache\/JU_87.gif-nggid03896-ngg0dyn-450x300x100-00f0w010c011r110f110r010t010.gif\"\n                    width=\"322\"\n                    height=\"300\"\n                    style=\"max-width:100%;\"\n                \/>\n            <\/a>\n        <\/div>\n\t\t\t\t\t\t\t<\/div> \n\t\t\t\n\t\t\t\t<div id=\"ngg-image-4\" class=\"ngg-gallery-thumbnail-box ngg-3-columns\" >\n\t\t\t\t        <div class=\"ngg-gallery-thumbnail\">\n            <a href=\"https:\/\/seidel-props.de\/wp-content\/gallery\/ju-87\/ju87b-baubericht-bild-8.jpg\"\n               title=\"\"\n               data-src=\"https:\/\/seidel-props.de\/wp-content\/gallery\/ju-87\/ju87b-baubericht-bild-8.jpg\"\n               data-thumbnail=\"https:\/\/seidel-props.de\/wp-content\/gallery\/ju-87\/thumbs\/thumbs_ju87b-baubericht-bild-8.jpg\"\n               data-image-id=\"892\"\n               data-title=\"ju87b-baubericht-bild-8\"\n               data-description=\"\"\n               data-image-slug=\"ju87b-baubericht-bild-8\"\n               class=\"ngg-simplelightbox\" rel=\"256ae5aaef85657808bfa029fc0212a2\">\n                <img\n                    title=\"ju87b-baubericht-bild-8\"\n                    alt=\"ju87b-baubericht-bild-8\"\n                    src=\"https:\/\/seidel-props.de\/wp-content\/gallery\/ju-87\/cache\/ju87b-baubericht-bild-8.jpg-nggid03892-ngg0dyn-450x300x100-00f0w010c011r110f110r010t010.jpg\"\n                    width=\"450\"\n                    height=\"300\"\n                    style=\"max-width:100%;\"\n                \/>\n            <\/a>\n        <\/div>\n\t\t\t\t\t\t\t<\/div> \n\t\t\t\n\t\t\t\t<div id=\"ngg-image-5\" class=\"ngg-gallery-thumbnail-box ngg-3-columns\" >\n\t\t\t\t        <div class=\"ngg-gallery-thumbnail\">\n            <a href=\"https:\/\/seidel-props.de\/wp-content\/gallery\/ju-87\/ju87b-baubericht-bild-9.jpg\"\n               title=\"\"\n               data-src=\"https:\/\/seidel-props.de\/wp-content\/gallery\/ju-87\/ju87b-baubericht-bild-9.jpg\"\n               data-thumbnail=\"https:\/\/seidel-props.de\/wp-content\/gallery\/ju-87\/thumbs\/thumbs_ju87b-baubericht-bild-9.jpg\"\n               data-image-id=\"893\"\n               data-title=\"ju87b-baubericht-bild-9\"\n               data-description=\"\"\n               data-image-slug=\"ju87b-baubericht-bild-9\"\n               class=\"ngg-simplelightbox\" rel=\"256ae5aaef85657808bfa029fc0212a2\">\n                <img\n                    title=\"ju87b-baubericht-bild-9\"\n                    alt=\"ju87b-baubericht-bild-9\"\n                    src=\"https:\/\/seidel-props.de\/wp-content\/gallery\/ju-87\/cache\/ju87b-baubericht-bild-9.jpg-nggid03893-ngg0dyn-450x300x100-00f0w010c011r110f110r010t010.jpg\"\n                    width=\"450\"\n                    height=\"300\"\n                    style=\"max-width:100%;\"\n                \/>\n            <\/a>\n        <\/div>\n\t\t\t\t\t\t\t<\/div> \n\t\t\t\n\t\n\t<br style=\"clear: both\" \/>\n\n\t\n\t\t<!-- Pagination -->\n\t<div class='ngg-clear'><\/div>\t<\/div>\n\n\n\n\n<p>Um nicht die Flugzeugstruktur zu \u00fcberlasten, waren gro\u00dfe gelochte Sturzflugklappen an der Fl\u00fcgelhinterkante angeordnet, die zusammen mit dem Verstellpropeller den Flieger soweit abbremsen konnten, dass dieser beim Abfangen nicht zusammenklappen konnte.<\/p>\n","protected":false},"excerpt":{"rendered":"<p>JU-87 Junkers JU-87, der Sturzbomber, der Angst und Schrecken verbreitet hat. Die Treffsicherheit der ausgeklingten Bomben konnte stark erh\u00f6ht werden,&hellip;<\/p>\n","protected":false},"author":1,"featured_media":0,"parent":0,"menu_order":0,"comment_status":"closed","ping_status":"closed","template":"","meta":{"ngg_post_thumbnail":0,"footnotes":""},"class_list":["post-2376","page","type-page","status-publish","hentry"],"translation":{"provider":"WPGlobus","version":"2.10.0","language":"en","enabled_languages":["de","en"],"languages":{"de":{"title":true,"content":true,"excerpt":false},"en":{"title":false,"content":false,"excerpt":false}}},"_links":{"self":[{"href":"https:\/\/seidel-props.de\/en\/wp-json\/wp\/v2\/pages\/2376","targetHints":{"allow":["GET"]}}],"collection":[{"href":"https:\/\/seidel-props.de\/en\/wp-json\/wp\/v2\/pages"}],"about":[{"href":"https:\/\/seidel-props.de\/en\/wp-json\/wp\/v2\/types\/page"}],"author":[{"embeddable":true,"href":"https:\/\/seidel-props.de\/en\/wp-json\/wp\/v2\/users\/1"}],"replies":[{"embeddable":true,"href":"https:\/\/seidel-props.de\/en\/wp-json\/wp\/v2\/comments?post=2376"}],"version-history":[{"count":2,"href":"https:\/\/seidel-props.de\/en\/wp-json\/wp\/v2\/pages\/2376\/revisions"}],"predecessor-version":[{"id":2387,"href":"https:\/\/seidel-props.de\/en\/wp-json\/wp\/v2\/pages\/2376\/revisions\/2387"}],"wp:attachment":[{"href":"https:\/\/seidel-props.de\/en\/wp-json\/wp\/v2\/media?parent=2376"}],"curies":[{"name":"wp","href":"https:\/\/api.w.org\/{rel}","templated":true}]}}