{"id":2434,"date":"2021-08-07T21:15:22","date_gmt":"2021-08-07T19:15:22","guid":{"rendered":"https:\/\/seidel-props.de\/?page_id=2434"},"modified":"2021-08-07T21:19:22","modified_gmt":"2021-08-07T19:19:22","slug":"mig-3","status":"publish","type":"page","link":"https:\/\/seidel-props.de\/en\/mig-3\/","title":{"rendered":"MiG-3"},"content":{"rendered":"\n<p>MiG-3<\/p>\n\n\n\n<p>Die MiG-3 war ein in der Sowjetunion gebauter Jagdflieger, der in St\u00fcckzahlen von \u00fcber 3300 Exemplaren gebaut war und im 2. Weltkrieg gegen die deutschen Maschinen antreten musste. Die Feuerkraft war geringer als die der ME-109, die Geschwindigkeit und Wendigkeit oberhalb 5000m jedoch besser.<\/p>\n\n\n\n<p>In geringer H\u00f6he war das Flugzeug kritisch zu fliegen und wurde daher von der Front abgezogen und nur noch gegen die hochfliegenden Bomberattacken eingesetzt.<\/p>\n\n\n\n<!-- default-view.php -->\n<div\n\tclass=\"ngg-galleryoverview default-view \"\n\tid=\"ngg-gallery-fc5e947bee738a78906bc99346c6abb5-1\">\n\n\t\t<!-- Thumbnails -->\n\t\t\t\t<div id=\"ngg-image-0\" class=\"ngg-gallery-thumbnail-box ngg-3-columns\" >\n\t\t\t\t        <div class=\"ngg-gallery-thumbnail\">\n            <a href=\"https:\/\/seidel-props.de\/wp-content\/gallery\/mig-3\/800px-MiG-3.svg_.png\"\n               title=\"\"\n               data-src=\"https:\/\/seidel-props.de\/wp-content\/gallery\/mig-3\/800px-MiG-3.svg_.png\"\n               data-thumbnail=\"https:\/\/seidel-props.de\/wp-content\/gallery\/mig-3\/thumbs\/thumbs_800px-MiG-3.svg_.png\"\n               data-image-id=\"918\"\n               data-title=\"800px-MiG-3.svg_\"\n               data-description=\"\"\n               data-image-slug=\"800px-mig-3-svg_\"\n               class=\"ngg-simplelightbox\" rel=\"fc5e947bee738a78906bc99346c6abb5\">\n                <img\n                    title=\"800px-MiG-3.svg_\"\n                    alt=\"800px-MiG-3.svg_\"\n                    src=\"https:\/\/seidel-props.de\/wp-content\/gallery\/mig-3\/cache\/800px-MiG-3.svg_.png-nggid03918-ngg0dyn-450x300x100-00f0w010c011r110f110r010t010.png\"\n                    width=\"450\"\n                    height=\"300\"\n                    style=\"max-width:100%;\"\n                \/>\n            <\/a>\n        <\/div>\n\t\t\t\t\t\t\t<\/div> \n\t\t\t\n\t\t\t\t<div id=\"ngg-image-1\" class=\"ngg-gallery-thumbnail-box ngg-3-columns\" >\n\t\t\t\t        <div class=\"ngg-gallery-thumbnail\">\n            <a href=\"https:\/\/seidel-props.de\/wp-content\/gallery\/mig-3\/mig-3-1.gif\"\n               title=\"\"\n               data-src=\"https:\/\/seidel-props.de\/wp-content\/gallery\/mig-3\/mig-3-1.gif\"\n               data-thumbnail=\"https:\/\/seidel-props.de\/wp-content\/gallery\/mig-3\/thumbs\/thumbs_mig-3-1.gif\"\n               data-image-id=\"492\"\n               data-title=\"mig-3-1\"\n               data-description=\"\"\n               data-image-slug=\"mig-3-1\"\n               class=\"ngg-simplelightbox\" rel=\"fc5e947bee738a78906bc99346c6abb5\">\n                <img\n                    title=\"mig-3-1\"\n                    alt=\"mig-3-1\"\n                    src=\"https:\/\/seidel-props.de\/wp-content\/gallery\/mig-3\/cache\/mig-3-1.gif-nggid03492-ngg0dyn-450x300x100-00f0w010c011r110f110r010t010.gif\"\n                    width=\"450\"\n                    height=\"296\"\n                    style=\"max-width:100%;\"\n                \/>\n            <\/a>\n        <\/div>\n\t\t\t\t\t\t\t<\/div> \n\t\t\t\n\t\t\t\t<div id=\"ngg-image-2\" class=\"ngg-gallery-thumbnail-box ngg-3-columns\" >\n\t\t\t\t        <div class=\"ngg-gallery-thumbnail\">\n            <a href=\"https:\/\/seidel-props.de\/wp-content\/gallery\/mig-3\/mig-3-2.gif\"\n               title=\"\"\n               data-src=\"https:\/\/seidel-props.de\/wp-content\/gallery\/mig-3\/mig-3-2.gif\"\n               data-thumbnail=\"https:\/\/seidel-props.de\/wp-content\/gallery\/mig-3\/thumbs\/thumbs_mig-3-2.gif\"\n               data-image-id=\"493\"\n               data-title=\"mig-3-2\"\n               data-description=\"\"\n               data-image-slug=\"mig-3-2\"\n               class=\"ngg-simplelightbox\" rel=\"fc5e947bee738a78906bc99346c6abb5\">\n                <img\n                    title=\"mig-3-2\"\n                    alt=\"mig-3-2\"\n                    src=\"https:\/\/seidel-props.de\/wp-content\/gallery\/mig-3\/cache\/mig-3-2.gif-nggid03493-ngg0dyn-450x300x100-00f0w010c011r110f110r010t010.gif\"\n                    width=\"450\"\n                    height=\"300\"\n                    style=\"max-width:100%;\"\n                \/>\n            <\/a>\n        <\/div>\n\t\t\t\t\t\t\t<\/div> \n\t\t\t\n\t\t\t\t<div id=\"ngg-image-3\" class=\"ngg-gallery-thumbnail-box ngg-3-columns\" >\n\t\t\t\t        <div class=\"ngg-gallery-thumbnail\">\n            <a href=\"https:\/\/seidel-props.de\/wp-content\/gallery\/mig-3\/mig-3-3.gif\"\n               title=\"\"\n               data-src=\"https:\/\/seidel-props.de\/wp-content\/gallery\/mig-3\/mig-3-3.gif\"\n               data-thumbnail=\"https:\/\/seidel-props.de\/wp-content\/gallery\/mig-3\/thumbs\/thumbs_mig-3-3.gif\"\n               data-image-id=\"494\"\n               data-title=\"mig-3-3\"\n               data-description=\"\"\n               data-image-slug=\"mig-3-3\"\n               class=\"ngg-simplelightbox\" rel=\"fc5e947bee738a78906bc99346c6abb5\">\n                <img\n                    title=\"mig-3-3\"\n                    alt=\"mig-3-3\"\n                    src=\"https:\/\/seidel-props.de\/wp-content\/gallery\/mig-3\/cache\/mig-3-3.gif-nggid03494-ngg0dyn-450x300x100-00f0w010c011r110f110r010t010.gif\"\n                    width=\"342\"\n                    height=\"300\"\n                    style=\"max-width:100%;\"\n                \/>\n            <\/a>\n        <\/div>\n\t\t\t\t\t\t\t<\/div> \n\t\t\t\n\t\t\t\t<div id=\"ngg-image-4\" class=\"ngg-gallery-thumbnail-box ngg-3-columns\" >\n\t\t\t\t        <div class=\"ngg-gallery-thumbnail\">\n            <a href=\"https:\/\/seidel-props.de\/wp-content\/gallery\/mig-3\/mig-3-4.gif\"\n               title=\"\"\n               data-src=\"https:\/\/seidel-props.de\/wp-content\/gallery\/mig-3\/mig-3-4.gif\"\n               data-thumbnail=\"https:\/\/seidel-props.de\/wp-content\/gallery\/mig-3\/thumbs\/thumbs_mig-3-4.gif\"\n               data-image-id=\"495\"\n               data-title=\"mig-3-4\"\n               data-description=\"\"\n               data-image-slug=\"mig-3-4\"\n               class=\"ngg-simplelightbox\" rel=\"fc5e947bee738a78906bc99346c6abb5\">\n                <img\n                    title=\"mig-3-4\"\n                    alt=\"mig-3-4\"\n                    src=\"https:\/\/seidel-props.de\/wp-content\/gallery\/mig-3\/cache\/mig-3-4.gif-nggid03495-ngg0dyn-450x300x100-00f0w010c011r110f110r010t010.gif\"\n                    width=\"450\"\n                    height=\"300\"\n                    style=\"max-width:100%;\"\n                \/>\n            <\/a>\n        <\/div>\n\t\t\t\t\t\t\t<\/div> \n\t\t\t\n\t\t\t\t<div id=\"ngg-image-5\" class=\"ngg-gallery-thumbnail-box ngg-3-columns\" >\n\t\t\t\t        <div class=\"ngg-gallery-thumbnail\">\n            <a href=\"https:\/\/seidel-props.de\/wp-content\/gallery\/mig-3\/mig-3-5.gif\"\n               title=\"\"\n               data-src=\"https:\/\/seidel-props.de\/wp-content\/gallery\/mig-3\/mig-3-5.gif\"\n               data-thumbnail=\"https:\/\/seidel-props.de\/wp-content\/gallery\/mig-3\/thumbs\/thumbs_mig-3-5.gif\"\n               data-image-id=\"496\"\n               data-title=\"mig-3-5\"\n               data-description=\"\"\n               data-image-slug=\"mig-3-5\"\n               class=\"ngg-simplelightbox\" rel=\"fc5e947bee738a78906bc99346c6abb5\">\n                <img\n                    title=\"mig-3-5\"\n                    alt=\"mig-3-5\"\n                    src=\"https:\/\/seidel-props.de\/wp-content\/gallery\/mig-3\/cache\/mig-3-5.gif-nggid03496-ngg0dyn-450x300x100-00f0w010c011r110f110r010t010.gif\"\n                    width=\"450\"\n                    height=\"300\"\n                    style=\"max-width:100%;\"\n                \/>\n            <\/a>\n        <\/div>\n\t\t\t\t\t\t\t<\/div> \n\t\t\t\n\t\t\t\t<div id=\"ngg-image-6\" class=\"ngg-gallery-thumbnail-box ngg-3-columns\" >\n\t\t\t\t        <div class=\"ngg-gallery-thumbnail\">\n            <a href=\"https:\/\/seidel-props.de\/wp-content\/gallery\/mig-3\/mig-3-6.gif\"\n               title=\"\"\n               data-src=\"https:\/\/seidel-props.de\/wp-content\/gallery\/mig-3\/mig-3-6.gif\"\n               data-thumbnail=\"https:\/\/seidel-props.de\/wp-content\/gallery\/mig-3\/thumbs\/thumbs_mig-3-6.gif\"\n               data-image-id=\"497\"\n               data-title=\"mig-3-6\"\n               data-description=\"\"\n               data-image-slug=\"mig-3-6\"\n               class=\"ngg-simplelightbox\" rel=\"fc5e947bee738a78906bc99346c6abb5\">\n                <img\n                    title=\"mig-3-6\"\n                    alt=\"mig-3-6\"\n                    src=\"https:\/\/seidel-props.de\/wp-content\/gallery\/mig-3\/cache\/mig-3-6.gif-nggid03497-ngg0dyn-450x300x100-00f0w010c011r110f110r010t010.gif\"\n                    width=\"450\"\n                    height=\"300\"\n                    style=\"max-width:100%;\"\n                \/>\n            <\/a>\n        <\/div>\n\t\t\t\t\t\t\t<\/div> \n\t\t\t\n\t\t\t\t<div id=\"ngg-image-7\" class=\"ngg-gallery-thumbnail-box ngg-3-columns\" >\n\t\t\t\t        <div class=\"ngg-gallery-thumbnail\">\n            <a href=\"https:\/\/seidel-props.de\/wp-content\/gallery\/mig-3\/mig-3-7.gif\"\n               title=\"\"\n               data-src=\"https:\/\/seidel-props.de\/wp-content\/gallery\/mig-3\/mig-3-7.gif\"\n               data-thumbnail=\"https:\/\/seidel-props.de\/wp-content\/gallery\/mig-3\/thumbs\/thumbs_mig-3-7.gif\"\n               data-image-id=\"498\"\n               data-title=\"mig-3-7\"\n               data-description=\"\"\n               data-image-slug=\"mig-3-7\"\n               class=\"ngg-simplelightbox\" rel=\"fc5e947bee738a78906bc99346c6abb5\">\n                <img\n                    title=\"mig-3-7\"\n                    alt=\"mig-3-7\"\n                    src=\"https:\/\/seidel-props.de\/wp-content\/gallery\/mig-3\/cache\/mig-3-7.gif-nggid03498-ngg0dyn-450x300x100-00f0w010c011r110f110r010t010.gif\"\n                    width=\"450\"\n                    height=\"300\"\n                    style=\"max-width:100%;\"\n                \/>\n            <\/a>\n        <\/div>\n\t\t\t\t\t\t\t<\/div> \n\t\t\t\n\t\t\t\t<div id=\"ngg-image-8\" class=\"ngg-gallery-thumbnail-box ngg-3-columns\" >\n\t\t\t\t        <div class=\"ngg-gallery-thumbnail\">\n            <a href=\"https:\/\/seidel-props.de\/wp-content\/gallery\/mig-3\/mig-3-8.gif\"\n               title=\"\"\n               data-src=\"https:\/\/seidel-props.de\/wp-content\/gallery\/mig-3\/mig-3-8.gif\"\n               data-thumbnail=\"https:\/\/seidel-props.de\/wp-content\/gallery\/mig-3\/thumbs\/thumbs_mig-3-8.gif\"\n               data-image-id=\"499\"\n               data-title=\"mig-3-8\"\n               data-description=\"\"\n               data-image-slug=\"mig-3-8\"\n               class=\"ngg-simplelightbox\" rel=\"fc5e947bee738a78906bc99346c6abb5\">\n                <img\n                    title=\"mig-3-8\"\n                    alt=\"mig-3-8\"\n                    src=\"https:\/\/seidel-props.de\/wp-content\/gallery\/mig-3\/cache\/mig-3-8.gif-nggid03499-ngg0dyn-450x300x100-00f0w010c011r110f110r010t010.gif\"\n                    width=\"450\"\n                    height=\"300\"\n                    style=\"max-width:100%;\"\n                \/>\n            <\/a>\n        <\/div>\n\t\t\t\t\t\t\t<\/div> \n\t\t\t\n\t\t\t\t<div id=\"ngg-image-9\" class=\"ngg-gallery-thumbnail-box ngg-3-columns\" >\n\t\t\t\t        <div class=\"ngg-gallery-thumbnail\">\n            <a href=\"https:\/\/seidel-props.de\/wp-content\/gallery\/mig-3\/nose16.jpg\"\n               title=\"\"\n               data-src=\"https:\/\/seidel-props.de\/wp-content\/gallery\/mig-3\/nose16.jpg\"\n               data-thumbnail=\"https:\/\/seidel-props.de\/wp-content\/gallery\/mig-3\/thumbs\/thumbs_nose16.jpg\"\n               data-image-id=\"916\"\n               data-title=\"nose16\"\n               data-description=\"\"\n               data-image-slug=\"nose16\"\n               class=\"ngg-simplelightbox\" rel=\"fc5e947bee738a78906bc99346c6abb5\">\n                <img\n                    title=\"nose16\"\n                    alt=\"nose16\"\n                    src=\"https:\/\/seidel-props.de\/wp-content\/gallery\/mig-3\/cache\/nose16.jpg-nggid03916-ngg0dyn-450x300x100-00f0w010c011r110f110r010t010.jpg\"\n                    width=\"400\"\n                    height=\"300\"\n                    style=\"max-width:100%;\"\n                \/>\n            <\/a>\n        <\/div>\n\t\t\t\t\t\t\t<\/div> \n\t\t\t\n\t\t\t\t<div id=\"ngg-image-10\" class=\"ngg-gallery-thumbnail-box ngg-3-columns\" >\n\t\t\t\t        <div class=\"ngg-gallery-thumbnail\">\n            <a href=\"https:\/\/seidel-props.de\/wp-content\/gallery\/mig-3\/nose17.jpg\"\n               title=\"\"\n               data-src=\"https:\/\/seidel-props.de\/wp-content\/gallery\/mig-3\/nose17.jpg\"\n               data-thumbnail=\"https:\/\/seidel-props.de\/wp-content\/gallery\/mig-3\/thumbs\/thumbs_nose17.jpg\"\n               data-image-id=\"917\"\n               data-title=\"nose17\"\n               data-description=\"\"\n               data-image-slug=\"nose17\"\n               class=\"ngg-simplelightbox\" rel=\"fc5e947bee738a78906bc99346c6abb5\">\n                <img\n                    title=\"nose17\"\n                    alt=\"nose17\"\n                    src=\"https:\/\/seidel-props.de\/wp-content\/gallery\/mig-3\/cache\/nose17.jpg-nggid03917-ngg0dyn-450x300x100-00f0w010c011r110f110r010t010.jpg\"\n                    width=\"400\"\n                    height=\"300\"\n                    style=\"max-width:100%;\"\n                \/>\n            <\/a>\n        <\/div>\n\t\t\t\t\t\t\t<\/div> \n\t\t\t\n\t\t\t\t<div id=\"ngg-image-11\" class=\"ngg-gallery-thumbnail-box ngg-3-columns\" >\n\t\t\t\t        <div class=\"ngg-gallery-thumbnail\">\n            <a href=\"https:\/\/seidel-props.de\/wp-content\/gallery\/mig-3\/nose1l.jpg\"\n               title=\"\"\n               data-src=\"https:\/\/seidel-props.de\/wp-content\/gallery\/mig-3\/nose1l.jpg\"\n               data-thumbnail=\"https:\/\/seidel-props.de\/wp-content\/gallery\/mig-3\/thumbs\/thumbs_nose1l.jpg\"\n               data-image-id=\"919\"\n               data-title=\"nose1l\"\n               data-description=\"\"\n               data-image-slug=\"nose1l\"\n               class=\"ngg-simplelightbox\" rel=\"fc5e947bee738a78906bc99346c6abb5\">\n                <img\n                    title=\"nose1l\"\n                    alt=\"nose1l\"\n                    src=\"https:\/\/seidel-props.de\/wp-content\/gallery\/mig-3\/cache\/nose1l.jpg-nggid03919-ngg0dyn-450x300x100-00f0w010c011r110f110r010t010.jpg\"\n                    width=\"450\"\n                    height=\"300\"\n                    style=\"max-width:100%;\"\n                \/>\n            <\/a>\n        <\/div>\n\t\t\t\t\t\t\t<\/div> \n\t\t\t\n\t\n\t<br style=\"clear: both\" \/>\n\n\t\n\t\t<!-- Pagination -->\n\t<div class='ngg-clear'><\/div>\t<\/div>\n\n\n\n\n<p>Durch den eingesetzten Reihenmotor konnte die Rumpfaerodynamik gegen\u00fcber den Sternmotorenj\u00e4gern deutlich verbessert werden.<\/p>\n\n\n\n<p>Der hier gefertigte 3-Blatt-Scale-Prop der Gr\u00f6\u00dfe 40&#215;25&#8243; war f\u00fcr einen etwas gr\u00f6\u00dferen Motor bestimmt: 3W-684-B4<\/p>\n\n\n\n<p>Kleines Detail f\u00fcr die Freaks: Das Original ist linkslaufend \ud83d\ude09<\/p>\n","protected":false},"excerpt":{"rendered":"<p>MiG-3 Die MiG-3 war ein in der Sowjetunion gebauter Jagdflieger, der in St\u00fcckzahlen von \u00fcber 3300 Exemplaren gebaut war und&hellip;<\/p>\n","protected":false},"author":1,"featured_media":0,"parent":0,"menu_order":0,"comment_status":"closed","ping_status":"closed","template":"","meta":{"ngg_post_thumbnail":0,"footnotes":""},"class_list":["post-2434","page","type-page","status-publish","hentry"],"translation":{"provider":"WPGlobus","version":"2.10.0","language":"en","enabled_languages":["de","en"],"languages":{"de":{"title":true,"content":true,"excerpt":false},"en":{"title":false,"content":false,"excerpt":false}}},"_links":{"self":[{"href":"https:\/\/seidel-props.de\/en\/wp-json\/wp\/v2\/pages\/2434","targetHints":{"allow":["GET"]}}],"collection":[{"href":"https:\/\/seidel-props.de\/en\/wp-json\/wp\/v2\/pages"}],"about":[{"href":"https:\/\/seidel-props.de\/en\/wp-json\/wp\/v2\/types\/page"}],"author":[{"embeddable":true,"href":"https:\/\/seidel-props.de\/en\/wp-json\/wp\/v2\/users\/1"}],"replies":[{"embeddable":true,"href":"https:\/\/seidel-props.de\/en\/wp-json\/wp\/v2\/comments?post=2434"}],"version-history":[{"count":3,"href":"https:\/\/seidel-props.de\/en\/wp-json\/wp\/v2\/pages\/2434\/revisions"}],"predecessor-version":[{"id":2443,"href":"https:\/\/seidel-props.de\/en\/wp-json\/wp\/v2\/pages\/2434\/revisions\/2443"}],"wp:attachment":[{"href":"https:\/\/seidel-props.de\/en\/wp-json\/wp\/v2\/media?parent=2434"}],"curies":[{"name":"wp","href":"https:\/\/api.w.org\/{rel}","templated":true}]}}