{"id":2469,"date":"2021-08-22T17:40:31","date_gmt":"2021-08-22T15:40:31","guid":{"rendered":"https:\/\/seidel-props.de\/?page_id=2469"},"modified":"2021-08-22T18:00:35","modified_gmt":"2021-08-22T16:00:35","slug":"p-51-mustang","status":"publish","type":"page","link":"https:\/\/seidel-props.de\/en\/p-51-mustang\/","title":{"rendered":"P-51 Mustang"},"content":{"rendered":"\n<p>P-51 Mustang<\/p>\n\n\n\n<p>Die Mustang war wohl der ber\u00fchmteste amerikanische Jagdflieger im 2. Weltkrieg. Aufgrund des schlanken Reihenmotors und der Verwendung von Laminarprofilen f\u00fcr die Tragfl\u00e4chen erbrachten der Maschine eine \u00fcberragende Reichweite, die es dem wendigen J\u00e4ger erm\u00f6glichte, die alliierten Bomberverb\u00e4nde weit zu begleiten.<\/p>\n\n\n\n<p>Gleichzeitig brachte die hohe Fluggeschwindigkeit gegen\u00fcber den Gegnern einen deutlichen Vorteil.<\/p>\n\n\n\n<p>Der gro\u00dfe getriebeuntersetzte Propeller wurde von einem Rolls Royce Merlin Motor angetrieben, der urspr\u00fcnglich in Gro\u00dfbritanien entwickelt und sp\u00e4ter in den USA in Lizenz gebaut wurde.<\/p>\n\n\n\n<!-- default-view.php -->\n<div\n\tclass=\"ngg-galleryoverview default-view \"\n\tid=\"ngg-gallery-10055bae3bd7f4c28ed3807d5f36c518-1\">\n\n\t\t<!-- Thumbnails -->\n\t\t\t\t<div id=\"ngg-image-0\" class=\"ngg-gallery-thumbnail-box ngg-3-columns\" >\n\t\t\t\t        <div class=\"ngg-gallery-thumbnail\">\n            <a href=\"https:\/\/seidel-props.de\/wp-content\/gallery\/p51-mustang\/30x16_Cuffs-5.JPG\"\n               title=\"\"\n               data-src=\"https:\/\/seidel-props.de\/wp-content\/gallery\/p51-mustang\/30x16_Cuffs-5.JPG\"\n               data-thumbnail=\"https:\/\/seidel-props.de\/wp-content\/gallery\/p51-mustang\/thumbs\/thumbs_30x16_Cuffs-5.JPG\"\n               data-image-id=\"932\"\n               data-title=\"30x16_Cuffs-5\"\n               data-description=\"\"\n               data-image-slug=\"30x16_cuffs-5\"\n               class=\"ngg-simplelightbox\" rel=\"10055bae3bd7f4c28ed3807d5f36c518\">\n                <img\n                    title=\"30x16_Cuffs-5\"\n                    alt=\"30x16_Cuffs-5\"\n                    src=\"https:\/\/seidel-props.de\/wp-content\/gallery\/p51-mustang\/cache\/30x16_Cuffs-5.JPG-nggid03932-ngg0dyn-450x300x100-00f0w010c011r110f110r010t010.JPG\"\n                    width=\"450\"\n                    height=\"300\"\n                    style=\"max-width:100%;\"\n                \/>\n            <\/a>\n        <\/div>\n\t\t\t\t\t\t\t<\/div> \n\t\t\t\n\t\t\t\t<div id=\"ngg-image-1\" class=\"ngg-gallery-thumbnail-box ngg-3-columns\" >\n\t\t\t\t        <div class=\"ngg-gallery-thumbnail\">\n            <a href=\"https:\/\/seidel-props.de\/wp-content\/gallery\/p51-mustang\/DSCN3057.JPG\"\n               title=\"\"\n               data-src=\"https:\/\/seidel-props.de\/wp-content\/gallery\/p51-mustang\/DSCN3057.JPG\"\n               data-thumbnail=\"https:\/\/seidel-props.de\/wp-content\/gallery\/p51-mustang\/thumbs\/thumbs_DSCN3057.JPG\"\n               data-image-id=\"933\"\n               data-title=\"DSCN3057\"\n               data-description=\"\"\n               data-image-slug=\"dscn3057\"\n               class=\"ngg-simplelightbox\" rel=\"10055bae3bd7f4c28ed3807d5f36c518\">\n                <img\n                    title=\"DSCN3057\"\n                    alt=\"DSCN3057\"\n                    src=\"https:\/\/seidel-props.de\/wp-content\/gallery\/p51-mustang\/cache\/DSCN3057.JPG-nggid03933-ngg0dyn-450x300x100-00f0w010c011r110f110r010t010.JPG\"\n                    width=\"450\"\n                    height=\"300\"\n                    style=\"max-width:100%;\"\n                \/>\n            <\/a>\n        <\/div>\n\t\t\t\t\t\t\t<\/div> \n\t\t\t\n\t\t\t\t<div id=\"ngg-image-2\" class=\"ngg-gallery-thumbnail-box ngg-3-columns\" >\n\t\t\t\t        <div class=\"ngg-gallery-thumbnail\">\n            <a href=\"https:\/\/seidel-props.de\/wp-content\/gallery\/p51-mustang\/DSCN3061.JPG\"\n               title=\"\"\n               data-src=\"https:\/\/seidel-props.de\/wp-content\/gallery\/p51-mustang\/DSCN3061.JPG\"\n               data-thumbnail=\"https:\/\/seidel-props.de\/wp-content\/gallery\/p51-mustang\/thumbs\/thumbs_DSCN3061.JPG\"\n               data-image-id=\"934\"\n               data-title=\"DSCN3061\"\n               data-description=\"\"\n               data-image-slug=\"dscn3061\"\n               class=\"ngg-simplelightbox\" rel=\"10055bae3bd7f4c28ed3807d5f36c518\">\n                <img\n                    title=\"DSCN3061\"\n                    alt=\"DSCN3061\"\n                    src=\"https:\/\/seidel-props.de\/wp-content\/gallery\/p51-mustang\/cache\/DSCN3061.JPG-nggid03934-ngg0dyn-450x300x100-00f0w010c011r110f110r010t010.JPG\"\n                    width=\"450\"\n                    height=\"300\"\n                    style=\"max-width:100%;\"\n                \/>\n            <\/a>\n        <\/div>\n\t\t\t\t\t\t\t<\/div> \n\t\t\t\n\t\t\t\t<div id=\"ngg-image-3\" class=\"ngg-gallery-thumbnail-box ngg-3-columns\" >\n\t\t\t\t        <div class=\"ngg-gallery-thumbnail\">\n            <a href=\"https:\/\/seidel-props.de\/wp-content\/gallery\/p51-mustang\/IMG_2289.JPG\"\n               title=\"\"\n               data-src=\"https:\/\/seidel-props.de\/wp-content\/gallery\/p51-mustang\/IMG_2289.JPG\"\n               data-thumbnail=\"https:\/\/seidel-props.de\/wp-content\/gallery\/p51-mustang\/thumbs\/thumbs_IMG_2289.JPG\"\n               data-image-id=\"936\"\n               data-title=\"IMG_2289\"\n               data-description=\"\"\n               data-image-slug=\"img_2289\"\n               class=\"ngg-simplelightbox\" rel=\"10055bae3bd7f4c28ed3807d5f36c518\">\n                <img\n                    title=\"IMG_2289\"\n                    alt=\"IMG_2289\"\n                    src=\"https:\/\/seidel-props.de\/wp-content\/gallery\/p51-mustang\/cache\/IMG_2289.JPG-nggid03936-ngg0dyn-450x300x100-00f0w010c011r110f110r010t010.JPG\"\n                    width=\"450\"\n                    height=\"300\"\n                    style=\"max-width:100%;\"\n                \/>\n            <\/a>\n        <\/div>\n\t\t\t\t\t\t\t<\/div> \n\t\t\t\n\t\t\t\t<div id=\"ngg-image-4\" class=\"ngg-gallery-thumbnail-box ngg-3-columns\" >\n\t\t\t\t        <div class=\"ngg-gallery-thumbnail\">\n            <a href=\"https:\/\/seidel-props.de\/wp-content\/gallery\/p51-mustang\/P51_01.JPG\"\n               title=\"\"\n               data-src=\"https:\/\/seidel-props.de\/wp-content\/gallery\/p51-mustang\/P51_01.JPG\"\n               data-thumbnail=\"https:\/\/seidel-props.de\/wp-content\/gallery\/p51-mustang\/thumbs\/thumbs_P51_01.JPG\"\n               data-image-id=\"937\"\n               data-title=\"P51_01\"\n               data-description=\"\"\n               data-image-slug=\"p51_01\"\n               class=\"ngg-simplelightbox\" rel=\"10055bae3bd7f4c28ed3807d5f36c518\">\n                <img\n                    title=\"P51_01\"\n                    alt=\"P51_01\"\n                    src=\"https:\/\/seidel-props.de\/wp-content\/gallery\/p51-mustang\/cache\/P51_01.JPG-nggid03937-ngg0dyn-450x300x100-00f0w010c011r110f110r010t010.JPG\"\n                    width=\"450\"\n                    height=\"300\"\n                    style=\"max-width:100%;\"\n                \/>\n            <\/a>\n        <\/div>\n\t\t\t\t\t\t\t<\/div> \n\t\t\t\n\t\t\t\t<div id=\"ngg-image-5\" class=\"ngg-gallery-thumbnail-box ngg-3-columns\" >\n\t\t\t\t        <div class=\"ngg-gallery-thumbnail\">\n            <a href=\"https:\/\/seidel-props.de\/wp-content\/gallery\/p51-mustang\/p51-2.gif\"\n               title=\"\"\n               data-src=\"https:\/\/seidel-props.de\/wp-content\/gallery\/p51-mustang\/p51-2.gif\"\n               data-thumbnail=\"https:\/\/seidel-props.de\/wp-content\/gallery\/p51-mustang\/thumbs\/thumbs_p51-2.gif\"\n               data-image-id=\"511\"\n               data-title=\"p51-2\"\n               data-description=\"\"\n               data-image-slug=\"p51-2\"\n               class=\"ngg-simplelightbox\" rel=\"10055bae3bd7f4c28ed3807d5f36c518\">\n                <img\n                    title=\"p51-2\"\n                    alt=\"p51-2\"\n                    src=\"https:\/\/seidel-props.de\/wp-content\/gallery\/p51-mustang\/cache\/p51-2.gif-nggid03511-ngg0dyn-450x300x100-00f0w010c011r110f110r010t010.gif\"\n                    width=\"450\"\n                    height=\"300\"\n                    style=\"max-width:100%;\"\n                \/>\n            <\/a>\n        <\/div>\n\t\t\t\t\t\t\t<\/div> \n\t\t\t\n\t\t\t\t<div id=\"ngg-image-6\" class=\"ngg-gallery-thumbnail-box ngg-3-columns\" >\n\t\t\t\t        <div class=\"ngg-gallery-thumbnail\">\n            <a href=\"https:\/\/seidel-props.de\/wp-content\/gallery\/p51-mustang\/p51-3.gif\"\n               title=\"\"\n               data-src=\"https:\/\/seidel-props.de\/wp-content\/gallery\/p51-mustang\/p51-3.gif\"\n               data-thumbnail=\"https:\/\/seidel-props.de\/wp-content\/gallery\/p51-mustang\/thumbs\/thumbs_p51-3.gif\"\n               data-image-id=\"512\"\n               data-title=\"p51-3\"\n               data-description=\"\"\n               data-image-slug=\"p51-3\"\n               class=\"ngg-simplelightbox\" rel=\"10055bae3bd7f4c28ed3807d5f36c518\">\n                <img\n                    title=\"p51-3\"\n                    alt=\"p51-3\"\n                    src=\"https:\/\/seidel-props.de\/wp-content\/gallery\/p51-mustang\/cache\/p51-3.gif-nggid03512-ngg0dyn-450x300x100-00f0w010c011r110f110r010t010.gif\"\n                    width=\"450\"\n                    height=\"254\"\n                    style=\"max-width:100%;\"\n                \/>\n            <\/a>\n        <\/div>\n\t\t\t\t\t\t\t<\/div> \n\t\t\t\n\t\t\t\t<div id=\"ngg-image-7\" class=\"ngg-gallery-thumbnail-box ngg-3-columns\" >\n\t\t\t\t        <div class=\"ngg-gallery-thumbnail\">\n            <a href=\"https:\/\/seidel-props.de\/wp-content\/gallery\/p51-mustang\/p51-6.gif\"\n               title=\"\"\n               data-src=\"https:\/\/seidel-props.de\/wp-content\/gallery\/p51-mustang\/p51-6.gif\"\n               data-thumbnail=\"https:\/\/seidel-props.de\/wp-content\/gallery\/p51-mustang\/thumbs\/thumbs_p51-6.gif\"\n               data-image-id=\"515\"\n               data-title=\"p51-6\"\n               data-description=\"\"\n               data-image-slug=\"p51-6\"\n               class=\"ngg-simplelightbox\" rel=\"10055bae3bd7f4c28ed3807d5f36c518\">\n                <img\n                    title=\"p51-6\"\n                    alt=\"p51-6\"\n                    src=\"https:\/\/seidel-props.de\/wp-content\/gallery\/p51-mustang\/cache\/p51-6.gif-nggid03515-ngg0dyn-450x300x100-00f0w010c011r110f110r010t010.gif\"\n                    width=\"450\"\n                    height=\"300\"\n                    style=\"max-width:100%;\"\n                \/>\n            <\/a>\n        <\/div>\n\t\t\t\t\t\t\t<\/div> \n\t\t\t\n\t\t\t\t<div id=\"ngg-image-8\" class=\"ngg-gallery-thumbnail-box ngg-3-columns\" >\n\t\t\t\t        <div class=\"ngg-gallery-thumbnail\">\n            <a href=\"https:\/\/seidel-props.de\/wp-content\/gallery\/p51-mustang\/p51-7.gif\"\n               title=\"\"\n               data-src=\"https:\/\/seidel-props.de\/wp-content\/gallery\/p51-mustang\/p51-7.gif\"\n               data-thumbnail=\"https:\/\/seidel-props.de\/wp-content\/gallery\/p51-mustang\/thumbs\/thumbs_p51-7.gif\"\n               data-image-id=\"516\"\n               data-title=\"p51-7\"\n               data-description=\"\"\n               data-image-slug=\"p51-7\"\n               class=\"ngg-simplelightbox\" rel=\"10055bae3bd7f4c28ed3807d5f36c518\">\n                <img\n                    title=\"p51-7\"\n                    alt=\"p51-7\"\n                    src=\"https:\/\/seidel-props.de\/wp-content\/gallery\/p51-mustang\/cache\/p51-7.gif-nggid03516-ngg0dyn-450x300x100-00f0w010c011r110f110r010t010.gif\"\n                    width=\"450\"\n                    height=\"300\"\n                    style=\"max-width:100%;\"\n                \/>\n            <\/a>\n        <\/div>\n\t\t\t\t\t\t\t<\/div> \n\t\t\t\n\t\t\t\t<div id=\"ngg-image-9\" class=\"ngg-gallery-thumbnail-box ngg-3-columns\" >\n\t\t\t\t        <div class=\"ngg-gallery-thumbnail\">\n            <a href=\"https:\/\/seidel-props.de\/wp-content\/gallery\/p51-mustang\/p51-9.gif\"\n               title=\"\"\n               data-src=\"https:\/\/seidel-props.de\/wp-content\/gallery\/p51-mustang\/p51-9.gif\"\n               data-thumbnail=\"https:\/\/seidel-props.de\/wp-content\/gallery\/p51-mustang\/thumbs\/thumbs_p51-9.gif\"\n               data-image-id=\"518\"\n               data-title=\"p51-9\"\n               data-description=\"\"\n               data-image-slug=\"p51-9\"\n               class=\"ngg-simplelightbox\" rel=\"10055bae3bd7f4c28ed3807d5f36c518\">\n                <img\n                    title=\"p51-9\"\n                    alt=\"p51-9\"\n                    src=\"https:\/\/seidel-props.de\/wp-content\/gallery\/p51-mustang\/cache\/p51-9.gif-nggid03518-ngg0dyn-450x300x100-00f0w010c011r110f110r010t010.gif\"\n                    width=\"450\"\n                    height=\"300\"\n                    style=\"max-width:100%;\"\n                \/>\n            <\/a>\n        <\/div>\n\t\t\t\t\t\t\t<\/div> \n\t\t\t\n\t\t\t\t<div id=\"ngg-image-10\" class=\"ngg-gallery-thumbnail-box ngg-3-columns\" >\n\t\t\t\t        <div class=\"ngg-gallery-thumbnail\">\n            <a href=\"https:\/\/seidel-props.de\/wp-content\/gallery\/p51-mustang\/P51-Mustang-1.JPG\"\n               title=\"\"\n               data-src=\"https:\/\/seidel-props.de\/wp-content\/gallery\/p51-mustang\/P51-Mustang-1.JPG\"\n               data-thumbnail=\"https:\/\/seidel-props.de\/wp-content\/gallery\/p51-mustang\/thumbs\/thumbs_P51-Mustang-1.JPG\"\n               data-image-id=\"935\"\n               data-title=\"P51-Mustang-1\"\n               data-description=\"\"\n               data-image-slug=\"p51-mustang-1\"\n               class=\"ngg-simplelightbox\" rel=\"10055bae3bd7f4c28ed3807d5f36c518\">\n                <img\n                    title=\"P51-Mustang-1\"\n                    alt=\"P51-Mustang-1\"\n                    src=\"https:\/\/seidel-props.de\/wp-content\/gallery\/p51-mustang\/cache\/P51-Mustang-1.JPG-nggid03935-ngg0dyn-450x300x100-00f0w010c011r110f110r010t010.JPG\"\n                    width=\"450\"\n                    height=\"300\"\n                    style=\"max-width:100%;\"\n                \/>\n            <\/a>\n        <\/div>\n\t\t\t\t\t\t\t<\/div> \n\t\t\t\n\t\n\t<br style=\"clear: both\" \/>\n\n\t\n\t\t<!-- Pagination -->\n\t<div class='ngg-clear'><\/div>\t<\/div>\n\n\n\n\n<p>Verschiedene Varianten von Propellern waren im Einsatz: Markant ist die Version mit sogenannten Cuffs, die der Maschine ein besonders bulliges Aussehen verleiht. Cuffs sind Verkleidungen im inneren Blattbereich, um die runden Blatth\u00e4lse der Vollmetall-Bl\u00e4tter aerodynamisch zu verkleiden. Gleichzeitig konnte ein Vereisungsschutz integriert werden.<\/p>\n\n\n\n<p>Viele Modellnachbauten werden mit Ein- oder Mehrzylinder-Reihenmotoren ausgestattet, die teils nicht die Drehmomentst\u00e4rke haben, einen originalgetreu gro\u00dfen 4-Blatt-Propeller zu drehen. Daher wurden schon verschiedene Varianten von Display-Propellern gefertigt, um dem Modell auf Ausstellungen die imposante originale Optik zu verschaffen.<\/p>\n","protected":false},"excerpt":{"rendered":"<p>P-51 Mustang Die Mustang war wohl der ber\u00fchmteste amerikanische Jagdflieger im 2. Weltkrieg. Aufgrund des schlanken Reihenmotors und der Verwendung&hellip;<\/p>\n","protected":false},"author":1,"featured_media":0,"parent":0,"menu_order":0,"comment_status":"closed","ping_status":"closed","template":"","meta":{"ngg_post_thumbnail":0,"footnotes":""},"class_list":["post-2469","page","type-page","status-publish","hentry"],"translation":{"provider":"WPGlobus","version":"2.10.0","language":"en","enabled_languages":["de","en"],"languages":{"de":{"title":true,"content":true,"excerpt":false},"en":{"title":false,"content":false,"excerpt":false}}},"_links":{"self":[{"href":"https:\/\/seidel-props.de\/en\/wp-json\/wp\/v2\/pages\/2469","targetHints":{"allow":["GET"]}}],"collection":[{"href":"https:\/\/seidel-props.de\/en\/wp-json\/wp\/v2\/pages"}],"about":[{"href":"https:\/\/seidel-props.de\/en\/wp-json\/wp\/v2\/types\/page"}],"author":[{"embeddable":true,"href":"https:\/\/seidel-props.de\/en\/wp-json\/wp\/v2\/users\/1"}],"replies":[{"embeddable":true,"href":"https:\/\/seidel-props.de\/en\/wp-json\/wp\/v2\/comments?post=2469"}],"version-history":[{"count":3,"href":"https:\/\/seidel-props.de\/en\/wp-json\/wp\/v2\/pages\/2469\/revisions"}],"predecessor-version":[{"id":2481,"href":"https:\/\/seidel-props.de\/en\/wp-json\/wp\/v2\/pages\/2469\/revisions\/2481"}],"wp:attachment":[{"href":"https:\/\/seidel-props.de\/en\/wp-json\/wp\/v2\/media?parent=2469"}],"curies":[{"name":"wp","href":"https:\/\/api.w.org\/{rel}","templated":true}]}}