{"id":2483,"date":"2021-08-22T18:56:32","date_gmt":"2021-08-22T16:56:32","guid":{"rendered":"https:\/\/seidel-props.de\/?page_id=2483"},"modified":"2021-08-22T19:04:02","modified_gmt":"2021-08-22T17:04:02","slug":"piper-cup","status":"publish","type":"page","link":"https:\/\/seidel-props.de\/en\/piper-cup\/","title":{"rendered":"Piper Cup"},"content":{"rendered":"\n<p>Piper Cup<\/p>\n\n\n\n<p>Die Piper Cup d\u00fcrfte wohl eines der bekanntesten Sportflugzeuge der Welt sein! Mehrere zig-Tausend Exemplare wurden in der unterschiedlichsten Versionen gebaut.<\/p>\n\n\n\n<p>Urspr\u00fcnglich entwickelt und als Piper J-3 Cup verkauft folgten einige milit\u00e4rische Trainervarianten. Letzter Typ war die PA-18, die in \u00fcber 40.000 St\u00fcck zumeist als Bausatz produziert wurde.<\/p>\n\n\n\n<!-- default-view.php -->\n<div\n\tclass=\"ngg-galleryoverview default-view \"\n\tid=\"ngg-gallery-7482b36e0ff01654956c6b4a4a07551c-1\">\n\n\t\t<!-- Thumbnails -->\n\t\t\t\t<div id=\"ngg-image-0\" class=\"ngg-gallery-thumbnail-box ngg-3-columns\" >\n\t\t\t\t        <div class=\"ngg-gallery-thumbnail\">\n            <a href=\"https:\/\/seidel-props.de\/wp-content\/gallery\/piper-cup-j3\/20200503_152604.jpg\"\n               title=\"\"\n               data-src=\"https:\/\/seidel-props.de\/wp-content\/gallery\/piper-cup-j3\/20200503_152604.jpg\"\n               data-thumbnail=\"https:\/\/seidel-props.de\/wp-content\/gallery\/piper-cup-j3\/thumbs\/thumbs_20200503_152604.jpg\"\n               data-image-id=\"939\"\n               data-title=\"20200503_152604\"\n               data-description=\"\"\n               data-image-slug=\"20200503_152604\"\n               class=\"ngg-simplelightbox\" rel=\"7482b36e0ff01654956c6b4a4a07551c\">\n                <img\n                    title=\"20200503_152604\"\n                    alt=\"20200503_152604\"\n                    src=\"https:\/\/seidel-props.de\/wp-content\/gallery\/piper-cup-j3\/cache\/20200503_152604.jpg-nggid03939-ngg0dyn-450x300x100-00f0w010c011r110f110r010t010.jpg\"\n                    width=\"450\"\n                    height=\"300\"\n                    style=\"max-width:100%;\"\n                \/>\n            <\/a>\n        <\/div>\n\t\t\t\t\t\t\t<\/div> \n\t\t\t\n\t\t\t\t<div id=\"ngg-image-1\" class=\"ngg-gallery-thumbnail-box ngg-3-columns\" >\n\t\t\t\t        <div class=\"ngg-gallery-thumbnail\">\n            <a href=\"https:\/\/seidel-props.de\/wp-content\/gallery\/piper-cup-j3\/20200503_191123.jpg\"\n               title=\"\"\n               data-src=\"https:\/\/seidel-props.de\/wp-content\/gallery\/piper-cup-j3\/20200503_191123.jpg\"\n               data-thumbnail=\"https:\/\/seidel-props.de\/wp-content\/gallery\/piper-cup-j3\/thumbs\/thumbs_20200503_191123.jpg\"\n               data-image-id=\"938\"\n               data-title=\"20200503_191123\"\n               data-description=\"\"\n               data-image-slug=\"20200503_191123\"\n               class=\"ngg-simplelightbox\" rel=\"7482b36e0ff01654956c6b4a4a07551c\">\n                <img\n                    title=\"20200503_191123\"\n                    alt=\"20200503_191123\"\n                    src=\"https:\/\/seidel-props.de\/wp-content\/gallery\/piper-cup-j3\/cache\/20200503_191123.jpg-nggid03938-ngg0dyn-450x300x100-00f0w010c011r110f110r010t010.jpg\"\n                    width=\"450\"\n                    height=\"300\"\n                    style=\"max-width:100%;\"\n                \/>\n            <\/a>\n        <\/div>\n\t\t\t\t\t\t\t<\/div> \n\t\t\t\n\t\t\t\t<div id=\"ngg-image-2\" class=\"ngg-gallery-thumbnail-box ngg-3-columns\" >\n\t\t\t\t        <div class=\"ngg-gallery-thumbnail\">\n            <a href=\"https:\/\/seidel-props.de\/wp-content\/gallery\/piper-cup-j3\/27x12_Ansicht_01.gif\"\n               title=\"\"\n               data-src=\"https:\/\/seidel-props.de\/wp-content\/gallery\/piper-cup-j3\/27x12_Ansicht_01.gif\"\n               data-thumbnail=\"https:\/\/seidel-props.de\/wp-content\/gallery\/piper-cup-j3\/thumbs\/thumbs_27x12_Ansicht_01.gif\"\n               data-image-id=\"942\"\n               data-title=\"27x12_Ansicht_01\"\n               data-description=\"\"\n               data-image-slug=\"27x12_ansicht_01\"\n               class=\"ngg-simplelightbox\" rel=\"7482b36e0ff01654956c6b4a4a07551c\">\n                <img\n                    title=\"27x12_Ansicht_01\"\n                    alt=\"27x12_Ansicht_01\"\n                    src=\"https:\/\/seidel-props.de\/wp-content\/gallery\/piper-cup-j3\/cache\/27x12_Ansicht_01.gif-nggid03942-ngg0dyn-450x300x100-00f0w010c011r110f110r010t010.gif\"\n                    width=\"242\"\n                    height=\"300\"\n                    style=\"max-width:100%;\"\n                \/>\n            <\/a>\n        <\/div>\n\t\t\t\t\t\t\t<\/div> \n\t\t\t\n\t\t\t\t<div id=\"ngg-image-3\" class=\"ngg-gallery-thumbnail-box ngg-3-columns\" >\n\t\t\t\t        <div class=\"ngg-gallery-thumbnail\">\n            <a href=\"https:\/\/seidel-props.de\/wp-content\/gallery\/piper-cup-j3\/Cub9.jpg\"\n               title=\"\"\n               data-src=\"https:\/\/seidel-props.de\/wp-content\/gallery\/piper-cup-j3\/Cub9.jpg\"\n               data-thumbnail=\"https:\/\/seidel-props.de\/wp-content\/gallery\/piper-cup-j3\/thumbs\/thumbs_Cub9.jpg\"\n               data-image-id=\"945\"\n               data-title=\"Cub9\"\n               data-description=\"\"\n               data-image-slug=\"cub9\"\n               class=\"ngg-simplelightbox\" rel=\"7482b36e0ff01654956c6b4a4a07551c\">\n                <img\n                    title=\"Cub9\"\n                    alt=\"Cub9\"\n                    src=\"https:\/\/seidel-props.de\/wp-content\/gallery\/piper-cup-j3\/cache\/Cub9.jpg-nggid03945-ngg0dyn-450x300x100-00f0w010c011r110f110r010t010.jpg\"\n                    width=\"450\"\n                    height=\"300\"\n                    style=\"max-width:100%;\"\n                \/>\n            <\/a>\n        <\/div>\n\t\t\t\t\t\t\t<\/div> \n\t\t\t\n\t\t\t\t<div id=\"ngg-image-4\" class=\"ngg-gallery-thumbnail-box ngg-3-columns\" >\n\t\t\t\t        <div class=\"ngg-gallery-thumbnail\">\n            <a href=\"https:\/\/seidel-props.de\/wp-content\/gallery\/piper-cup-j3\/pip-j3-1.gif\"\n               title=\"\"\n               data-src=\"https:\/\/seidel-props.de\/wp-content\/gallery\/piper-cup-j3\/pip-j3-1.gif\"\n               data-thumbnail=\"https:\/\/seidel-props.de\/wp-content\/gallery\/piper-cup-j3\/thumbs\/thumbs_pip-j3-1.gif\"\n               data-image-id=\"519\"\n               data-title=\"pip-j3-1\"\n               data-description=\"\"\n               data-image-slug=\"pip-j3-1\"\n               class=\"ngg-simplelightbox\" rel=\"7482b36e0ff01654956c6b4a4a07551c\">\n                <img\n                    title=\"pip-j3-1\"\n                    alt=\"pip-j3-1\"\n                    src=\"https:\/\/seidel-props.de\/wp-content\/gallery\/piper-cup-j3\/cache\/pip-j3-1.gif-nggid03519-ngg0dyn-450x300x100-00f0w010c011r110f110r010t010.gif\"\n                    width=\"450\"\n                    height=\"300\"\n                    style=\"max-width:100%;\"\n                \/>\n            <\/a>\n        <\/div>\n\t\t\t\t\t\t\t<\/div> \n\t\t\t\n\t\t\t\t<div id=\"ngg-image-5\" class=\"ngg-gallery-thumbnail-box ngg-3-columns\" >\n\t\t\t\t        <div class=\"ngg-gallery-thumbnail\">\n            <a href=\"https:\/\/seidel-props.de\/wp-content\/gallery\/piper-cup-j3\/pip-j3-2.gif\"\n               title=\"\"\n               data-src=\"https:\/\/seidel-props.de\/wp-content\/gallery\/piper-cup-j3\/pip-j3-2.gif\"\n               data-thumbnail=\"https:\/\/seidel-props.de\/wp-content\/gallery\/piper-cup-j3\/thumbs\/thumbs_pip-j3-2.gif\"\n               data-image-id=\"520\"\n               data-title=\"pip-j3-2\"\n               data-description=\"\"\n               data-image-slug=\"pip-j3-2\"\n               class=\"ngg-simplelightbox\" rel=\"7482b36e0ff01654956c6b4a4a07551c\">\n                <img\n                    title=\"pip-j3-2\"\n                    alt=\"pip-j3-2\"\n                    src=\"https:\/\/seidel-props.de\/wp-content\/gallery\/piper-cup-j3\/cache\/pip-j3-2.gif-nggid03520-ngg0dyn-450x300x100-00f0w010c011r110f110r010t010.gif\"\n                    width=\"450\"\n                    height=\"300\"\n                    style=\"max-width:100%;\"\n                \/>\n            <\/a>\n        <\/div>\n\t\t\t\t\t\t\t<\/div> \n\t\t\t\n\t\t\t\t<div id=\"ngg-image-6\" class=\"ngg-gallery-thumbnail-box ngg-3-columns\" >\n\t\t\t\t        <div class=\"ngg-gallery-thumbnail\">\n            <a href=\"https:\/\/seidel-props.de\/wp-content\/gallery\/piper-cup-j3\/pip-j3-3.gif\"\n               title=\"\"\n               data-src=\"https:\/\/seidel-props.de\/wp-content\/gallery\/piper-cup-j3\/pip-j3-3.gif\"\n               data-thumbnail=\"https:\/\/seidel-props.de\/wp-content\/gallery\/piper-cup-j3\/thumbs\/thumbs_pip-j3-3.gif\"\n               data-image-id=\"521\"\n               data-title=\"pip-j3-3\"\n               data-description=\"\"\n               data-image-slug=\"pip-j3-3\"\n               class=\"ngg-simplelightbox\" rel=\"7482b36e0ff01654956c6b4a4a07551c\">\n                <img\n                    title=\"pip-j3-3\"\n                    alt=\"pip-j3-3\"\n                    src=\"https:\/\/seidel-props.de\/wp-content\/gallery\/piper-cup-j3\/cache\/pip-j3-3.gif-nggid03521-ngg0dyn-450x300x100-00f0w010c011r110f110r010t010.gif\"\n                    width=\"450\"\n                    height=\"300\"\n                    style=\"max-width:100%;\"\n                \/>\n            <\/a>\n        <\/div>\n\t\t\t\t\t\t\t<\/div> \n\t\t\t\n\t\t\t\t<div id=\"ngg-image-7\" class=\"ngg-gallery-thumbnail-box ngg-3-columns\" >\n\t\t\t\t        <div class=\"ngg-gallery-thumbnail\">\n            <a href=\"https:\/\/seidel-props.de\/wp-content\/gallery\/piper-cup-j3\/pip-j3-4.gif\"\n               title=\"\"\n               data-src=\"https:\/\/seidel-props.de\/wp-content\/gallery\/piper-cup-j3\/pip-j3-4.gif\"\n               data-thumbnail=\"https:\/\/seidel-props.de\/wp-content\/gallery\/piper-cup-j3\/thumbs\/thumbs_pip-j3-4.gif\"\n               data-image-id=\"522\"\n               data-title=\"pip-j3-4\"\n               data-description=\"\"\n               data-image-slug=\"pip-j3-4\"\n               class=\"ngg-simplelightbox\" rel=\"7482b36e0ff01654956c6b4a4a07551c\">\n                <img\n                    title=\"pip-j3-4\"\n                    alt=\"pip-j3-4\"\n                    src=\"https:\/\/seidel-props.de\/wp-content\/gallery\/piper-cup-j3\/cache\/pip-j3-4.gif-nggid03522-ngg0dyn-450x300x100-00f0w010c011r110f110r010t010.gif\"\n                    width=\"450\"\n                    height=\"275\"\n                    style=\"max-width:100%;\"\n                \/>\n            <\/a>\n        <\/div>\n\t\t\t\t\t\t\t<\/div> \n\t\t\t\n\t\t\t\t<div id=\"ngg-image-8\" class=\"ngg-gallery-thumbnail-box ngg-3-columns\" >\n\t\t\t\t        <div class=\"ngg-gallery-thumbnail\">\n            <a href=\"https:\/\/seidel-props.de\/wp-content\/gallery\/piper-cup-j3\/pip-j3-5.gif\"\n               title=\"\"\n               data-src=\"https:\/\/seidel-props.de\/wp-content\/gallery\/piper-cup-j3\/pip-j3-5.gif\"\n               data-thumbnail=\"https:\/\/seidel-props.de\/wp-content\/gallery\/piper-cup-j3\/thumbs\/thumbs_pip-j3-5.gif\"\n               data-image-id=\"523\"\n               data-title=\"pip-j3-5\"\n               data-description=\"\"\n               data-image-slug=\"pip-j3-5\"\n               class=\"ngg-simplelightbox\" rel=\"7482b36e0ff01654956c6b4a4a07551c\">\n                <img\n                    title=\"pip-j3-5\"\n                    alt=\"pip-j3-5\"\n                    src=\"https:\/\/seidel-props.de\/wp-content\/gallery\/piper-cup-j3\/cache\/pip-j3-5.gif-nggid03523-ngg0dyn-450x300x100-00f0w010c011r110f110r010t010.gif\"\n                    width=\"450\"\n                    height=\"283\"\n                    style=\"max-width:100%;\"\n                \/>\n            <\/a>\n        <\/div>\n\t\t\t\t\t\t\t<\/div> \n\t\t\t\n\t\t\t\t<div id=\"ngg-image-9\" class=\"ngg-gallery-thumbnail-box ngg-3-columns\" >\n\t\t\t\t        <div class=\"ngg-gallery-thumbnail\">\n            <a href=\"https:\/\/seidel-props.de\/wp-content\/gallery\/piper-cup-j3\/pip-j3-6.gif\"\n               title=\"\"\n               data-src=\"https:\/\/seidel-props.de\/wp-content\/gallery\/piper-cup-j3\/pip-j3-6.gif\"\n               data-thumbnail=\"https:\/\/seidel-props.de\/wp-content\/gallery\/piper-cup-j3\/thumbs\/thumbs_pip-j3-6.gif\"\n               data-image-id=\"524\"\n               data-title=\"pip-j3-6\"\n               data-description=\"\"\n               data-image-slug=\"pip-j3-6\"\n               class=\"ngg-simplelightbox\" rel=\"7482b36e0ff01654956c6b4a4a07551c\">\n                <img\n                    title=\"pip-j3-6\"\n                    alt=\"pip-j3-6\"\n                    src=\"https:\/\/seidel-props.de\/wp-content\/gallery\/piper-cup-j3\/cache\/pip-j3-6.gif-nggid03524-ngg0dyn-450x300x100-00f0w010c011r110f110r010t010.gif\"\n                    width=\"450\"\n                    height=\"300\"\n                    style=\"max-width:100%;\"\n                \/>\n            <\/a>\n        <\/div>\n\t\t\t\t\t\t\t<\/div> \n\t\t\t\n\t\t\t\t<div id=\"ngg-image-10\" class=\"ngg-gallery-thumbnail-box ngg-3-columns\" >\n\t\t\t\t        <div class=\"ngg-gallery-thumbnail\">\n            <a href=\"https:\/\/seidel-props.de\/wp-content\/gallery\/piper-cup-j3\/pip-j3-9.gif\"\n               title=\"\"\n               data-src=\"https:\/\/seidel-props.de\/wp-content\/gallery\/piper-cup-j3\/pip-j3-9.gif\"\n               data-thumbnail=\"https:\/\/seidel-props.de\/wp-content\/gallery\/piper-cup-j3\/thumbs\/thumbs_pip-j3-9.gif\"\n               data-image-id=\"527\"\n               data-title=\"pip-j3-9\"\n               data-description=\"\"\n               data-image-slug=\"pip-j3-9\"\n               class=\"ngg-simplelightbox\" rel=\"7482b36e0ff01654956c6b4a4a07551c\">\n                <img\n                    title=\"pip-j3-9\"\n                    alt=\"pip-j3-9\"\n                    src=\"https:\/\/seidel-props.de\/wp-content\/gallery\/piper-cup-j3\/cache\/pip-j3-9.gif-nggid03527-ngg0dyn-450x300x100-00f0w010c011r110f110r010t010.gif\"\n                    width=\"450\"\n                    height=\"300\"\n                    style=\"max-width:100%;\"\n                \/>\n            <\/a>\n        <\/div>\n\t\t\t\t\t\t\t<\/div> \n\t\t\t\n\t\t\t\t<div id=\"ngg-image-11\" class=\"ngg-gallery-thumbnail-box ngg-3-columns\" >\n\t\t\t\t        <div class=\"ngg-gallery-thumbnail\">\n            <a href=\"https:\/\/seidel-props.de\/wp-content\/gallery\/piper-cup-j3\/Piper_J-3_Flitfire.JPG\"\n               title=\"\"\n               data-src=\"https:\/\/seidel-props.de\/wp-content\/gallery\/piper-cup-j3\/Piper_J-3_Flitfire.JPG\"\n               data-thumbnail=\"https:\/\/seidel-props.de\/wp-content\/gallery\/piper-cup-j3\/thumbs\/thumbs_Piper_J-3_Flitfire.JPG\"\n               data-image-id=\"944\"\n               data-title=\"Piper_J-3_Flitfire\"\n               data-description=\"\"\n               data-image-slug=\"piper_j-3_flitfire\"\n               class=\"ngg-simplelightbox\" rel=\"7482b36e0ff01654956c6b4a4a07551c\">\n                <img\n                    title=\"Piper_J-3_Flitfire\"\n                    alt=\"Piper_J-3_Flitfire\"\n                    src=\"https:\/\/seidel-props.de\/wp-content\/gallery\/piper-cup-j3\/cache\/Piper_J-3_Flitfire.JPG-nggid03944-ngg0dyn-450x300x100-00f0w010c011r110f110r010t010.JPG\"\n                    width=\"450\"\n                    height=\"300\"\n                    style=\"max-width:100%;\"\n                \/>\n            <\/a>\n        <\/div>\n\t\t\t\t\t\t\t<\/div> \n\t\t\t\n\t\t\t\t<div id=\"ngg-image-12\" class=\"ngg-gallery-thumbnail-box ngg-3-columns\" >\n\t\t\t\t        <div class=\"ngg-gallery-thumbnail\">\n            <a href=\"https:\/\/seidel-props.de\/wp-content\/gallery\/piper-cup-j3\/Piper-Cup-2.JPG\"\n               title=\"\"\n               data-src=\"https:\/\/seidel-props.de\/wp-content\/gallery\/piper-cup-j3\/Piper-Cup-2.JPG\"\n               data-thumbnail=\"https:\/\/seidel-props.de\/wp-content\/gallery\/piper-cup-j3\/thumbs\/thumbs_Piper-Cup-2.JPG\"\n               data-image-id=\"940\"\n               data-title=\"Piper-Cup-2\"\n               data-description=\"\"\n               data-image-slug=\"piper-cup-2\"\n               class=\"ngg-simplelightbox\" rel=\"7482b36e0ff01654956c6b4a4a07551c\">\n                <img\n                    title=\"Piper-Cup-2\"\n                    alt=\"Piper-Cup-2\"\n                    src=\"https:\/\/seidel-props.de\/wp-content\/gallery\/piper-cup-j3\/cache\/Piper-Cup-2.JPG-nggid03940-ngg0dyn-450x300x100-00f0w010c011r110f110r010t010.JPG\"\n                    width=\"450\"\n                    height=\"300\"\n                    style=\"max-width:100%;\"\n                \/>\n            <\/a>\n        <\/div>\n\t\t\t\t\t\t\t<\/div> \n\t\t\t\n\t\t\t\t<div id=\"ngg-image-13\" class=\"ngg-gallery-thumbnail-box ngg-3-columns\" >\n\t\t\t\t        <div class=\"ngg-gallery-thumbnail\">\n            <a href=\"https:\/\/seidel-props.de\/wp-content\/gallery\/piper-cup-j3\/Piper-Cup-5.JPG\"\n               title=\"\"\n               data-src=\"https:\/\/seidel-props.de\/wp-content\/gallery\/piper-cup-j3\/Piper-Cup-5.JPG\"\n               data-thumbnail=\"https:\/\/seidel-props.de\/wp-content\/gallery\/piper-cup-j3\/thumbs\/thumbs_Piper-Cup-5.JPG\"\n               data-image-id=\"941\"\n               data-title=\"Piper-Cup-5\"\n               data-description=\"\"\n               data-image-slug=\"piper-cup-5\"\n               class=\"ngg-simplelightbox\" rel=\"7482b36e0ff01654956c6b4a4a07551c\">\n                <img\n                    title=\"Piper-Cup-5\"\n                    alt=\"Piper-Cup-5\"\n                    src=\"https:\/\/seidel-props.de\/wp-content\/gallery\/piper-cup-j3\/cache\/Piper-Cup-5.JPG-nggid03941-ngg0dyn-450x300x100-00f0w010c011r110f110r010t010.JPG\"\n                    width=\"450\"\n                    height=\"300\"\n                    style=\"max-width:100%;\"\n                \/>\n            <\/a>\n        <\/div>\n\t\t\t\t\t\t\t<\/div> \n\t\t\t\n\t\n\t<br style=\"clear: both\" \/>\n\n\t\n\t\t<!-- Pagination -->\n\t<div class='ngg-clear'><\/div>\t<\/div>\n\n\n\n\n<p>Aufgrund der Vielfalt der Originale gab es nat\u00fcrlich auch unterschiedliche Propeller f\u00fcr dieses Muster. Vom klassischen schichtverleimten 2-Blatt-Holzpropeller bis zu moderen Composite-Propellern reicht die Spanne.<\/p>\n\n\n\n<p>Wir haben schon f\u00fcr so ziemlich alle erdenklichen Motorisierungen Propeller gefertigt. Vom ZG-62 bis zum 3W 684 B4 bis hin zu elektrisch betriebenen Gro\u00dfmodellen ist alles vertreten, was dieses sehr gutm\u00fctige Flugzeug durch die Luft bewegen kann.<\/p>\n","protected":false},"excerpt":{"rendered":"<p>Piper Cup Die Piper Cup d\u00fcrfte wohl eines der bekanntesten Sportflugzeuge der Welt sein! Mehrere zig-Tausend Exemplare wurden in der&hellip;<\/p>\n","protected":false},"author":1,"featured_media":0,"parent":0,"menu_order":0,"comment_status":"closed","ping_status":"closed","template":"","meta":{"ngg_post_thumbnail":0,"footnotes":""},"class_list":["post-2483","page","type-page","status-publish","hentry"],"translation":{"provider":"WPGlobus","version":"2.10.0","language":"en","enabled_languages":["de","en"],"languages":{"de":{"title":true,"content":true,"excerpt":false},"en":{"title":false,"content":false,"excerpt":false}}},"_links":{"self":[{"href":"https:\/\/seidel-props.de\/en\/wp-json\/wp\/v2\/pages\/2483","targetHints":{"allow":["GET"]}}],"collection":[{"href":"https:\/\/seidel-props.de\/en\/wp-json\/wp\/v2\/pages"}],"about":[{"href":"https:\/\/seidel-props.de\/en\/wp-json\/wp\/v2\/types\/page"}],"author":[{"embeddable":true,"href":"https:\/\/seidel-props.de\/en\/wp-json\/wp\/v2\/users\/1"}],"replies":[{"embeddable":true,"href":"https:\/\/seidel-props.de\/en\/wp-json\/wp\/v2\/comments?post=2483"}],"version-history":[{"count":1,"href":"https:\/\/seidel-props.de\/en\/wp-json\/wp\/v2\/pages\/2483\/revisions"}],"predecessor-version":[{"id":2484,"href":"https:\/\/seidel-props.de\/en\/wp-json\/wp\/v2\/pages\/2483\/revisions\/2484"}],"wp:attachment":[{"href":"https:\/\/seidel-props.de\/en\/wp-json\/wp\/v2\/media?parent=2483"}],"curies":[{"name":"wp","href":"https:\/\/api.w.org\/{rel}","templated":true}]}}