{"id":2494,"date":"2021-08-22T22:24:04","date_gmt":"2021-08-22T20:24:04","guid":{"rendered":"https:\/\/seidel-props.de\/?page_id=2494"},"modified":"2021-08-22T22:32:07","modified_gmt":"2021-08-22T20:32:07","slug":"pitts-phyton","status":"publish","type":"page","link":"https:\/\/seidel-props.de\/en\/pitts-phyton\/","title":{"rendered":"Pitts Phyton"},"content":{"rendered":"\n<p><strong>Pitts Phyton<\/strong><\/p>\n\n\n\n<p>Kunstflugdoppeldecker mit Sternmotor und im Original mit sehr gro\u00dfer Constant-Speed-Luftschraube. B\u00e4renm\u00e4\u00dfiger Power f\u00fcr alle Figuren!<\/p>\n\n\n\n<!-- default-view.php -->\n<div\n\tclass=\"ngg-galleryoverview default-view \"\n\tid=\"ngg-gallery-f285d5fed55ca308114d4264d08a2156-1\">\n\n\t\t<!-- Thumbnails -->\n\t\t\t\t<div id=\"ngg-image-0\" class=\"ngg-gallery-thumbnail-box ngg-3-columns\" >\n\t\t\t\t        <div class=\"ngg-gallery-thumbnail\">\n            <a href=\"https:\/\/seidel-props.de\/wp-content\/gallery\/pitty-phyton\/32x18_Python-4.JPG\"\n               title=\"\"\n               data-src=\"https:\/\/seidel-props.de\/wp-content\/gallery\/pitty-phyton\/32x18_Python-4.JPG\"\n               data-thumbnail=\"https:\/\/seidel-props.de\/wp-content\/gallery\/pitty-phyton\/thumbs\/thumbs_32x18_Python-4.JPG\"\n               data-image-id=\"947\"\n               data-title=\"32x18_Python-4\"\n               data-description=\"\"\n               data-image-slug=\"32x18_python-4\"\n               class=\"ngg-simplelightbox\" rel=\"f285d5fed55ca308114d4264d08a2156\">\n                <img\n                    title=\"32x18_Python-4\"\n                    alt=\"32x18_Python-4\"\n                    src=\"https:\/\/seidel-props.de\/wp-content\/gallery\/pitty-phyton\/cache\/32x18_Python-4.JPG-nggid03947-ngg0dyn-450x300x100-00f0w010c011r110f110r010t010.JPG\"\n                    width=\"450\"\n                    height=\"300\"\n                    style=\"max-width:100%;\"\n                \/>\n            <\/a>\n        <\/div>\n\t\t\t\t\t\t\t<\/div> \n\t\t\t\n\t\t\t\t<div id=\"ngg-image-1\" class=\"ngg-gallery-thumbnail-box ngg-3-columns\" >\n\t\t\t\t        <div class=\"ngg-gallery-thumbnail\">\n            <a href=\"https:\/\/seidel-props.de\/wp-content\/gallery\/pitty-phyton\/32x18_Python-5.jpg\"\n               title=\"\"\n               data-src=\"https:\/\/seidel-props.de\/wp-content\/gallery\/pitty-phyton\/32x18_Python-5.jpg\"\n               data-thumbnail=\"https:\/\/seidel-props.de\/wp-content\/gallery\/pitty-phyton\/thumbs\/thumbs_32x18_Python-5.jpg\"\n               data-image-id=\"948\"\n               data-title=\"32x18_Python-5\"\n               data-description=\"\"\n               data-image-slug=\"32x18_python-5\"\n               class=\"ngg-simplelightbox\" rel=\"f285d5fed55ca308114d4264d08a2156\">\n                <img\n                    title=\"32x18_Python-5\"\n                    alt=\"32x18_Python-5\"\n                    src=\"https:\/\/seidel-props.de\/wp-content\/gallery\/pitty-phyton\/cache\/32x18_Python-5.jpg-nggid03948-ngg0dyn-450x300x100-00f0w010c011r110f110r010t010.jpg\"\n                    width=\"450\"\n                    height=\"300\"\n                    style=\"max-width:100%;\"\n                \/>\n            <\/a>\n        <\/div>\n\t\t\t\t\t\t\t<\/div> \n\t\t\t\n\t\t\t\t<div id=\"ngg-image-2\" class=\"ngg-gallery-thumbnail-box ngg-3-columns\" >\n\t\t\t\t        <div class=\"ngg-gallery-thumbnail\">\n            <a href=\"https:\/\/seidel-props.de\/wp-content\/gallery\/pitty-phyton\/34.JPG\"\n               title=\"\"\n               data-src=\"https:\/\/seidel-props.de\/wp-content\/gallery\/pitty-phyton\/34.JPG\"\n               data-thumbnail=\"https:\/\/seidel-props.de\/wp-content\/gallery\/pitty-phyton\/thumbs\/thumbs_34.JPG\"\n               data-image-id=\"949\"\n               data-title=\"34\"\n               data-description=\"\"\n               data-image-slug=\"34\"\n               class=\"ngg-simplelightbox\" rel=\"f285d5fed55ca308114d4264d08a2156\">\n                <img\n                    title=\"34\"\n                    alt=\"34\"\n                    src=\"https:\/\/seidel-props.de\/wp-content\/gallery\/pitty-phyton\/cache\/34.JPG-nggid03949-ngg0dyn-450x300x100-00f0w010c011r110f110r010t010.JPG\"\n                    width=\"450\"\n                    height=\"300\"\n                    style=\"max-width:100%;\"\n                \/>\n            <\/a>\n        <\/div>\n\t\t\t\t\t\t\t<\/div> \n\t\t\t\n\t\t\t\t<div id=\"ngg-image-3\" class=\"ngg-gallery-thumbnail-box ngg-3-columns\" >\n\t\t\t\t        <div class=\"ngg-gallery-thumbnail\">\n            <a href=\"https:\/\/seidel-props.de\/wp-content\/gallery\/pitty-phyton\/35.jpg\"\n               title=\"\"\n               data-src=\"https:\/\/seidel-props.de\/wp-content\/gallery\/pitty-phyton\/35.jpg\"\n               data-thumbnail=\"https:\/\/seidel-props.de\/wp-content\/gallery\/pitty-phyton\/thumbs\/thumbs_35.jpg\"\n               data-image-id=\"950\"\n               data-title=\"35\"\n               data-description=\"\"\n               data-image-slug=\"35\"\n               class=\"ngg-simplelightbox\" rel=\"f285d5fed55ca308114d4264d08a2156\">\n                <img\n                    title=\"35\"\n                    alt=\"35\"\n                    src=\"https:\/\/seidel-props.de\/wp-content\/gallery\/pitty-phyton\/cache\/35.jpg-nggid03950-ngg0dyn-450x300x100-00f0w010c011r110f110r010t010.jpg\"\n                    width=\"450\"\n                    height=\"300\"\n                    style=\"max-width:100%;\"\n                \/>\n            <\/a>\n        <\/div>\n\t\t\t\t\t\t\t<\/div> \n\t\t\t\n\t\t\t\t<div id=\"ngg-image-4\" class=\"ngg-gallery-thumbnail-box ngg-3-columns\" >\n\t\t\t\t        <div class=\"ngg-gallery-thumbnail\">\n            <a href=\"https:\/\/seidel-props.de\/wp-content\/gallery\/pitty-phyton\/DSC_1142.JPG\"\n               title=\"\"\n               data-src=\"https:\/\/seidel-props.de\/wp-content\/gallery\/pitty-phyton\/DSC_1142.JPG\"\n               data-thumbnail=\"https:\/\/seidel-props.de\/wp-content\/gallery\/pitty-phyton\/thumbs\/thumbs_DSC_1142.JPG\"\n               data-image-id=\"951\"\n               data-title=\"DSC_1142\"\n               data-description=\"\"\n               data-image-slug=\"dsc_1142\"\n               class=\"ngg-simplelightbox\" rel=\"f285d5fed55ca308114d4264d08a2156\">\n                <img\n                    title=\"DSC_1142\"\n                    alt=\"DSC_1142\"\n                    src=\"https:\/\/seidel-props.de\/wp-content\/gallery\/pitty-phyton\/cache\/DSC_1142.JPG-nggid03951-ngg0dyn-450x300x100-00f0w010c011r110f110r010t010.JPG\"\n                    width=\"450\"\n                    height=\"300\"\n                    style=\"max-width:100%;\"\n                \/>\n            <\/a>\n        <\/div>\n\t\t\t\t\t\t\t<\/div> \n\t\t\t\n\t\t\t\t<div id=\"ngg-image-5\" class=\"ngg-gallery-thumbnail-box ngg-3-columns\" >\n\t\t\t\t        <div class=\"ngg-gallery-thumbnail\">\n            <a href=\"https:\/\/seidel-props.de\/wp-content\/gallery\/pitty-phyton\/Pitts-Python-Prop_01.gif\"\n               title=\"\"\n               data-src=\"https:\/\/seidel-props.de\/wp-content\/gallery\/pitty-phyton\/Pitts-Python-Prop_01.gif\"\n               data-thumbnail=\"https:\/\/seidel-props.de\/wp-content\/gallery\/pitty-phyton\/thumbs\/thumbs_Pitts-Python-Prop_01.gif\"\n               data-image-id=\"952\"\n               data-title=\"Pitts-Python-Prop_01\"\n               data-description=\"\"\n               data-image-slug=\"pitts-python-prop_01\"\n               class=\"ngg-simplelightbox\" rel=\"f285d5fed55ca308114d4264d08a2156\">\n                <img\n                    title=\"Pitts-Python-Prop_01\"\n                    alt=\"Pitts-Python-Prop_01\"\n                    src=\"https:\/\/seidel-props.de\/wp-content\/gallery\/pitty-phyton\/cache\/Pitts-Python-Prop_01.gif-nggid03952-ngg0dyn-450x300x100-00f0w010c011r110f110r010t010.gif\"\n                    width=\"330\"\n                    height=\"300\"\n                    style=\"max-width:100%;\"\n                \/>\n            <\/a>\n        <\/div>\n\t\t\t\t\t\t\t<\/div> \n\t\t\t\n\t\t\t\t<div id=\"ngg-image-6\" class=\"ngg-gallery-thumbnail-box ngg-3-columns\" >\n\t\t\t\t        <div class=\"ngg-gallery-thumbnail\">\n            <a href=\"https:\/\/seidel-props.de\/wp-content\/gallery\/pitty-phyton\/Pitts-Python-Prop_02.gif\"\n               title=\"\"\n               data-src=\"https:\/\/seidel-props.de\/wp-content\/gallery\/pitty-phyton\/Pitts-Python-Prop_02.gif\"\n               data-thumbnail=\"https:\/\/seidel-props.de\/wp-content\/gallery\/pitty-phyton\/thumbs\/thumbs_Pitts-Python-Prop_02.gif\"\n               data-image-id=\"953\"\n               data-title=\"Pitts-Python-Prop_02\"\n               data-description=\"\"\n               data-image-slug=\"pitts-python-prop_02\"\n               class=\"ngg-simplelightbox\" rel=\"f285d5fed55ca308114d4264d08a2156\">\n                <img\n                    title=\"Pitts-Python-Prop_02\"\n                    alt=\"Pitts-Python-Prop_02\"\n                    src=\"https:\/\/seidel-props.de\/wp-content\/gallery\/pitty-phyton\/cache\/Pitts-Python-Prop_02.gif-nggid03953-ngg0dyn-450x300x100-00f0w010c011r110f110r010t010.gif\"\n                    width=\"450\"\n                    height=\"300\"\n                    style=\"max-width:100%;\"\n                \/>\n            <\/a>\n        <\/div>\n\t\t\t\t\t\t\t<\/div> \n\t\t\t\n\t\t\t\t<div id=\"ngg-image-7\" class=\"ngg-gallery-thumbnail-box ngg-3-columns\" >\n\t\t\t\t        <div class=\"ngg-gallery-thumbnail\">\n            <a href=\"https:\/\/seidel-props.de\/wp-content\/gallery\/pitty-phyton\/Pythonprob.jpg\"\n               title=\"\"\n               data-src=\"https:\/\/seidel-props.de\/wp-content\/gallery\/pitty-phyton\/Pythonprob.jpg\"\n               data-thumbnail=\"https:\/\/seidel-props.de\/wp-content\/gallery\/pitty-phyton\/thumbs\/thumbs_Pythonprob.jpg\"\n               data-image-id=\"946\"\n               data-title=\"Pythonprob\"\n               data-description=\"\"\n               data-image-slug=\"pythonprob\"\n               class=\"ngg-simplelightbox\" rel=\"f285d5fed55ca308114d4264d08a2156\">\n                <img\n                    title=\"Pythonprob\"\n                    alt=\"Pythonprob\"\n                    src=\"https:\/\/seidel-props.de\/wp-content\/gallery\/pitty-phyton\/cache\/Pythonprob.jpg-nggid03946-ngg0dyn-450x300x100-00f0w010c011r110f110r010t010.jpg\"\n                    width=\"450\"\n                    height=\"300\"\n                    style=\"max-width:100%;\"\n                \/>\n            <\/a>\n        <\/div>\n\t\t\t\t\t\t\t<\/div> \n\t\t\t\n\t\n\t<br style=\"clear: both\" \/>\n\n\t\n\t\t<!-- Pagination -->\n\t<div class='ngg-clear'><\/div>\t<\/div>\n\n\n\n\n<p>Angetrieben mit einem Moki S250 macht dieser Flieger auf jedem Platz Eindruck! Sky is the limit!<\/p>\n","protected":false},"excerpt":{"rendered":"<p>Pitts Phyton Kunstflugdoppeldecker mit Sternmotor und im Original mit sehr gro\u00dfer Constant-Speed-Luftschraube. B\u00e4renm\u00e4\u00dfiger Power f\u00fcr alle Figuren! Angetrieben mit einem&hellip;<\/p>\n","protected":false},"author":1,"featured_media":0,"parent":0,"menu_order":0,"comment_status":"closed","ping_status":"closed","template":"","meta":{"ngg_post_thumbnail":0,"footnotes":""},"class_list":["post-2494","page","type-page","status-publish","hentry"],"translation":{"provider":"WPGlobus","version":"2.10.0","language":"en","enabled_languages":["de","en"],"languages":{"de":{"title":true,"content":true,"excerpt":false},"en":{"title":false,"content":false,"excerpt":false}}},"_links":{"self":[{"href":"https:\/\/seidel-props.de\/en\/wp-json\/wp\/v2\/pages\/2494","targetHints":{"allow":["GET"]}}],"collection":[{"href":"https:\/\/seidel-props.de\/en\/wp-json\/wp\/v2\/pages"}],"about":[{"href":"https:\/\/seidel-props.de\/en\/wp-json\/wp\/v2\/types\/page"}],"author":[{"embeddable":true,"href":"https:\/\/seidel-props.de\/en\/wp-json\/wp\/v2\/users\/1"}],"replies":[{"embeddable":true,"href":"https:\/\/seidel-props.de\/en\/wp-json\/wp\/v2\/comments?post=2494"}],"version-history":[{"count":4,"href":"https:\/\/seidel-props.de\/en\/wp-json\/wp\/v2\/pages\/2494\/revisions"}],"predecessor-version":[{"id":2510,"href":"https:\/\/seidel-props.de\/en\/wp-json\/wp\/v2\/pages\/2494\/revisions\/2510"}],"wp:attachment":[{"href":"https:\/\/seidel-props.de\/en\/wp-json\/wp\/v2\/media?parent=2494"}],"curies":[{"name":"wp","href":"https:\/\/api.w.org\/{rel}","templated":true}]}}