{"id":2511,"date":"2021-08-23T21:19:05","date_gmt":"2021-08-23T19:19:05","guid":{"rendered":"https:\/\/seidel-props.de\/?page_id=2511"},"modified":"2021-08-23T21:49:30","modified_gmt":"2021-08-23T19:49:30","slug":"rata-i-16","status":"publish","type":"page","link":"https:\/\/seidel-props.de\/en\/rata-i-16\/","title":{"rendered":"Rata I-16"},"content":{"rendered":"\n<p><strong>Rata I-16<\/strong><\/p>\n\n\n\n<p>Die russische Polikartow Rata I-16 war die erste Jagdmaschine der Welt, die als freitragender Tiefdecker mit Einziehfahrwerk den Serienstatus erreicht hat. Produktionsfreigabe war Ende 1933. Au\u00dfergew\u00f6hnlich f\u00fcr diese Zeit ist die bullige Rumpfform aufgrund des gro\u00dfen Wright!!! R-1820-Sternmotors, der sehr stumpfe Spinner und die Verkleidungen der Fahrwerksr\u00e4der. Zudem wurde das Tragwerk in Aluminium-Gemischtbauweise realisiert. 900 Schuss Munition links und rechts im Fl\u00fcgel verschafften der Maschine Respekt.<\/p>\n\n\n\n<p>Von der Ferne betrachtet k\u00f6nnte die Maschine die russische Variante der GeeBee sein \ud83d\ude09<\/p>\n\n\n\n<!-- default-view.php -->\n<div\n\tclass=\"ngg-galleryoverview default-view \"\n\tid=\"ngg-gallery-c09b156831d7eb2a92dba123742ae70c-1\">\n\n\t\t<!-- Thumbnails -->\n\t\t\t\t<div id=\"ngg-image-0\" class=\"ngg-gallery-thumbnail-box ngg-3-columns\" >\n\t\t\t\t        <div class=\"ngg-gallery-thumbnail\">\n            <a href=\"https:\/\/seidel-props.de\/wp-content\/gallery\/rata-i-16\/300px-OSH2003_Polikarpov_I-16.jpg\"\n               title=\"\"\n               data-src=\"https:\/\/seidel-props.de\/wp-content\/gallery\/rata-i-16\/300px-OSH2003_Polikarpov_I-16.jpg\"\n               data-thumbnail=\"https:\/\/seidel-props.de\/wp-content\/gallery\/rata-i-16\/thumbs\/thumbs_300px-OSH2003_Polikarpov_I-16.jpg\"\n               data-image-id=\"954\"\n               data-title=\"300px-OSH2003_Polikarpov_I-16\"\n               data-description=\"\"\n               data-image-slug=\"300px-osh2003_polikarpov_i-16\"\n               class=\"ngg-simplelightbox\" rel=\"c09b156831d7eb2a92dba123742ae70c\">\n                <img\n                    title=\"300px-OSH2003_Polikarpov_I-16\"\n                    alt=\"300px-OSH2003_Polikarpov_I-16\"\n                    src=\"https:\/\/seidel-props.de\/wp-content\/gallery\/rata-i-16\/cache\/300px-OSH2003_Polikarpov_I-16.jpg-nggid03954-ngg0dyn-450x300x100-00f0w010c011r110f110r010t010.jpg\"\n                    width=\"300\"\n                    height=\"225\"\n                    style=\"max-width:100%;\"\n                \/>\n            <\/a>\n        <\/div>\n\t\t\t\t\t\t\t<\/div> \n\t\t\t\n\t\t\t\t<div id=\"ngg-image-1\" class=\"ngg-gallery-thumbnail-box ngg-3-columns\" >\n\t\t\t\t        <div class=\"ngg-gallery-thumbnail\">\n            <a href=\"https:\/\/seidel-props.de\/wp-content\/gallery\/rata-i-16\/5322845288_fcb301e30c_z.jpg\"\n               title=\"\"\n               data-src=\"https:\/\/seidel-props.de\/wp-content\/gallery\/rata-i-16\/5322845288_fcb301e30c_z.jpg\"\n               data-thumbnail=\"https:\/\/seidel-props.de\/wp-content\/gallery\/rata-i-16\/thumbs\/thumbs_5322845288_fcb301e30c_z.jpg\"\n               data-image-id=\"955\"\n               data-title=\"5322845288_fcb301e30c_z\"\n               data-description=\"\"\n               data-image-slug=\"5322845288_fcb301e30c_z\"\n               class=\"ngg-simplelightbox\" rel=\"c09b156831d7eb2a92dba123742ae70c\">\n                <img\n                    title=\"5322845288_fcb301e30c_z\"\n                    alt=\"5322845288_fcb301e30c_z\"\n                    src=\"https:\/\/seidel-props.de\/wp-content\/gallery\/rata-i-16\/cache\/5322845288_fcb301e30c_z.jpg-nggid03955-ngg0dyn-450x300x100-00f0w010c011r110f110r010t010.jpg\"\n                    width=\"450\"\n                    height=\"300\"\n                    style=\"max-width:100%;\"\n                \/>\n            <\/a>\n        <\/div>\n\t\t\t\t\t\t\t<\/div> \n\t\t\t\n\t\t\t\t<div id=\"ngg-image-2\" class=\"ngg-gallery-thumbnail-box ngg-3-columns\" >\n\t\t\t\t        <div class=\"ngg-gallery-thumbnail\">\n            <a href=\"https:\/\/seidel-props.de\/wp-content\/gallery\/rata-i-16\/IMG_0658cs.med1_.jpg\"\n               title=\"\"\n               data-src=\"https:\/\/seidel-props.de\/wp-content\/gallery\/rata-i-16\/IMG_0658cs.med1_.jpg\"\n               data-thumbnail=\"https:\/\/seidel-props.de\/wp-content\/gallery\/rata-i-16\/thumbs\/thumbs_IMG_0658cs.med1_.jpg\"\n               data-image-id=\"956\"\n               data-title=\"IMG_0658cs.med1_\"\n               data-description=\"\"\n               data-image-slug=\"img_0658cs-med1_\"\n               class=\"ngg-simplelightbox\" rel=\"c09b156831d7eb2a92dba123742ae70c\">\n                <img\n                    title=\"IMG_0658cs.med1_\"\n                    alt=\"IMG_0658cs.med1_\"\n                    src=\"https:\/\/seidel-props.de\/wp-content\/gallery\/rata-i-16\/cache\/IMG_0658cs.med1_.jpg-nggid03956-ngg0dyn-450x300x100-00f0w010c011r110f110r010t010.jpg\"\n                    width=\"450\"\n                    height=\"300\"\n                    style=\"max-width:100%;\"\n                \/>\n            <\/a>\n        <\/div>\n\t\t\t\t\t\t\t<\/div> \n\t\t\t\n\t\t\t\t<div id=\"ngg-image-3\" class=\"ngg-gallery-thumbnail-box ngg-3-columns\" >\n\t\t\t\t        <div class=\"ngg-gallery-thumbnail\">\n            <a href=\"https:\/\/seidel-props.de\/wp-content\/gallery\/rata-i-16\/IMG_0731cs.med1_.jpg\"\n               title=\"\"\n               data-src=\"https:\/\/seidel-props.de\/wp-content\/gallery\/rata-i-16\/IMG_0731cs.med1_.jpg\"\n               data-thumbnail=\"https:\/\/seidel-props.de\/wp-content\/gallery\/rata-i-16\/thumbs\/thumbs_IMG_0731cs.med1_.jpg\"\n               data-image-id=\"957\"\n               data-title=\"IMG_0731cs.med1_\"\n               data-description=\"\"\n               data-image-slug=\"img_0731cs-med1_\"\n               class=\"ngg-simplelightbox\" rel=\"c09b156831d7eb2a92dba123742ae70c\">\n                <img\n                    title=\"IMG_0731cs.med1_\"\n                    alt=\"IMG_0731cs.med1_\"\n                    src=\"https:\/\/seidel-props.de\/wp-content\/gallery\/rata-i-16\/cache\/IMG_0731cs.med1_.jpg-nggid03957-ngg0dyn-450x300x100-00f0w010c011r110f110r010t010.jpg\"\n                    width=\"450\"\n                    height=\"300\"\n                    style=\"max-width:100%;\"\n                \/>\n            <\/a>\n        <\/div>\n\t\t\t\t\t\t\t<\/div> \n\t\t\t\n\t\t\t\t<div id=\"ngg-image-4\" class=\"ngg-gallery-thumbnail-box ngg-3-columns\" >\n\t\t\t\t        <div class=\"ngg-gallery-thumbnail\">\n            <a href=\"https:\/\/seidel-props.de\/wp-content\/gallery\/rata-i-16\/IMG_0754.med1_.jpg\"\n               title=\"\"\n               data-src=\"https:\/\/seidel-props.de\/wp-content\/gallery\/rata-i-16\/IMG_0754.med1_.jpg\"\n               data-thumbnail=\"https:\/\/seidel-props.de\/wp-content\/gallery\/rata-i-16\/thumbs\/thumbs_IMG_0754.med1_.jpg\"\n               data-image-id=\"958\"\n               data-title=\"IMG_0754.med1_\"\n               data-description=\"\"\n               data-image-slug=\"img_0754-med1_\"\n               class=\"ngg-simplelightbox\" rel=\"c09b156831d7eb2a92dba123742ae70c\">\n                <img\n                    title=\"IMG_0754.med1_\"\n                    alt=\"IMG_0754.med1_\"\n                    src=\"https:\/\/seidel-props.de\/wp-content\/gallery\/rata-i-16\/cache\/IMG_0754.med1_.jpg-nggid03958-ngg0dyn-450x300x100-00f0w010c011r110f110r010t010.jpg\"\n                    width=\"450\"\n                    height=\"300\"\n                    style=\"max-width:100%;\"\n                \/>\n            <\/a>\n        <\/div>\n\t\t\t\t\t\t\t<\/div> \n\t\t\t\n\t\t\t\t<div id=\"ngg-image-5\" class=\"ngg-gallery-thumbnail-box ngg-3-columns\" >\n\t\t\t\t        <div class=\"ngg-gallery-thumbnail\">\n            <a href=\"https:\/\/seidel-props.de\/wp-content\/gallery\/rata-i-16\/IMG_2224.JPG\"\n               title=\"\"\n               data-src=\"https:\/\/seidel-props.de\/wp-content\/gallery\/rata-i-16\/IMG_2224.JPG\"\n               data-thumbnail=\"https:\/\/seidel-props.de\/wp-content\/gallery\/rata-i-16\/thumbs\/thumbs_IMG_2224.JPG\"\n               data-image-id=\"959\"\n               data-title=\"IMG_2224\"\n               data-description=\"\"\n               data-image-slug=\"img_2224\"\n               class=\"ngg-simplelightbox\" rel=\"c09b156831d7eb2a92dba123742ae70c\">\n                <img\n                    title=\"IMG_2224\"\n                    alt=\"IMG_2224\"\n                    src=\"https:\/\/seidel-props.de\/wp-content\/gallery\/rata-i-16\/cache\/IMG_2224.JPG-nggid03959-ngg0dyn-450x300x100-00f0w010c011r110f110r010t010.JPG\"\n                    width=\"450\"\n                    height=\"300\"\n                    style=\"max-width:100%;\"\n                \/>\n            <\/a>\n        <\/div>\n\t\t\t\t\t\t\t<\/div> \n\t\t\t\n\t\t\t\t<div id=\"ngg-image-6\" class=\"ngg-gallery-thumbnail-box ngg-3-columns\" >\n\t\t\t\t        <div class=\"ngg-gallery-thumbnail\">\n            <a href=\"https:\/\/seidel-props.de\/wp-content\/gallery\/rata-i-16\/IMG_2226_med.jpg\"\n               title=\"\"\n               data-src=\"https:\/\/seidel-props.de\/wp-content\/gallery\/rata-i-16\/IMG_2226_med.jpg\"\n               data-thumbnail=\"https:\/\/seidel-props.de\/wp-content\/gallery\/rata-i-16\/thumbs\/thumbs_IMG_2226_med.jpg\"\n               data-image-id=\"960\"\n               data-title=\"IMG_2226_med\"\n               data-description=\"\"\n               data-image-slug=\"img_2226_med\"\n               class=\"ngg-simplelightbox\" rel=\"c09b156831d7eb2a92dba123742ae70c\">\n                <img\n                    title=\"IMG_2226_med\"\n                    alt=\"IMG_2226_med\"\n                    src=\"https:\/\/seidel-props.de\/wp-content\/gallery\/rata-i-16\/cache\/IMG_2226_med.jpg-nggid03960-ngg0dyn-450x300x100-00f0w010c011r110f110r010t010.jpg\"\n                    width=\"450\"\n                    height=\"300\"\n                    style=\"max-width:100%;\"\n                \/>\n            <\/a>\n        <\/div>\n\t\t\t\t\t\t\t<\/div> \n\t\t\t\n\t\t\t\t<div id=\"ngg-image-7\" class=\"ngg-gallery-thumbnail-box ngg-3-columns\" >\n\t\t\t\t        <div class=\"ngg-gallery-thumbnail\">\n            <a href=\"https:\/\/seidel-props.de\/wp-content\/gallery\/rata-i-16\/IMG_8671.med1_.jpg\"\n               title=\"\"\n               data-src=\"https:\/\/seidel-props.de\/wp-content\/gallery\/rata-i-16\/IMG_8671.med1_.jpg\"\n               data-thumbnail=\"https:\/\/seidel-props.de\/wp-content\/gallery\/rata-i-16\/thumbs\/thumbs_IMG_8671.med1_.jpg\"\n               data-image-id=\"961\"\n               data-title=\"IMG_8671.med1_\"\n               data-description=\"\"\n               data-image-slug=\"img_8671-med1_\"\n               class=\"ngg-simplelightbox\" rel=\"c09b156831d7eb2a92dba123742ae70c\">\n                <img\n                    title=\"IMG_8671.med1_\"\n                    alt=\"IMG_8671.med1_\"\n                    src=\"https:\/\/seidel-props.de\/wp-content\/gallery\/rata-i-16\/cache\/IMG_8671.med1_.jpg-nggid03961-ngg0dyn-450x300x100-00f0w010c011r110f110r010t010.jpg\"\n                    width=\"450\"\n                    height=\"300\"\n                    style=\"max-width:100%;\"\n                \/>\n            <\/a>\n        <\/div>\n\t\t\t\t\t\t\t<\/div> \n\t\t\t\n\t\t\t\t<div id=\"ngg-image-8\" class=\"ngg-gallery-thumbnail-box ngg-3-columns\" >\n\t\t\t\t        <div class=\"ngg-gallery-thumbnail\">\n            <a href=\"https:\/\/seidel-props.de\/wp-content\/gallery\/rata-i-16\/IMG_8816.med1_.jpg\"\n               title=\"\"\n               data-src=\"https:\/\/seidel-props.de\/wp-content\/gallery\/rata-i-16\/IMG_8816.med1_.jpg\"\n               data-thumbnail=\"https:\/\/seidel-props.de\/wp-content\/gallery\/rata-i-16\/thumbs\/thumbs_IMG_8816.med1_.jpg\"\n               data-image-id=\"962\"\n               data-title=\"IMG_8816.med1_\"\n               data-description=\"\"\n               data-image-slug=\"img_8816-med1_\"\n               class=\"ngg-simplelightbox\" rel=\"c09b156831d7eb2a92dba123742ae70c\">\n                <img\n                    title=\"IMG_8816.med1_\"\n                    alt=\"IMG_8816.med1_\"\n                    src=\"https:\/\/seidel-props.de\/wp-content\/gallery\/rata-i-16\/cache\/IMG_8816.med1_.jpg-nggid03962-ngg0dyn-450x300x100-00f0w010c011r110f110r010t010.jpg\"\n                    width=\"450\"\n                    height=\"300\"\n                    style=\"max-width:100%;\"\n                \/>\n            <\/a>\n        <\/div>\n\t\t\t\t\t\t\t<\/div> \n\t\t\t\n\t\t\t\t<div id=\"ngg-image-9\" class=\"ngg-gallery-thumbnail-box ngg-3-columns\" >\n\t\t\t\t        <div class=\"ngg-gallery-thumbnail\">\n            <a href=\"https:\/\/seidel-props.de\/wp-content\/gallery\/rata-i-16\/mg2216.jpg\"\n               title=\"\"\n               data-src=\"https:\/\/seidel-props.de\/wp-content\/gallery\/rata-i-16\/mg2216.jpg\"\n               data-thumbnail=\"https:\/\/seidel-props.de\/wp-content\/gallery\/rata-i-16\/thumbs\/thumbs_mg2216.jpg\"\n               data-image-id=\"963\"\n               data-title=\"mg2216\"\n               data-description=\"\"\n               data-image-slug=\"mg2216\"\n               class=\"ngg-simplelightbox\" rel=\"c09b156831d7eb2a92dba123742ae70c\">\n                <img\n                    title=\"mg2216\"\n                    alt=\"mg2216\"\n                    src=\"https:\/\/seidel-props.de\/wp-content\/gallery\/rata-i-16\/cache\/mg2216.jpg-nggid03963-ngg0dyn-450x300x100-00f0w010c011r110f110r010t010.jpg\"\n                    width=\"450\"\n                    height=\"300\"\n                    style=\"max-width:100%;\"\n                \/>\n            <\/a>\n        <\/div>\n\t\t\t\t\t\t\t<\/div> \n\t\t\t\n\t\t\t\t<div id=\"ngg-image-10\" class=\"ngg-gallery-thumbnail-box ngg-3-columns\" >\n\t\t\t\t        <div class=\"ngg-gallery-thumbnail\">\n            <a href=\"https:\/\/seidel-props.de\/wp-content\/gallery\/rata-i-16\/PolikarpovI16RATA.jpg\"\n               title=\"\"\n               data-src=\"https:\/\/seidel-props.de\/wp-content\/gallery\/rata-i-16\/PolikarpovI16RATA.jpg\"\n               data-thumbnail=\"https:\/\/seidel-props.de\/wp-content\/gallery\/rata-i-16\/thumbs\/thumbs_PolikarpovI16RATA.jpg\"\n               data-image-id=\"964\"\n               data-title=\"PolikarpovI16RATA\"\n               data-description=\"\"\n               data-image-slug=\"polikarpovi16rata\"\n               class=\"ngg-simplelightbox\" rel=\"c09b156831d7eb2a92dba123742ae70c\">\n                <img\n                    title=\"PolikarpovI16RATA\"\n                    alt=\"PolikarpovI16RATA\"\n                    src=\"https:\/\/seidel-props.de\/wp-content\/gallery\/rata-i-16\/cache\/PolikarpovI16RATA.jpg-nggid03964-ngg0dyn-450x300x100-00f0w010c011r110f110r010t010.jpg\"\n                    width=\"450\"\n                    height=\"300\"\n                    style=\"max-width:100%;\"\n                \/>\n            <\/a>\n        <\/div>\n\t\t\t\t\t\t\t<\/div> \n\t\t\t\n\t\n\t<br style=\"clear: both\" \/>\n\n\t\n\t\t<!-- Pagination -->\n\t<div class='ngg-clear'><\/div>\t<\/div>\n\n\n\n\n<p>F\u00fcr dieses Flugzeugmuster haben wir schon verschiedene Propeller geliefert. Das gezeigte Modell zeigt die Rata von unserem schweizer Freund Rolf Sch\u00f6nenberger, der dem Flieger einen Moki 400 spendiert hat! Da r\u00fchrt sich was!<\/p>\n","protected":false},"excerpt":{"rendered":"<p>Rata I-16 Die russische Polikartow Rata I-16 war die erste Jagdmaschine der Welt, die als freitragender Tiefdecker mit Einziehfahrwerk den&hellip;<\/p>\n","protected":false},"author":1,"featured_media":0,"parent":0,"menu_order":0,"comment_status":"closed","ping_status":"closed","template":"","meta":{"ngg_post_thumbnail":0,"footnotes":""},"class_list":["post-2511","page","type-page","status-publish","hentry"],"translation":{"provider":"WPGlobus","version":"2.10.0","language":"en","enabled_languages":["de","en"],"languages":{"de":{"title":true,"content":true,"excerpt":false},"en":{"title":false,"content":false,"excerpt":false}}},"_links":{"self":[{"href":"https:\/\/seidel-props.de\/en\/wp-json\/wp\/v2\/pages\/2511","targetHints":{"allow":["GET"]}}],"collection":[{"href":"https:\/\/seidel-props.de\/en\/wp-json\/wp\/v2\/pages"}],"about":[{"href":"https:\/\/seidel-props.de\/en\/wp-json\/wp\/v2\/types\/page"}],"author":[{"embeddable":true,"href":"https:\/\/seidel-props.de\/en\/wp-json\/wp\/v2\/users\/1"}],"replies":[{"embeddable":true,"href":"https:\/\/seidel-props.de\/en\/wp-json\/wp\/v2\/comments?post=2511"}],"version-history":[{"count":3,"href":"https:\/\/seidel-props.de\/en\/wp-json\/wp\/v2\/pages\/2511\/revisions"}],"predecessor-version":[{"id":2527,"href":"https:\/\/seidel-props.de\/en\/wp-json\/wp\/v2\/pages\/2511\/revisions\/2527"}],"wp:attachment":[{"href":"https:\/\/seidel-props.de\/en\/wp-json\/wp\/v2\/media?parent=2511"}],"curies":[{"name":"wp","href":"https:\/\/api.w.org\/{rel}","templated":true}]}}