{"id":2528,"date":"2021-08-23T21:42:41","date_gmt":"2021-08-23T19:42:41","guid":{"rendered":"https:\/\/seidel-props.de\/?page_id=2528"},"modified":"2022-06-04T16:22:57","modified_gmt":"2022-06-04T14:22:57","slug":"pzl-104-wilga","status":"publish","type":"page","link":"https:\/\/seidel-props.de\/en\/pzl-104-wilga\/","title":{"rendered":"PZL-104 Wilga"},"content":{"rendered":"\n<p>PZL-104 Wilga<\/p>\n\n\n\n<p>Die polnische Wilga ist ein universelles Sportflugzeug zum Absetzen von Fallschirmspringern und insbesondere zum Schleppen von Seglern. <\/p>\n\n\n\n<p>\u00dcber Eleganz l\u00e4\u00dft sich streiten. Zum Thema &#8220;Was gut aussieht, fliegt auch gut&#8221; ist in Wikipedia zu lesen: &#8220;Von seinen Piloten wurde das Flugzeug gerne als aerodynamischer Streuselkuchen bezeichnet, der alle dahingehenden Unzul\u00e4nglichkeiten mit schierer Motorleistung kompensierte.&#8221;<\/p>\n\n\n\n<p>Wie auch immer, dieses Flugzeugmuster ist der Traktor der L\u00fcfte, der auf jedem Acker starten und landen kann. Diese Robustheit mit den sehr gutm\u00fctigen Langsamflugeigenschaften bietet kaum ein anderes Modell und pr\u00e4destiniert es daher f\u00fcr den rauhen Schleppeinsatz.<\/p>\n\n\n\n<!-- default-view.php -->\n<div\n\tclass=\"ngg-galleryoverview default-view \"\n\tid=\"ngg-gallery-9f3981bd5b0bc0b3f47b6b731838f178-1\">\n\n\t\t<!-- Thumbnails -->\n\t\t\t\t<div id=\"ngg-image-0\" class=\"ngg-gallery-thumbnail-box ngg-3-columns\" >\n\t\t\t\t        <div class=\"ngg-gallery-thumbnail\">\n            <a href=\"https:\/\/seidel-props.de\/wp-content\/gallery\/pzl-104-wilga\/01.gif\"\n               title=\"\"\n               data-src=\"https:\/\/seidel-props.de\/wp-content\/gallery\/pzl-104-wilga\/01.gif\"\n               data-thumbnail=\"https:\/\/seidel-props.de\/wp-content\/gallery\/pzl-104-wilga\/thumbs\/thumbs_01.gif\"\n               data-image-id=\"969\"\n               data-title=\"01\"\n               data-description=\"\"\n               data-image-slug=\"01-1\"\n               class=\"ngg-simplelightbox\" rel=\"9f3981bd5b0bc0b3f47b6b731838f178\">\n                <img\n                    title=\"01\"\n                    alt=\"01\"\n                    src=\"https:\/\/seidel-props.de\/wp-content\/gallery\/pzl-104-wilga\/cache\/01.gif-nggid03969-ngg0dyn-450x300x100-00f0w010c011r110f110r010t010.gif\"\n                    width=\"450\"\n                    height=\"300\"\n                    style=\"max-width:100%;\"\n                \/>\n            <\/a>\n        <\/div>\n\t\t\t\t\t\t\t<\/div> \n\t\t\t\n\t\t\t\t<div id=\"ngg-image-1\" class=\"ngg-gallery-thumbnail-box ngg-3-columns\" >\n\t\t\t\t        <div class=\"ngg-gallery-thumbnail\">\n            <a href=\"https:\/\/seidel-props.de\/wp-content\/gallery\/pzl-104-wilga\/modgalbico.jpg\"\n               title=\"\"\n               data-src=\"https:\/\/seidel-props.de\/wp-content\/gallery\/pzl-104-wilga\/modgalbico.jpg\"\n               data-thumbnail=\"https:\/\/seidel-props.de\/wp-content\/gallery\/pzl-104-wilga\/thumbs\/thumbs_modgalbico.jpg\"\n               data-image-id=\"970\"\n               data-title=\"modgalbico\"\n               data-description=\"\"\n               data-image-slug=\"modgalbico\"\n               class=\"ngg-simplelightbox\" rel=\"9f3981bd5b0bc0b3f47b6b731838f178\">\n                <img\n                    title=\"modgalbico\"\n                    alt=\"modgalbico\"\n                    src=\"https:\/\/seidel-props.de\/wp-content\/gallery\/pzl-104-wilga\/cache\/modgalbico.jpg-nggid03970-ngg0dyn-450x300x100-00f0w010c011r110f110r010t010.jpg\"\n                    width=\"450\"\n                    height=\"300\"\n                    style=\"max-width:100%;\"\n                \/>\n            <\/a>\n        <\/div>\n\t\t\t\t\t\t\t<\/div> \n\t\t\t\n\t\t\t\t<div id=\"ngg-image-2\" class=\"ngg-gallery-thumbnail-box ngg-3-columns\" >\n\t\t\t\t        <div class=\"ngg-gallery-thumbnail\">\n            <a href=\"https:\/\/seidel-props.de\/wp-content\/gallery\/pzl-104-wilga\/pzl-104-1.gif\"\n               title=\"\"\n               data-src=\"https:\/\/seidel-props.de\/wp-content\/gallery\/pzl-104-wilga\/pzl-104-1.gif\"\n               data-thumbnail=\"https:\/\/seidel-props.de\/wp-content\/gallery\/pzl-104-wilga\/thumbs\/thumbs_pzl-104-1.gif\"\n               data-image-id=\"528\"\n               data-title=\"pzl-104-1\"\n               data-description=\"\"\n               data-image-slug=\"pzl-104-1\"\n               class=\"ngg-simplelightbox\" rel=\"9f3981bd5b0bc0b3f47b6b731838f178\">\n                <img\n                    title=\"pzl-104-1\"\n                    alt=\"pzl-104-1\"\n                    src=\"https:\/\/seidel-props.de\/wp-content\/gallery\/pzl-104-wilga\/cache\/pzl-104-1.gif-nggid03528-ngg0dyn-450x300x100-00f0w010c011r110f110r010t010.gif\"\n                    width=\"450\"\n                    height=\"300\"\n                    style=\"max-width:100%;\"\n                \/>\n            <\/a>\n        <\/div>\n\t\t\t\t\t\t\t<\/div> \n\t\t\t\n\t\t\t\t<div id=\"ngg-image-3\" class=\"ngg-gallery-thumbnail-box ngg-3-columns\" >\n\t\t\t\t        <div class=\"ngg-gallery-thumbnail\">\n            <a href=\"https:\/\/seidel-props.de\/wp-content\/gallery\/pzl-104-wilga\/pzl-104-5.gif\"\n               title=\"\"\n               data-src=\"https:\/\/seidel-props.de\/wp-content\/gallery\/pzl-104-wilga\/pzl-104-5.gif\"\n               data-thumbnail=\"https:\/\/seidel-props.de\/wp-content\/gallery\/pzl-104-wilga\/thumbs\/thumbs_pzl-104-5.gif\"\n               data-image-id=\"532\"\n               data-title=\"pzl-104-5\"\n               data-description=\"\"\n               data-image-slug=\"pzl-104-5\"\n               class=\"ngg-simplelightbox\" rel=\"9f3981bd5b0bc0b3f47b6b731838f178\">\n                <img\n                    title=\"pzl-104-5\"\n                    alt=\"pzl-104-5\"\n                    src=\"https:\/\/seidel-props.de\/wp-content\/gallery\/pzl-104-wilga\/cache\/pzl-104-5.gif-nggid03532-ngg0dyn-450x300x100-00f0w010c011r110f110r010t010.gif\"\n                    width=\"450\"\n                    height=\"300\"\n                    style=\"max-width:100%;\"\n                \/>\n            <\/a>\n        <\/div>\n\t\t\t\t\t\t\t<\/div> \n\t\t\t\n\t\t\t\t<div id=\"ngg-image-4\" class=\"ngg-gallery-thumbnail-box ngg-3-columns\" >\n\t\t\t\t        <div class=\"ngg-gallery-thumbnail\">\n            <a href=\"https:\/\/seidel-props.de\/wp-content\/gallery\/pzl-104-wilga\/pzl-104-6.gif\"\n               title=\"\"\n               data-src=\"https:\/\/seidel-props.de\/wp-content\/gallery\/pzl-104-wilga\/pzl-104-6.gif\"\n               data-thumbnail=\"https:\/\/seidel-props.de\/wp-content\/gallery\/pzl-104-wilga\/thumbs\/thumbs_pzl-104-6.gif\"\n               data-image-id=\"533\"\n               data-title=\"pzl-104-6\"\n               data-description=\"\"\n               data-image-slug=\"pzl-104-6\"\n               class=\"ngg-simplelightbox\" rel=\"9f3981bd5b0bc0b3f47b6b731838f178\">\n                <img\n                    title=\"pzl-104-6\"\n                    alt=\"pzl-104-6\"\n                    src=\"https:\/\/seidel-props.de\/wp-content\/gallery\/pzl-104-wilga\/cache\/pzl-104-6.gif-nggid03533-ngg0dyn-450x300x100-00f0w010c011r110f110r010t010.gif\"\n                    width=\"450\"\n                    height=\"300\"\n                    style=\"max-width:100%;\"\n                \/>\n            <\/a>\n        <\/div>\n\t\t\t\t\t\t\t<\/div> \n\t\t\t\n\t\t\t\t<div id=\"ngg-image-5\" class=\"ngg-gallery-thumbnail-box ngg-3-columns\" >\n\t\t\t\t        <div class=\"ngg-gallery-thumbnail\">\n            <a href=\"https:\/\/seidel-props.de\/wp-content\/gallery\/pzl-104-wilga\/pzl-104-7.gif\"\n               title=\"\"\n               data-src=\"https:\/\/seidel-props.de\/wp-content\/gallery\/pzl-104-wilga\/pzl-104-7.gif\"\n               data-thumbnail=\"https:\/\/seidel-props.de\/wp-content\/gallery\/pzl-104-wilga\/thumbs\/thumbs_pzl-104-7.gif\"\n               data-image-id=\"534\"\n               data-title=\"pzl-104-7\"\n               data-description=\"\"\n               data-image-slug=\"pzl-104-7\"\n               class=\"ngg-simplelightbox\" rel=\"9f3981bd5b0bc0b3f47b6b731838f178\">\n                <img\n                    title=\"pzl-104-7\"\n                    alt=\"pzl-104-7\"\n                    src=\"https:\/\/seidel-props.de\/wp-content\/gallery\/pzl-104-wilga\/cache\/pzl-104-7.gif-nggid03534-ngg0dyn-450x300x100-00f0w010c011r110f110r010t010.gif\"\n                    width=\"450\"\n                    height=\"215\"\n                    style=\"max-width:100%;\"\n                \/>\n            <\/a>\n        <\/div>\n\t\t\t\t\t\t\t<\/div> \n\t\t\t\n\t\t\t\t<div id=\"ngg-image-6\" class=\"ngg-gallery-thumbnail-box ngg-3-columns\" >\n\t\t\t\t        <div class=\"ngg-gallery-thumbnail\">\n            <a href=\"https:\/\/seidel-props.de\/wp-content\/gallery\/pzl-104-wilga\/pzl-104-8.gif\"\n               title=\"\"\n               data-src=\"https:\/\/seidel-props.de\/wp-content\/gallery\/pzl-104-wilga\/pzl-104-8.gif\"\n               data-thumbnail=\"https:\/\/seidel-props.de\/wp-content\/gallery\/pzl-104-wilga\/thumbs\/thumbs_pzl-104-8.gif\"\n               data-image-id=\"535\"\n               data-title=\"pzl-104-8\"\n               data-description=\"\"\n               data-image-slug=\"pzl-104-8\"\n               class=\"ngg-simplelightbox\" rel=\"9f3981bd5b0bc0b3f47b6b731838f178\">\n                <img\n                    title=\"pzl-104-8\"\n                    alt=\"pzl-104-8\"\n                    src=\"https:\/\/seidel-props.de\/wp-content\/gallery\/pzl-104-wilga\/cache\/pzl-104-8.gif-nggid03535-ngg0dyn-450x300x100-00f0w010c011r110f110r010t010.gif\"\n                    width=\"450\"\n                    height=\"300\"\n                    style=\"max-width:100%;\"\n                \/>\n            <\/a>\n        <\/div>\n\t\t\t\t\t\t\t<\/div> \n\t\t\t\n\t\t\t\t<div id=\"ngg-image-7\" class=\"ngg-gallery-thumbnail-box ngg-3-columns\" >\n\t\t\t\t        <div class=\"ngg-gallery-thumbnail\">\n            <a href=\"https:\/\/seidel-props.de\/wp-content\/gallery\/pzl-104-wilga\/pzl-104-9.gif\"\n               title=\"\"\n               data-src=\"https:\/\/seidel-props.de\/wp-content\/gallery\/pzl-104-wilga\/pzl-104-9.gif\"\n               data-thumbnail=\"https:\/\/seidel-props.de\/wp-content\/gallery\/pzl-104-wilga\/thumbs\/thumbs_pzl-104-9.gif\"\n               data-image-id=\"536\"\n               data-title=\"pzl-104-9\"\n               data-description=\"\"\n               data-image-slug=\"pzl-104-9\"\n               class=\"ngg-simplelightbox\" rel=\"9f3981bd5b0bc0b3f47b6b731838f178\">\n                <img\n                    title=\"pzl-104-9\"\n                    alt=\"pzl-104-9\"\n                    src=\"https:\/\/seidel-props.de\/wp-content\/gallery\/pzl-104-wilga\/cache\/pzl-104-9.gif-nggid03536-ngg0dyn-450x300x100-00f0w010c011r110f110r010t010.gif\"\n                    width=\"450\"\n                    height=\"300\"\n                    style=\"max-width:100%;\"\n                \/>\n            <\/a>\n        <\/div>\n\t\t\t\t\t\t\t<\/div> \n\t\t\t\n\t\t\t\t<div id=\"ngg-image-8\" class=\"ngg-gallery-thumbnail-box ngg-3-columns\" >\n\t\t\t\t        <div class=\"ngg-gallery-thumbnail\">\n            <a href=\"https:\/\/seidel-props.de\/wp-content\/gallery\/pzl-104-wilga\/Wilga-Corsair-2.jpg\"\n               title=\"\"\n               data-src=\"https:\/\/seidel-props.de\/wp-content\/gallery\/pzl-104-wilga\/Wilga-Corsair-2.jpg\"\n               data-thumbnail=\"https:\/\/seidel-props.de\/wp-content\/gallery\/pzl-104-wilga\/thumbs\/thumbs_Wilga-Corsair-2.jpg\"\n               data-image-id=\"971\"\n               data-title=\"Wilga-Corsair-2\"\n               data-description=\"\"\n               data-image-slug=\"wilga-corsair-2\"\n               class=\"ngg-simplelightbox\" rel=\"9f3981bd5b0bc0b3f47b6b731838f178\">\n                <img\n                    title=\"Wilga-Corsair-2\"\n                    alt=\"Wilga-Corsair-2\"\n                    src=\"https:\/\/seidel-props.de\/wp-content\/gallery\/pzl-104-wilga\/cache\/Wilga-Corsair-2.jpg-nggid03971-ngg0dyn-450x300x100-00f0w010c011r110f110r010t010.jpg\"\n                    width=\"450\"\n                    height=\"300\"\n                    style=\"max-width:100%;\"\n                \/>\n            <\/a>\n        <\/div>\n\t\t\t\t\t\t\t<\/div> \n\t\t\t\n\t\t\t\t<div id=\"ngg-image-9\" class=\"ngg-gallery-thumbnail-box ngg-3-columns\" >\n\t\t\t\t        <div class=\"ngg-gallery-thumbnail\">\n            <a href=\"https:\/\/seidel-props.de\/wp-content\/gallery\/pzl-104-wilga\/Wilga-Super-Scale_01.gif\"\n               title=\"\"\n               data-src=\"https:\/\/seidel-props.de\/wp-content\/gallery\/pzl-104-wilga\/Wilga-Super-Scale_01.gif\"\n               data-thumbnail=\"https:\/\/seidel-props.de\/wp-content\/gallery\/pzl-104-wilga\/thumbs\/thumbs_Wilga-Super-Scale_01.gif\"\n               data-image-id=\"966\"\n               data-title=\"Wilga-Super-Scale_01\"\n               data-description=\"\"\n               data-image-slug=\"wilga-super-scale_01\"\n               class=\"ngg-simplelightbox\" rel=\"9f3981bd5b0bc0b3f47b6b731838f178\">\n                <img\n                    title=\"Wilga-Super-Scale_01\"\n                    alt=\"Wilga-Super-Scale_01\"\n                    src=\"https:\/\/seidel-props.de\/wp-content\/gallery\/pzl-104-wilga\/cache\/Wilga-Super-Scale_01.gif-nggid03966-ngg0dyn-450x300x100-00f0w010c011r110f110r010t010.gif\"\n                    width=\"450\"\n                    height=\"300\"\n                    style=\"max-width:100%;\"\n                \/>\n            <\/a>\n        <\/div>\n\t\t\t\t\t\t\t<\/div> \n\t\t\t\n\t\t\t\t<div id=\"ngg-image-10\" class=\"ngg-gallery-thumbnail-box ngg-3-columns\" >\n\t\t\t\t        <div class=\"ngg-gallery-thumbnail\">\n            <a href=\"https:\/\/seidel-props.de\/wp-content\/gallery\/pzl-104-wilga\/Wilga-Super-Scale_02.gif\"\n               title=\"\"\n               data-src=\"https:\/\/seidel-props.de\/wp-content\/gallery\/pzl-104-wilga\/Wilga-Super-Scale_02.gif\"\n               data-thumbnail=\"https:\/\/seidel-props.de\/wp-content\/gallery\/pzl-104-wilga\/thumbs\/thumbs_Wilga-Super-Scale_02.gif\"\n               data-image-id=\"967\"\n               data-title=\"Wilga-Super-Scale_02\"\n               data-description=\"\"\n               data-image-slug=\"wilga-super-scale_02\"\n               class=\"ngg-simplelightbox\" rel=\"9f3981bd5b0bc0b3f47b6b731838f178\">\n                <img\n                    title=\"Wilga-Super-Scale_02\"\n                    alt=\"Wilga-Super-Scale_02\"\n                    src=\"https:\/\/seidel-props.de\/wp-content\/gallery\/pzl-104-wilga\/cache\/Wilga-Super-Scale_02.gif-nggid03967-ngg0dyn-450x300x100-00f0w010c011r110f110r010t010.gif\"\n                    width=\"450\"\n                    height=\"300\"\n                    style=\"max-width:100%;\"\n                \/>\n            <\/a>\n        <\/div>\n\t\t\t\t\t\t\t<\/div> \n\t\t\t\n\t\t\t\t<div id=\"ngg-image-11\" class=\"ngg-gallery-thumbnail-box ngg-3-columns\" >\n\t\t\t\t        <div class=\"ngg-gallery-thumbnail\">\n            <a href=\"https:\/\/seidel-props.de\/wp-content\/gallery\/pzl-104-wilga\/Wilga-Super-Scale_03.gif\"\n               title=\"\"\n               data-src=\"https:\/\/seidel-props.de\/wp-content\/gallery\/pzl-104-wilga\/Wilga-Super-Scale_03.gif\"\n               data-thumbnail=\"https:\/\/seidel-props.de\/wp-content\/gallery\/pzl-104-wilga\/thumbs\/thumbs_Wilga-Super-Scale_03.gif\"\n               data-image-id=\"968\"\n               data-title=\"Wilga-Super-Scale_03\"\n               data-description=\"\"\n               data-image-slug=\"wilga-super-scale_03\"\n               class=\"ngg-simplelightbox\" rel=\"9f3981bd5b0bc0b3f47b6b731838f178\">\n                <img\n                    title=\"Wilga-Super-Scale_03\"\n                    alt=\"Wilga-Super-Scale_03\"\n                    src=\"https:\/\/seidel-props.de\/wp-content\/gallery\/pzl-104-wilga\/cache\/Wilga-Super-Scale_03.gif-nggid03968-ngg0dyn-450x300x100-00f0w010c011r110f110r010t010.gif\"\n                    width=\"450\"\n                    height=\"300\"\n                    style=\"max-width:100%;\"\n                \/>\n            <\/a>\n        <\/div>\n\t\t\t\t\t\t\t<\/div> \n\t\t\t\n\t\t\t\t<div id=\"ngg-image-12\" class=\"ngg-gallery-thumbnail-box ngg-3-columns\" >\n\t\t\t\t        <div class=\"ngg-gallery-thumbnail\">\n            <a href=\"https:\/\/seidel-props.de\/wp-content\/gallery\/pzl-104-wilga\/Wilga-Super-Scale_04.gif\"\n               title=\"\"\n               data-src=\"https:\/\/seidel-props.de\/wp-content\/gallery\/pzl-104-wilga\/Wilga-Super-Scale_04.gif\"\n               data-thumbnail=\"https:\/\/seidel-props.de\/wp-content\/gallery\/pzl-104-wilga\/thumbs\/thumbs_Wilga-Super-Scale_04.gif\"\n               data-image-id=\"965\"\n               data-title=\"Wilga-Super-Scale_04\"\n               data-description=\"\"\n               data-image-slug=\"wilga-super-scale_04\"\n               class=\"ngg-simplelightbox\" rel=\"9f3981bd5b0bc0b3f47b6b731838f178\">\n                <img\n                    title=\"Wilga-Super-Scale_04\"\n                    alt=\"Wilga-Super-Scale_04\"\n                    src=\"https:\/\/seidel-props.de\/wp-content\/gallery\/pzl-104-wilga\/cache\/Wilga-Super-Scale_04.gif-nggid03965-ngg0dyn-450x300x100-00f0w010c011r110f110r010t010.gif\"\n                    width=\"450\"\n                    height=\"300\"\n                    style=\"max-width:100%;\"\n                \/>\n            <\/a>\n        <\/div>\n\t\t\t\t\t\t\t<\/div> \n\t\t\t\n\t\n\t<br style=\"clear: both\" \/>\n\n\t\n\t\t<!-- Pagination -->\n\t<div class='ngg-clear'><\/div>\t<\/div>\n\n\n\n\n<p>Wir haben f\u00fcr dieses Flugzeug vor vielen Jahren die charakteristische Luftschraubenform rekonstruiert. Dank einiger aerodynamischer Schnippchen funktioniert diese &#8220;Schaltafel&#8221; sehr viel besser, als sie erahnen l\u00e4\u00dft. Die breite Blattform hat extrem viel Biss und bietet beim Absteigen eine Bremswirkung wie ein Fallschirm. <\/p>\n\n\n\n<p>F\u00fcr unterschiedlichste Motoren und in Varianten mit Standard- oder <a rel=\"noreferrer noopener\" href=\"https:\/\/seidel-props.de\/scale-naben\/\" data-type=\"URL\" data-id=\"https:\/\/seidel-props.de\/scale-naben\/\" target=\"_blank\">Scale-Naben<\/a> mit passendem <a rel=\"noreferrer noopener\" href=\"https:\/\/seidel-props.de\/super-scale-spinnerset\/\" data-type=\"URL\" data-id=\"https:\/\/seidel-props.de\/super-scale-spinnerset\/\" target=\"_blank\">Super-Scale-Spinnerset<\/a> haben wir schon unz\u00e4hlige Propeller geliefert. Von 80cm\u00b3 bis 800cm\u00b3 durften schon alle m\u00f6glichen Sternmotoren an der Nabe drehen.<\/p>\n\n\n\n<p>Pst! F\u00fcr alle Scale-Freaks: Der originale Stern dreht linksrum! Linksdrehende Props zu fertigen ist f\u00fcr uns kein Problem, f\u00fcr die Motorenbauer schon!<\/p>\n\n\n\n<p>Und noch eins: Die ersten Wilga-Typen hatten starre Holzpropeller.<\/p>\n","protected":false},"excerpt":{"rendered":"<p>PZL-104 Wilga Die polnische Wilga ist ein universelles Sportflugzeug zum Absetzen von Fallschirmspringern und insbesondere zum Schleppen von Seglern. \u00dcber&hellip;<\/p>\n","protected":false},"author":1,"featured_media":0,"parent":0,"menu_order":0,"comment_status":"closed","ping_status":"closed","template":"","meta":{"ngg_post_thumbnail":0,"footnotes":""},"class_list":["post-2528","page","type-page","status-publish","hentry"],"translation":{"provider":"WPGlobus","version":"2.10.0","language":"en","enabled_languages":["de","en"],"languages":{"de":{"title":true,"content":true,"excerpt":false},"en":{"title":false,"content":false,"excerpt":false}}},"_links":{"self":[{"href":"https:\/\/seidel-props.de\/en\/wp-json\/wp\/v2\/pages\/2528","targetHints":{"allow":["GET"]}}],"collection":[{"href":"https:\/\/seidel-props.de\/en\/wp-json\/wp\/v2\/pages"}],"about":[{"href":"https:\/\/seidel-props.de\/en\/wp-json\/wp\/v2\/types\/page"}],"author":[{"embeddable":true,"href":"https:\/\/seidel-props.de\/en\/wp-json\/wp\/v2\/users\/1"}],"replies":[{"embeddable":true,"href":"https:\/\/seidel-props.de\/en\/wp-json\/wp\/v2\/comments?post=2528"}],"version-history":[{"count":5,"href":"https:\/\/seidel-props.de\/en\/wp-json\/wp\/v2\/pages\/2528\/revisions"}],"predecessor-version":[{"id":2589,"href":"https:\/\/seidel-props.de\/en\/wp-json\/wp\/v2\/pages\/2528\/revisions\/2589"}],"wp:attachment":[{"href":"https:\/\/seidel-props.de\/en\/wp-json\/wp\/v2\/media?parent=2528"}],"curies":[{"name":"wp","href":"https:\/\/api.w.org\/{rel}","templated":true}]}}