{"id":2548,"date":"2021-09-20T23:07:03","date_gmt":"2021-09-20T21:07:03","guid":{"rendered":"https:\/\/seidel-props.de\/?page_id=2548"},"modified":"2021-09-25T23:30:08","modified_gmt":"2021-09-25T21:30:08","slug":"pzl-106-kruk","status":"publish","type":"page","link":"https:\/\/seidel-props.de\/en\/pzl-106-kruk\/","title":{"rendered":"PZL-106 Kruk"},"content":{"rendered":"\n<p>PZL-106 Kruk<\/p>\n\n\n\n<p>Die polnische Kruk ist ein Agrarflieger zum Ausbringen von fl\u00fcssigem oder pulvrigem D\u00fcnger oder anderen leckeren Zutaten auf entsprechend gro\u00dfen Feldern der ehemaligen Ostblockstaaten.<\/p>\n\n\n\n<p>Aufgrund des Betriebs direkt an den Feldern auf improvisierten Start- und Landebahnen und der Beladung mit Baggern oder Tankwagen mu\u00df das Flugzeug auch mit gr\u00f6\u00dferen Strapazen zurechtkommen.<\/p>\n\n\n\n<p>Dank Schutzblechen am weit federnden Fahrwerk h\u00e4lt sich die Verschmutzung und Steinschlaggefahr der Zelle in Grenzen. Der recht gro\u00dfe Propeller sorgt in Verbindung mit dem untersetzen Sternmotor f\u00fcr den n\u00f6tigen Vortrieb des schwer beladenen Ger\u00e4ts.<\/p>\n\n\n\n<!-- default-view.php -->\n<div\n\tclass=\"ngg-galleryoverview default-view \"\n\tid=\"ngg-gallery-b040b4d95b9549e99bcefd842726ec38-1\">\n\n\t\t<!-- Thumbnails -->\n\t\t\t\t<div id=\"ngg-image-0\" class=\"ngg-gallery-thumbnail-box ngg-3-columns\" >\n\t\t\t\t        <div class=\"ngg-gallery-thumbnail\">\n            <a href=\"https:\/\/seidel-props.de\/wp-content\/gallery\/pzl-106-a-kruk\/DSCN8650.JPG\"\n               title=\"\"\n               data-src=\"https:\/\/seidel-props.de\/wp-content\/gallery\/pzl-106-a-kruk\/DSCN8650.JPG\"\n               data-thumbnail=\"https:\/\/seidel-props.de\/wp-content\/gallery\/pzl-106-a-kruk\/thumbs\/thumbs_DSCN8650.JPG\"\n               data-image-id=\"973\"\n               data-title=\"DSCN8650\"\n               data-description=\"\"\n               data-image-slug=\"dscn8650\"\n               class=\"ngg-simplelightbox\" rel=\"b040b4d95b9549e99bcefd842726ec38\">\n                <img\n                    title=\"DSCN8650\"\n                    alt=\"DSCN8650\"\n                    src=\"https:\/\/seidel-props.de\/wp-content\/gallery\/pzl-106-a-kruk\/cache\/DSCN8650.JPG-nggid03973-ngg0dyn-450x300x100-00f0w010c011r110f110r010t010.JPG\"\n                    width=\"450\"\n                    height=\"300\"\n                    style=\"max-width:100%;\"\n                \/>\n            <\/a>\n        <\/div>\n\t\t\t\t\t\t\t<\/div> \n\t\t\t\n\t\t\t\t<div id=\"ngg-image-1\" class=\"ngg-gallery-thumbnail-box ngg-3-columns\" >\n\t\t\t\t        <div class=\"ngg-gallery-thumbnail\">\n            <a href=\"https:\/\/seidel-props.de\/wp-content\/gallery\/pzl-106-a-kruk\/DSCN8736.JPG\"\n               title=\"\"\n               data-src=\"https:\/\/seidel-props.de\/wp-content\/gallery\/pzl-106-a-kruk\/DSCN8736.JPG\"\n               data-thumbnail=\"https:\/\/seidel-props.de\/wp-content\/gallery\/pzl-106-a-kruk\/thumbs\/thumbs_DSCN8736.JPG\"\n               data-image-id=\"972\"\n               data-title=\"DSCN8736\"\n               data-description=\"\"\n               data-image-slug=\"dscn8736\"\n               class=\"ngg-simplelightbox\" rel=\"b040b4d95b9549e99bcefd842726ec38\">\n                <img\n                    title=\"DSCN8736\"\n                    alt=\"DSCN8736\"\n                    src=\"https:\/\/seidel-props.de\/wp-content\/gallery\/pzl-106-a-kruk\/cache\/DSCN8736.JPG-nggid03972-ngg0dyn-450x300x100-00f0w010c011r110f110r010t010.JPG\"\n                    width=\"450\"\n                    height=\"300\"\n                    style=\"max-width:100%;\"\n                \/>\n            <\/a>\n        <\/div>\n\t\t\t\t\t\t\t<\/div> \n\t\t\t\n\t\t\t\t<div id=\"ngg-image-2\" class=\"ngg-gallery-thumbnail-box ngg-3-columns\" >\n\t\t\t\t        <div class=\"ngg-gallery-thumbnail\">\n            <a href=\"https:\/\/seidel-props.de\/wp-content\/gallery\/pzl-106-a-kruk\/IMG_6065.jpg\"\n               title=\"\"\n               data-src=\"https:\/\/seidel-props.de\/wp-content\/gallery\/pzl-106-a-kruk\/IMG_6065.jpg\"\n               data-thumbnail=\"https:\/\/seidel-props.de\/wp-content\/gallery\/pzl-106-a-kruk\/thumbs\/thumbs_IMG_6065.jpg\"\n               data-image-id=\"974\"\n               data-title=\"IMG_6065\"\n               data-description=\"\"\n               data-image-slug=\"img_6065\"\n               class=\"ngg-simplelightbox\" rel=\"b040b4d95b9549e99bcefd842726ec38\">\n                <img\n                    title=\"IMG_6065\"\n                    alt=\"IMG_6065\"\n                    src=\"https:\/\/seidel-props.de\/wp-content\/gallery\/pzl-106-a-kruk\/cache\/IMG_6065.jpg-nggid03974-ngg0dyn-450x300x100-00f0w010c011r110f110r010t010.jpg\"\n                    width=\"450\"\n                    height=\"300\"\n                    style=\"max-width:100%;\"\n                \/>\n            <\/a>\n        <\/div>\n\t\t\t\t\t\t\t<\/div> \n\t\t\t\n\t\t\t\t<div id=\"ngg-image-3\" class=\"ngg-gallery-thumbnail-box ngg-3-columns\" >\n\t\t\t\t        <div class=\"ngg-gallery-thumbnail\">\n            <a href=\"https:\/\/seidel-props.de\/wp-content\/gallery\/pzl-106-a-kruk\/pzl-106-1.gif\"\n               title=\"\"\n               data-src=\"https:\/\/seidel-props.de\/wp-content\/gallery\/pzl-106-a-kruk\/pzl-106-1.gif\"\n               data-thumbnail=\"https:\/\/seidel-props.de\/wp-content\/gallery\/pzl-106-a-kruk\/thumbs\/thumbs_pzl-106-1.gif\"\n               data-image-id=\"537\"\n               data-title=\"pzl-106-1\"\n               data-description=\"\"\n               data-image-slug=\"pzl-106-1-1\"\n               class=\"ngg-simplelightbox\" rel=\"b040b4d95b9549e99bcefd842726ec38\">\n                <img\n                    title=\"pzl-106-1\"\n                    alt=\"pzl-106-1\"\n                    src=\"https:\/\/seidel-props.de\/wp-content\/gallery\/pzl-106-a-kruk\/cache\/pzl-106-1.gif-nggid03537-ngg0dyn-450x300x100-00f0w010c011r110f110r010t010.gif\"\n                    width=\"420\"\n                    height=\"300\"\n                    style=\"max-width:100%;\"\n                \/>\n            <\/a>\n        <\/div>\n\t\t\t\t\t\t\t<\/div> \n\t\t\t\n\t\t\t\t<div id=\"ngg-image-4\" class=\"ngg-gallery-thumbnail-box ngg-3-columns\" >\n\t\t\t\t        <div class=\"ngg-gallery-thumbnail\">\n            <a href=\"https:\/\/seidel-props.de\/wp-content\/gallery\/pzl-106-a-kruk\/pzl-106-2.gif\"\n               title=\"\"\n               data-src=\"https:\/\/seidel-props.de\/wp-content\/gallery\/pzl-106-a-kruk\/pzl-106-2.gif\"\n               data-thumbnail=\"https:\/\/seidel-props.de\/wp-content\/gallery\/pzl-106-a-kruk\/thumbs\/thumbs_pzl-106-2.gif\"\n               data-image-id=\"538\"\n               data-title=\"pzl-106-2\"\n               data-description=\"\"\n               data-image-slug=\"pzl-106-2-1\"\n               class=\"ngg-simplelightbox\" rel=\"b040b4d95b9549e99bcefd842726ec38\">\n                <img\n                    title=\"pzl-106-2\"\n                    alt=\"pzl-106-2\"\n                    src=\"https:\/\/seidel-props.de\/wp-content\/gallery\/pzl-106-a-kruk\/cache\/pzl-106-2.gif-nggid03538-ngg0dyn-450x300x100-00f0w010c011r110f110r010t010.gif\"\n                    width=\"420\"\n                    height=\"279\"\n                    style=\"max-width:100%;\"\n                \/>\n            <\/a>\n        <\/div>\n\t\t\t\t\t\t\t<\/div> \n\t\t\t\n\t\t\t\t<div id=\"ngg-image-5\" class=\"ngg-gallery-thumbnail-box ngg-3-columns\" >\n\t\t\t\t        <div class=\"ngg-gallery-thumbnail\">\n            <a href=\"https:\/\/seidel-props.de\/wp-content\/gallery\/pzl-106-a-kruk\/pzl-106-3.gif\"\n               title=\"\"\n               data-src=\"https:\/\/seidel-props.de\/wp-content\/gallery\/pzl-106-a-kruk\/pzl-106-3.gif\"\n               data-thumbnail=\"https:\/\/seidel-props.de\/wp-content\/gallery\/pzl-106-a-kruk\/thumbs\/thumbs_pzl-106-3.gif\"\n               data-image-id=\"539\"\n               data-title=\"pzl-106-3\"\n               data-description=\"\"\n               data-image-slug=\"pzl-106-3-1\"\n               class=\"ngg-simplelightbox\" rel=\"b040b4d95b9549e99bcefd842726ec38\">\n                <img\n                    title=\"pzl-106-3\"\n                    alt=\"pzl-106-3\"\n                    src=\"https:\/\/seidel-props.de\/wp-content\/gallery\/pzl-106-a-kruk\/cache\/pzl-106-3.gif-nggid03539-ngg0dyn-450x300x100-00f0w010c011r110f110r010t010.gif\"\n                    width=\"420\"\n                    height=\"300\"\n                    style=\"max-width:100%;\"\n                \/>\n            <\/a>\n        <\/div>\n\t\t\t\t\t\t\t<\/div> \n\t\t\t\n\t\t\t\t<div id=\"ngg-image-6\" class=\"ngg-gallery-thumbnail-box ngg-3-columns\" >\n\t\t\t\t        <div class=\"ngg-gallery-thumbnail\">\n            <a href=\"https:\/\/seidel-props.de\/wp-content\/gallery\/pzl-106-a-kruk\/pzl-106-4.gif\"\n               title=\"\"\n               data-src=\"https:\/\/seidel-props.de\/wp-content\/gallery\/pzl-106-a-kruk\/pzl-106-4.gif\"\n               data-thumbnail=\"https:\/\/seidel-props.de\/wp-content\/gallery\/pzl-106-a-kruk\/thumbs\/thumbs_pzl-106-4.gif\"\n               data-image-id=\"540\"\n               data-title=\"pzl-106-4\"\n               data-description=\"\"\n               data-image-slug=\"pzl-106-4-1\"\n               class=\"ngg-simplelightbox\" rel=\"b040b4d95b9549e99bcefd842726ec38\">\n                <img\n                    title=\"pzl-106-4\"\n                    alt=\"pzl-106-4\"\n                    src=\"https:\/\/seidel-props.de\/wp-content\/gallery\/pzl-106-a-kruk\/cache\/pzl-106-4.gif-nggid03540-ngg0dyn-450x300x100-00f0w010c011r110f110r010t010.gif\"\n                    width=\"420\"\n                    height=\"291\"\n                    style=\"max-width:100%;\"\n                \/>\n            <\/a>\n        <\/div>\n\t\t\t\t\t\t\t<\/div> \n\t\t\t\n\t\t\t\t<div id=\"ngg-image-7\" class=\"ngg-gallery-thumbnail-box ngg-3-columns\" >\n\t\t\t\t        <div class=\"ngg-gallery-thumbnail\">\n            <a href=\"https:\/\/seidel-props.de\/wp-content\/gallery\/pzl-106-a-kruk\/pzl-106-6.gif\"\n               title=\"\"\n               data-src=\"https:\/\/seidel-props.de\/wp-content\/gallery\/pzl-106-a-kruk\/pzl-106-6.gif\"\n               data-thumbnail=\"https:\/\/seidel-props.de\/wp-content\/gallery\/pzl-106-a-kruk\/thumbs\/thumbs_pzl-106-6.gif\"\n               data-image-id=\"542\"\n               data-title=\"pzl-106-6\"\n               data-description=\"\"\n               data-image-slug=\"pzl-106-6-1\"\n               class=\"ngg-simplelightbox\" rel=\"b040b4d95b9549e99bcefd842726ec38\">\n                <img\n                    title=\"pzl-106-6\"\n                    alt=\"pzl-106-6\"\n                    src=\"https:\/\/seidel-props.de\/wp-content\/gallery\/pzl-106-a-kruk\/cache\/pzl-106-6.gif-nggid03542-ngg0dyn-450x300x100-00f0w010c011r110f110r010t010.gif\"\n                    width=\"450\"\n                    height=\"300\"\n                    style=\"max-width:100%;\"\n                \/>\n            <\/a>\n        <\/div>\n\t\t\t\t\t\t\t<\/div> \n\t\t\t\n\t\t\t\t<div id=\"ngg-image-8\" class=\"ngg-gallery-thumbnail-box ngg-3-columns\" >\n\t\t\t\t        <div class=\"ngg-gallery-thumbnail\">\n            <a href=\"https:\/\/seidel-props.de\/wp-content\/gallery\/pzl-106-a-kruk\/PZL-106BR20Krug20WSK20DDR-TED2015.jpg\"\n               title=\"\"\n               data-src=\"https:\/\/seidel-props.de\/wp-content\/gallery\/pzl-106-a-kruk\/PZL-106BR20Krug20WSK20DDR-TED2015.jpg\"\n               data-thumbnail=\"https:\/\/seidel-props.de\/wp-content\/gallery\/pzl-106-a-kruk\/thumbs\/thumbs_PZL-106BR20Krug20WSK20DDR-TED2015.jpg\"\n               data-image-id=\"975\"\n               data-title=\"OLYMPUS DIGITAL CAMERA\"\n               data-description=\"\"\n               data-image-slug=\"pzl-106br20krug20wsk20ddr-ted2015\"\n               class=\"ngg-simplelightbox\" rel=\"b040b4d95b9549e99bcefd842726ec38\">\n                <img\n                    title=\"OLYMPUS DIGITAL CAMERA\"\n                    alt=\"OLYMPUS DIGITAL CAMERA\"\n                    src=\"https:\/\/seidel-props.de\/wp-content\/gallery\/pzl-106-a-kruk\/cache\/PZL-106BR20Krug20WSK20DDR-TED2015.jpg-nggid03975-ngg0dyn-450x300x100-00f0w010c011r110f110r010t010.jpg\"\n                    width=\"450\"\n                    height=\"300\"\n                    style=\"max-width:100%;\"\n                \/>\n            <\/a>\n        <\/div>\n\t\t\t\t\t\t\t<\/div> \n\t\t\t\n\t\n\t<br style=\"clear: both\" \/>\n\n\t\n\t\t<!-- Pagination -->\n\t<div class='ngg-clear'><\/div>\t<\/div>\n\n\n\n\n<p>F\u00fcr viele verschiedene Motorisierungen haben wir schon Kruk-Scale-Propeller hergestellt. Besonders beeindruckend ist die Maschine von Peter K\u00e4mpfer (CH), die mit unserem SP-250-X und m\u00e4chtigem 4-Blatt-Propeller 44&#215;40&#8243; ausger\u00fcstet ist und selbst Segler mit 25kg m\u00fchelos in den Himmel schleppt.<\/p>\n","protected":false},"excerpt":{"rendered":"<p>PZL-106 Kruk Die polnische Kruk ist ein Agrarflieger zum Ausbringen von fl\u00fcssigem oder pulvrigem D\u00fcnger oder anderen leckeren Zutaten auf&hellip;<\/p>\n","protected":false},"author":1,"featured_media":0,"parent":0,"menu_order":0,"comment_status":"closed","ping_status":"closed","template":"","meta":{"ngg_post_thumbnail":0,"footnotes":""},"class_list":["post-2548","page","type-page","status-publish","hentry"],"translation":{"provider":"WPGlobus","version":"2.10.0","language":"en","enabled_languages":["de","en"],"languages":{"de":{"title":true,"content":true,"excerpt":false},"en":{"title":false,"content":false,"excerpt":false}}},"_links":{"self":[{"href":"https:\/\/seidel-props.de\/en\/wp-json\/wp\/v2\/pages\/2548","targetHints":{"allow":["GET"]}}],"collection":[{"href":"https:\/\/seidel-props.de\/en\/wp-json\/wp\/v2\/pages"}],"about":[{"href":"https:\/\/seidel-props.de\/en\/wp-json\/wp\/v2\/types\/page"}],"author":[{"embeddable":true,"href":"https:\/\/seidel-props.de\/en\/wp-json\/wp\/v2\/users\/1"}],"replies":[{"embeddable":true,"href":"https:\/\/seidel-props.de\/en\/wp-json\/wp\/v2\/comments?post=2548"}],"version-history":[{"count":4,"href":"https:\/\/seidel-props.de\/en\/wp-json\/wp\/v2\/pages\/2548\/revisions"}],"predecessor-version":[{"id":2558,"href":"https:\/\/seidel-props.de\/en\/wp-json\/wp\/v2\/pages\/2548\/revisions\/2558"}],"wp:attachment":[{"href":"https:\/\/seidel-props.de\/en\/wp-json\/wp\/v2\/media?parent=2548"}],"curies":[{"name":"wp","href":"https:\/\/api.w.org\/{rel}","templated":true}]}}