{"id":2559,"date":"2021-09-25T23:44:45","date_gmt":"2021-09-25T21:44:45","guid":{"rendered":"https:\/\/seidel-props.de\/?page_id=2559"},"modified":"2021-09-25T23:48:21","modified_gmt":"2021-09-25T21:48:21","slug":"rare-bear","status":"publish","type":"page","link":"https:\/\/seidel-props.de\/en\/rare-bear\/","title":{"rendered":"Rare Bear"},"content":{"rendered":"\n<p>Rare Bear<\/p>\n\n\n\n<p>Die Rare Bear ist die Rennversion einer F8F Bearcat, wie sie in Reno Nevada im legend\u00e4ren Flugzeugrennen eingesetzt wird. Getrimmt auf H\u00f6chstleistung fliegt die Maschine mit gestutzen Fl\u00e4chen nahe der Grenzgeschwindigkeit, die f\u00fcr propellergetriebene Maschinen das Maximum im Horinontalflug darstellt. Im Original mit einem 18-Zylinder Doppelstern ausger\u00fcstet geh\u00f6rt sie zu den leistungsst\u00e4rksten Kolbentriebwerksflugzeugen.<\/p>\n\n\n\n<p>Charakteristisch ist der Biberschwanz-Propeller mit unsagbar breiten Bl\u00e4ttern, der nat\u00fcrlich von uns rekonstruiert wurde und in beliebigen Durchmesser\/Steigungskombinationen gefertigt werden kann.<\/p>\n\n\n\n<p>Im Modell wurden schon f\u00fcr Antriebe zwischen Moki S250 bis 3W 220 B4 einige originalgetreue 3-Blatt-Propeller gefertigt und damit ebenfalls Spitzengeschwindigkeiten erzielt. So wurden z.B. an einer Maschine &#8211; gepowert mit einem 5-Zylinder Moki &#8211; \u00fcber 300 km\/h erzielt.<\/p>\n\n\n\n<!-- default-view.php -->\n<div\n\tclass=\"ngg-galleryoverview default-view \"\n\tid=\"ngg-gallery-f341b48fd5d8224501c4c9799cb3059e-1\">\n\n\t\t<!-- Thumbnails -->\n\t\t\t\t<div id=\"ngg-image-0\" class=\"ngg-gallery-thumbnail-box ngg-3-columns\" >\n\t\t\t\t        <div class=\"ngg-gallery-thumbnail\">\n            <a href=\"https:\/\/seidel-props.de\/wp-content\/gallery\/rare-bear-1\/rarebe-1.gif\"\n               title=\"\"\n               data-src=\"https:\/\/seidel-props.de\/wp-content\/gallery\/rare-bear-1\/rarebe-1.gif\"\n               data-thumbnail=\"https:\/\/seidel-props.de\/wp-content\/gallery\/rare-bear-1\/thumbs\/thumbs_rarebe-1.gif\"\n               data-image-id=\"546\"\n               data-title=\"rarebe-1\"\n               data-description=\"\"\n               data-image-slug=\"rarebe-1\"\n               class=\"ngg-simplelightbox\" rel=\"f341b48fd5d8224501c4c9799cb3059e\">\n                <img\n                    title=\"rarebe-1\"\n                    alt=\"rarebe-1\"\n                    src=\"https:\/\/seidel-props.de\/wp-content\/gallery\/rare-bear-1\/cache\/rarebe-1.gif-nggid03546-ngg0dyn-450x300x100-00f0w010c011r110f110r010t010.gif\"\n                    width=\"450\"\n                    height=\"300\"\n                    style=\"max-width:100%;\"\n                \/>\n            <\/a>\n        <\/div>\n\t\t\t\t\t\t\t<\/div> \n\t\t\t\n\t\t\t\t<div id=\"ngg-image-1\" class=\"ngg-gallery-thumbnail-box ngg-3-columns\" >\n\t\t\t\t        <div class=\"ngg-gallery-thumbnail\">\n            <a href=\"https:\/\/seidel-props.de\/wp-content\/gallery\/rare-bear-1\/rarebe-2.gif\"\n               title=\"\"\n               data-src=\"https:\/\/seidel-props.de\/wp-content\/gallery\/rare-bear-1\/rarebe-2.gif\"\n               data-thumbnail=\"https:\/\/seidel-props.de\/wp-content\/gallery\/rare-bear-1\/thumbs\/thumbs_rarebe-2.gif\"\n               data-image-id=\"547\"\n               data-title=\"rarebe-2\"\n               data-description=\"\"\n               data-image-slug=\"rarebe-2\"\n               class=\"ngg-simplelightbox\" rel=\"f341b48fd5d8224501c4c9799cb3059e\">\n                <img\n                    title=\"rarebe-2\"\n                    alt=\"rarebe-2\"\n                    src=\"https:\/\/seidel-props.de\/wp-content\/gallery\/rare-bear-1\/cache\/rarebe-2.gif-nggid03547-ngg0dyn-450x300x100-00f0w010c011r110f110r010t010.gif\"\n                    width=\"420\"\n                    height=\"300\"\n                    style=\"max-width:100%;\"\n                \/>\n            <\/a>\n        <\/div>\n\t\t\t\t\t\t\t<\/div> \n\t\t\t\n\t\t\t\t<div id=\"ngg-image-2\" class=\"ngg-gallery-thumbnail-box ngg-3-columns\" >\n\t\t\t\t        <div class=\"ngg-gallery-thumbnail\">\n            <a href=\"https:\/\/seidel-props.de\/wp-content\/gallery\/rare-bear-1\/rarebe-3.gif\"\n               title=\"\"\n               data-src=\"https:\/\/seidel-props.de\/wp-content\/gallery\/rare-bear-1\/rarebe-3.gif\"\n               data-thumbnail=\"https:\/\/seidel-props.de\/wp-content\/gallery\/rare-bear-1\/thumbs\/thumbs_rarebe-3.gif\"\n               data-image-id=\"548\"\n               data-title=\"rarebe-3\"\n               data-description=\"\"\n               data-image-slug=\"rarebe-3\"\n               class=\"ngg-simplelightbox\" rel=\"f341b48fd5d8224501c4c9799cb3059e\">\n                <img\n                    title=\"rarebe-3\"\n                    alt=\"rarebe-3\"\n                    src=\"https:\/\/seidel-props.de\/wp-content\/gallery\/rare-bear-1\/cache\/rarebe-3.gif-nggid03548-ngg0dyn-450x300x100-00f0w010c011r110f110r010t010.gif\"\n                    width=\"420\"\n                    height=\"300\"\n                    style=\"max-width:100%;\"\n                \/>\n            <\/a>\n        <\/div>\n\t\t\t\t\t\t\t<\/div> \n\t\t\t\n\t\t\t\t<div id=\"ngg-image-3\" class=\"ngg-gallery-thumbnail-box ngg-3-columns\" >\n\t\t\t\t        <div class=\"ngg-gallery-thumbnail\">\n            <a href=\"https:\/\/seidel-props.de\/wp-content\/gallery\/rare-bear-1\/rarebe-4.gif\"\n               title=\"\"\n               data-src=\"https:\/\/seidel-props.de\/wp-content\/gallery\/rare-bear-1\/rarebe-4.gif\"\n               data-thumbnail=\"https:\/\/seidel-props.de\/wp-content\/gallery\/rare-bear-1\/thumbs\/thumbs_rarebe-4.gif\"\n               data-image-id=\"549\"\n               data-title=\"rarebe-4\"\n               data-description=\"\"\n               data-image-slug=\"rarebe-4\"\n               class=\"ngg-simplelightbox\" rel=\"f341b48fd5d8224501c4c9799cb3059e\">\n                <img\n                    title=\"rarebe-4\"\n                    alt=\"rarebe-4\"\n                    src=\"https:\/\/seidel-props.de\/wp-content\/gallery\/rare-bear-1\/cache\/rarebe-4.gif-nggid03549-ngg0dyn-450x300x100-00f0w010c011r110f110r010t010.gif\"\n                    width=\"450\"\n                    height=\"300\"\n                    style=\"max-width:100%;\"\n                \/>\n            <\/a>\n        <\/div>\n\t\t\t\t\t\t\t<\/div> \n\t\t\t\n\t\t\t\t<div id=\"ngg-image-4\" class=\"ngg-gallery-thumbnail-box ngg-3-columns\" >\n\t\t\t\t        <div class=\"ngg-gallery-thumbnail\">\n            <a href=\"https:\/\/seidel-props.de\/wp-content\/gallery\/rare-bear-1\/rarebe-5.gif\"\n               title=\"\"\n               data-src=\"https:\/\/seidel-props.de\/wp-content\/gallery\/rare-bear-1\/rarebe-5.gif\"\n               data-thumbnail=\"https:\/\/seidel-props.de\/wp-content\/gallery\/rare-bear-1\/thumbs\/thumbs_rarebe-5.gif\"\n               data-image-id=\"550\"\n               data-title=\"rarebe-5\"\n               data-description=\"\"\n               data-image-slug=\"rarebe-5\"\n               class=\"ngg-simplelightbox\" rel=\"f341b48fd5d8224501c4c9799cb3059e\">\n                <img\n                    title=\"rarebe-5\"\n                    alt=\"rarebe-5\"\n                    src=\"https:\/\/seidel-props.de\/wp-content\/gallery\/rare-bear-1\/cache\/rarebe-5.gif-nggid03550-ngg0dyn-450x300x100-00f0w010c011r110f110r010t010.gif\"\n                    width=\"450\"\n                    height=\"300\"\n                    style=\"max-width:100%;\"\n                \/>\n            <\/a>\n        <\/div>\n\t\t\t\t\t\t\t<\/div> \n\t\t\t\n\t\t\t\t<div id=\"ngg-image-5\" class=\"ngg-gallery-thumbnail-box ngg-3-columns\" >\n\t\t\t\t        <div class=\"ngg-gallery-thumbnail\">\n            <a href=\"https:\/\/seidel-props.de\/wp-content\/gallery\/rare-bear-1\/rarebe-6.gif\"\n               title=\"\"\n               data-src=\"https:\/\/seidel-props.de\/wp-content\/gallery\/rare-bear-1\/rarebe-6.gif\"\n               data-thumbnail=\"https:\/\/seidel-props.de\/wp-content\/gallery\/rare-bear-1\/thumbs\/thumbs_rarebe-6.gif\"\n               data-image-id=\"551\"\n               data-title=\"rarebe-6\"\n               data-description=\"\"\n               data-image-slug=\"rarebe-6\"\n               class=\"ngg-simplelightbox\" rel=\"f341b48fd5d8224501c4c9799cb3059e\">\n                <img\n                    title=\"rarebe-6\"\n                    alt=\"rarebe-6\"\n                    src=\"https:\/\/seidel-props.de\/wp-content\/gallery\/rare-bear-1\/cache\/rarebe-6.gif-nggid03551-ngg0dyn-450x300x100-00f0w010c011r110f110r010t010.gif\"\n                    width=\"450\"\n                    height=\"300\"\n                    style=\"max-width:100%;\"\n                \/>\n            <\/a>\n        <\/div>\n\t\t\t\t\t\t\t<\/div> \n\t\t\t\n\t\t\t\t<div id=\"ngg-image-6\" class=\"ngg-gallery-thumbnail-box ngg-3-columns\" >\n\t\t\t\t        <div class=\"ngg-gallery-thumbnail\">\n            <a href=\"https:\/\/seidel-props.de\/wp-content\/gallery\/rare-bear-1\/rarebe-7.gif\"\n               title=\"\"\n               data-src=\"https:\/\/seidel-props.de\/wp-content\/gallery\/rare-bear-1\/rarebe-7.gif\"\n               data-thumbnail=\"https:\/\/seidel-props.de\/wp-content\/gallery\/rare-bear-1\/thumbs\/thumbs_rarebe-7.gif\"\n               data-image-id=\"552\"\n               data-title=\"rarebe-7\"\n               data-description=\"\"\n               data-image-slug=\"rarebe-7\"\n               class=\"ngg-simplelightbox\" rel=\"f341b48fd5d8224501c4c9799cb3059e\">\n                <img\n                    title=\"rarebe-7\"\n                    alt=\"rarebe-7\"\n                    src=\"https:\/\/seidel-props.de\/wp-content\/gallery\/rare-bear-1\/cache\/rarebe-7.gif-nggid03552-ngg0dyn-450x300x100-00f0w010c011r110f110r010t010.gif\"\n                    width=\"450\"\n                    height=\"300\"\n                    style=\"max-width:100%;\"\n                \/>\n            <\/a>\n        <\/div>\n\t\t\t\t\t\t\t<\/div> \n\t\t\t\n\t\t\t\t<div id=\"ngg-image-7\" class=\"ngg-gallery-thumbnail-box ngg-3-columns\" >\n\t\t\t\t        <div class=\"ngg-gallery-thumbnail\">\n            <a href=\"https:\/\/seidel-props.de\/wp-content\/gallery\/rare-bear-1\/rarebe-8.gif\"\n               title=\"\"\n               data-src=\"https:\/\/seidel-props.de\/wp-content\/gallery\/rare-bear-1\/rarebe-8.gif\"\n               data-thumbnail=\"https:\/\/seidel-props.de\/wp-content\/gallery\/rare-bear-1\/thumbs\/thumbs_rarebe-8.gif\"\n               data-image-id=\"553\"\n               data-title=\"rarebe-8\"\n               data-description=\"\"\n               data-image-slug=\"rarebe-8\"\n               class=\"ngg-simplelightbox\" rel=\"f341b48fd5d8224501c4c9799cb3059e\">\n                <img\n                    title=\"rarebe-8\"\n                    alt=\"rarebe-8\"\n                    src=\"https:\/\/seidel-props.de\/wp-content\/gallery\/rare-bear-1\/cache\/rarebe-8.gif-nggid03553-ngg0dyn-450x300x100-00f0w010c011r110f110r010t010.gif\"\n                    width=\"450\"\n                    height=\"291\"\n                    style=\"max-width:100%;\"\n                \/>\n            <\/a>\n        <\/div>\n\t\t\t\t\t\t\t<\/div> \n\t\t\t\n\t\t\t\t<div id=\"ngg-image-8\" class=\"ngg-gallery-thumbnail-box ngg-3-columns\" >\n\t\t\t\t        <div class=\"ngg-gallery-thumbnail\">\n            <a href=\"https:\/\/seidel-props.de\/wp-content\/gallery\/rare-bear-1\/rarebe-9.gif\"\n               title=\"\"\n               data-src=\"https:\/\/seidel-props.de\/wp-content\/gallery\/rare-bear-1\/rarebe-9.gif\"\n               data-thumbnail=\"https:\/\/seidel-props.de\/wp-content\/gallery\/rare-bear-1\/thumbs\/thumbs_rarebe-9.gif\"\n               data-image-id=\"554\"\n               data-title=\"rarebe-9\"\n               data-description=\"\"\n               data-image-slug=\"rarebe-9\"\n               class=\"ngg-simplelightbox\" rel=\"f341b48fd5d8224501c4c9799cb3059e\">\n                <img\n                    title=\"rarebe-9\"\n                    alt=\"rarebe-9\"\n                    src=\"https:\/\/seidel-props.de\/wp-content\/gallery\/rare-bear-1\/cache\/rarebe-9.gif-nggid03554-ngg0dyn-450x300x100-00f0w010c011r110f110r010t010.gif\"\n                    width=\"420\"\n                    height=\"209\"\n                    style=\"max-width:100%;\"\n                \/>\n            <\/a>\n        <\/div>\n\t\t\t\t\t\t\t<\/div> \n\t\t\t\n\t\n\t<br style=\"clear: both\" \/>\n\n\t\n\t\t<!-- Pagination -->\n\t<div class='ngg-clear'><\/div>\t<\/div>\n\n\n\n\n<p>Auch Uwe Grevsm\u00fchl, wenig zimperlich, l\u00e4\u00dft es mit seiner Maschine so richtig krachen. Bitte in folgendem Link auf 10:30min vorspulen:<\/p>\n\n\n\n<figure class=\"wp-block-embed is-type-video is-provider-youtube wp-block-embed-youtube wp-embed-aspect-16-9 wp-has-aspect-ratio\"><div class=\"wp-block-embed__wrapper\">\n<iframe loading=\"lazy\" title=\"RC Werner Kranz Warbird Meeting in Nottuln\" width=\"688\" height=\"387\" src=\"https:\/\/www.youtube.com\/embed\/jnZ5M-zexcU?feature=oembed\" frameborder=\"0\" allow=\"accelerometer; autoplay; clipboard-write; encrypted-media; gyroscope; picture-in-picture\" allowfullscreen><\/iframe>\n<\/div><\/figure>\n\n\n\n<p>Der Prop dreht hier unverkennbar weit im \u00dcberschallbereich, hat die Tortur aber bisher klaglos \u00fcberstanden. Da der Flieger in erster Linie auf Flugshows geflogen wird, ist die &#8220;klangvolle&#8221; Auslegung durchaus gew\u00fcnscht worden.<\/p>\n","protected":false},"excerpt":{"rendered":"<p>Rare Bear Die Rare Bear ist die Rennversion einer F8F Bearcat, wie sie in Reno Nevada im legend\u00e4ren Flugzeugrennen eingesetzt&hellip;<\/p>\n","protected":false},"author":1,"featured_media":0,"parent":0,"menu_order":0,"comment_status":"closed","ping_status":"closed","template":"","meta":{"ngg_post_thumbnail":0,"footnotes":""},"class_list":["post-2559","page","type-page","status-publish","hentry"],"translation":{"provider":"WPGlobus","version":"2.10.0","language":"en","enabled_languages":["de","en"],"languages":{"de":{"title":true,"content":true,"excerpt":false},"en":{"title":false,"content":false,"excerpt":false}}},"_links":{"self":[{"href":"https:\/\/seidel-props.de\/en\/wp-json\/wp\/v2\/pages\/2559","targetHints":{"allow":["GET"]}}],"collection":[{"href":"https:\/\/seidel-props.de\/en\/wp-json\/wp\/v2\/pages"}],"about":[{"href":"https:\/\/seidel-props.de\/en\/wp-json\/wp\/v2\/types\/page"}],"author":[{"embeddable":true,"href":"https:\/\/seidel-props.de\/en\/wp-json\/wp\/v2\/users\/1"}],"replies":[{"embeddable":true,"href":"https:\/\/seidel-props.de\/en\/wp-json\/wp\/v2\/comments?post=2559"}],"version-history":[{"count":2,"href":"https:\/\/seidel-props.de\/en\/wp-json\/wp\/v2\/pages\/2559\/revisions"}],"predecessor-version":[{"id":2562,"href":"https:\/\/seidel-props.de\/en\/wp-json\/wp\/v2\/pages\/2559\/revisions\/2562"}],"wp:attachment":[{"href":"https:\/\/seidel-props.de\/en\/wp-json\/wp\/v2\/media?parent=2559"}],"curies":[{"name":"wp","href":"https:\/\/api.w.org\/{rel}","templated":true}]}}