{"id":286,"date":"2019-09-24T20:39:29","date_gmt":"2019-09-24T18:39:29","guid":{"rendered":"http:\/\/seidel-props.de\/?page_id=286"},"modified":"2021-07-23T10:38:34","modified_gmt":"2021-07-23T08:38:34","slug":"blackburn","status":"publish","type":"page","link":"https:\/\/seidel-props.de\/en\/scale-props-2\/blackburn\/","title":{"rendered":"Blackburn"},"content":{"rendered":"\n<p>Blackburn, aus den Anfangstagen der Fliegerei.<\/p>\n\n\n\n<!-- default-view.php -->\n<div\n\tclass=\"ngg-galleryoverview default-view \"\n\tid=\"ngg-gallery-528134dfd35485c2629de91274db41d3-1\">\n\n\t\t<!-- Thumbnails -->\n\t\t\t\t<div id=\"ngg-image-0\" class=\"ngg-gallery-thumbnail-box ngg-3-columns\" >\n\t\t\t\t        <div class=\"ngg-gallery-thumbnail\">\n            <a href=\"https:\/\/seidel-props.de\/wp-content\/gallery\/blackburn\/Blackburn-1.JPG\"\n               title=\"\"\n               data-src=\"https:\/\/seidel-props.de\/wp-content\/gallery\/blackburn\/Blackburn-1.JPG\"\n               data-thumbnail=\"https:\/\/seidel-props.de\/wp-content\/gallery\/blackburn\/thumbs\/thumbs_Blackburn-1.JPG\"\n               data-image-id=\"24\"\n               data-title=\"Blackburn-1\"\n               data-description=\"\"\n               data-image-slug=\"blackburn-1-1\"\n               class=\"ngg-simplelightbox\" rel=\"528134dfd35485c2629de91274db41d3\">\n                <img\n                    title=\"Blackburn-1\"\n                    alt=\"Blackburn-1\"\n                    src=\"https:\/\/seidel-props.de\/wp-content\/gallery\/blackburn\/cache\/Blackburn-1.JPG-nggid0224-ngg0dyn-450x300x100-00f0w010c011r110f110r010t010.JPG\"\n                    width=\"450\"\n                    height=\"300\"\n                    style=\"max-width:100%;\"\n                \/>\n            <\/a>\n        <\/div>\n\t\t\t\t\t\t\t<\/div> \n\t\t\t\n\t\t\t\t<div id=\"ngg-image-1\" class=\"ngg-gallery-thumbnail-box ngg-3-columns\" >\n\t\t\t\t        <div class=\"ngg-gallery-thumbnail\">\n            <a href=\"https:\/\/seidel-props.de\/wp-content\/gallery\/blackburn\/Blackburn-10.jpg\"\n               title=\"\"\n               data-src=\"https:\/\/seidel-props.de\/wp-content\/gallery\/blackburn\/Blackburn-10.jpg\"\n               data-thumbnail=\"https:\/\/seidel-props.de\/wp-content\/gallery\/blackburn\/thumbs\/thumbs_Blackburn-10.jpg\"\n               data-image-id=\"19\"\n               data-title=\"Blackburn-10\"\n               data-description=\"\"\n               data-image-slug=\"blackburn-10-1\"\n               class=\"ngg-simplelightbox\" rel=\"528134dfd35485c2629de91274db41d3\">\n                <img\n                    title=\"Blackburn-10\"\n                    alt=\"Blackburn-10\"\n                    src=\"https:\/\/seidel-props.de\/wp-content\/gallery\/blackburn\/cache\/Blackburn-10.jpg-nggid0219-ngg0dyn-450x300x100-00f0w010c011r110f110r010t010.jpg\"\n                    width=\"450\"\n                    height=\"300\"\n                    style=\"max-width:100%;\"\n                \/>\n            <\/a>\n        <\/div>\n\t\t\t\t\t\t\t<\/div> \n\t\t\t\n\t\t\t\t<div id=\"ngg-image-2\" class=\"ngg-gallery-thumbnail-box ngg-3-columns\" >\n\t\t\t\t        <div class=\"ngg-gallery-thumbnail\">\n            <a href=\"https:\/\/seidel-props.de\/wp-content\/gallery\/blackburn\/Blackburn-11.JPG\"\n               title=\"\"\n               data-src=\"https:\/\/seidel-props.de\/wp-content\/gallery\/blackburn\/Blackburn-11.JPG\"\n               data-thumbnail=\"https:\/\/seidel-props.de\/wp-content\/gallery\/blackburn\/thumbs\/thumbs_Blackburn-11.JPG\"\n               data-image-id=\"20\"\n               data-title=\"Blackburn-11\"\n               data-description=\"\"\n               data-image-slug=\"blackburn-11-1\"\n               class=\"ngg-simplelightbox\" rel=\"528134dfd35485c2629de91274db41d3\">\n                <img\n                    title=\"Blackburn-11\"\n                    alt=\"Blackburn-11\"\n                    src=\"https:\/\/seidel-props.de\/wp-content\/gallery\/blackburn\/cache\/Blackburn-11.JPG-nggid0220-ngg0dyn-450x300x100-00f0w010c011r110f110r010t010.JPG\"\n                    width=\"450\"\n                    height=\"300\"\n                    style=\"max-width:100%;\"\n                \/>\n            <\/a>\n        <\/div>\n\t\t\t\t\t\t\t<\/div> \n\t\t\t\n\t\t\t\t<div id=\"ngg-image-3\" class=\"ngg-gallery-thumbnail-box ngg-3-columns\" >\n\t\t\t\t        <div class=\"ngg-gallery-thumbnail\">\n            <a href=\"https:\/\/seidel-props.de\/wp-content\/gallery\/blackburn\/Blackburn-12.jpg\"\n               title=\"\"\n               data-src=\"https:\/\/seidel-props.de\/wp-content\/gallery\/blackburn\/Blackburn-12.jpg\"\n               data-thumbnail=\"https:\/\/seidel-props.de\/wp-content\/gallery\/blackburn\/thumbs\/thumbs_Blackburn-12.jpg\"\n               data-image-id=\"21\"\n               data-title=\"Blackburn-12\"\n               data-description=\"\"\n               data-image-slug=\"blackburn-12-1\"\n               class=\"ngg-simplelightbox\" rel=\"528134dfd35485c2629de91274db41d3\">\n                <img\n                    title=\"Blackburn-12\"\n                    alt=\"Blackburn-12\"\n                    src=\"https:\/\/seidel-props.de\/wp-content\/gallery\/blackburn\/cache\/Blackburn-12.jpg-nggid0221-ngg0dyn-450x300x100-00f0w010c011r110f110r010t010.jpg\"\n                    width=\"400\"\n                    height=\"300\"\n                    style=\"max-width:100%;\"\n                \/>\n            <\/a>\n        <\/div>\n\t\t\t\t\t\t\t<\/div> \n\t\t\t\n\t\t\t\t<div id=\"ngg-image-4\" class=\"ngg-gallery-thumbnail-box ngg-3-columns\" >\n\t\t\t\t        <div class=\"ngg-gallery-thumbnail\">\n            <a href=\"https:\/\/seidel-props.de\/wp-content\/gallery\/blackburn\/Blackburn-13.jpg\"\n               title=\"\"\n               data-src=\"https:\/\/seidel-props.de\/wp-content\/gallery\/blackburn\/Blackburn-13.jpg\"\n               data-thumbnail=\"https:\/\/seidel-props.de\/wp-content\/gallery\/blackburn\/thumbs\/thumbs_Blackburn-13.jpg\"\n               data-image-id=\"22\"\n               data-title=\"Blackburn-13\"\n               data-description=\"\"\n               data-image-slug=\"blackburn-13-1\"\n               class=\"ngg-simplelightbox\" rel=\"528134dfd35485c2629de91274db41d3\">\n                <img\n                    title=\"Blackburn-13\"\n                    alt=\"Blackburn-13\"\n                    src=\"https:\/\/seidel-props.de\/wp-content\/gallery\/blackburn\/cache\/Blackburn-13.jpg-nggid0222-ngg0dyn-450x300x100-00f0w010c011r110f110r010t010.jpg\"\n                    width=\"275\"\n                    height=\"183\"\n                    style=\"max-width:100%;\"\n                \/>\n            <\/a>\n        <\/div>\n\t\t\t\t\t\t\t<\/div> \n\t\t\t\n\t\t\t\t<div id=\"ngg-image-5\" class=\"ngg-gallery-thumbnail-box ngg-3-columns\" >\n\t\t\t\t        <div class=\"ngg-gallery-thumbnail\">\n            <a href=\"https:\/\/seidel-props.de\/wp-content\/gallery\/blackburn\/Blackburn-14.JPG\"\n               title=\"\"\n               data-src=\"https:\/\/seidel-props.de\/wp-content\/gallery\/blackburn\/Blackburn-14.JPG\"\n               data-thumbnail=\"https:\/\/seidel-props.de\/wp-content\/gallery\/blackburn\/thumbs\/thumbs_Blackburn-14.JPG\"\n               data-image-id=\"23\"\n               data-title=\"Blackburn-14\"\n               data-description=\"\"\n               data-image-slug=\"blackburn-14-1\"\n               class=\"ngg-simplelightbox\" rel=\"528134dfd35485c2629de91274db41d3\">\n                <img\n                    title=\"Blackburn-14\"\n                    alt=\"Blackburn-14\"\n                    src=\"https:\/\/seidel-props.de\/wp-content\/gallery\/blackburn\/cache\/Blackburn-14.JPG-nggid0223-ngg0dyn-450x300x100-00f0w010c011r110f110r010t010.JPG\"\n                    width=\"450\"\n                    height=\"300\"\n                    style=\"max-width:100%;\"\n                \/>\n            <\/a>\n        <\/div>\n\t\t\t\t\t\t\t<\/div> \n\t\t\t\n\t\t\t\t<div id=\"ngg-image-6\" class=\"ngg-gallery-thumbnail-box ngg-3-columns\" >\n\t\t\t\t        <div class=\"ngg-gallery-thumbnail\">\n            <a href=\"https:\/\/seidel-props.de\/wp-content\/gallery\/blackburn\/Blackburn-3.JPG\"\n               title=\"\"\n               data-src=\"https:\/\/seidel-props.de\/wp-content\/gallery\/blackburn\/Blackburn-3.JPG\"\n               data-thumbnail=\"https:\/\/seidel-props.de\/wp-content\/gallery\/blackburn\/thumbs\/thumbs_Blackburn-3.JPG\"\n               data-image-id=\"26\"\n               data-title=\"Blackburn-3\"\n               data-description=\"\"\n               data-image-slug=\"blackburn-3-1\"\n               class=\"ngg-simplelightbox\" rel=\"528134dfd35485c2629de91274db41d3\">\n                <img\n                    title=\"Blackburn-3\"\n                    alt=\"Blackburn-3\"\n                    src=\"https:\/\/seidel-props.de\/wp-content\/gallery\/blackburn\/cache\/Blackburn-3.JPG-nggid0226-ngg0dyn-450x300x100-00f0w010c011r110f110r010t010.JPG\"\n                    width=\"450\"\n                    height=\"300\"\n                    style=\"max-width:100%;\"\n                \/>\n            <\/a>\n        <\/div>\n\t\t\t\t\t\t\t<\/div> \n\t\t\t\n\t\t\t\t<div id=\"ngg-image-7\" class=\"ngg-gallery-thumbnail-box ngg-3-columns\" >\n\t\t\t\t        <div class=\"ngg-gallery-thumbnail\">\n            <a href=\"https:\/\/seidel-props.de\/wp-content\/gallery\/blackburn\/Blackburn-4.JPG\"\n               title=\"\"\n               data-src=\"https:\/\/seidel-props.de\/wp-content\/gallery\/blackburn\/Blackburn-4.JPG\"\n               data-thumbnail=\"https:\/\/seidel-props.de\/wp-content\/gallery\/blackburn\/thumbs\/thumbs_Blackburn-4.JPG\"\n               data-image-id=\"27\"\n               data-title=\"Blackburn-4\"\n               data-description=\"\"\n               data-image-slug=\"blackburn-4-1\"\n               class=\"ngg-simplelightbox\" rel=\"528134dfd35485c2629de91274db41d3\">\n                <img\n                    title=\"Blackburn-4\"\n                    alt=\"Blackburn-4\"\n                    src=\"https:\/\/seidel-props.de\/wp-content\/gallery\/blackburn\/cache\/Blackburn-4.JPG-nggid0227-ngg0dyn-450x300x100-00f0w010c011r110f110r010t010.JPG\"\n                    width=\"450\"\n                    height=\"300\"\n                    style=\"max-width:100%;\"\n                \/>\n            <\/a>\n        <\/div>\n\t\t\t\t\t\t\t<\/div> \n\t\t\t\n\t\t\t\t<div id=\"ngg-image-8\" class=\"ngg-gallery-thumbnail-box ngg-3-columns\" >\n\t\t\t\t        <div class=\"ngg-gallery-thumbnail\">\n            <a href=\"https:\/\/seidel-props.de\/wp-content\/gallery\/blackburn\/Blackburn-5.JPG\"\n               title=\"\"\n               data-src=\"https:\/\/seidel-props.de\/wp-content\/gallery\/blackburn\/Blackburn-5.JPG\"\n               data-thumbnail=\"https:\/\/seidel-props.de\/wp-content\/gallery\/blackburn\/thumbs\/thumbs_Blackburn-5.JPG\"\n               data-image-id=\"28\"\n               data-title=\"Blackburn-5\"\n               data-description=\"\"\n               data-image-slug=\"blackburn-5-1\"\n               class=\"ngg-simplelightbox\" rel=\"528134dfd35485c2629de91274db41d3\">\n                <img\n                    title=\"Blackburn-5\"\n                    alt=\"Blackburn-5\"\n                    src=\"https:\/\/seidel-props.de\/wp-content\/gallery\/blackburn\/cache\/Blackburn-5.JPG-nggid0228-ngg0dyn-450x300x100-00f0w010c011r110f110r010t010.JPG\"\n                    width=\"450\"\n                    height=\"300\"\n                    style=\"max-width:100%;\"\n                \/>\n            <\/a>\n        <\/div>\n\t\t\t\t\t\t\t<\/div> \n\t\t\t\n\t\t\t\t<div id=\"ngg-image-9\" class=\"ngg-gallery-thumbnail-box ngg-3-columns\" >\n\t\t\t\t        <div class=\"ngg-gallery-thumbnail\">\n            <a href=\"https:\/\/seidel-props.de\/wp-content\/gallery\/blackburn\/Blackburn-6.JPG\"\n               title=\"\"\n               data-src=\"https:\/\/seidel-props.de\/wp-content\/gallery\/blackburn\/Blackburn-6.JPG\"\n               data-thumbnail=\"https:\/\/seidel-props.de\/wp-content\/gallery\/blackburn\/thumbs\/thumbs_Blackburn-6.JPG\"\n               data-image-id=\"15\"\n               data-title=\"Blackburn-6\"\n               data-description=\"\"\n               data-image-slug=\"blackburn-6-1\"\n               class=\"ngg-simplelightbox\" rel=\"528134dfd35485c2629de91274db41d3\">\n                <img\n                    title=\"Blackburn-6\"\n                    alt=\"Blackburn-6\"\n                    src=\"https:\/\/seidel-props.de\/wp-content\/gallery\/blackburn\/cache\/Blackburn-6.JPG-nggid0215-ngg0dyn-450x300x100-00f0w010c011r110f110r010t010.JPG\"\n                    width=\"450\"\n                    height=\"300\"\n                    style=\"max-width:100%;\"\n                \/>\n            <\/a>\n        <\/div>\n\t\t\t\t\t\t\t<\/div> \n\t\t\t\n\t\t\t\t<div id=\"ngg-image-10\" class=\"ngg-gallery-thumbnail-box ngg-3-columns\" >\n\t\t\t\t        <div class=\"ngg-gallery-thumbnail\">\n            <a href=\"https:\/\/seidel-props.de\/wp-content\/gallery\/blackburn\/Blackburn-7.jpg\"\n               title=\"\"\n               data-src=\"https:\/\/seidel-props.de\/wp-content\/gallery\/blackburn\/Blackburn-7.jpg\"\n               data-thumbnail=\"https:\/\/seidel-props.de\/wp-content\/gallery\/blackburn\/thumbs\/thumbs_Blackburn-7.jpg\"\n               data-image-id=\"16\"\n               data-title=\"Blackburn-7\"\n               data-description=\"\"\n               data-image-slug=\"blackburn-7-1\"\n               class=\"ngg-simplelightbox\" rel=\"528134dfd35485c2629de91274db41d3\">\n                <img\n                    title=\"Blackburn-7\"\n                    alt=\"Blackburn-7\"\n                    src=\"https:\/\/seidel-props.de\/wp-content\/gallery\/blackburn\/cache\/Blackburn-7.jpg-nggid0216-ngg0dyn-450x300x100-00f0w010c011r110f110r010t010.jpg\"\n                    width=\"450\"\n                    height=\"300\"\n                    style=\"max-width:100%;\"\n                \/>\n            <\/a>\n        <\/div>\n\t\t\t\t\t\t\t<\/div> \n\t\t\t\n\t\t\t\t<div id=\"ngg-image-11\" class=\"ngg-gallery-thumbnail-box ngg-3-columns\" >\n\t\t\t\t        <div class=\"ngg-gallery-thumbnail\">\n            <a href=\"https:\/\/seidel-props.de\/wp-content\/gallery\/blackburn\/Blackburn-8.jpg\"\n               title=\"\"\n               data-src=\"https:\/\/seidel-props.de\/wp-content\/gallery\/blackburn\/Blackburn-8.jpg\"\n               data-thumbnail=\"https:\/\/seidel-props.de\/wp-content\/gallery\/blackburn\/thumbs\/thumbs_Blackburn-8.jpg\"\n               data-image-id=\"17\"\n               data-title=\"Blackburn-8\"\n               data-description=\"\"\n               data-image-slug=\"blackburn-8-1\"\n               class=\"ngg-simplelightbox\" rel=\"528134dfd35485c2629de91274db41d3\">\n                <img\n                    title=\"Blackburn-8\"\n                    alt=\"Blackburn-8\"\n                    src=\"https:\/\/seidel-props.de\/wp-content\/gallery\/blackburn\/cache\/Blackburn-8.jpg-nggid0217-ngg0dyn-450x300x100-00f0w010c011r110f110r010t010.jpg\"\n                    width=\"450\"\n                    height=\"300\"\n                    style=\"max-width:100%;\"\n                \/>\n            <\/a>\n        <\/div>\n\t\t\t\t\t\t\t<\/div> \n\t\t\t\n\t\t\t\t<div id=\"ngg-image-12\" class=\"ngg-gallery-thumbnail-box ngg-3-columns\" >\n\t\t\t\t        <div class=\"ngg-gallery-thumbnail\">\n            <a href=\"https:\/\/seidel-props.de\/wp-content\/gallery\/blackburn\/Blackburn-9.jpg\"\n               title=\"\"\n               data-src=\"https:\/\/seidel-props.de\/wp-content\/gallery\/blackburn\/Blackburn-9.jpg\"\n               data-thumbnail=\"https:\/\/seidel-props.de\/wp-content\/gallery\/blackburn\/thumbs\/thumbs_Blackburn-9.jpg\"\n               data-image-id=\"18\"\n               data-title=\"Blackburn-9\"\n               data-description=\"\"\n               data-image-slug=\"blackburn-9-1\"\n               class=\"ngg-simplelightbox\" rel=\"528134dfd35485c2629de91274db41d3\">\n                <img\n                    title=\"Blackburn-9\"\n                    alt=\"Blackburn-9\"\n                    src=\"https:\/\/seidel-props.de\/wp-content\/gallery\/blackburn\/cache\/Blackburn-9.jpg-nggid0218-ngg0dyn-450x300x100-00f0w010c011r110f110r010t010.jpg\"\n                    width=\"375\"\n                    height=\"300\"\n                    style=\"max-width:100%;\"\n                \/>\n            <\/a>\n        <\/div>\n\t\t\t\t\t\t\t<\/div> \n\t\t\t\n\t\n\t<br style=\"clear: both\" \/>\n\n\t\n\t\t<!-- Pagination -->\n\t<div class='ngg-clear'><\/div>\t<\/div>\n\n\n\n\n<p>Kaum vorstellbar, dass sich tollk\u00fchne Piloten in diesen Maschinen \u00fcber den \u00c4rmelkanal gewagt haben! Hier ein sehr detailreich gebautes Modell von Michael Rogg. Der Propeller sollte ebenso wie das Original aus Nussbaum gefertigt werden. 24&#215;08&#8243; geh\u00f6rt eher zu den kleineren Luftschrauben. Die Nabe wurde genau passend f\u00fcr den eingesetzten Motor hergestellt. Alles kein Problem, sondern bei uns Standard!<\/p>\n","protected":false},"excerpt":{"rendered":"<p>Blackburn, aus den Anfangstagen der Fliegerei. Kaum vorstellbar, dass sich tollk\u00fchne Piloten in diesen Maschinen \u00fcber den \u00c4rmelkanal gewagt haben!&hellip;<\/p>\n","protected":false},"author":1,"featured_media":0,"parent":127,"menu_order":0,"comment_status":"closed","ping_status":"closed","template":"","meta":{"ngg_post_thumbnail":0,"footnotes":""},"class_list":["post-286","page","type-page","status-publish","hentry"],"translation":{"provider":"WPGlobus","version":"2.10.0","language":"en","enabled_languages":["de","en"],"languages":{"de":{"title":true,"content":true,"excerpt":false},"en":{"title":false,"content":false,"excerpt":false}}},"_links":{"self":[{"href":"https:\/\/seidel-props.de\/en\/wp-json\/wp\/v2\/pages\/286","targetHints":{"allow":["GET"]}}],"collection":[{"href":"https:\/\/seidel-props.de\/en\/wp-json\/wp\/v2\/pages"}],"about":[{"href":"https:\/\/seidel-props.de\/en\/wp-json\/wp\/v2\/types\/page"}],"author":[{"embeddable":true,"href":"https:\/\/seidel-props.de\/en\/wp-json\/wp\/v2\/users\/1"}],"replies":[{"embeddable":true,"href":"https:\/\/seidel-props.de\/en\/wp-json\/wp\/v2\/comments?post=286"}],"version-history":[{"count":5,"href":"https:\/\/seidel-props.de\/en\/wp-json\/wp\/v2\/pages\/286\/revisions"}],"predecessor-version":[{"id":2155,"href":"https:\/\/seidel-props.de\/en\/wp-json\/wp\/v2\/pages\/286\/revisions\/2155"}],"up":[{"embeddable":true,"href":"https:\/\/seidel-props.de\/en\/wp-json\/wp\/v2\/pages\/127"}],"wp:attachment":[{"href":"https:\/\/seidel-props.de\/en\/wp-json\/wp\/v2\/media?parent=286"}],"curies":[{"name":"wp","href":"https:\/\/api.w.org\/{rel}","templated":true}]}}