{"id":36,"date":"2019-09-12T20:09:09","date_gmt":"2019-09-12T18:09:09","guid":{"rendered":"http:\/\/seidel-props.de\/?page_id=36"},"modified":"2021-07-22T10:53:59","modified_gmt":"2021-07-22T08:53:59","slug":"videos-sp-250-x","status":"publish","type":"page","link":"https:\/\/seidel-props.de\/en\/videos-sp-250-x\/","title":{"rendered":"Videos SP-250-X"},"content":{"rendered":"\n<p><strong>An dieser Stelle wollen wir Ihnen Videos zum SP-250-X Planetengetriebeantrieb zeigen.<\/strong><br><\/p>\n\n\n\n<div class=\"wp-block-image\"><figure class=\"aligncenter size-large\"><a href=\"https:\/\/seidel-props.de\/wp-content\/uploads\/2020\/09\/SP-250-X.jpg\"><img loading=\"lazy\" decoding=\"async\" width=\"1024\" height=\"540\" src=\"https:\/\/seidel-props.de\/wp-content\/uploads\/2020\/09\/SP-250-X-1024x540.jpg\" alt=\"\" class=\"wp-image-1270\" srcset=\"https:\/\/seidel-props.de\/wp-content\/uploads\/2020\/09\/SP-250-X-1024x540.jpg 1024w, https:\/\/seidel-props.de\/wp-content\/uploads\/2020\/09\/SP-250-X-300x158.jpg 300w, https:\/\/seidel-props.de\/wp-content\/uploads\/2020\/09\/SP-250-X-768x405.jpg 768w, https:\/\/seidel-props.de\/wp-content\/uploads\/2020\/09\/SP-250-X-1536x809.jpg 1536w, https:\/\/seidel-props.de\/wp-content\/uploads\/2020\/09\/SP-250-X-1600x843.jpg 1600w, https:\/\/seidel-props.de\/wp-content\/uploads\/2020\/09\/SP-250-X.jpg 1632w\" sizes=\"auto, (max-width: 1024px) 100vw, 1024px\" \/><\/a><\/figure><\/div>\n\n\n\n<p><strong>Einfach auf die Links klicken und genie\u00dfen&#8230;<\/strong> <\/p>\n\n\n\n<p>Hinweis: Videos sind teils von Kunden und Flugfreunden erstellt. Alle Rechte liegen selbstverst\u00e4ndlich bei ihnen. Ein gro\u00dfes Lob und vielen Dank an Horst Zeller, der auf seinem Kanal regelm\u00e4\u00dfig atemberaubend gute Videos pr\u00e4sentiert: <a rel=\"noreferrer noopener\" href=\"https:\/\/www.youtube.com\/user\/RCScaleAirplanes\" target=\"_blank\">https:\/\/www.youtube.com\/user\/RCScaleAirplanes<\/a><\/p>\n\n\n\n<p>&#8211;<a rel=\"noreferrer noopener\" href=\"https:\/\/www.youtube.com\/watch?v=LeuHStIWWDQ\" target=\"_blank\"> <strong>Ein weiteres Top-Video vom Warbirdmeeing Oberhausen 2019: P-47 und Seafury SP-250-X<\/strong><\/a><\/p>\n\n\n\n<div class=\"wp-block-image\"><figure class=\"aligncenter size-large is-resized\"><a href=\"https:\/\/seidel-props.de\/wp-content\/uploads\/2021\/07\/grafik-4.png\"><img decoding=\"async\" src=\"https:\/\/seidel-props.de\/wp-content\/uploads\/2021\/07\/grafik-4.png\" alt=\"\" class=\"wp-image-2019\" width=\"350\" srcset=\"https:\/\/seidel-props.de\/wp-content\/uploads\/2021\/07\/grafik-4.png 361w, https:\/\/seidel-props.de\/wp-content\/uploads\/2021\/07\/grafik-4-300x167.png 300w\" sizes=\"(max-width: 361px) 100vw, 361px\" \/><\/a><\/figure><\/div>\n\n\n\n<p><a rel=\"noreferrer noopener\" href=\"https:\/\/www.youtube.com\/watch?v=tSVbr0chPCA\" data-type=\"URL\" data-id=\"https:\/\/www.youtube.com\/watch?v=tSVbr0chPCA\" target=\"_blank\"><strong>&#8211; H\u00e5vard Glad Andreassen aus Norwegen hat in Oberhausen 2019 mitgefilmt. Vielen Dank!<\/strong><\/a><\/p>\n\n\n\n<div class=\"wp-block-image\"><figure class=\"aligncenter size-large is-resized\"><a href=\"https:\/\/seidel-props.de\/wp-content\/uploads\/2021\/07\/grafik-10.png\"><img decoding=\"async\" src=\"https:\/\/seidel-props.de\/wp-content\/uploads\/2021\/07\/grafik-10.png\" alt=\"\" class=\"wp-image-2030\" width=\"350\" srcset=\"https:\/\/seidel-props.de\/wp-content\/uploads\/2021\/07\/grafik-10.png 360w, https:\/\/seidel-props.de\/wp-content\/uploads\/2021\/07\/grafik-10-300x167.png 300w\" sizes=\"(max-width: 360px) 100vw, 360px\" \/><\/a><\/figure><\/div>\n\n\n\n<p><a href=\"https:\/\/www.youtube.com\/watch?v=FbJvZLHx7-M\">&#8211;<strong> Perfekt gebaute und geflogene Seafury von Mr. Roshier \/ Great Britain<\/strong><\/a><\/p>\n\n\n\n<div class=\"wp-block-image\"><figure class=\"aligncenter size-large is-resized\"><a href=\"https:\/\/seidel-props.de\/wp-content\/uploads\/2021\/07\/grafik-5.png\"><img decoding=\"async\" src=\"https:\/\/seidel-props.de\/wp-content\/uploads\/2021\/07\/grafik-5.png\" alt=\"\" class=\"wp-image-2020\" width=\"350\" srcset=\"https:\/\/seidel-props.de\/wp-content\/uploads\/2021\/07\/grafik-5.png 360w, https:\/\/seidel-props.de\/wp-content\/uploads\/2021\/07\/grafik-5-300x167.png 300w\" sizes=\"(max-width: 360px) 100vw, 360px\" \/><\/a><\/figure><\/div>\n\n\n\n<p>&#8211; Deb\u00fct 2017: <a rel=\"noreferrer noopener\" aria-label=\" (\u00f6ffnet in neuem Tab)\" href=\"https:\/\/www.youtube.com\/watch?v=9rFVBrKj4Qw\" target=\"_blank\"> <strong>Seafury mit SP-250-X Antriebe, vorgestellt auf dem 9. Warbirdmeeting in Oberhausen.<\/strong><\/a><\/p>\n\n\n\n<div class=\"wp-block-image\"><figure class=\"aligncenter size-large is-resized\"><a href=\"https:\/\/seidel-props.de\/wp-content\/uploads\/2021\/07\/grafik-6.png\"><img decoding=\"async\" src=\"https:\/\/seidel-props.de\/wp-content\/uploads\/2021\/07\/grafik-6.png\" alt=\"\" class=\"wp-image-2021\" width=\"350\" srcset=\"https:\/\/seidel-props.de\/wp-content\/uploads\/2021\/07\/grafik-6.png 361w, https:\/\/seidel-props.de\/wp-content\/uploads\/2021\/07\/grafik-6-300x163.png 300w\" sizes=\"(max-width: 361px) 100vw, 361px\" \/><\/a><\/figure><\/div>\n\n\n\n<p><a rel=\"noreferrer noopener\" aria-label=\" (\u00f6ffnet in neuem Tab)\" href=\"https:\/\/www.youtube.com\/watch?v=fSkBh5013oc\" target=\"_blank\">&#8211; <strong>Vergleich: Seafury SP-250-X im display mit CARF P-47 und Moki 250<\/strong><\/a><\/p>\n\n\n\n<div class=\"wp-block-image\"><figure class=\"aligncenter size-large is-resized\"><a href=\"https:\/\/seidel-props.de\/wp-content\/uploads\/2021\/07\/grafik-7.png\"><img decoding=\"async\" src=\"https:\/\/seidel-props.de\/wp-content\/uploads\/2021\/07\/grafik-7.png\" alt=\"\" class=\"wp-image-2022\" width=\"350\" srcset=\"https:\/\/seidel-props.de\/wp-content\/uploads\/2021\/07\/grafik-7.png 361w, https:\/\/seidel-props.de\/wp-content\/uploads\/2021\/07\/grafik-7-300x169.png 300w\" sizes=\"(max-width: 361px) 100vw, 361px\" \/><\/a><\/figure><\/div>\n\n\n\n<p><a rel=\"noreferrer noopener\" aria-label=\" (\u00f6ffnet in neuem Tab)\" href=\"https:\/\/www.youtube.com\/watch?v=JIbVN1bvzS4\" target=\"_blank\">&#8211; <strong>Warbirdtreffen Bad W\u00f6rishofen am 05.08.2017. Danke an Kameramann Thomas Lang!<\/strong><\/a><\/p>\n\n\n\n<div class=\"wp-block-image\"><figure class=\"aligncenter size-large is-resized\"><a href=\"https:\/\/seidel-props.de\/wp-content\/uploads\/2021\/07\/grafik-8.png\"><img decoding=\"async\" src=\"https:\/\/seidel-props.de\/wp-content\/uploads\/2021\/07\/grafik-8.png\" alt=\"\" class=\"wp-image-2023\" width=\"350\" srcset=\"https:\/\/seidel-props.de\/wp-content\/uploads\/2021\/07\/grafik-8.png 362w, https:\/\/seidel-props.de\/wp-content\/uploads\/2021\/07\/grafik-8-300x166.png 300w\" sizes=\"(max-width: 362px) 100vw, 362px\" \/><\/a><\/figure><\/div>\n\n\n\n<p><a rel=\"noreferrer noopener\" aria-label=\" (\u00f6ffnet in neuem Tab)\" href=\"https:\/\/www.youtube.com\/channel\/UCVAPhXvOHgUwVAMedutcktQ\" target=\"_blank\">&#8211; <strong>Seidel Props Channel mit verschiedenen Testl\u00e4ufen und -fl\u00fcgen des SP-250-X Antriebs<\/strong><\/a><\/p>\n\n\n\n<div class=\"wp-block-image\"><figure class=\"aligncenter size-large is-resized\"><a href=\"https:\/\/seidel-props.de\/wp-content\/uploads\/2021\/07\/grafik-9.png\"><img decoding=\"async\" src=\"https:\/\/seidel-props.de\/wp-content\/uploads\/2021\/07\/grafik-9-1024x254.png\" alt=\"\" class=\"wp-image-2024\" width=\"800\" srcset=\"https:\/\/seidel-props.de\/wp-content\/uploads\/2021\/07\/grafik-9-1024x254.png 1024w, https:\/\/seidel-props.de\/wp-content\/uploads\/2021\/07\/grafik-9-300x74.png 300w, https:\/\/seidel-props.de\/wp-content\/uploads\/2021\/07\/grafik-9-768x190.png 768w, https:\/\/seidel-props.de\/wp-content\/uploads\/2021\/07\/grafik-9-1536x381.png 1536w, https:\/\/seidel-props.de\/wp-content\/uploads\/2021\/07\/grafik-9.png 1538w\" sizes=\"(max-width: 1024px) 100vw, 1024px\" \/><\/a><\/figure><\/div>\n\n\n\n<p>Viele weitere Videos zum Thema finden Sie auf <a rel=\"noreferrer noopener\" href=\"https:\/\/www.youtube.com\" data-type=\"URL\" data-id=\"https:\/\/www.youtube.com\" target=\"_blank\">Youtube<\/a>, indem Sie einfach &#8220;SP-250-X&#8221; ins Suchfeld eintippen. Aber bitte nicht nur Filme ansehen, sondern auch Flieger bauen! <\/p>\n","protected":false},"excerpt":{"rendered":"<p>An dieser Stelle wollen wir Ihnen Videos zum SP-250-X Planetengetriebeantrieb zeigen. Einfach auf die Links klicken und genie\u00dfen&#8230; Hinweis: Videos&hellip;<\/p>\n","protected":false},"author":1,"featured_media":0,"parent":0,"menu_order":0,"comment_status":"closed","ping_status":"closed","template":"","meta":{"ngg_post_thumbnail":0,"footnotes":""},"class_list":["post-36","page","type-page","status-publish","hentry"],"translation":{"provider":"WPGlobus","version":"2.10.0","language":"en","enabled_languages":["de","en"],"languages":{"de":{"title":true,"content":true,"excerpt":false},"en":{"title":false,"content":false,"excerpt":false}}},"_links":{"self":[{"href":"https:\/\/seidel-props.de\/en\/wp-json\/wp\/v2\/pages\/36","targetHints":{"allow":["GET"]}}],"collection":[{"href":"https:\/\/seidel-props.de\/en\/wp-json\/wp\/v2\/pages"}],"about":[{"href":"https:\/\/seidel-props.de\/en\/wp-json\/wp\/v2\/types\/page"}],"author":[{"embeddable":true,"href":"https:\/\/seidel-props.de\/en\/wp-json\/wp\/v2\/users\/1"}],"replies":[{"embeddable":true,"href":"https:\/\/seidel-props.de\/en\/wp-json\/wp\/v2\/comments?post=36"}],"version-history":[{"count":14,"href":"https:\/\/seidel-props.de\/en\/wp-json\/wp\/v2\/pages\/36\/revisions"}],"predecessor-version":[{"id":2031,"href":"https:\/\/seidel-props.de\/en\/wp-json\/wp\/v2\/pages\/36\/revisions\/2031"}],"wp:attachment":[{"href":"https:\/\/seidel-props.de\/en\/wp-json\/wp\/v2\/media?parent=36"}],"curies":[{"name":"wp","href":"https:\/\/api.w.org\/{rel}","templated":true}]}}