{"id":44,"date":"2019-09-12T20:20:49","date_gmt":"2019-09-12T18:20:49","guid":{"rendered":"http:\/\/seidel-props.de\/?page_id=44"},"modified":"2021-07-15T14:16:27","modified_gmt":"2021-07-15T12:16:27","slug":"sp-250-x-weitere-infos","status":"publish","type":"page","link":"https:\/\/seidel-props.de\/en\/sp-250-x-weitere-infos\/","title":{"rendered":"SP-250-X Weitere Infos"},"content":{"rendered":"\n<p><strong>F\u00fcr all diejenigen, die noch mehr Hintergrundinformationen zum Getriebe erfahren m\u00f6chten:<\/strong><br><\/p>\n\n\n\n<p><strong>Der Anfang:<\/strong><\/p>\n\n\n\n<p>Zielsetzung war, endlich originalgetreu gro\u00dfe Scalepropeller auf  Sternmotoren-Warbirds nicht nur im Display zu zeigen, sondern auch fliegen zu k\u00f6nnen! Den Perfektionisten der Warbirdszene sollte ein Antrieb an die Hand gegeben werden, der die Kluft zwischen perfekter Detailtreue und begrenzten M\u00f6glichkeiten in der Praxis \u00fcberbr\u00fccken konnte. Selbstredend sollten die Flugleistungen nicht hinter dem Direktantrieb zur\u00fcckfallen, das Handling einfach bleiben und das Gesamtgewicht sowie die Abmessungen m\u00f6glichst wenig zunehmen.<br>Nach vorausgegangener Entwicklung, die nat\u00fcrlich auf den  Konstruktionserfahrungen im Sondermaschinenbau zur\u00fcckgreifen konnte,  wurde eine Antriebseinheit geschaffen, die die eigenen hohen Erwartungen  \u00fcbertroffen hat! <\/p>\n\n\n\n<figure class=\"wp-block-image size-large\"><a href=\"https:\/\/seidel-props.de\/wp-content\/uploads\/2021\/07\/DSC_0845.jpg\"><img loading=\"lazy\" decoding=\"async\" width=\"1024\" height=\"680\" src=\"https:\/\/seidel-props.de\/wp-content\/uploads\/2021\/07\/DSC_0845.jpg\" alt=\"\" class=\"wp-image-1866\" srcset=\"https:\/\/seidel-props.de\/wp-content\/uploads\/2021\/07\/DSC_0845.jpg 1024w, https:\/\/seidel-props.de\/wp-content\/uploads\/2021\/07\/DSC_0845-300x199.jpg 300w, https:\/\/seidel-props.de\/wp-content\/uploads\/2021\/07\/DSC_0845-768x510.jpg 768w\" sizes=\"auto, (max-width: 1024px) 100vw, 1024px\" \/><\/a><figcaption>Erste Versuche mit adaptiertem Industrie-Planetengetriebe auf Moki S250<\/figcaption><\/figure>\n\n\n\n<p>Das erste Versuchsmuster mit einem Standard-Planetengetriebe aus dem Industriebereich wurde im Pr\u00fcfstandlauf auf dem Sternmotorentreffen 2013 sowie dem Warbirdmeeting 2013 der \u00d6ffentlichkeit gezeigt.\u00a0Nat\u00fcrlich war dieses Testmuster nicht zum Fliegen gedacht, da es viel zu globig und zu schwer war. Einziger Zweck war, zu veranschaulichen, da\u00df das Handling mit einem untersetzten Antrieb mindestens so einfach war wie im Direktantrieb.<br><\/p>\n\n\n\n<p><strong>Der n\u00e4chste Schritt:<\/strong><\/p>\n\n\n\n<p>Die Ergebnisse waren so \u00fcberzeugend, da\u00df die zweite Entwicklungsstufe vollzogen wurde: Die Integration der Planetenstufe in den vorderen Geh\u00e4useteil des Moki S250. <\/p>\n\n\n\n<figure class=\"wp-block-image size-large\"><a href=\"https:\/\/seidel-props.de\/wp-content\/uploads\/2021\/07\/DSCN0853-scaled.jpg\"><img loading=\"lazy\" decoding=\"async\" width=\"1024\" height=\"768\" src=\"https:\/\/seidel-props.de\/wp-content\/uploads\/2021\/07\/DSCN0853-1024x768.jpg\" alt=\"\" class=\"wp-image-1881\" srcset=\"https:\/\/seidel-props.de\/wp-content\/uploads\/2021\/07\/DSCN0853-1024x768.jpg 1024w, https:\/\/seidel-props.de\/wp-content\/uploads\/2021\/07\/DSCN0853-300x225.jpg 300w, https:\/\/seidel-props.de\/wp-content\/uploads\/2021\/07\/DSCN0853-768x576.jpg 768w, https:\/\/seidel-props.de\/wp-content\/uploads\/2021\/07\/DSCN0853-1536x1152.jpg 1536w, https:\/\/seidel-props.de\/wp-content\/uploads\/2021\/07\/DSCN0853-2048x1536.jpg 2048w, https:\/\/seidel-props.de\/wp-content\/uploads\/2021\/07\/DSCN0853-1600x1200.jpg 1600w\" sizes=\"auto, (max-width: 1024px) 100vw, 1024px\" \/><\/a><\/figure>\n\n\n\n<p>Zwei Prototypen wurden gefertigt, von denen einer die praktischen Flugversuche machte und der andere zun\u00e4chst weiter auf dem Pr\u00fcfstand vermessen wurde.<br><\/p>\n\n\n\n<p><strong>Die Flugerprobung:<\/strong><\/p>\n\n\n\n<p>Nach Anpassungen und Optimierung verschiedener Luftschrauben auf der  Critical Mass (2,6m Spannweite\/Rumpfl\u00e4nge, 25kg) unseres Testpiloten Peter Stibi kann sich das Resultat durchaus sehen lassen: Die Flugleistungen im Vergleich zum Direktantrieb stehen in nichts zur\u00fcck und der Gesamteindruck des Fliegers in der Luft ist einfach nur imposant! <br>Originalton unseres Testpiloten Peter Stibi: &#8220;Das Ding geht wie eine Dampflok! Das schiebt unglaublich!&#8221; <\/p>\n\n\n\n<figure class=\"wp-block-image size-large\"><a href=\"https:\/\/seidel-props.de\/wp-content\/uploads\/2021\/07\/35x54_10-1-scaled.jpg\"><img loading=\"lazy\" decoding=\"async\" width=\"1024\" height=\"768\" src=\"https:\/\/seidel-props.de\/wp-content\/uploads\/2021\/07\/35x54_10-1-1024x768.jpg\" alt=\"\" class=\"wp-image-1872\" srcset=\"https:\/\/seidel-props.de\/wp-content\/uploads\/2021\/07\/35x54_10-1-1024x768.jpg 1024w, https:\/\/seidel-props.de\/wp-content\/uploads\/2021\/07\/35x54_10-1-300x225.jpg 300w, https:\/\/seidel-props.de\/wp-content\/uploads\/2021\/07\/35x54_10-1-768x576.jpg 768w, https:\/\/seidel-props.de\/wp-content\/uploads\/2021\/07\/35x54_10-1-1536x1152.jpg 1536w, https:\/\/seidel-props.de\/wp-content\/uploads\/2021\/07\/35x54_10-1-2048x1536.jpg 2048w, https:\/\/seidel-props.de\/wp-content\/uploads\/2021\/07\/35x54_10-1-1600x1200.jpg 1600w\" sizes=\"auto, (max-width: 1024px) 100vw, 1024px\" \/><\/a><\/figure>\n\n\n\n<p><br>Die mitgeschnittenen Videosequenzen zeigen kleine Kostproben, die jedoch das Live-Erlebnis kaum wiedergeben k\u00f6nnen.<br>Besagte Critical Mass wurde vorher schon jahrelang mit dem Moki S250 im  Direktantrieb geflogen, womit beim Routinier Peter Stibi eine solide  Vergleichsbasis gegeben ist. Ung\u00fcnstigerweise l\u00e4\u00dft sich aufgrund der  begrenzten Fahrwerksh\u00f6he &#8220;nur&#8221; ein 4-Blatt-Propeller mit max. 35&#8243; einsetzen. Um das hohe vorhandene Drehmoment des Antriebs auf diesem &#8220;kleinen&#8221; Propellerdurchmesser umsetzen zu k\u00f6nnen, mu\u00dften erst verschiedene Props gefertigt und getestet werden, denn diese sehr hohen Steigungen waren auch f\u00fcr uns Neuland. <\/p>\n\n\n\n<figure class=\"wp-block-image size-large\"><a href=\"https:\/\/seidel-props.de\/wp-content\/uploads\/2021\/07\/IMG_1307-scaled.jpg\"><img loading=\"lazy\" decoding=\"async\" width=\"1024\" height=\"768\" src=\"https:\/\/seidel-props.de\/wp-content\/uploads\/2021\/07\/IMG_1307-1024x768.jpg\" alt=\"\" class=\"wp-image-1882\" srcset=\"https:\/\/seidel-props.de\/wp-content\/uploads\/2021\/07\/IMG_1307-1024x768.jpg 1024w, https:\/\/seidel-props.de\/wp-content\/uploads\/2021\/07\/IMG_1307-300x225.jpg 300w, https:\/\/seidel-props.de\/wp-content\/uploads\/2021\/07\/IMG_1307-768x576.jpg 768w, https:\/\/seidel-props.de\/wp-content\/uploads\/2021\/07\/IMG_1307-1536x1152.jpg 1536w, https:\/\/seidel-props.de\/wp-content\/uploads\/2021\/07\/IMG_1307-2048x1536.jpg 2048w, https:\/\/seidel-props.de\/wp-content\/uploads\/2021\/07\/IMG_1307-1600x1200.jpg 1600w\" sizes=\"auto, (max-width: 1024px) 100vw, 1024px\" \/><\/a><\/figure>\n\n\n\n<p><br>Schlu\u00dfendlich hat sich eine  Steigung von 58&#8243; als gute Wahl herausgestellt, die perfekt zu Flieger und Flugstil pa\u00dft.<br>Die zwangsl\u00e4ufige  Durchmesserbegrenzung hatte andererseits den Vorteil, da\u00df eine Abstimmung gefunden werden mu\u00dfte, mit der auch &#8220;kleinere&#8221; Warbirds im Ma\u00dfstab 1:4 befeuert werden konnten. Ensprechend hat sich das Einsatzfeld f\u00fcr unser SP-250-X vergr\u00f6\u00dfert. Eindeutig leichter lassen sich Props mit gr\u00f6\u00dferen Durchmessern umsetzten.<br>Naheliegend, da\u00df die Realisierung eines 5-Blatt-Scale-Props f\u00fcr eine Seafury 1:4,5 das n\u00e4chste Versuchsmuster werden w\u00fcrde.<br><\/p>\n\n\n\n<p><strong>Wie geht&#8217;s weiter?<\/strong><\/p>\n\n\n\n<p>Zun\u00e4chst stand die erfolgreiche Markteinf\u00fchrung der Getriebeeinheit im Fokus.  Dies ist nur mit Konzentration auf einen weit verbreiteten Motortyp und  entsprechende Maschinen m\u00f6glich. <br>Daher war vorerst nicht geplant, andere Motoren mit dem Getriebe auzustatten, obwohl nat\u00fcrlich schon verschiedene Anfragen gemacht wurden. Unser n\u00e4chstes Projekt k\u00f6chelt schon vor sich hin und wird das Getriebe erg\u00e4nzen bzw. toppen! Ohne Zeitpl\u00e4ne, Kosten zu nennen oder zuviel zu verraten, w\u00e4re eine  Kombination mit einem Super-Scale-Variable-Pitch-Prop eine neue Herausforderung. <\/p>\n\n\n\n<figure class=\"wp-block-gallery columns-3 is-cropped wp-block-gallery-1 is-layout-flex wp-block-gallery-is-layout-flex\"><ul class=\"blocks-gallery-grid\"><li class=\"blocks-gallery-item\"><figure><a href=\"https:\/\/seidel-props.de\/wp-content\/uploads\/2021\/07\/38x52_GAP-1-scaled.jpg\"><img loading=\"lazy\" decoding=\"async\" width=\"1024\" height=\"768\" src=\"https:\/\/seidel-props.de\/wp-content\/uploads\/2021\/07\/38x52_GAP-1-1024x768.jpg\" alt=\"\" data-id=\"1875\" data-full-url=\"https:\/\/seidel-props.de\/wp-content\/uploads\/2021\/07\/38x52_GAP-1-scaled.jpg\" data-link=\"https:\/\/seidel-props.de\/sp-250-x-weitere-infos\/attachment\/38x52_gap-1\/\" class=\"wp-image-1875\" srcset=\"https:\/\/seidel-props.de\/wp-content\/uploads\/2021\/07\/38x52_GAP-1-1024x768.jpg 1024w, https:\/\/seidel-props.de\/wp-content\/uploads\/2021\/07\/38x52_GAP-1-300x225.jpg 300w, https:\/\/seidel-props.de\/wp-content\/uploads\/2021\/07\/38x52_GAP-1-768x576.jpg 768w, https:\/\/seidel-props.de\/wp-content\/uploads\/2021\/07\/38x52_GAP-1-1536x1152.jpg 1536w, https:\/\/seidel-props.de\/wp-content\/uploads\/2021\/07\/38x52_GAP-1-2048x1536.jpg 2048w, https:\/\/seidel-props.de\/wp-content\/uploads\/2021\/07\/38x52_GAP-1-1600x1200.jpg 1600w\" sizes=\"auto, (max-width: 1024px) 100vw, 1024px\" \/><\/a><\/figure><\/li><li class=\"blocks-gallery-item\"><figure><a href=\"https:\/\/seidel-props.de\/wp-content\/uploads\/2021\/07\/38x52_GAP-2-scaled.jpg\"><img loading=\"lazy\" decoding=\"async\" width=\"1024\" height=\"768\" src=\"https:\/\/seidel-props.de\/wp-content\/uploads\/2021\/07\/38x52_GAP-2-1024x768.jpg\" alt=\"\" data-id=\"1876\" data-full-url=\"https:\/\/seidel-props.de\/wp-content\/uploads\/2021\/07\/38x52_GAP-2-scaled.jpg\" data-link=\"https:\/\/seidel-props.de\/sp-250-x-weitere-infos\/attachment\/38x52_gap-2\/\" class=\"wp-image-1876\" srcset=\"https:\/\/seidel-props.de\/wp-content\/uploads\/2021\/07\/38x52_GAP-2-1024x768.jpg 1024w, https:\/\/seidel-props.de\/wp-content\/uploads\/2021\/07\/38x52_GAP-2-300x225.jpg 300w, https:\/\/seidel-props.de\/wp-content\/uploads\/2021\/07\/38x52_GAP-2-768x576.jpg 768w, https:\/\/seidel-props.de\/wp-content\/uploads\/2021\/07\/38x52_GAP-2-1536x1152.jpg 1536w, https:\/\/seidel-props.de\/wp-content\/uploads\/2021\/07\/38x52_GAP-2-2048x1536.jpg 2048w, https:\/\/seidel-props.de\/wp-content\/uploads\/2021\/07\/38x52_GAP-2-1600x1200.jpg 1600w\" sizes=\"auto, (max-width: 1024px) 100vw, 1024px\" \/><\/a><\/figure><\/li><li class=\"blocks-gallery-item\"><figure><a href=\"https:\/\/seidel-props.de\/wp-content\/uploads\/2021\/07\/DSCN0110-scaled.jpg\"><img loading=\"lazy\" decoding=\"async\" width=\"1024\" height=\"768\" src=\"https:\/\/seidel-props.de\/wp-content\/uploads\/2021\/07\/DSCN0110-1024x768.jpg\" alt=\"\" data-id=\"1877\" data-full-url=\"https:\/\/seidel-props.de\/wp-content\/uploads\/2021\/07\/DSCN0110-scaled.jpg\" data-link=\"https:\/\/seidel-props.de\/sp-250-x-weitere-infos\/attachment\/dscn0110\/\" class=\"wp-image-1877\" srcset=\"https:\/\/seidel-props.de\/wp-content\/uploads\/2021\/07\/DSCN0110-1024x768.jpg 1024w, https:\/\/seidel-props.de\/wp-content\/uploads\/2021\/07\/DSCN0110-300x225.jpg 300w, https:\/\/seidel-props.de\/wp-content\/uploads\/2021\/07\/DSCN0110-768x576.jpg 768w, https:\/\/seidel-props.de\/wp-content\/uploads\/2021\/07\/DSCN0110-1536x1152.jpg 1536w, https:\/\/seidel-props.de\/wp-content\/uploads\/2021\/07\/DSCN0110-2048x1536.jpg 2048w, https:\/\/seidel-props.de\/wp-content\/uploads\/2021\/07\/DSCN0110-1600x1200.jpg 1600w\" sizes=\"auto, (max-width: 1024px) 100vw, 1024px\" \/><\/a><\/figure><\/li><li class=\"blocks-gallery-item\"><figure><a href=\"https:\/\/seidel-props.de\/wp-content\/uploads\/2021\/07\/DSCN0112-scaled.jpg\"><img loading=\"lazy\" decoding=\"async\" width=\"1024\" height=\"768\" src=\"https:\/\/seidel-props.de\/wp-content\/uploads\/2021\/07\/DSCN0112-1024x768.jpg\" alt=\"\" data-id=\"1878\" data-full-url=\"https:\/\/seidel-props.de\/wp-content\/uploads\/2021\/07\/DSCN0112-scaled.jpg\" data-link=\"https:\/\/seidel-props.de\/sp-250-x-weitere-infos\/attachment\/dscn0112\/\" class=\"wp-image-1878\" srcset=\"https:\/\/seidel-props.de\/wp-content\/uploads\/2021\/07\/DSCN0112-1024x768.jpg 1024w, https:\/\/seidel-props.de\/wp-content\/uploads\/2021\/07\/DSCN0112-300x225.jpg 300w, https:\/\/seidel-props.de\/wp-content\/uploads\/2021\/07\/DSCN0112-768x576.jpg 768w, https:\/\/seidel-props.de\/wp-content\/uploads\/2021\/07\/DSCN0112-1536x1152.jpg 1536w, https:\/\/seidel-props.de\/wp-content\/uploads\/2021\/07\/DSCN0112-2048x1536.jpg 2048w, https:\/\/seidel-props.de\/wp-content\/uploads\/2021\/07\/DSCN0112-1600x1200.jpg 1600w\" sizes=\"auto, (max-width: 1024px) 100vw, 1024px\" \/><\/a><\/figure><\/li><\/ul><\/figure>\n\n\n\n<p>Oh Nein, verlappert! Bitte vergessen Sie schnell wieder, was Sie gerade gelesen haben! <\/p>\n","protected":false},"excerpt":{"rendered":"<p>F\u00fcr all diejenigen, die noch mehr Hintergrundinformationen zum Getriebe erfahren m\u00f6chten: Der Anfang: Zielsetzung war, endlich originalgetreu gro\u00dfe Scalepropeller auf&hellip;<\/p>\n","protected":false},"author":1,"featured_media":0,"parent":0,"menu_order":0,"comment_status":"closed","ping_status":"closed","template":"","meta":{"ngg_post_thumbnail":0,"footnotes":""},"class_list":["post-44","page","type-page","status-publish","hentry"],"translation":{"provider":"WPGlobus","version":"2.10.0","language":"en","enabled_languages":["de","en"],"languages":{"de":{"title":true,"content":true,"excerpt":false},"en":{"title":false,"content":false,"excerpt":false}}},"_links":{"self":[{"href":"https:\/\/seidel-props.de\/en\/wp-json\/wp\/v2\/pages\/44","targetHints":{"allow":["GET"]}}],"collection":[{"href":"https:\/\/seidel-props.de\/en\/wp-json\/wp\/v2\/pages"}],"about":[{"href":"https:\/\/seidel-props.de\/en\/wp-json\/wp\/v2\/types\/page"}],"author":[{"embeddable":true,"href":"https:\/\/seidel-props.de\/en\/wp-json\/wp\/v2\/users\/1"}],"replies":[{"embeddable":true,"href":"https:\/\/seidel-props.de\/en\/wp-json\/wp\/v2\/comments?post=44"}],"version-history":[{"count":9,"href":"https:\/\/seidel-props.de\/en\/wp-json\/wp\/v2\/pages\/44\/revisions"}],"predecessor-version":[{"id":1883,"href":"https:\/\/seidel-props.de\/en\/wp-json\/wp\/v2\/pages\/44\/revisions\/1883"}],"wp:attachment":[{"href":"https:\/\/seidel-props.de\/en\/wp-json\/wp\/v2\/media?parent=44"}],"curies":[{"name":"wp","href":"https:\/\/api.w.org\/{rel}","templated":true}]}}