{"id":60,"date":"2019-09-12T20:55:59","date_gmt":"2019-09-12T18:55:59","guid":{"rendered":"http:\/\/seidel-props.de\/?page_id=60"},"modified":"2024-03-31T10:19:14","modified_gmt":"2024-03-31T08:19:14","slug":"aktuelle-termine","status":"publish","type":"page","link":"https:\/\/seidel-props.de\/en\/aktuelle-termine\/","title":{"rendered":""},"content":{"rendered":"\n<p><strong>Aktuelle Termine<\/strong><\/p>\n\n\n\n<figure class=\"wp-block-image size-large\"><a href=\"https:\/\/seidel-props.de\/wp-content\/uploads\/2021\/07\/Seafury_Woerishofen-5-scaled.jpg\"><img loading=\"lazy\" decoding=\"async\" width=\"1024\" height=\"887\" src=\"https:\/\/seidel-props.de\/wp-content\/uploads\/2021\/07\/Seafury_Woerishofen-5-1024x887.jpg\" alt=\"\" class=\"wp-image-1827\" srcset=\"https:\/\/seidel-props.de\/wp-content\/uploads\/2021\/07\/Seafury_Woerishofen-5-1024x887.jpg 1024w, https:\/\/seidel-props.de\/wp-content\/uploads\/2021\/07\/Seafury_Woerishofen-5-300x260.jpg 300w, https:\/\/seidel-props.de\/wp-content\/uploads\/2021\/07\/Seafury_Woerishofen-5-768x665.jpg 768w, https:\/\/seidel-props.de\/wp-content\/uploads\/2021\/07\/Seafury_Woerishofen-5-1536x1331.jpg 1536w, https:\/\/seidel-props.de\/wp-content\/uploads\/2021\/07\/Seafury_Woerishofen-5-2048x1775.jpg 2048w, https:\/\/seidel-props.de\/wp-content\/uploads\/2021\/07\/Seafury_Woerishofen-5-1600x1386.jpg 1600w\" sizes=\"auto, (max-width: 1024px) 100vw, 1024px\" \/><\/a><\/figure>\n\n\n\n<p>Die Saison 2024 ist ready for take off! Wir planen, unsere Seafury mit E-SPX-Antrieb auf folgenden Flugtagen zu pr\u00e4sentieren: <\/p>\n\n\n\n<ul class=\"wp-block-list\">\n<li>Besonders zu empfehlen: <a href=\"https:\/\/www.mfc-oberhausen.eu\/events\/06-07-juli-warbird-treffen\/\" target=\"_blank\" rel=\"noreferrer noopener\">Warbirdmeeting 2024 in Oberhausen<\/a>, am 06-07 Juli. <\/li>\n<\/ul>\n\n\n\n<p>Wir freuen uns \u00fcber Ihr Interesse an unseren Propellern und Getriebeantrieben und w\u00fcnschen viel Erfolg in dieser Flugsaison. Wenn wir Sie bei Ihren Antriebsfragen unterst\u00fctzen k\u00f6nnen, lassen Sie es uns wissen.<br>Kommen Sie auf uns zu, wir freuen uns auf Sie! Pers\u00f6nliche Beratung ist unser Stolz und Markenzeichen!<\/p>\n\n\n\n<p class=\"has-text-align-left\">Wie  gewohnt wird es n\u00e4chstes Jahr weitere Neuigkeiten und Innovationen zu sehen geben! Viele von Ihnen nutzen die Gelegenheit auf Flugtagen, unsere Propeller in die Hand zu nehmen oder mit uns Ihre Antriebssituationen zu besprechen.<\/p>\n\n\n\n<figure class=\"wp-block-gallery has-nested-images columns-default is-cropped wp-block-gallery-1 is-layout-flex wp-block-gallery-is-layout-flex\">\n<figure class=\"wp-block-image size-large\"><a href=\"https:\/\/seidel-props.de\/wp-content\/uploads\/2021\/07\/20170805_143106-scaled.jpg\"><img loading=\"lazy\" decoding=\"async\" width=\"169\" height=\"300\" data-id=\"1885\" src=\"https:\/\/seidel-props.de\/wp-content\/uploads\/2021\/07\/20170805_143106-169x300.jpg\" alt=\"\" class=\"wp-image-1885\" srcset=\"https:\/\/seidel-props.de\/wp-content\/uploads\/2021\/07\/20170805_143106-169x300.jpg 169w, https:\/\/seidel-props.de\/wp-content\/uploads\/2021\/07\/20170805_143106-576x1024.jpg 576w, https:\/\/seidel-props.de\/wp-content\/uploads\/2021\/07\/20170805_143106-768x1365.jpg 768w, https:\/\/seidel-props.de\/wp-content\/uploads\/2021\/07\/20170805_143106-864x1536.jpg 864w, https:\/\/seidel-props.de\/wp-content\/uploads\/2021\/07\/20170805_143106-1152x2048.jpg 1152w, https:\/\/seidel-props.de\/wp-content\/uploads\/2021\/07\/20170805_143106-1600x2844.jpg 1600w, https:\/\/seidel-props.de\/wp-content\/uploads\/2021\/07\/20170805_143106-scaled.jpg 1440w\" sizes=\"auto, (max-width: 169px) 100vw, 169px\" \/><\/a><\/figure>\n\n\n\n<figure class=\"wp-block-image size-large\"><a href=\"https:\/\/seidel-props.de\/wp-content\/uploads\/2021\/07\/DSCN0249-scaled.jpg\"><img loading=\"lazy\" decoding=\"async\" width=\"300\" height=\"225\" data-id=\"1887\" src=\"https:\/\/seidel-props.de\/wp-content\/uploads\/2021\/07\/DSCN0249-300x225.jpg\" alt=\"\" class=\"wp-image-1887\" srcset=\"https:\/\/seidel-props.de\/wp-content\/uploads\/2021\/07\/DSCN0249-300x225.jpg 300w, https:\/\/seidel-props.de\/wp-content\/uploads\/2021\/07\/DSCN0249-1024x768.jpg 1024w, https:\/\/seidel-props.de\/wp-content\/uploads\/2021\/07\/DSCN0249-768x576.jpg 768w, https:\/\/seidel-props.de\/wp-content\/uploads\/2021\/07\/DSCN0249-1536x1152.jpg 1536w, https:\/\/seidel-props.de\/wp-content\/uploads\/2021\/07\/DSCN0249-2048x1536.jpg 2048w, https:\/\/seidel-props.de\/wp-content\/uploads\/2021\/07\/DSCN0249-1600x1200.jpg 1600w\" sizes=\"auto, (max-width: 300px) 100vw, 300px\" \/><\/a><\/figure>\n\n\n\n<figure class=\"wp-block-image size-large\"><a href=\"https:\/\/seidel-props.de\/wp-content\/uploads\/2021\/07\/20170805_143144-scaled.jpg\"><img loading=\"lazy\" decoding=\"async\" width=\"169\" height=\"300\" data-id=\"1886\" src=\"https:\/\/seidel-props.de\/wp-content\/uploads\/2021\/07\/20170805_143144-169x300.jpg\" alt=\"\" class=\"wp-image-1886\" srcset=\"https:\/\/seidel-props.de\/wp-content\/uploads\/2021\/07\/20170805_143144-169x300.jpg 169w, https:\/\/seidel-props.de\/wp-content\/uploads\/2021\/07\/20170805_143144-576x1024.jpg 576w, https:\/\/seidel-props.de\/wp-content\/uploads\/2021\/07\/20170805_143144-768x1365.jpg 768w, https:\/\/seidel-props.de\/wp-content\/uploads\/2021\/07\/20170805_143144-864x1536.jpg 864w, https:\/\/seidel-props.de\/wp-content\/uploads\/2021\/07\/20170805_143144-1152x2048.jpg 1152w, https:\/\/seidel-props.de\/wp-content\/uploads\/2021\/07\/20170805_143144-1600x2844.jpg 1600w, https:\/\/seidel-props.de\/wp-content\/uploads\/2021\/07\/20170805_143144-scaled.jpg 1440w\" sizes=\"auto, (max-width: 169px) 100vw, 169px\" \/><\/a><\/figure>\n<\/figure>\n\n\n\n<p>Ihre Begeisterung ist unsere beste Referenz!<\/p>\n\n\n\n<p>Ein doch wesentlicher Faktor zum Flugvergn\u00fcgen nach dem Bauen stellt ein  leistungsstarker Antrieb dar. Hier k\u00f6nnen wir Sie aufgrund unserer  langj\u00e4hrigen praktischen Erfahrung und unseres theoretischen Backgrounds  tatkr\u00e4ftig unterst\u00fctzen!&nbsp;<\/p>\n\n\n\n<p>Wir bieten nicht nur die entsprechenden Propeller an, sondern auch die komplette Antriebsberechnung und Dimensionierung! Schon die unterschiedlichsten und teils auch kuriosesten Anwendungen wurden erfolgreich in die Praxis umgesetzt.<\/p>\n","protected":false},"excerpt":{"rendered":"<p>Aktuelle Termine Die Saison 2024 ist ready for take off! Wir planen, unsere Seafury mit E-SPX-Antrieb auf folgenden Flugtagen zu&hellip;<\/p>\n","protected":false},"author":1,"featured_media":0,"parent":0,"menu_order":0,"comment_status":"closed","ping_status":"closed","template":"","meta":{"ngg_post_thumbnail":0,"footnotes":""},"class_list":["post-60","page","type-page","status-publish","hentry"],"translation":{"provider":"WPGlobus","version":"2.10.0","language":"en","enabled_languages":["de","en"],"languages":{"de":{"title":true,"content":true,"excerpt":false},"en":{"title":true,"content":false,"excerpt":false}}},"_links":{"self":[{"href":"https:\/\/seidel-props.de\/en\/wp-json\/wp\/v2\/pages\/60","targetHints":{"allow":["GET"]}}],"collection":[{"href":"https:\/\/seidel-props.de\/en\/wp-json\/wp\/v2\/pages"}],"about":[{"href":"https:\/\/seidel-props.de\/en\/wp-json\/wp\/v2\/types\/page"}],"author":[{"embeddable":true,"href":"https:\/\/seidel-props.de\/en\/wp-json\/wp\/v2\/users\/1"}],"replies":[{"embeddable":true,"href":"https:\/\/seidel-props.de\/en\/wp-json\/wp\/v2\/comments?post=60"}],"version-history":[{"count":31,"href":"https:\/\/seidel-props.de\/en\/wp-json\/wp\/v2\/pages\/60\/revisions"}],"predecessor-version":[{"id":2819,"href":"https:\/\/seidel-props.de\/en\/wp-json\/wp\/v2\/pages\/60\/revisions\/2819"}],"wp:attachment":[{"href":"https:\/\/seidel-props.de\/en\/wp-json\/wp\/v2\/media?parent=60"}],"curies":[{"name":"wp","href":"https:\/\/api.w.org\/{rel}","templated":true}]}}