{"id":77,"date":"2019-09-12T21:12:11","date_gmt":"2019-09-12T19:12:11","guid":{"rendered":"http:\/\/seidel-props.de\/?page_id=77"},"modified":"2021-08-23T21:51:35","modified_gmt":"2021-08-23T19:51:35","slug":"scale-naben","status":"publish","type":"page","link":"https:\/\/seidel-props.de\/en\/scale-naben\/","title":{"rendered":"Scale Naben"},"content":{"rendered":"\n<p><strong>Scale-Naben f\u00fcr Scale-Props<\/strong><\/p>\n\n\n\n<figure class=\"wp-block-image size-large\"><a href=\"https:\/\/seidel-props.de\/wp-content\/uploads\/2020\/09\/28x16_Thunderbolt_02.gif\"><img loading=\"lazy\" decoding=\"async\" width=\"550\" height=\"413\" src=\"https:\/\/seidel-props.de\/wp-content\/uploads\/2020\/09\/28x16_Thunderbolt_02.gif\" alt=\"\" class=\"wp-image-1120\"\/><\/a><\/figure>\n\n\n\n<figure class=\"wp-block-image size-large\"><a href=\"https:\/\/seidel-props.de\/wp-content\/uploads\/2021\/08\/Wilga-Super-Scale_03.gif\"><img loading=\"lazy\" decoding=\"async\" width=\"550\" height=\"413\" src=\"https:\/\/seidel-props.de\/wp-content\/uploads\/2021\/08\/Wilga-Super-Scale_03.gif\" alt=\"\" class=\"wp-image-2539\"\/><\/a><\/figure>\n\n\n\n<p>Auf vielfachen Wunsch hin haben wir jetzt nicht nur  Scale-Propellerformen im Programm, sondern auch datailierte Scale-Naben.  Genau wie die Propellerbl\u00e4tter werden die Naben nach Originalphotos  rekonstruiert und k\u00f6nnen als Option direkt mit in den Holzpropeller  gefr\u00e4st werden. Somit lassen sich die Naben vollkommen  ma\u00dfstabsunabh\u00e4ngig nach Ihren Vorgaben anfertigen. <\/p>\n\n\n\n<p>Besonders interessant sind die Scale-Naben f\u00fcr alle Flugzeugtypen, \ndie ohne Spinner geflogen werden. Dazu geh\u00f6ren in erster Linie Muster, \ndie im Original mit Sternmotoren betrieben wurden. Hier wurde oft zum \nZweck der besseren Motork\u00fchlung auf einen str\u00f6mungsg\u00fcnstigen Spinner \nverzichtet.<\/p>\n\n\n\n<p>Bei den Recherchen ist aufgefallen, da\u00df zum einen oft \nauf dem selben Flugzeugtyp unterschiedliche Propeller und -Naben zum \nEinsatz kommen, zum anderen aber auch der gleiche Prop auf verschiedenen\n Maschinen zu sehen ist.<br>So war zum Beispiel die Dreiblattnabe auf einer Variante der Corsair identisch mit der der DC-3.<\/p>\n\n\n\n<p>Das  Sortiment umfa\u00dft bereits verschiedene Naben f\u00fcr 2-4-bl\u00e4ttrige Typen und  wird kontinuierlich erweitert. Sollten Sie dar\u00fcberhinausgehende W\u00fcnsche  haben, nehmen wir diese gerne mit auf. Zur Rekonstruktion sind  m\u00f6glichst aussagekr\u00e4ftige Detailphotos der Nabe notwendig.<\/p>\n\n\n\n<p> Einige Beispiele bereits entwickelter Naben finden Sie unter <strong><a href=\"https:\/\/seidel-props.de\/scale-props\/\">Scale-Props<\/a>. <\/strong><\/p>\n","protected":false},"excerpt":{"rendered":"<p>Scale-Naben f\u00fcr Scale-Props Auf vielfachen Wunsch hin haben wir jetzt nicht nur Scale-Propellerformen im Programm, sondern auch datailierte Scale-Naben. Genau&hellip;<\/p>\n","protected":false},"author":1,"featured_media":0,"parent":0,"menu_order":0,"comment_status":"closed","ping_status":"closed","template":"","meta":{"ngg_post_thumbnail":0,"footnotes":""},"class_list":["post-77","page","type-page","status-publish","hentry"],"translation":{"provider":"WPGlobus","version":"2.10.0","language":"en","enabled_languages":["de","en"],"languages":{"de":{"title":true,"content":true,"excerpt":false},"en":{"title":false,"content":false,"excerpt":false}}},"_links":{"self":[{"href":"https:\/\/seidel-props.de\/en\/wp-json\/wp\/v2\/pages\/77","targetHints":{"allow":["GET"]}}],"collection":[{"href":"https:\/\/seidel-props.de\/en\/wp-json\/wp\/v2\/pages"}],"about":[{"href":"https:\/\/seidel-props.de\/en\/wp-json\/wp\/v2\/types\/page"}],"author":[{"embeddable":true,"href":"https:\/\/seidel-props.de\/en\/wp-json\/wp\/v2\/users\/1"}],"replies":[{"embeddable":true,"href":"https:\/\/seidel-props.de\/en\/wp-json\/wp\/v2\/comments?post=77"}],"version-history":[{"count":4,"href":"https:\/\/seidel-props.de\/en\/wp-json\/wp\/v2\/pages\/77\/revisions"}],"predecessor-version":[{"id":2540,"href":"https:\/\/seidel-props.de\/en\/wp-json\/wp\/v2\/pages\/77\/revisions\/2540"}],"wp:attachment":[{"href":"https:\/\/seidel-props.de\/en\/wp-json\/wp\/v2\/media?parent=77"}],"curies":[{"name":"wp","href":"https:\/\/api.w.org\/{rel}","templated":true}]}}