{"id":80,"date":"2019-09-12T21:20:36","date_gmt":"2019-09-12T19:20:36","guid":{"rendered":"http:\/\/seidel-props.de\/?page_id=80"},"modified":"2021-08-03T09:06:36","modified_gmt":"2021-08-03T07:06:36","slug":"super-scale-spinnerset","status":"publish","type":"page","link":"https:\/\/seidel-props.de\/en\/super-scale-spinnerset\/","title":{"rendered":"Super-Scale-Spinnerset"},"content":{"rendered":"\n<p><strong>Super-Scale Spinnerset<\/strong><\/p>\n\n\n\n<figure class=\"wp-block-gallery columns-3 is-cropped wp-block-gallery-1 is-layout-flex wp-block-gallery-is-layout-flex\"><ul class=\"blocks-gallery-grid\"><li class=\"blocks-gallery-item\"><figure><a href=\"https:\/\/seidel-props.de\/wp-content\/uploads\/2020\/09\/spin-01.gif\"><img loading=\"lazy\" decoding=\"async\" width=\"550\" height=\"316\" src=\"https:\/\/seidel-props.de\/wp-content\/uploads\/2020\/09\/spin-01.gif\" alt=\"\" data-id=\"1127\" data-full-url=\"https:\/\/seidel-props.de\/wp-content\/uploads\/2020\/09\/spin-01.gif\" data-link=\"https:\/\/seidel-props.de\/spin-01\/\" class=\"wp-image-1127\"\/><\/a><\/figure><\/li><li class=\"blocks-gallery-item\"><figure><a href=\"https:\/\/seidel-props.de\/wp-content\/uploads\/2020\/09\/1-257.jpg\"><img loading=\"lazy\" decoding=\"async\" width=\"800\" height=\"600\" src=\"https:\/\/seidel-props.de\/wp-content\/uploads\/2020\/09\/1-257.jpg\" alt=\"\" data-id=\"1124\" data-full-url=\"https:\/\/seidel-props.de\/wp-content\/uploads\/2020\/09\/1-257.jpg\" data-link=\"https:\/\/seidel-props.de\/1-257\/\" class=\"wp-image-1124\" srcset=\"https:\/\/seidel-props.de\/wp-content\/uploads\/2020\/09\/1-257.jpg 800w, https:\/\/seidel-props.de\/wp-content\/uploads\/2020\/09\/1-257-300x225.jpg 300w, https:\/\/seidel-props.de\/wp-content\/uploads\/2020\/09\/1-257-768x576.jpg 768w\" sizes=\"auto, (max-width: 800px) 100vw, 800px\" \/><\/a><\/figure><\/li><li class=\"blocks-gallery-item\"><figure><a href=\"https:\/\/seidel-props.de\/wp-content\/uploads\/2020\/09\/Spinnerset_Typ-GeeBee-1.gif\"><img loading=\"lazy\" decoding=\"async\" width=\"550\" height=\"413\" src=\"https:\/\/seidel-props.de\/wp-content\/uploads\/2020\/09\/Spinnerset_Typ-GeeBee-1.gif\" alt=\"\" data-id=\"1128\" data-full-url=\"https:\/\/seidel-props.de\/wp-content\/uploads\/2020\/09\/Spinnerset_Typ-GeeBee-1.gif\" data-link=\"https:\/\/seidel-props.de\/spinnerset_typ-geebee-1\/\" class=\"wp-image-1128\"\/><\/a><\/figure><\/li><li class=\"blocks-gallery-item\"><figure><a href=\"https:\/\/seidel-props.de\/wp-content\/uploads\/2020\/09\/28x16_Thunderbolt_03.gif\"><img loading=\"lazy\" decoding=\"async\" width=\"550\" height=\"413\" src=\"https:\/\/seidel-props.de\/wp-content\/uploads\/2020\/09\/28x16_Thunderbolt_03.gif\" alt=\"\" data-id=\"1121\" data-full-url=\"https:\/\/seidel-props.de\/wp-content\/uploads\/2020\/09\/28x16_Thunderbolt_03.gif\" data-link=\"https:\/\/seidel-props.de\/28x16_thunderbolt_03\/\" class=\"wp-image-1121\"\/><\/a><\/figure><\/li><li class=\"blocks-gallery-item\"><figure><a href=\"https:\/\/seidel-props.de\/wp-content\/uploads\/2020\/09\/32x18_Corsair-2.gif\"><img loading=\"lazy\" decoding=\"async\" width=\"550\" height=\"413\" src=\"https:\/\/seidel-props.de\/wp-content\/uploads\/2020\/09\/32x18_Corsair-2.gif\" alt=\"\" data-id=\"1122\" data-full-url=\"https:\/\/seidel-props.de\/wp-content\/uploads\/2020\/09\/32x18_Corsair-2.gif\" data-link=\"https:\/\/seidel-props.de\/32x18_corsair-2\/\" class=\"wp-image-1122\"\/><\/a><\/figure><\/li><li class=\"blocks-gallery-item\"><figure><a href=\"https:\/\/seidel-props.de\/wp-content\/uploads\/2020\/09\/28x16_Thunderbolt_02.gif\"><img loading=\"lazy\" decoding=\"async\" width=\"550\" height=\"413\" src=\"https:\/\/seidel-props.de\/wp-content\/uploads\/2020\/09\/28x16_Thunderbolt_02.gif\" alt=\"\" data-id=\"1120\" data-full-url=\"https:\/\/seidel-props.de\/wp-content\/uploads\/2020\/09\/28x16_Thunderbolt_02.gif\" data-link=\"https:\/\/seidel-props.de\/28x16_thunderbolt_02\/\" class=\"wp-image-1120\"\/><\/a><\/figure><\/li><li class=\"blocks-gallery-item\"><figure><a href=\"https:\/\/seidel-props.de\/wp-content\/uploads\/2020\/09\/32x18_Corsair-9.gif\"><img loading=\"lazy\" decoding=\"async\" width=\"550\" height=\"413\" src=\"https:\/\/seidel-props.de\/wp-content\/uploads\/2020\/09\/32x18_Corsair-9.gif\" alt=\"\" data-id=\"1116\" data-full-url=\"https:\/\/seidel-props.de\/wp-content\/uploads\/2020\/09\/32x18_Corsair-9.gif\" data-link=\"https:\/\/seidel-props.de\/32x18_corsair-9\/\" class=\"wp-image-1116\"\/><\/a><\/figure><\/li><\/ul><\/figure>\n\n\n\n<p>Hochwertiger zweiteiliger Spinnersatz<\/p>\n\n\n\n<p>Aus dem Vollen gedrehte Aluminiumkappe mit Grundplatte incl. aller Schrauben und Werkzeug.<\/p>\n\n\n\n<p>F\u00fcr Moki 150 bis Moki&nbsp; 400 und Valach 420 und 800<\/p>\n\n\n\n<p>Typ &#8220;<a href=\"https:\/\/seidel-props.de\/galerie\/nggallery\/scale-props\/GeeBee-R2\"><strong>GeeBee<\/strong><\/a>&#8221; mit zylindrischem Spinnerdom<br>Typ &#8220;<a href=\"https:\/\/seidel-props.de\/galerie\/nggallery\/scale-props\/F4U-corsair\"><strong>Corsair<\/strong><\/a>&#8221; mit halbrundem Spinnerdom<\/p>\n\n\n\n<p><br>Viele originale Sternmotoren werden zur besseren K\u00fchlung ohne  stromlinienf\u00f6rmige Spinnerhauben geflogen. Wir haben zwei der verbreitetsten Typen nach Fotos speziell f\u00fcr oben genannte Sternmotoren rekonstruiert.<\/p>\n\n\n\n<p><strong>Die Super-Scale-Spinnersets passen perfekt \nzu unseren Super-Scale-Naben und sind der absolute H\u00f6hepunkt in Sachen \nScale-Propeller.<\/strong><\/p>\n\n\n\n<div class=\"wp-block-image\"><figure class=\"alignleft\"><img loading=\"lazy\" decoding=\"async\" width=\"550\" height=\"421\" src=\"https:\/\/seidel-props.de\/wp-content\/uploads\/2019\/09\/v800cors.gif\" alt=\"\" class=\"wp-image-81\"\/><figcaption> Schnittzeichnung&nbsp;Typ &#8220;Corsair&#8221; f\u00fcr Valach 800 <\/figcaption><\/figure><\/div>\n\n\n\n<p><\/p>\n\n\n\n<p><\/p>\n\n\n\n<p>Der Nachteil der oft zu kurzen  Motorwelle wird durch eine Flanschplatte mit integrierter F\u00fchrungsh\u00fclse  kompensiert, die den gesamten Spinner pa\u00dfgenau auf der Welle zentriert.  Die Platte nimmt wie gewohnt die 6 Flanschschrauben auf und hat ein  feines Au\u00dfengewinde, auf das die vordere Spinnerkappe geschraubt wird.  Das L\u00f6sen wird mit einer Zentralschraube vermieden.<\/p>\n\n\n\n<p>F\u00fcr alle Motoren sind die Varianten &#8220;GeeBee&#8221; und &#8220;Corsair&#8221; verf\u00fcgbar.<\/p>\n\n\n\n<figure class=\"wp-block-table aligncenter\"><table><tbody><tr><td> <strong>Motortyp<\/strong> <\/td><td> <strong>Bohrbild<\/strong><\/td><td> <strong>Au\u00dfendurchmesser<\/strong><\/td><td> <strong>Gewicht<\/strong> <\/td><td> <strong>Preis<\/strong> <\/td><\/tr><tr><td><strong>Moki S150 &#8211; S180 <\/strong><\/td><td>40mm 6-fach M5<br>Bohrung 10mm <\/td><td> 49,5mm<\/td><td>208gr. GeeBee<br>174gr. Corsair <\/td><td>190,- Euro<\/td><\/tr><tr><td> <strong>Moki S250<\/strong>-D65<\/td><td>40mm 6-fach M5<br>Bohrung 10mm <\/td><td>59,5mm <\/td><td>208gr. GeeBee<br>174gr. Corsair  <\/td><td>240,- Euro<\/td><\/tr><tr><td><strong>Moki S300<\/strong><\/td><td>40mm 6-fach M5<br>Bohrung 12mm<\/td><td>59,5mm<\/td><td>208gr. GeeBee<br>174gr. Corsair<\/td><td>250,- Euro<\/td><\/tr><tr><td><strong>Moki S400<\/strong>  <\/td><td>46mm 6-fach M6<br>Bohrung 12mm  <\/td><td>59,5mm   <\/td><td>299gr. GeeBee<br>271gr. Corsair  <\/td><td>260,- Euro  <\/td><\/tr><tr><td><strong>Valach VM R5-420<\/strong>  <\/td><td>58mm 6-fach M6<br>Bohrung 10mm  <\/td><td>79mm  <\/td><td>522gr. GeeBee<br>489gr. Corsair  <\/td><td>300,- Euro  <\/td><\/tr><tr><td><strong>Valach VM R7-800<\/strong>  <\/td><td>65mm 6-fach M8<br>Bohrung 12mm  <\/td><td>86mm  <\/td><td>643gr. GeeBee<br>687gr. Corsair  <\/td><td>350,- Euro  <\/td><\/tr><\/tbody><\/table><\/figure>\n\n\n\n<p>Massenangaben incl. Befestigungsschrauben.<\/p>\n\n\n","protected":false},"excerpt":{"rendered":"<p>Super-Scale Spinnerset Hochwertiger zweiteiliger Spinnersatz Aus dem Vollen gedrehte Aluminiumkappe mit Grundplatte incl. aller Schrauben und Werkzeug. F\u00fcr Moki 150&hellip;<\/p>\n","protected":false},"author":1,"featured_media":0,"parent":0,"menu_order":0,"comment_status":"closed","ping_status":"closed","template":"","meta":{"ngg_post_thumbnail":0,"footnotes":""},"class_list":["post-80","page","type-page","status-publish","hentry"],"translation":{"provider":"WPGlobus","version":"2.10.0","language":"en","enabled_languages":["de","en"],"languages":{"de":{"title":true,"content":true,"excerpt":false},"en":{"title":false,"content":false,"excerpt":false}}},"_links":{"self":[{"href":"https:\/\/seidel-props.de\/en\/wp-json\/wp\/v2\/pages\/80","targetHints":{"allow":["GET"]}}],"collection":[{"href":"https:\/\/seidel-props.de\/en\/wp-json\/wp\/v2\/pages"}],"about":[{"href":"https:\/\/seidel-props.de\/en\/wp-json\/wp\/v2\/types\/page"}],"author":[{"embeddable":true,"href":"https:\/\/seidel-props.de\/en\/wp-json\/wp\/v2\/users\/1"}],"replies":[{"embeddable":true,"href":"https:\/\/seidel-props.de\/en\/wp-json\/wp\/v2\/comments?post=80"}],"version-history":[{"count":16,"href":"https:\/\/seidel-props.de\/en\/wp-json\/wp\/v2\/pages\/80\/revisions"}],"predecessor-version":[{"id":2345,"href":"https:\/\/seidel-props.de\/en\/wp-json\/wp\/v2\/pages\/80\/revisions\/2345"}],"wp:attachment":[{"href":"https:\/\/seidel-props.de\/en\/wp-json\/wp\/v2\/media?parent=80"}],"curies":[{"name":"wp","href":"https:\/\/api.w.org\/{rel}","templated":true}]}}