{"id":87,"date":"2019-09-12T21:25:02","date_gmt":"2019-09-12T19:25:02","guid":{"rendered":"http:\/\/seidel-props.de\/?page_id=87"},"modified":"2021-07-14T23:48:05","modified_gmt":"2021-07-14T21:48:05","slug":"entwicklung","status":"publish","type":"page","link":"https:\/\/seidel-props.de\/en\/entwicklung\/","title":{"rendered":"Entwicklung"},"content":{"rendered":"\n<p><strong>Entwicklung<\/strong><\/p>\n\n\n\n<p>Alle individuellen Luftschrauben werden mit Hilfe eines  Rechenprogramms berechnet, d. h. f\u00fcr das jeweilige Flugger\u00e4t wird bei  bekannten Flugdaten wie Fluggeschwindigkeit, Motorleistung und -drehzahl  ein wirkungsgradoptimierter Propeller entworfen.<\/p>\n\n\n\n<div class=\"wp-block-image\"><figure class=\"aligncenter size-large\"><a href=\"https:\/\/seidel-props.de\/wp-content\/uploads\/2021\/07\/splines3_02.jpg\"><img loading=\"lazy\" decoding=\"async\" width=\"550\" height=\"318\" src=\"https:\/\/seidel-props.de\/wp-content\/uploads\/2021\/07\/splines3_02.jpg\" alt=\"\" class=\"wp-image-1852\" srcset=\"https:\/\/seidel-props.de\/wp-content\/uploads\/2021\/07\/splines3_02.jpg 550w, https:\/\/seidel-props.de\/wp-content\/uploads\/2021\/07\/splines3_02-300x173.jpg 300w\" sizes=\"auto, (max-width: 550px) 100vw, 550px\" \/><\/a><figcaption> CAD-Konstruktion eines Propellerblattes<br><\/figcaption><\/figure><\/div>\n\n\n\n<p>Aufgrund dieser leistungsbezogenen Daten wird mit einem weiteren  Rechenprogramm die Geometrie des Propellerblatts festgelegt und  anschlie\u00dfend in einem 3D-CAD-System weiter konstruiert. <\/p>\n\n\n\n<figure class=\"wp-block-image size-large\"><a href=\"https:\/\/seidel-props.de\/wp-content\/uploads\/2021\/07\/24x12_DR.jpg\"><img loading=\"lazy\" decoding=\"async\" width=\"1024\" height=\"691\" src=\"https:\/\/seidel-props.de\/wp-content\/uploads\/2021\/07\/24x12_DR-1024x691.jpg\" alt=\"\" class=\"wp-image-1854\" srcset=\"https:\/\/seidel-props.de\/wp-content\/uploads\/2021\/07\/24x12_DR-1024x691.jpg 1024w, https:\/\/seidel-props.de\/wp-content\/uploads\/2021\/07\/24x12_DR-300x202.jpg 300w, https:\/\/seidel-props.de\/wp-content\/uploads\/2021\/07\/24x12_DR-768x518.jpg 768w, https:\/\/seidel-props.de\/wp-content\/uploads\/2021\/07\/24x12_DR.jpg 1257w\" sizes=\"auto, (max-width: 1024px) 100vw, 1024px\" \/><\/a><\/figure>\n\n\n\n<p>Die Nabe\n und zus\u00e4tzliche Hilfsgeometrien f\u00fcr den sp\u00e4teren Fr\u00e4sablauf werden \nerstellt, um den fertigen virtuellen Prop an das CAM-Programm zu \n\u00fcbergeben. <br>Dort werden die Fr\u00e4sbahnen nach unterschiedlichen \nStrategien aufbereitet und auf der 3-Achs-CNC-Fr\u00e4se in die Realit\u00e4t \numgesetzt. <br>Aus dem urspr\u00fcnglichen Rohklotz entsteht jetzt Schritt f\u00fcr Schritt der Propeller.\n\n<\/p>\n","protected":false},"excerpt":{"rendered":"<p>Entwicklung Alle individuellen Luftschrauben werden mit Hilfe eines Rechenprogramms berechnet, d. h. f\u00fcr das jeweilige Flugger\u00e4t wird bei bekannten Flugdaten&hellip;<\/p>\n","protected":false},"author":1,"featured_media":0,"parent":0,"menu_order":0,"comment_status":"closed","ping_status":"closed","template":"","meta":{"ngg_post_thumbnail":0,"footnotes":""},"class_list":["post-87","page","type-page","status-publish","hentry"],"translation":{"provider":"WPGlobus","version":"2.10.0","language":"en","enabled_languages":["de","en"],"languages":{"de":{"title":true,"content":true,"excerpt":false},"en":{"title":false,"content":false,"excerpt":false}}},"_links":{"self":[{"href":"https:\/\/seidel-props.de\/en\/wp-json\/wp\/v2\/pages\/87","targetHints":{"allow":["GET"]}}],"collection":[{"href":"https:\/\/seidel-props.de\/en\/wp-json\/wp\/v2\/pages"}],"about":[{"href":"https:\/\/seidel-props.de\/en\/wp-json\/wp\/v2\/types\/page"}],"author":[{"embeddable":true,"href":"https:\/\/seidel-props.de\/en\/wp-json\/wp\/v2\/users\/1"}],"replies":[{"embeddable":true,"href":"https:\/\/seidel-props.de\/en\/wp-json\/wp\/v2\/comments?post=87"}],"version-history":[{"count":4,"href":"https:\/\/seidel-props.de\/en\/wp-json\/wp\/v2\/pages\/87\/revisions"}],"predecessor-version":[{"id":1855,"href":"https:\/\/seidel-props.de\/en\/wp-json\/wp\/v2\/pages\/87\/revisions\/1855"}],"wp:attachment":[{"href":"https:\/\/seidel-props.de\/en\/wp-json\/wp\/v2\/media?parent=87"}],"curies":[{"name":"wp","href":"https:\/\/api.w.org\/{rel}","templated":true}]}}