{"id":92,"date":"2019-09-12T21:29:39","date_gmt":"2019-09-12T19:29:39","guid":{"rendered":"http:\/\/seidel-props.de\/?page_id=92"},"modified":"2019-10-16T21:25:50","modified_gmt":"2019-10-16T19:25:50","slug":"sonderanfertigungen","status":"publish","type":"page","link":"https:\/\/seidel-props.de\/en\/sonderanfertigungen\/","title":{"rendered":"Sonderanfertigungen"},"content":{"rendered":"\n<p style=\"text-align:center\">Unsere Kompetenz liegt in der Herstellung von Luftschrauben, aber mit  einer CNC-Fr\u00e4se lassen sich weit mehr Dinge herstellen. Formteile f\u00fcr  Tragfl\u00e4chen, R\u00fcmpfe oder andere Designst\u00fccke k\u00f6nnen aus verschiedenen  Materialien gefr\u00e4st werden. <\/p>\n\n\n\n<div class=\"wp-block-image\"><figure class=\"aligncenter\"><img loading=\"lazy\" decoding=\"async\" width=\"114\" height=\"294\" src=\"https:\/\/seidel-props.de\/wp-content\/uploads\/2019\/09\/rumpf05.gif\" alt=\"\" class=\"wp-image-94\"\/><\/figure><\/div>\n\n\n\n<div class=\"wp-block-image\"><figure class=\"aligncenter\"><img loading=\"lazy\" decoding=\"async\" width=\"394\" height=\"296\" src=\"https:\/\/seidel-props.de\/wp-content\/uploads\/2019\/09\/09rudg.jpg\" alt=\"\" class=\"wp-image-93\" srcset=\"https:\/\/seidel-props.de\/wp-content\/uploads\/2019\/09\/09rudg.jpg 394w, https:\/\/seidel-props.de\/wp-content\/uploads\/2019\/09\/09rudg-300x225.jpg 300w\" sizes=\"auto, (max-width: 394px) 100vw, 394px\" \/><figcaption> Urmodell DG 1000 mit 2,7m Rumpfl\u00e4nge aus MDF-Material hergestellt <br><\/figcaption><\/figure><\/div>\n\n\n\n<p style=\"text-align:center\">In Aluminium gefr\u00e4ste Formh\u00e4lften von Hubschrauberrotorbl\u00e4ttern, \nSchiffshalbmodelle aus Mahagoni oder Designobjekte aus \nMultiplexplatten&nbsp;zeigen ein kleines Spektrum der M\u00f6glichkeiten. <br><br>Der Arbeitsraum der Maschine betr\u00e4gt 1300 x 950 x 180 mm. <br><\/p>\n\n\n\n<p style=\"text-align:center\">Sprechen Sie uns an, wir sind sehr an au\u00dfergew\u00f6hnlichen Auftr\u00e4gen interessiert!<\/p>\n","protected":false},"excerpt":{"rendered":"<p>Unsere Kompetenz liegt in der Herstellung von Luftschrauben, aber mit einer CNC-Fr\u00e4se lassen sich weit mehr Dinge herstellen. Formteile f\u00fcr&hellip;<\/p>\n","protected":false},"author":1,"featured_media":0,"parent":0,"menu_order":0,"comment_status":"closed","ping_status":"closed","template":"","meta":{"ngg_post_thumbnail":0,"footnotes":""},"class_list":["post-92","page","type-page","status-publish","hentry"],"translation":{"provider":"WPGlobus","version":"2.10.0","language":"en","enabled_languages":["de","en"],"languages":{"de":{"title":true,"content":true,"excerpt":false},"en":{"title":false,"content":false,"excerpt":false}}},"_links":{"self":[{"href":"https:\/\/seidel-props.de\/en\/wp-json\/wp\/v2\/pages\/92","targetHints":{"allow":["GET"]}}],"collection":[{"href":"https:\/\/seidel-props.de\/en\/wp-json\/wp\/v2\/pages"}],"about":[{"href":"https:\/\/seidel-props.de\/en\/wp-json\/wp\/v2\/types\/page"}],"author":[{"embeddable":true,"href":"https:\/\/seidel-props.de\/en\/wp-json\/wp\/v2\/users\/1"}],"replies":[{"embeddable":true,"href":"https:\/\/seidel-props.de\/en\/wp-json\/wp\/v2\/comments?post=92"}],"version-history":[{"count":2,"href":"https:\/\/seidel-props.de\/en\/wp-json\/wp\/v2\/pages\/92\/revisions"}],"predecessor-version":[{"id":97,"href":"https:\/\/seidel-props.de\/en\/wp-json\/wp\/v2\/pages\/92\/revisions\/97"}],"wp:attachment":[{"href":"https:\/\/seidel-props.de\/en\/wp-json\/wp\/v2\/media?parent=92"}],"curies":[{"name":"wp","href":"https:\/\/api.w.org\/{rel}","templated":true}]}}