{"id":998,"date":"2020-02-24T21:45:24","date_gmt":"2020-02-24T20:45:24","guid":{"rendered":"http:\/\/seidel-props.de\/?page_id=998"},"modified":"2021-07-14T23:25:45","modified_gmt":"2021-07-14T21:25:45","slug":"pilotenpuppen","status":"publish","type":"page","link":"https:\/\/seidel-props.de\/en\/pilotenpuppen\/","title":{"rendered":"Pilotenpuppen"},"content":{"rendered":"\n<p>Neu: <strong>Pilotenpuppen<\/strong><\/p>\n\n\n\n<p>Seit Kurzem vertreiben wir individuell gefertigte Pilotenpuppen f\u00fcr WWII Jagdflieger in verschiedenen Ma\u00dfst\u00e4ben. Die Piloten werden nach Originalfotos und Zeichnungen sehr detailiert in Handarbeit von Roland Lang alias &#8220;Wadlbruder&#8221; gefertigt. Jeder Pilot ist ein kleines Kunstwerk &#8211; genau wie z.B. Ihre perfekte Scale-FW-190 F8.<\/p>\n\n\n\n<p>Die Piloten werden in Handarbeit aus sehr leichtem Material gefertigt.<br>Spezielle Materialien machen sie dennoch bemerkenswert widerstandsf\u00e4hig.<\/p>\n\n\n\n<p>Verschiedene Outfits in der Bekleidung oder auch mit Fallschirm sind im Ma\u00dfstab 1:4 lieferbar.<\/p>\n\n\n\n<p>Folgende Piloten sind bereits  gefertig worden:<\/p>\n\n\n\n<p>Luftwaffe:        FW-190 oder ME 109, ME 163, Kampfpilot JU 88<br>RAF:                  Jagdpilot Spitfire, Hurricane<br>UDSSR:             Jagdpilot MIG 3, LAGG 7<br>USAF:               Jagdpilot Mustang, Thunderbolt<\/p>\n\n\n\n<p>Gen\u00e4hte Lederjacken sind ebenso selbstverst\u00e4ndlich wie &#8220;echtes&#8221; Gurtzeug am Fallschirm mit Metallschnallen und Atemmasken mit Gummischl\u00e4uchen.<\/p>\n\n\n\n<p><strong>Bitte werfen Sie einen Blick in die untenstehende Galerie: Hier finden Sie bereits realisierte Piloten. <\/strong><\/p>\n\n\n\n<p><strong>Hinweis: Klicken Sie in der Bilder\u00fcbersicht auf die Bilder, um die Pilotenfiguren vollst\u00e4ndig und in ganzer Gr\u00f6\u00dfe zu betrachten.<\/strong><\/p>\n\n\n\n<p>Das Programm wird stetig erweitert.<br>Bei Interesse nehmen Sie direkt Kontakt zu Roland Lang auf (roland.fw190@gmx.de) und besprechen mit ihm, wie IHRE Pilotenpuppe aussehen soll!<\/p>\n\n\n\n<p>Informationen zu Ma\u00dfstab, Ausstattung und Ausf\u00fchrung sowie des Gewichts:<\/p>\n\n\n\n<p>Gewicht ca.:               180g<br>Ma\u00dfstab:                    1:4<br>Sitzh\u00f6he ca.:              210mm<br>Schulterbreite ca.:    120mm<\/p>\n\n\n\n<p class=\"has-text-align-left\"><strong>Bitte einfach auf die Bilder klicken. In der nachfolgenden Galerie ebenfalls.<\/strong><\/p>\n\n\n\n<div class=\"wp-block-image\"><figure class=\"alignleft size-medium is-resized\"><a href=\"https:\/\/seidel-props.de\/pilotenpuppen\/dlw\/\"><img loading=\"lazy\" decoding=\"async\" src=\"https:\/\/seidel-props.de\/wp-content\/uploads\/2020\/02\/DLW_01-215x300.gif\" alt=\"\" class=\"wp-image-1017\" width=\"329\" height=\"458\" srcset=\"https:\/\/seidel-props.de\/wp-content\/uploads\/2020\/02\/DLW_01-215x300.gif 215w, https:\/\/seidel-props.de\/wp-content\/uploads\/2020\/02\/DLW_01-734x1024.gif 734w, https:\/\/seidel-props.de\/wp-content\/uploads\/2020\/02\/DLW_01-768x1072.gif 768w, https:\/\/seidel-props.de\/wp-content\/uploads\/2020\/02\/DLW_01-1100x1536.gif 1100w\" sizes=\"auto, (max-width: 329px) 100vw, 329px\" \/><\/a><figcaption><a href=\"https:\/\/seidel-props.de\/dlw\/\">DLW<\/a> (Deutsche Luftwaffe)<\/figcaption><\/figure><\/div>\n\n\n\n<div class=\"wp-block-image\"><figure class=\"alignleft size-medium is-resized\"><a href=\"https:\/\/seidel-props.de\/pilotenpuppen\/usaf\/\"><img loading=\"lazy\" decoding=\"async\" src=\"https:\/\/seidel-props.de\/wp-content\/uploads\/2020\/02\/USAF_01-169x300.gif\" alt=\"\" class=\"wp-image-1018\" width=\"258\" height=\"458\" srcset=\"https:\/\/seidel-props.de\/wp-content\/uploads\/2020\/02\/USAF_01-169x300.gif 169w, https:\/\/seidel-props.de\/wp-content\/uploads\/2020\/02\/USAF_01-578x1024.gif 578w, https:\/\/seidel-props.de\/wp-content\/uploads\/2020\/02\/USAF_01-768x1361.gif 768w, https:\/\/seidel-props.de\/wp-content\/uploads\/2020\/02\/USAF_01-867x1536.gif 867w, https:\/\/seidel-props.de\/wp-content\/uploads\/2020\/02\/USAF_01-1156x2048.gif 1156w\" sizes=\"auto, (max-width: 258px) 100vw, 258px\" \/><\/a><figcaption><a href=\"https:\/\/seidel-props.de\/usaf\/\">USAF<\/a> (United States Air Force)<\/figcaption><\/figure><\/div>\n\n\n\n<p><\/p>\n","protected":false},"excerpt":{"rendered":"<p>Neu: Pilotenpuppen Seit Kurzem vertreiben wir individuell gefertigte Pilotenpuppen f\u00fcr WWII Jagdflieger in verschiedenen Ma\u00dfst\u00e4ben. Die Piloten werden nach Originalfotos&hellip;<\/p>\n","protected":false},"author":1,"featured_media":0,"parent":0,"menu_order":0,"comment_status":"closed","ping_status":"closed","template":"","meta":{"ngg_post_thumbnail":0,"footnotes":""},"class_list":["post-998","page","type-page","status-publish","hentry"],"translation":{"provider":"WPGlobus","version":"2.10.0","language":"en","enabled_languages":["de","en"],"languages":{"de":{"title":true,"content":true,"excerpt":false},"en":{"title":false,"content":false,"excerpt":false}}},"_links":{"self":[{"href":"https:\/\/seidel-props.de\/en\/wp-json\/wp\/v2\/pages\/998","targetHints":{"allow":["GET"]}}],"collection":[{"href":"https:\/\/seidel-props.de\/en\/wp-json\/wp\/v2\/pages"}],"about":[{"href":"https:\/\/seidel-props.de\/en\/wp-json\/wp\/v2\/types\/page"}],"author":[{"embeddable":true,"href":"https:\/\/seidel-props.de\/en\/wp-json\/wp\/v2\/users\/1"}],"replies":[{"embeddable":true,"href":"https:\/\/seidel-props.de\/en\/wp-json\/wp\/v2\/comments?post=998"}],"version-history":[{"count":13,"href":"https:\/\/seidel-props.de\/en\/wp-json\/wp\/v2\/pages\/998\/revisions"}],"predecessor-version":[{"id":1846,"href":"https:\/\/seidel-props.de\/en\/wp-json\/wp\/v2\/pages\/998\/revisions\/1846"}],"wp:attachment":[{"href":"https:\/\/seidel-props.de\/en\/wp-json\/wp\/v2\/media?parent=998"}],"curies":[{"name":"wp","href":"https:\/\/api.w.org\/{rel}","templated":true}]}}